{"id":7091,"date":"2021-05-25T09:00:17","date_gmt":"2021-05-25T07:00:17","guid":{"rendered":"https:\/\/ritme.com\/?page_id=7091"},"modified":"2021-06-11T11:41:14","modified_gmt":"2021-06-11T09:41:14","slug":"i-vostri-bisogni-alla-lente-di-ingrandimento","status":"publish","type":"page","link":"https:\/\/ritme.com\/it\/soluzioni\/i-vostri-bisogni-alla-lente-di-ingrandimento\/","title":{"rendered":"I vostri bisogni alla lente di ingrandimento"},"content":{"rendered":"\n<h2 class=\"has-text-align-center wp-block-heading\"><span class=\"has-inline-color has-ritme-black-color\">Identificazione<\/span><\/h2>\n\n\n\n<p class=\"has-text-align-center\"><strong><span class=\"has-inline-color has-ritme-black-color\">L\u2019identificazione dei vostri bisogni \u00e8 la condizione sine qua non per il lancio di qualsiasi progetto di supporto. Attraverso numerosi scambi e progetti, abbiamo visto emergere una serie di necessit\u00e0 che possono essere riassunte cos\u00ec :<\/span><\/strong><\/p>\n\n\n\n<div class=\"wp-block-getwid-advanced-spacer\" style=\"height:20px\" aria-hidden=\"true\"><\/div>\n\n\n\n<section class=\"wp-block-uagb-columns uagb-columns__wrap uagb-columns__background-undefined uagb-columns__stack-mobile uagb-columns__valign-undefined uagb-columns__gap-10 alignundefined uagb-block-6b6b5a0b\"><div class=\"uagb-columns__overlay\"><\/div><div class=\"uagb-columns__inner-wrap uagb-columns__columns-2\">\n<div class=\"wp-block-uagb-column uagb-column__wrap uagb-column__background-undefined uagb-block-acdd1333\"><div class=\"uagb-column__overlay\"><\/div><div class=\"uagb-column__inner-wrap\">\n<div class=\"wp-block-getwid-advanced-spacer\" style=\"height:20px\" aria-hidden=\"true\"><\/div>\n\n\n\n<figure class=\"wp-block-image size-large is-style-default\"><img loading=\"lazy\" decoding=\"async\" width=\"1024\" height=\"733\" src=\"https:\/\/ritme.com\/wp-content\/uploads\/2021\/05\/Vos-besoins-8-1024x733.png\" alt=\"\" class=\"wp-image-8781\" srcset=\"https:\/\/ritme.com\/wp-content\/uploads\/2021\/05\/Vos-besoins-8-1024x733.png 1024w, https:\/\/ritme.com\/wp-content\/uploads\/2021\/05\/Vos-besoins-8-500x358.png 500w, https:\/\/ritme.com\/wp-content\/uploads\/2021\/05\/Vos-besoins-8-768x550.png 768w, https:\/\/ritme.com\/wp-content\/uploads\/2021\/05\/Vos-besoins-8-1536x1100.png 1536w, https:\/\/ritme.com\/wp-content\/uploads\/2021\/05\/Vos-besoins-8-2048x1467.png 2048w\" sizes=\"auto, (max-width: 1024px) 100vw, 1024px\" \/><\/figure>\n<\/div><\/div>\n\n\n\n<div class=\"wp-block-uagb-column uagb-column__wrap uagb-column__background-undefined uagb-block-d5c3a37a\"><div class=\"uagb-column__overlay\"><\/div><div class=\"uagb-column__inner-wrap\">\n<ul class=\"wp-block-list\"><li>Essere consigliati sulla buona <strong>soluzione da adottare<\/strong><\/li><li>Essere rassicurati sugli guadagni effettivi di qualit\u00e0 o produttivit\u00e0 della soluzione<\/li><li>Essere supportati nel <strong>cambiamento organizzativo<\/strong> che l\u2019implementazione di una nuova soluzione software implica<\/li><li>Essere in grado di prevenire i rischi legati all\u2019implementazione del software<\/li><li>Essere sereno per <strong>facilitare l\u2019adesione<\/strong> degli utenti i cui ruoli e responsabilit\u00e0 possono cambiare<\/li><li>Essere <strong>accompagnati a formare<\/strong> gli utenti sugli strumenti e renderli progressivamente autonomi<\/li><li>Essere in grado di raccogliere le <strong>esigenze operative<\/strong> degli utenti per far evolvere il software<\/li><li>Essere supportato per gestire <strong>l\u2019adattamento dell\u2019organizzazione<\/strong> e <strong>l\u2019implementazione del software<\/strong><\/li><li>Essere accompagnato nella durata per ottimizzare la soluzione e il suo utilizzo<\/li><\/ul>\n<\/div><\/div>\n<\/div><\/section>\n\n\n\n<div class=\"wp-block-getwid-advanced-spacer\" style=\"height:50px\" aria-hidden=\"true\"><\/div>\n\n\n\n<h2 class=\"has-text-align-center wp-block-heading\"><span class=\"has-inline-color has-ritme-black-color\">Progetti<\/span><\/h2>\n\n\n\n<p class=\"has-text-align-center\"><strong><span class=\"has-inline-color has-ritme-black-color\">Costruiamo progetti che soddisfano le vostre esigenze con i seguenti strumenti e servizi<\/span><\/strong><\/p>\n\n\n\n<div class=\"wp-block-getwid-advanced-spacer\" style=\"height:20px\" aria-hidden=\"true\"><\/div>\n\n\n\n<section class=\"wp-block-uagb-columns uagb-columns__wrap uagb-columns__background-undefined uagb-columns__stack-mobile uagb-columns__valign-undefined uagb-columns__gap-10 alignundefined uagb-block-dca96862\"><div class=\"uagb-columns__overlay\"><\/div><div class=\"uagb-columns__inner-wrap uagb-columns__columns-3\">\n<div class=\"wp-block-uagb-column uagb-column__wrap uagb-column__background-color uagb-block-e6a192c5\"><div class=\"uagb-column__overlay\"><\/div><div class=\"uagb-column__inner-wrap\">\n<h3 class=\"has-text-align-center wp-block-heading\"><span class=\"has-inline-color has-ritme-black-color\">Software<\/span><\/h3>\n\n\n\n<div class=\"wp-block-getwid-advanced-spacer\" style=\"height:20px\" aria-hidden=\"true\"><\/div>\n\n\n\n<ul class=\"wp-block-list\"><li>Inventario dei vostri strumenti, competenze e risorse<\/li><li>Identificazione dei vostri bisogni e obiettivi, punti di forza e debolezze<\/li><li>Selezione delle soluzioni pi\u00f9 rilevanti<\/li><li>Presentazione e dimostrazione dello o dei strumenti<\/li><li>A vostra disposizione una versione di prova e supporto<\/li><li>Scelta di modalit\u00e0 di licenza adatte ai vostri usi e al vostro budget<\/li><li>Consegna veloce e follow-up storico degli ordini<\/li><\/ul>\n<\/div><\/div>\n\n\n\n<div class=\"wp-block-uagb-column uagb-column__wrap uagb-column__background-color uagb-block-cfd7017e\"><div class=\"uagb-column__overlay\"><\/div><div class=\"uagb-column__inner-wrap\">\n<h3 class=\"has-text-align-center wp-block-heading\"><span class=\"has-inline-color has-ritme-black-color\">Sviluppi specifici e personalizzazione <\/span><\/h3>\n\n\n\n<div class=\"wp-block-getwid-advanced-spacer\" style=\"height:20px\" aria-hidden=\"true\"><\/div>\n\n\n\n<ul class=\"wp-block-list\"><li>Raccolta di adattamenti aggiuntivi per sviluppi specifici<\/li><li>Redazione e convalida delle specifiche<\/li><li>Costi e pianificazione<\/li><li>Follow-up del progetto di sviluppo e test di ricevuta<\/li><li>Integrazione: recupero e migrazione dei dati<\/li><li>Monitoraggio ed evoluzione della soluzione<\/li><\/ul>\n<\/div><\/div>\n\n\n\n<div class=\"wp-block-uagb-column uagb-column__wrap uagb-column__background-color uagb-block-756646a5\"><div class=\"uagb-column__overlay\"><\/div><div class=\"uagb-column__inner-wrap\">\n<h3 class=\"has-text-align-center wp-block-heading\"><span class=\"has-inline-color has-ritme-black-color\">Supporto e sicurezza dei dati<\/span><\/h3>\n\n\n\n<div class=\"wp-block-getwid-advanced-spacer\" style=\"height:20px\" aria-hidden=\"true\"><\/div>\n\n\n\n<ul class=\"wp-block-list\"><li>Supporto tecnico di vari livelli<\/li><li>Protezione dei dati<\/li><li>Hosting locale o SaaS (Amazon o OVH, in Europa o USA)<\/li><li>Attuazione del back up<\/li><\/ul>\n<\/div><\/div>\n<\/div><\/section>\n\n\n\n<section class=\"wp-block-uagb-columns uagb-columns__wrap uagb-columns__background-undefined uagb-columns__stack-mobile uagb-columns__valign-undefined uagb-columns__gap-10 alignundefined uagb-block-44b2b332\"><div class=\"uagb-columns__overlay\"><\/div><div class=\"uagb-columns__inner-wrap uagb-columns__columns-3\">\n<div class=\"wp-block-uagb-column uagb-column__wrap uagb-column__background-color uagb-block-5a2573c2\"><div class=\"uagb-column__overlay\"><\/div><div class=\"uagb-column__inner-wrap\">\n<h3 class=\"has-text-align-center wp-block-heading\"><span class=\"has-inline-color has-ritme-black-color\">Qualit\u00e0 e regolamento<\/span><\/h3>\n\n\n\n<div class=\"wp-block-getwid-advanced-spacer\" style=\"height:20px\" aria-hidden=\"true\"><\/div>\n\n\n\n<ul class=\"wp-block-list\"><li>Percorso di verifica<\/li><li>Installazione, Operativo<\/li><li>Conformit\u00e0 alle norme (GXP, CFR Parte 11, Iso27001,\u2026)<\/li><\/ul>\n<\/div><\/div>\n\n\n\n<div class=\"wp-block-uagb-column uagb-column__wrap uagb-column__background-color uagb-block-3ec19ac7\"><div class=\"uagb-column__overlay\"><\/div><div class=\"uagb-column__inner-wrap\">\n<h3 class=\"has-text-align-center wp-block-heading\"><span class=\"has-inline-color has-ritme-black-color\">Strategia e organizzazione<\/span><\/h3>\n\n\n\n<div class=\"wp-block-getwid-advanced-spacer\" style=\"height:20px\" aria-hidden=\"true\"><\/div>\n\n\n\n<ul class=\"wp-block-list\"><li>Ottimizzazione del processo<\/li><li>Impatti organizzativi (risorse, competenze, flussi di lavoro, ecc.)<\/li><li>Supporto per la gestione del cambiamento<\/li><\/ul>\n<\/div><\/div>\n\n\n\n<div class=\"wp-block-uagb-column uagb-column__wrap uagb-column__background-color uagb-block-6cef87b9\"><div class=\"uagb-column__overlay\"><\/div><div class=\"uagb-column__inner-wrap\">\n<h3 class=\"has-text-align-center wp-block-heading\"><span class=\"has-inline-color has-ritme-black-color\">Trasferimento di competenze e formazione<\/span><\/h3>\n\n\n\n<div class=\"wp-block-getwid-advanced-spacer\" style=\"height:20px\" aria-hidden=\"true\"><\/div>\n\n\n\n<ul class=\"wp-block-list\"><li>Formazione sul software<\/li><li>Formazione aziendale<\/li><li>Consulenza, competenza e coaching<\/li><\/ul>\n<\/div><\/div>\n<\/div><\/section>\n\n\n\n<div class=\"wp-block-getwid-advanced-spacer getwid-hide-tablet getwid-hide-mobile\" style=\"height:100px\" aria-hidden=\"true\"><\/div>\n\n\n\n<div class=\"decor-bg-wrapper fullwidth type_1\"><div class=\"decor-element\" style=\"top:75px\"><div class=\"container\"><div class=\"colors\"> <\/div><\/div><\/div><\/div>\n\n\n\n<section class=\"wp-block-uagb-section uagb-section__wrap uagb-section__background-color uagb-block-4e87d80b cta-type-1 custom-shadow\"><div class=\"uagb-section__overlay\"><\/div><div class=\"uagb-section__inner-wrap\">\n<h3 class=\"has-text-align-center wp-block-heading\"><em>La nostra capacit\u00e0 di tradurre le vostre aspettative in obiettivi precisi, di dare forma a un progetto che tenga conto delle molteplici sfaccettature del vostro ambiente &#8211; tecniche, organizzative, umane &#8211; \u00e8 diventata la nostra forza e il nostro marchio.<\/em><\/h3>\n<\/div><\/section>\n\n\n\n<section class=\"wp-block-uagb-section uagb-section__wrap uagb-section__background-undefined uagb-block-81a30ac4 section-video custom-shadow\"><div class=\"uagb-section__overlay\"><\/div><div class=\"uagb-section__inner-wrap\"><\/div><\/section>\n\n\n\n<div class=\"wp-block-getwid-advanced-spacer getwid-hide-tablet getwid-hide-mobile\" style=\"height:30px\" aria-hidden=\"true\"><\/div>\n\n\n\n<section class=\"wp-block-uagb-section uagb-section__wrap uagb-section__background-undefined uagb-block-86f8192f custom-slider\"><div class=\"uagb-section__overlay\"><\/div><div class=\"uagb-section__inner-wrap\"><\/div><\/section>\n\n\n\n<section class=\"wp-block-uagb-section uagb-section__wrap uagb-section__background-undefined uagb-block-d3b6866a custom-table custom-shadow\"><div class=\"uagb-section__overlay\"><\/div><div class=\"uagb-section__inner-wrap\"><\/div><\/section>\n","protected":false},"excerpt":{"rendered":"<p>Identificazione L\u2019identificazione dei vostri bisogni \u00e8 la condizione sine qua non per il lancio di qualsiasi progetto di supporto. Attraverso numerosi scambi e progetti, abbiamo visto emergere una serie di necessit\u00e0 che possono essere riassunte cos\u00ec : Essere consigliati sulla buona soluzione da adottare Essere rassicurati sugli guadagni effettivi di qualit\u00e0 o produttivit\u00e0 della soluzione [&hellip;]<\/p>\n","protected":false},"author":2,"featured_media":11483,"parent":916,"menu_order":237,"comment_status":"closed","ping_status":"closed","template":"","meta":{"_acf_changed":false,"inline_featured_image":false,"_uag_custom_page_level_css":"","footnotes":""},"class_list":["post-7091","page","type-page","status-publish","has-post-thumbnail","hentry"],"acf":[],"yoast_head":"<!-- This site is optimized with the Yoast SEO plugin v26.9 - https:\/\/yoast.com\/product\/yoast-seo-wordpress\/ -->\n<title>I vostri bisogni alla lente di ingrandimento - RITME<\/title>\n<meta name=\"description\" content=\"In RITME, costruiamo progetti che soddisfano le vostre esigenze implementando gli strumenti e i servizi pi\u00f9 appropriati.\" \/>\n<meta name=\"robots\" content=\"index, follow, max-snippet:-1, max-image-preview:large, max-video-preview:-1\" \/>\n<link rel=\"canonical\" href=\"https:\/\/ritme.com\/it\/soluzioni\/i-vostri-bisogni-alla-lente-di-ingrandimento\/\" \/>\n<meta property=\"og:locale\" content=\"it_IT\" \/>\n<meta property=\"og:type\" content=\"article\" \/>\n<meta property=\"og:title\" content=\"I vostri bisogni alla lente di ingrandimento - RITME\" \/>\n<meta property=\"og:description\" content=\"In RITME, costruiamo progetti che soddisfano le vostre esigenze implementando gli strumenti e i servizi pi\u00f9 appropriati.\" \/>\n<meta property=\"og:url\" content=\"https:\/\/ritme.com\/it\/soluzioni\/i-vostri-bisogni-alla-lente-di-ingrandimento\/\" \/>\n<meta property=\"og:site_name\" content=\"RITME\" \/>\n<meta property=\"article:modified_time\" content=\"2021-06-11T09:41:14+00:00\" \/>\n<meta property=\"og:image\" content=\"https:\/\/ritme.com\/wp-content\/uploads\/2021\/06\/Vos-besoins_1-8.png\" \/>\n\t<meta property=\"og:image:width\" content=\"1658\" \/>\n\t<meta property=\"og:image:height\" content=\"1194\" \/>\n\t<meta property=\"og:image:type\" content=\"image\/png\" \/>\n<meta name=\"twitter:card\" content=\"summary_large_image\" \/>\n<meta name=\"twitter:label1\" content=\"Tempo di lettura stimato\" \/>\n\t<meta name=\"twitter:data1\" content=\"2 minuti\" \/>\n<script type=\"application\/ld+json\" class=\"yoast-schema-graph\">{\"@context\":\"https:\/\/schema.org\",\"@graph\":[{\"@type\":\"WebPage\",\"@id\":\"https:\/\/ritme.com\/it\/soluzioni\/i-vostri-bisogni-alla-lente-di-ingrandimento\/\",\"url\":\"https:\/\/ritme.com\/it\/soluzioni\/i-vostri-bisogni-alla-lente-di-ingrandimento\/\",\"name\":\"I vostri bisogni alla lente di ingrandimento - RITME\",\"isPartOf\":{\"@id\":\"https:\/\/ritme.com\/it\/#website\"},\"primaryImageOfPage\":{\"@id\":\"https:\/\/ritme.com\/it\/soluzioni\/i-vostri-bisogni-alla-lente-di-ingrandimento\/#primaryimage\"},\"image\":{\"@id\":\"https:\/\/ritme.com\/it\/soluzioni\/i-vostri-bisogni-alla-lente-di-ingrandimento\/#primaryimage\"},\"thumbnailUrl\":\"https:\/\/ritme.com\/wp-content\/uploads\/2021\/06\/Vos-besoins_1-8.png\",\"datePublished\":\"2021-05-25T07:00:17+00:00\",\"dateModified\":\"2021-06-11T09:41:14+00:00\",\"description\":\"In RITME, costruiamo progetti che soddisfano le vostre esigenze implementando gli strumenti e i servizi pi\u00f9 appropriati.\",\"breadcrumb\":{\"@id\":\"https:\/\/ritme.com\/it\/soluzioni\/i-vostri-bisogni-alla-lente-di-ingrandimento\/#breadcrumb\"},\"inLanguage\":\"it-IT\",\"potentialAction\":[{\"@type\":\"ReadAction\",\"target\":[\"https:\/\/ritme.com\/it\/soluzioni\/i-vostri-bisogni-alla-lente-di-ingrandimento\/\"]}]},{\"@type\":\"ImageObject\",\"inLanguage\":\"it-IT\",\"@id\":\"https:\/\/ritme.com\/it\/soluzioni\/i-vostri-bisogni-alla-lente-di-ingrandimento\/#primaryimage\",\"url\":\"https:\/\/ritme.com\/wp-content\/uploads\/2021\/06\/Vos-besoins_1-8.png\",\"contentUrl\":\"https:\/\/ritme.com\/wp-content\/uploads\/2021\/06\/Vos-besoins_1-8.png\",\"width\":1658,\"height\":1194},{\"@type\":\"BreadcrumbList\",\"@id\":\"https:\/\/ritme.com\/it\/soluzioni\/i-vostri-bisogni-alla-lente-di-ingrandimento\/#breadcrumb\",\"itemListElement\":[{\"@type\":\"ListItem\",\"position\":1,\"name\":\"Home\",\"item\":\"https:\/\/ritme.com\/it\/\"},{\"@type\":\"ListItem\",\"position\":2,\"name\":\"Soluzioni\",\"item\":\"https:\/\/ritme.com\/it\/soluzioni\/\"},{\"@type\":\"ListItem\",\"position\":3,\"name\":\"I vostri bisogni alla lente di ingrandimento\"}]},{\"@type\":\"WebSite\",\"@id\":\"https:\/\/ritme.com\/it\/#website\",\"url\":\"https:\/\/ritme.com\/it\/\",\"name\":\"RITME\",\"description\":\"Il partner strategico dei team di ricerca\",\"publisher\":{\"@id\":\"https:\/\/ritme.com\/it\/#organization\"},\"potentialAction\":[{\"@type\":\"SearchAction\",\"target\":{\"@type\":\"EntryPoint\",\"urlTemplate\":\"https:\/\/ritme.com\/it\/?s={search_term_string}\"},\"query-input\":{\"@type\":\"PropertyValueSpecification\",\"valueRequired\":true,\"valueName\":\"search_term_string\"}}],\"inLanguage\":\"it-IT\"},{\"@type\":\"Organization\",\"@id\":\"https:\/\/ritme.com\/it\/#organization\",\"name\":\"RITME\",\"url\":\"https:\/\/ritme.com\/it\/\",\"logo\":{\"@type\":\"ImageObject\",\"inLanguage\":\"it-IT\",\"@id\":\"https:\/\/ritme.com\/it\/#\/schema\/logo\/image\/\",\"url\":\"https:\/\/ritme.com\/wp-content\/uploads\/2021\/06\/Ritme_200x86.svg\",\"contentUrl\":\"https:\/\/ritme.com\/wp-content\/uploads\/2021\/06\/Ritme_200x86.svg\",\"caption\":\"RITME\"},\"image\":{\"@id\":\"https:\/\/ritme.com\/it\/#\/schema\/logo\/image\/\"}}]}<\/script>\n<!-- \/ Yoast SEO plugin. -->","yoast_head_json":{"title":"I vostri bisogni alla lente di ingrandimento - RITME","description":"In RITME, costruiamo progetti che soddisfano le vostre esigenze implementando gli strumenti e i servizi pi\u00f9 appropriati.","robots":{"index":"index","follow":"follow","max-snippet":"max-snippet:-1","max-image-preview":"max-image-preview:large","max-video-preview":"max-video-preview:-1"},"canonical":"https:\/\/ritme.com\/it\/soluzioni\/i-vostri-bisogni-alla-lente-di-ingrandimento\/","og_locale":"it_IT","og_type":"article","og_title":"I vostri bisogni alla lente di ingrandimento - RITME","og_description":"In RITME, costruiamo progetti che soddisfano le vostre esigenze implementando gli strumenti e i servizi pi\u00f9 appropriati.","og_url":"https:\/\/ritme.com\/it\/soluzioni\/i-vostri-bisogni-alla-lente-di-ingrandimento\/","og_site_name":"RITME","article_modified_time":"2021-06-11T09:41:14+00:00","og_image":[{"width":1658,"height":1194,"url":"https:\/\/ritme.com\/wp-content\/uploads\/2021\/06\/Vos-besoins_1-8.png","type":"image\/png"}],"twitter_card":"summary_large_image","twitter_misc":{"Tempo di lettura stimato":"2 minuti"},"schema":{"@context":"https:\/\/schema.org","@graph":[{"@type":"WebPage","@id":"https:\/\/ritme.com\/it\/soluzioni\/i-vostri-bisogni-alla-lente-di-ingrandimento\/","url":"https:\/\/ritme.com\/it\/soluzioni\/i-vostri-bisogni-alla-lente-di-ingrandimento\/","name":"I vostri bisogni alla lente di ingrandimento - RITME","isPartOf":{"@id":"https:\/\/ritme.com\/it\/#website"},"primaryImageOfPage":{"@id":"https:\/\/ritme.com\/it\/soluzioni\/i-vostri-bisogni-alla-lente-di-ingrandimento\/#primaryimage"},"image":{"@id":"https:\/\/ritme.com\/it\/soluzioni\/i-vostri-bisogni-alla-lente-di-ingrandimento\/#primaryimage"},"thumbnailUrl":"https:\/\/ritme.com\/wp-content\/uploads\/2021\/06\/Vos-besoins_1-8.png","datePublished":"2021-05-25T07:00:17+00:00","dateModified":"2021-06-11T09:41:14+00:00","description":"In RITME, costruiamo progetti che soddisfano le vostre esigenze implementando gli strumenti e i servizi pi\u00f9 appropriati.","breadcrumb":{"@id":"https:\/\/ritme.com\/it\/soluzioni\/i-vostri-bisogni-alla-lente-di-ingrandimento\/#breadcrumb"},"inLanguage":"it-IT","potentialAction":[{"@type":"ReadAction","target":["https:\/\/ritme.com\/it\/soluzioni\/i-vostri-bisogni-alla-lente-di-ingrandimento\/"]}]},{"@type":"ImageObject","inLanguage":"it-IT","@id":"https:\/\/ritme.com\/it\/soluzioni\/i-vostri-bisogni-alla-lente-di-ingrandimento\/#primaryimage","url":"https:\/\/ritme.com\/wp-content\/uploads\/2021\/06\/Vos-besoins_1-8.png","contentUrl":"https:\/\/ritme.com\/wp-content\/uploads\/2021\/06\/Vos-besoins_1-8.png","width":1658,"height":1194},{"@type":"BreadcrumbList","@id":"https:\/\/ritme.com\/it\/soluzioni\/i-vostri-bisogni-alla-lente-di-ingrandimento\/#breadcrumb","itemListElement":[{"@type":"ListItem","position":1,"name":"Home","item":"https:\/\/ritme.com\/it\/"},{"@type":"ListItem","position":2,"name":"Soluzioni","item":"https:\/\/ritme.com\/it\/soluzioni\/"},{"@type":"ListItem","position":3,"name":"I vostri bisogni alla lente di ingrandimento"}]},{"@type":"WebSite","@id":"https:\/\/ritme.com\/it\/#website","url":"https:\/\/ritme.com\/it\/","name":"RITME","description":"Il partner strategico dei team di ricerca","publisher":{"@id":"https:\/\/ritme.com\/it\/#organization"},"potentialAction":[{"@type":"SearchAction","target":{"@type":"EntryPoint","urlTemplate":"https:\/\/ritme.com\/it\/?s={search_term_string}"},"query-input":{"@type":"PropertyValueSpecification","valueRequired":true,"valueName":"search_term_string"}}],"inLanguage":"it-IT"},{"@type":"Organization","@id":"https:\/\/ritme.com\/it\/#organization","name":"RITME","url":"https:\/\/ritme.com\/it\/","logo":{"@type":"ImageObject","inLanguage":"it-IT","@id":"https:\/\/ritme.com\/it\/#\/schema\/logo\/image\/","url":"https:\/\/ritme.com\/wp-content\/uploads\/2021\/06\/Ritme_200x86.svg","contentUrl":"https:\/\/ritme.com\/wp-content\/uploads\/2021\/06\/Ritme_200x86.svg","caption":"RITME"},"image":{"@id":"https:\/\/ritme.com\/it\/#\/schema\/logo\/image\/"}}]}},"uagb_featured_image_src":{"full":["https:\/\/ritme.com\/wp-content\/uploads\/2021\/06\/Vos-besoins_1-8.png",1658,1194,false],"thumbnail":["https:\/\/ritme.com\/wp-content\/uploads\/2021\/06\/Vos-besoins_1-8-300x300.png",300,300,true],"medium":["https:\/\/ritme.com\/wp-content\/uploads\/2021\/06\/Vos-besoins_1-8-500x360.png",500,360,true],"medium_large":["https:\/\/ritme.com\/wp-content\/uploads\/2021\/06\/Vos-besoins_1-8-768x553.png",768,553,true],"large":["https:\/\/ritme.com\/wp-content\/uploads\/2021\/06\/Vos-besoins_1-8-1024x737.png",1024,737,true],"1536x1536":["https:\/\/ritme.com\/wp-content\/uploads\/2021\/06\/Vos-besoins_1-8-1536x1106.png",1536,1106,true],"2048x2048":["https:\/\/ritme.com\/wp-content\/uploads\/2021\/06\/Vos-besoins_1-8.png",1658,1194,false]},"uagb_author_info":{"display_name":"Lila AIT ISSAD","author_link":"https:\/\/ritme.com\/it\/author\/adminritme\/"},"uagb_comment_info":0,"uagb_excerpt":"Identificazione L\u2019identificazione dei vostri bisogni \u00e8 la condizione sine qua non per il lancio di qualsiasi progetto di supporto. Attraverso numerosi scambi e progetti, abbiamo visto emergere una serie di necessit\u00e0 che possono essere riassunte cos\u00ec : Essere consigliati sulla buona soluzione da adottare Essere rassicurati sugli guadagni effettivi di qualit\u00e0 o produttivit\u00e0 della soluzione&hellip;","_links":{"self":[{"href":"https:\/\/ritme.com\/it\/wp-json\/wp\/v2\/pages\/7091","targetHints":{"allow":["GET"]}}],"collection":[{"href":"https:\/\/ritme.com\/it\/wp-json\/wp\/v2\/pages"}],"about":[{"href":"https:\/\/ritme.com\/it\/wp-json\/wp\/v2\/types\/page"}],"author":[{"embeddable":true,"href":"https:\/\/ritme.com\/it\/wp-json\/wp\/v2\/users\/2"}],"replies":[{"embeddable":true,"href":"https:\/\/ritme.com\/it\/wp-json\/wp\/v2\/comments?post=7091"}],"version-history":[{"count":0,"href":"https:\/\/ritme.com\/it\/wp-json\/wp\/v2\/pages\/7091\/revisions"}],"up":[{"embeddable":true,"href":"https:\/\/ritme.com\/it\/wp-json\/wp\/v2\/pages\/916"}],"wp:featuredmedia":[{"embeddable":true,"href":"https:\/\/ritme.com\/it\/wp-json\/wp\/v2\/media\/11483"}],"wp:attachment":[{"href":"https:\/\/ritme.com\/it\/wp-json\/wp\/v2\/media?parent=7091"}],"curies":[{"name":"wp","href":"https:\/\/api.w.org\/{rel}","templated":true}]}}