{"id":429,"date":"2021-01-21T11:29:59","date_gmt":"2021-01-21T10:29:59","guid":{"rendered":"https:\/\/ritme.com\/politique-de-confidentialite\/"},"modified":"2025-08-29T09:46:57","modified_gmt":"2025-08-29T07:46:57","slug":"privacy-della-dati","status":"publish","type":"page","link":"https:\/\/ritme.com\/it\/privacy-della-dati\/","title":{"rendered":"Privacy della Dati"},"content":{"rendered":"\n<p><em>Entrata in vigore: 1\u00b0 luglio 2021<\/em><\/p>\n\n\n\n<p>Quando si utilizza il sito web <a href=\"https:\/\/ritme.com\/\" target=\"_blank\" rel=\"noreferrer noopener\">https:\/\/ritme.com\/<\/a>&nbsp;(di seguito il &#8220;Sito&#8221;), possiamo raccogliere dati personali su di voi.<\/p>\n\n\n\n<p>Lo scopo di questa politica \u00e8 quello di informarla su come trattiamo questi dati in conformit\u00e0 al Regolamento (UE) 2016\/679 del 27 aprile 2016 relativo alla protezione delle persone fisiche con riguardo al trattamento dei dati personali, nonch\u00e9 alla libera circolazione di tali dati (di seguito il &#8220;GDPR&#8221;).<\/p>\n\n\n\n<div class=\"wp-block-getwid-advanced-spacer\" style=\"height:10px\" aria-hidden=\"true\"><\/div>\n\n\n\n<h3 class=\"wp-block-heading\">1. <strong>Chi \u00e8 il responsabile del trattamento dei dati?<\/strong><\/h3>\n\n\n\n<p>Il titolare del trattamento \u00e8 RITME INFORMATIQUE, societ\u00e0 per azioni semplificata, iscritta al registro del commercio e delle societ\u00e0 di Parigi con il numero 399 736 610 e la cui sede legale si trova al 65 rue Ordener &#8211; 75018 PARIGI (di seguito &#8220;Noi&#8221;).<\/p>\n\n\n\n<div class=\"wp-block-getwid-advanced-spacer\" style=\"height:10px\" aria-hidden=\"true\"><\/div>\n\n\n\n<h3 class=\"wp-block-heading\">2. Quali dati raccogliamo?<\/h3>\n\n\n\n<p>I dati personali sono dati che possono essere utilizzati per identificare un individuo direttamente o tramite riferimenti incrociati con altri dati.<\/p>\n\n\n\n<p>Raccogliamo dati nelle seguenti categorie:<\/p>\n\n\n\n<ul class=\"wp-block-list\">\n<li>Dati di identificazione (titolo, cognome, nome, indirizzo e-mail professionale, numero di telefono, indirizzo postale professionale);<\/li>\n\n\n\n<li>Dati relativi alla sua vita professionale (posizione, azienda, dipartimento, funzione, interessi, settore di attivit\u00e0);<\/li>\n\n\n\n<li>Dati relativi ai vostri ordini (software, soluzioni, formazione);<\/li>\n\n\n\n<li>Dati di connessione (per esempio indirizzo IP, log);<\/li>\n\n\n\n<li>Dati economici e finanziari (per esempio dettagli bancari, fatture);<\/li>\n\n\n\n<li>Dati relativi alla sua carta di credito.<\/li>\n<\/ul>\n\n\n\n<p>I dati obbligatori sono indicati quando ci fornite i vostri dati. Sono contrassegnati da un asterisco e sono necessari per fornirle i nostri servizi.<\/p>\n\n\n\n<div class=\"wp-block-getwid-advanced-spacer\" style=\"height:10px\" aria-hidden=\"true\"><\/div>\n\n\n\n<h3 class=\"wp-block-heading\">3. Su quali basi legali, per quali scopi e per quanto tempo conserviamo i suoi dati personali?<\/h3>\n\n\n\n<div class=\"wp-block-getwid-table\"><table><tbody><tr><td style=\"background-color:#D7E4EF;border-color:#ffffff;padding-top:10px;padding-right:10px;padding-bottom:10px;padding-left:10px;border-width:3px\"><strong><strong>Scopi<\/strong><\/strong><\/td><td style=\"background-color:#D7E4EF;border-color:#ffffff;padding-top:10px;padding-right:10px;padding-bottom:10px;padding-left:10px;border-width:3px\"><strong><strong>Base giuridica<\/strong><\/strong><\/td><td style=\"background-color:#D7E4EF;border-color:#ffffff;padding-top:10px;padding-right:10px;padding-bottom:10px;padding-left:10px;border-width:3px\"><strong><strong>Periodi di conservazione<\/strong><\/strong><\/td><\/tr><tr><td style=\"background-color:#fbfcfd;border-color:#ffffff;padding-top:10px;padding-right:10px;padding-bottom:10px;padding-left:10px;border-width:3px\">Fornire i nostri servizi disponibili sul nostro sito attraverso il suo account (accesso al nostro software, soluzioni, formazione inter e intra-aziendale e webinar)<\/td><td style=\"background-color:#fbfcfd;border-color:#ffffff;padding-top:10px;padding-right:10px;padding-bottom:10px;padding-left:10px;border-width:3px\">Esecuzione di misure precontrattuali prese su sua richiesta e\/o esecuzione di un contratto da lei stipulato<\/td><td style=\"background-color:#fbfcfd;border-color:#ffffff;padding-top:10px;padding-right:10px;padding-bottom:10px;padding-left:10px;border-width:3px\">I vostri dati saranno conservati per la durata del tuo account, pi\u00f9 un periodo di 3 anni dopo la cancellazione del suo account. Se il suo account \u00e8 inattivo per 2 anni, i suoi dati personali saranno cancellati.<br><br>Inoltre, i suoi dati possono essere archiviati a fini probatori per un periodo di 5 anni.<\/td><\/tr><tr><td style=\"background-color:#fbfcfd;border-color:#ffffff;padding-top:10px;padding-right:10px;padding-bottom:10px;padding-left:10px;border-width:3px\">Eseguire il suo ordine, effettuare operazioni di gestione del cliente relative a contratti, ordini, consegne, fatture, programmi di fidelizzazione e gestione dei rapporti con i clienti<\/td><td style=\"background-color:#fbfcfd;border-color:#ffffff;padding-top:10px;padding-right:10px;padding-bottom:10px;padding-left:10px;border-width:3px\">Adempimento di un contratto che avete stipulato<\/td><td style=\"background-color:#fbfcfd;border-color:#ffffff;padding-top:10px;padding-right:10px;padding-bottom:10px;padding-left:10px;border-width:3px\">I dati personali sono conservati per la durata del rapporto contrattuale pi\u00f9 un periodo di 3 anni dopo la fine del contratto.&nbsp;<br><br>Inoltre, i suoi dati (ad eccezione delle sue coordinate bancarie) sono archiviati a fini probatori per un periodo di 5 anni.<br><br>I dati della sua carta di credito sono memorizzati solo dal nostro fornitore di servizi di pagamento Stripe fino al completamento del pagamento. Non abbiamo accesso a questi dati.<br>&nbsp;<br>I dati relativi al crittogramma visivo o CVV2, scritti sulla vostra carta bancaria, non vengono memorizzati.<\/td><\/tr><tr><td style=\"background-color:#fbfcfd;border-color:#ffffff;padding-top:10px;padding-right:10px;padding-bottom:10px;padding-left:10px;border-width:3px\">Costruire un file di clienti e prospect<\/td><td style=\"background-color:#fbfcfd;border-color:#ffffff;padding-top:10px;padding-right:10px;padding-bottom:10px;padding-left:10px;border-width:3px\">Il nostro legittimo interesse a sviluppare e promuovere il nostro business<\/td><td style=\"background-color:#fbfcfd;border-color:#ffffff;padding-top:10px;padding-right:10px;padding-bottom:10px;padding-left:10px;border-width:3px\">Per i clienti: i dati vengono conservati per la durata della relazione commerciale e vengono cancellati dopo 3 anni dalla fine della relazione commerciale.<br>&nbsp;<br>Per i potenziali clienti: i dati sono conservati per un periodo di 3 anni dopo l&#8217;ultimo contatto.<\/td><\/tr><tr><td style=\"border-color:#ffffff;border-width:3px;padding-top:10px;padding-right:10px;padding-bottom:10px;padding-left:10px;background-color:#fbfcfd\">Inviare newsletter, sollecitazioni e messaggi promozionali<\/td><td style=\"border-color:#ffffff;border-width:3px;padding-top:10px;padding-right:10px;padding-bottom:10px;padding-left:10px;background-color:#fbfcfd\">Il nostro legittimo interesse a sviluppare e promuovere il nostro business<\/td><td style=\"border-color:#ffffff;border-width:3px;padding-top:10px;padding-right:10px;padding-bottom:10px;padding-left:10px;background-color:#fbfcfd\">I dati sono conservati per 3 anni dall&#8217;ultimo contatto.&nbsp;<\/td><\/tr><tr><td style=\"border-color:#ffffff;border-width:3px;padding-top:10px;padding-right:10px;padding-bottom:10px;padding-left:10px;background-color:#fbfcfd\">Rispondere alle vostre richieste di informazioni<\/td><td style=\"border-color:#ffffff;border-width:3px;padding-top:10px;padding-right:10px;padding-bottom:10px;padding-left:10px;background-color:#fbfcfd\">Il nostro legittimo interesse a rispondere alle sue richieste<\/td><td style=\"border-color:#ffffff;border-width:3px;padding-top:10px;padding-right:10px;padding-bottom:10px;padding-left:10px;background-color:#fbfcfd\">I dati sono conservati per il tempo necessario per elaborare la sua richiesta di informazioni e cancellati una volta che la richiesta di informazioni \u00e8 stata elaborata.<\/td><\/tr><tr><td style=\"border-color:#ffffff;border-width:3px;padding-top:10px;padding-right:10px;padding-bottom:10px;padding-left:10px;background-color:#fbfcfd\">Rispettare gli obblighi legali applicabili alla nostra attivit\u00e0<\/td><td style=\"border-color:#ffffff;border-width:3px;padding-top:10px;padding-right:10px;padding-bottom:10px;padding-left:10px;background-color:#fbfcfd\">Rispettare i nostri obblighi legali e normativi<\/td><td style=\"border-color:#ffffff;border-width:3px;padding-top:10px;padding-right:10px;padding-bottom:10px;padding-left:10px;background-color:#fbfcfd\">Per le fatture: le fatture sono archiviate per un periodo di 10 anni.<br><br>I dati relativi alle sue transazioni (ad eccezione delle coordinate bancarie) sono conservati per 5 anni.<\/td><\/tr><tr><td style=\"border-color:#ffffff;border-width:3px;padding-top:10px;padding-right:10px;padding-bottom:10px;padding-left:10px;background-color:#fbfcfd\">Gestire le richieste di esercizio dei diritti<\/td><td style=\"border-color:#ffffff;border-width:3px;padding-top:10px;padding-right:10px;padding-bottom:10px;padding-left:10px;background-color:#fbfcfd\">Rispettare i nostri obblighi legali e normativi<\/td><td style=\"border-color:#ffffff;border-width:3px;padding-top:10px;padding-right:10px;padding-bottom:10px;padding-left:10px;background-color:#fbfcfd\">Se le chiediamo una prova d&#8217;identit\u00e0, la conserveremo solo per il tempo necessario a verificare la sua identit\u00e0. Una volta che la verifica \u00e8 stata completata, la prova viene cancellata.<br><br><br>Se esercita il suo diritto di opporsi al canvassing: conserviamo queste informazioni per 3 anni.<\/td><\/tr><\/tbody><\/table><\/div>\n\n\n\n<div class=\"wp-block-getwid-advanced-spacer\" style=\"height:10px\" aria-hidden=\"true\"><\/div>\n\n\n\n<h3 class=\"wp-block-heading\">4. <strong>Chi sono i destinatari dei vostri dati?<\/strong>&nbsp;<\/h3>\n\n\n\n<p>I suoi dati personali saranno resi disponibili a:<\/p>\n\n\n\n<ol class=\"wp-block-list\">\n<li>Il personale della nostra azienda;<\/li>\n<\/ol>\n\n\n\n<ol start=\"2\" class=\"wp-block-list\">\n<li>I nostri subappaltatori: fornitore di hosting, strumento CRM, fornitore di invio di newsletter;<\/li>\n<\/ol>\n\n\n\n<ol start=\"3\" class=\"wp-block-list\">\n<li>I nostri partner:\u202f<a href=\"https:\/\/ritme.com\/qui-sommes-nous\/partenaires\/\" target=\"_blank\" rel=\"noreferrer noopener\">editori di software<\/a>, partner di consegna e logistica;<\/li>\n<\/ol>\n\n\n\n<ol start=\"4\" class=\"wp-block-list\">\n<li>Dove applicabile: enti pubblici e privati, esclusivamente per soddisfare i nostri obblighi legali.<\/li>\n<\/ol>\n\n\n\n<div class=\"wp-block-getwid-advanced-spacer\" style=\"height:10px\" aria-hidden=\"true\"><\/div>\n\n\n\n<h3 class=\"wp-block-heading\">5. <strong>\u00c8 probabile che i suoi dati siano trasferiti al di fuori dell&#8217;Unione Europea?&nbsp;<\/strong>&nbsp;<\/h3>\n\n\n\n<p>I vostri dati vengono conservati e memorizzati per tutta la durata del trattamento sui server di Alwaysdata situati in Francia nell&#8217;Unione europea.<\/p>\n\n\n\n<p>Nell&#8217;ambito degli strumenti che utilizziamo (vedi articolo sui destinatari riguardanti i nostri subappaltatori), i vostri dati possono essere trasferiti al di fuori dell&#8217;Unione Europea. Il trasferimento dei suoi dati in questo contesto \u00e8 assicurato per mezzo dei seguenti strumenti:<\/p>\n\n\n\n<ul class=\"wp-block-list\">\n<li>o i dati sono trasferiti in un paese che \u00e8 stato giudicato offrire un adeguato livello di protezione da una decisione della Commissione Europea;<\/li>\n\n\n\n<li>oppure abbiamo stipulato un contratto specifico con i nostri incaricati del trattamento per il trasferimento dei suoi dati al di fuori dell&#8217;Unione Europea, basato sulle clausole contrattuali standard tra un responsabile e un incaricato del trattamento approvate dalla Commissione Europea;<\/li>\n\n\n\n<li>o ricorriamo alle opportune salvaguardie previste dai regolamenti applicabili.<\/li>\n<\/ul>\n\n\n\n<div class=\"wp-block-getwid-advanced-spacer\" style=\"height:10px\" aria-hidden=\"true\"><\/div>\n\n\n\n<h3 class=\"wp-block-heading\">6. <strong>Quali diritti avete sui vostri dati?<\/strong><\/h3>\n\n\n\n<p>Lei ha i seguenti diritti rispetto ai suoi dati personali:<\/p>\n\n\n\n<ul class=\"wp-block-list\">\n<li><strong>Diritto di rettifica<\/strong>: avete il diritto di rettificare i vostri dati personali inesatti, incompleti o obsoleti in qualsiasi momento in conformit\u00e0 con l&#8217;articolo 16 del GDPR<\/li>\n<\/ul>\n\n\n\n<ul class=\"wp-block-list\">\n<li><strong>Diritto alla limitazione<\/strong>: avete il diritto di ottenere la limitazione del trattamento dei vostri dati personali in alcuni casi definiti nell&#8217;articolo 18 del GDPR.<\/li>\n<\/ul>\n\n\n\n<ul class=\"wp-block-list\">\n<li><strong>Diritto alla cancellazione<\/strong>: avete il diritto di richiedere la cancellazione dei vostri dati personali e di vietare qualsiasi raccolta futura dei vostri dati personali per i motivi di cui all&#8217;articolo 17 del GDPR<\/li>\n<\/ul>\n\n\n\n<ul class=\"wp-block-list\">\n<li><strong>Diritto di presentare un reclamo presso un&#8217;autorit\u00e0 di controllo competente <\/strong>(in Francia, la CNIL), se ritiene che il trattamento dei suoi dati personali costituisca una violazione dei testi applicabili. (Articolo 77 del GDPR)<\/li>\n<\/ul>\n\n\n\n<ul class=\"wp-block-list\">\n<li><strong>Il diritto di definire le direttive relative alla conservazione, alla cancellazione e alla comunicazione dei suoi dati personali dopo la sua morte, <\/strong>conformemente all&#8217;articolo 40-1 della legge francese sulla protezione dei dati.\u00a0<\/li>\n<\/ul>\n\n\n\n<ul class=\"wp-block-list\">\n<li><strong>Diritto di ritirare il consenso in qualsiasi momento<\/strong>: per le finalit\u00e0 basate sul consenso, l&#8217;articolo 7 del GDPR prevede che si possa ritirare il consenso in qualsiasi momento. Tale ritiro non pregiudicher\u00e0 la liceit\u00e0 del trattamento effettuato prima del ritiro.<\/li>\n<\/ul>\n\n\n\n<ul class=\"wp-block-list\">\n<li><strong>Diritto alla portabilit\u00e0<\/strong>: in determinate condizioni specificate nell&#8217;articolo 20 del GDPR, hai il diritto di ricevere i dati personali che ci hai fornito in un formato standard leggibile da una macchina e di richiederne il trasferimento al destinatario di tua scelta.<\/li>\n<\/ul>\n\n\n\n<ul class=\"wp-block-list\">\n<li><strong>Diritto di opposizione<\/strong>: ai sensi dell&#8217;articolo 21 del GDPR, hai il diritto di opporti al trattamento dei tuoi dati personali. Si prega di notare, tuttavia, che possiamo continuare a trattare i vostri dati personali nonostante questa obiezione, per motivi legittimi o per difendere i diritti legali.<\/li>\n<\/ul>\n\n\n\n<p>Pu\u00f2 esercitare questi diritti scrivendoci utilizzando i dettagli di contatto qui sotto. Potremmo chiederle di fornire ulteriori informazioni o documenti per provare la sua identit\u00e0.&nbsp;<\/p>\n\n\n\n<div class=\"wp-block-getwid-advanced-spacer\" style=\"height:10px\" aria-hidden=\"true\"><\/div>\n\n\n\n<h3 class=\"wp-block-heading\">7.<strong>&nbsp;Punto di contatto per i dati personali<\/strong><\/h3>\n\n\n\n<p>Email di contatto:&nbsp;<a href=\"mailto:DataProtection@ritme.com\" target=\"_blank\" rel=\"noreferrer noopener\">DataProtection@ritme.com<\/a>&nbsp;<\/p>\n\n\n\n<p>Indirizzo di contatto: 65 rue Ordener &#8211; 75018 Parigi Francia<\/p>\n\n\n\n<div class=\"wp-block-getwid-advanced-spacer\" style=\"height:10px\" aria-hidden=\"true\"><\/div>\n\n\n\n<h3 class=\"wp-block-heading\">8. <strong>Cambiamenti<\/strong>&nbsp;<\/h3>\n\n\n\n<p>Possiamo modificare questa politica in qualsiasi momento, in particolare per conformarsi a qualsiasi sviluppo normativo, legale, editoriale o tecnico. Queste modifiche saranno applicate a partire dalla data effettiva della versione modificata. Siete quindi invitati a consultare regolarmente l&#8217;ultima versione di questa politica. Ciononostante, vi terremo informati su qualsiasi modifica significativa di questa politica sulla privacy.<\/p>\n","protected":false},"excerpt":{"rendered":"<p>Entrata in vigore: 1\u00b0 luglio 2021 Quando si utilizza il sito web https:\/\/ritme.com\/&nbsp;(di seguito il &#8220;Sito&#8221;), possiamo raccogliere dati personali su di voi. Lo scopo di questa politica \u00e8 quello di informarla su come trattiamo questi dati in conformit\u00e0 al Regolamento (UE) 2016\/679 del 27 aprile 2016 relativo alla protezione delle persone fisiche con riguardo [&hellip;]<\/p>\n","protected":false},"author":1,"featured_media":0,"parent":0,"menu_order":366,"comment_status":"closed","ping_status":"closed","template":"","meta":{"_acf_changed":false,"inline_featured_image":false,"_uag_custom_page_level_css":"","footnotes":""},"class_list":["post-429","page","type-page","status-publish","hentry"],"acf":[],"yoast_head":"<!-- This site is optimized with the Yoast SEO plugin v26.9 - https:\/\/yoast.com\/product\/yoast-seo-wordpress\/ -->\n<title>Privacy della Dati - RITME<\/title>\n<meta name=\"robots\" content=\"index, follow, max-snippet:-1, max-image-preview:large, max-video-preview:-1\" \/>\n<link rel=\"canonical\" href=\"https:\/\/ritme.com\/it\/privacy-della-dati\/\" \/>\n<meta property=\"og:locale\" content=\"it_IT\" \/>\n<meta property=\"og:type\" content=\"article\" \/>\n<meta property=\"og:title\" content=\"Privacy della Dati - RITME\" \/>\n<meta property=\"og:description\" content=\"Entrata in vigore: 1\u00b0 luglio 2021 Quando si utilizza il sito web https:\/\/ritme.com\/&nbsp;(di seguito il &#8220;Sito&#8221;), possiamo raccogliere dati personali su di voi. Lo scopo di questa politica \u00e8 quello di informarla su come trattiamo questi dati in conformit\u00e0 al Regolamento (UE) 2016\/679 del 27 aprile 2016 relativo alla protezione delle persone fisiche con riguardo [&hellip;]\" \/>\n<meta property=\"og:url\" content=\"https:\/\/ritme.com\/it\/privacy-della-dati\/\" \/>\n<meta property=\"og:site_name\" content=\"RITME\" \/>\n<meta property=\"article:modified_time\" content=\"2025-08-29T07:46:57+00:00\" \/>\n<meta name=\"twitter:card\" content=\"summary_large_image\" \/>\n<meta name=\"twitter:label1\" content=\"Tempo di lettura stimato\" \/>\n\t<meta name=\"twitter:data1\" content=\"7 minuti\" \/>\n<script type=\"application\/ld+json\" class=\"yoast-schema-graph\">{\"@context\":\"https:\/\/schema.org\",\"@graph\":[{\"@type\":\"WebPage\",\"@id\":\"https:\/\/ritme.com\/it\/privacy-della-dati\/\",\"url\":\"https:\/\/ritme.com\/it\/privacy-della-dati\/\",\"name\":\"Privacy della Dati - RITME\",\"isPartOf\":{\"@id\":\"https:\/\/ritme.com\/it\/#website\"},\"datePublished\":\"2021-01-21T10:29:59+00:00\",\"dateModified\":\"2025-08-29T07:46:57+00:00\",\"breadcrumb\":{\"@id\":\"https:\/\/ritme.com\/it\/privacy-della-dati\/#breadcrumb\"},\"inLanguage\":\"it-IT\",\"potentialAction\":[{\"@type\":\"ReadAction\",\"target\":[\"https:\/\/ritme.com\/it\/privacy-della-dati\/\"]}]},{\"@type\":\"BreadcrumbList\",\"@id\":\"https:\/\/ritme.com\/it\/privacy-della-dati\/#breadcrumb\",\"itemListElement\":[{\"@type\":\"ListItem\",\"position\":1,\"name\":\"Home\",\"item\":\"https:\/\/ritme.com\/it\/\"},{\"@type\":\"ListItem\",\"position\":2,\"name\":\"Privacy della Dati\"}]},{\"@type\":\"WebSite\",\"@id\":\"https:\/\/ritme.com\/it\/#website\",\"url\":\"https:\/\/ritme.com\/it\/\",\"name\":\"RITME\",\"description\":\"Il partner strategico dei team di ricerca\",\"publisher\":{\"@id\":\"https:\/\/ritme.com\/it\/#organization\"},\"potentialAction\":[{\"@type\":\"SearchAction\",\"target\":{\"@type\":\"EntryPoint\",\"urlTemplate\":\"https:\/\/ritme.com\/it\/?s={search_term_string}\"},\"query-input\":{\"@type\":\"PropertyValueSpecification\",\"valueRequired\":true,\"valueName\":\"search_term_string\"}}],\"inLanguage\":\"it-IT\"},{\"@type\":\"Organization\",\"@id\":\"https:\/\/ritme.com\/it\/#organization\",\"name\":\"RITME\",\"url\":\"https:\/\/ritme.com\/it\/\",\"logo\":{\"@type\":\"ImageObject\",\"inLanguage\":\"it-IT\",\"@id\":\"https:\/\/ritme.com\/it\/#\/schema\/logo\/image\/\",\"url\":\"https:\/\/ritme.com\/wp-content\/uploads\/2021\/06\/Ritme_200x86.svg\",\"contentUrl\":\"https:\/\/ritme.com\/wp-content\/uploads\/2021\/06\/Ritme_200x86.svg\",\"caption\":\"RITME\"},\"image\":{\"@id\":\"https:\/\/ritme.com\/it\/#\/schema\/logo\/image\/\"}}]}<\/script>\n<!-- \/ Yoast SEO plugin. -->","yoast_head_json":{"title":"Privacy della Dati - RITME","robots":{"index":"index","follow":"follow","max-snippet":"max-snippet:-1","max-image-preview":"max-image-preview:large","max-video-preview":"max-video-preview:-1"},"canonical":"https:\/\/ritme.com\/it\/privacy-della-dati\/","og_locale":"it_IT","og_type":"article","og_title":"Privacy della Dati - RITME","og_description":"Entrata in vigore: 1\u00b0 luglio 2021 Quando si utilizza il sito web https:\/\/ritme.com\/&nbsp;(di seguito il &#8220;Sito&#8221;), possiamo raccogliere dati personali su di voi. Lo scopo di questa politica \u00e8 quello di informarla su come trattiamo questi dati in conformit\u00e0 al Regolamento (UE) 2016\/679 del 27 aprile 2016 relativo alla protezione delle persone fisiche con riguardo [&hellip;]","og_url":"https:\/\/ritme.com\/it\/privacy-della-dati\/","og_site_name":"RITME","article_modified_time":"2025-08-29T07:46:57+00:00","twitter_card":"summary_large_image","twitter_misc":{"Tempo di lettura stimato":"7 minuti"},"schema":{"@context":"https:\/\/schema.org","@graph":[{"@type":"WebPage","@id":"https:\/\/ritme.com\/it\/privacy-della-dati\/","url":"https:\/\/ritme.com\/it\/privacy-della-dati\/","name":"Privacy della Dati - RITME","isPartOf":{"@id":"https:\/\/ritme.com\/it\/#website"},"datePublished":"2021-01-21T10:29:59+00:00","dateModified":"2025-08-29T07:46:57+00:00","breadcrumb":{"@id":"https:\/\/ritme.com\/it\/privacy-della-dati\/#breadcrumb"},"inLanguage":"it-IT","potentialAction":[{"@type":"ReadAction","target":["https:\/\/ritme.com\/it\/privacy-della-dati\/"]}]},{"@type":"BreadcrumbList","@id":"https:\/\/ritme.com\/it\/privacy-della-dati\/#breadcrumb","itemListElement":[{"@type":"ListItem","position":1,"name":"Home","item":"https:\/\/ritme.com\/it\/"},{"@type":"ListItem","position":2,"name":"Privacy della Dati"}]},{"@type":"WebSite","@id":"https:\/\/ritme.com\/it\/#website","url":"https:\/\/ritme.com\/it\/","name":"RITME","description":"Il partner strategico dei team di ricerca","publisher":{"@id":"https:\/\/ritme.com\/it\/#organization"},"potentialAction":[{"@type":"SearchAction","target":{"@type":"EntryPoint","urlTemplate":"https:\/\/ritme.com\/it\/?s={search_term_string}"},"query-input":{"@type":"PropertyValueSpecification","valueRequired":true,"valueName":"search_term_string"}}],"inLanguage":"it-IT"},{"@type":"Organization","@id":"https:\/\/ritme.com\/it\/#organization","name":"RITME","url":"https:\/\/ritme.com\/it\/","logo":{"@type":"ImageObject","inLanguage":"it-IT","@id":"https:\/\/ritme.com\/it\/#\/schema\/logo\/image\/","url":"https:\/\/ritme.com\/wp-content\/uploads\/2021\/06\/Ritme_200x86.svg","contentUrl":"https:\/\/ritme.com\/wp-content\/uploads\/2021\/06\/Ritme_200x86.svg","caption":"RITME"},"image":{"@id":"https:\/\/ritme.com\/it\/#\/schema\/logo\/image\/"}}]}},"uagb_featured_image_src":{"full":false,"thumbnail":false,"medium":false,"medium_large":false,"large":false,"1536x1536":false,"2048x2048":false},"uagb_author_info":{"display_name":"admin","author_link":"https:\/\/ritme.com\/it\/author\/admin\/"},"uagb_comment_info":0,"uagb_excerpt":"Entrata in vigore: 1\u00b0 luglio 2021 Quando si utilizza il sito web https:\/\/ritme.com\/&nbsp;(di seguito il &#8220;Sito&#8221;), possiamo raccogliere dati personali su di voi. Lo scopo di questa politica \u00e8 quello di informarla su come trattiamo questi dati in conformit\u00e0 al Regolamento (UE) 2016\/679 del 27 aprile 2016 relativo alla protezione delle persone fisiche con riguardo&hellip;","_links":{"self":[{"href":"https:\/\/ritme.com\/it\/wp-json\/wp\/v2\/pages\/429","targetHints":{"allow":["GET"]}}],"collection":[{"href":"https:\/\/ritme.com\/it\/wp-json\/wp\/v2\/pages"}],"about":[{"href":"https:\/\/ritme.com\/it\/wp-json\/wp\/v2\/types\/page"}],"author":[{"embeddable":true,"href":"https:\/\/ritme.com\/it\/wp-json\/wp\/v2\/users\/1"}],"replies":[{"embeddable":true,"href":"https:\/\/ritme.com\/it\/wp-json\/wp\/v2\/comments?post=429"}],"version-history":[{"count":5,"href":"https:\/\/ritme.com\/it\/wp-json\/wp\/v2\/pages\/429\/revisions"}],"predecessor-version":[{"id":47452,"href":"https:\/\/ritme.com\/it\/wp-json\/wp\/v2\/pages\/429\/revisions\/47452"}],"wp:attachment":[{"href":"https:\/\/ritme.com\/it\/wp-json\/wp\/v2\/media?parent=429"}],"curies":[{"name":"wp","href":"https:\/\/api.w.org\/{rel}","templated":true}]}}