{"id":30800,"date":"2022-10-17T16:31:41","date_gmt":"2022-10-17T14:31:41","guid":{"rendered":"https:\/\/ritme.com\/integration-logiciel\/"},"modified":"2022-12-27T10:42:51","modified_gmt":"2022-12-27T09:42:51","slug":"integrazione-software","status":"publish","type":"page","link":"https:\/\/ritme.com\/it\/trasformazione-digitale-soluzioni\/integrazione-software\/","title":{"rendered":"Integrazione software"},"content":{"rendered":"\n<h2 class=\"has-text-align-center wp-block-heading\" style=\"font-size:2.6rem\"><mark style=\"background-color:rgba(0, 0, 0, 0)\" class=\"has-inline-color has-ritme-blue-color\">INTEGRAZIONE DI SOLUZIONI SOFTWARE<\/mark><br><mark style=\"background-color:rgba(0, 0, 0, 0)\" class=\"has-inline-color has-ritme-blue-color\">Rivolgetevi ai nostri esperti per il successo dei vostri progetti di trasformazione<\/mark><\/h2>\n\n\n\n<div class=\"wp-block-getwid-advanced-spacer\" style=\"height:60px\" aria-hidden=\"true\"><\/div>\n\n\n\n<section class=\"wp-block-uagb-columns uagb-columns__wrap uagb-columns__background-none uagb-columns__stack-mobile uagb-columns__valign-center uagb-columns__gap-10 align uagb-block-b898ff14 uagb-columns__columns-2 uagb-columns__max_width-theme\"><div class=\"uagb-columns__overlay\"><\/div><div class=\"uagb-columns__inner-wrap uagb-columns__columns-2\">\n<div class=\"wp-block-uagb-column uagb-column__wrap uagb-column__background-undefined uagb-block-6a7da529\"><div class=\"uagb-column__overlay\"><\/div>\n<figure class=\"wp-block-image size-full\"><img loading=\"lazy\" decoding=\"async\" width=\"536\" height=\"279\" src=\"https:\/\/ritme.com\/wp-content\/uploads\/2022\/10\/img-integration-intro.png\" alt=\"Vous accompagner dans l\u2019int\u00e9gration de vos logiciels scientifiques\" class=\"wp-image-27861\" srcset=\"https:\/\/ritme.com\/wp-content\/uploads\/2022\/10\/img-integration-intro.png 536w, https:\/\/ritme.com\/wp-content\/uploads\/2022\/10\/img-integration-intro-500x260.png 500w\" sizes=\"auto, (max-width: 536px) 100vw, 536px\" \/><\/figure>\n<\/div>\n\n\n\n<div class=\"wp-block-uagb-column uagb-column__wrap uagb-column__background-undefined uagb-block-5c21adf5\"><div class=\"uagb-column__overlay\"><\/div>\n<p>In qualit\u00e0 di partner strategico dei team di ricerca, RITME mette a disposizione tutto il suo know-how per implementare le vostre <strong>soluzioni scientifiche in modo <\/strong>sostenibile, sicuro e conforme alle normative.<\/p>\n\n\n\n<p>Poich\u00e9 ogni organizzazione \u00e8 unica, la nostra missione \u00e8 quella di <strong>distribuire gli strumenti giusti<\/strong>, perfettamente adattati alle vostre esigenze e sfide specifiche, per aiutarvi a migliorare le prestazioni e l&#8217;innovazione.<\/p>\n\n\n\n<p>Per aiutarvi ad avere successo nei vostri <strong>progetti di digitalizzazione<\/strong>, mobilitiamo un <strong>team multidisciplinare<\/strong> con competenze tecniche, metodologiche e organizzative.<\/p>\n<\/div>\n<\/div><\/section>\n\n\n\n<div class=\"wp-block-getwid-advanced-spacer\" style=\"height:45px\" aria-hidden=\"true\"><\/div>\n\n\n\n<div class=\"wp-block-buttons is-content-justification-center is-layout-flex wp-container-core-buttons-is-layout-16018d1d wp-block-buttons-is-layout-flex\">\n<div class=\"wp-block-button has-icon icon-question\"><a class=\"wp-block-button__link wp-element-button\" href=\"https:\/\/ritme.com\/it\/contact\/\">CONTATTA I NOSTRI ESPERTI<\/a><\/div>\n<\/div>\n\n\n\n<div class=\"wp-block-getwid-advanced-spacer\" style=\"height:100px\" aria-hidden=\"true\"><\/div>\n\n\n\n<h2 class=\"has-text-align-center wp-block-heading\" style=\"font-size:2.4rem\"><mark style=\"background-color:rgba(0, 0, 0, 0)\" class=\"has-inline-color has-ritme-black-color\">Un&#8217;implementazione globale dei vostri progetti<\/mark><\/h2>\n\n\n\n<div class=\"wp-block-getwid-advanced-spacer\" style=\"height:55px\" aria-hidden=\"true\"><\/div>\n\n\n\n<section class=\"wp-block-uagb-columns uagb-columns__wrap uagb-columns__background-none uagb-columns__stack-mobile uagb-columns__valign- uagb-columns__gap-10 align uagb-block-4b0dfcad uagb-columns__columns-2 uagb-columns__max_width-theme\"><div class=\"uagb-columns__overlay\"><\/div><div class=\"uagb-columns__inner-wrap uagb-columns__columns-2\">\n<div class=\"wp-block-uagb-column uagb-column__wrap uagb-column__background-undefined uagb-block-2feadab4\"><div class=\"uagb-column__overlay\"><\/div>\n<p>I nostri team <strong>multidisciplinari si <\/strong>occupano dei vostri progetti di trasformazione dall&#8217;inizio <strong>alla fine:<\/strong><\/p>\n\n\n\n<ul class=\"wp-block-list\">\n<li>Analisi approfondita dei bisogni<\/li>\n\n\n\n<li>Specifiche dettagliate<\/li>\n\n\n\n<li>Impostazioni<\/li>\n\n\n\n<li>Sviluppi specifici<\/li>\n\n\n\n<li>Personalizzazione<\/li>\n\n\n\n<li>Trasferimento dati<\/li>\n\n\n\n<li>Integrazione con il sistema informativo esistente<\/li>\n\n\n\n<li>Interfacce con applicazioni di terze parti<\/li>\n\n\n\n<li>Ricevuta<\/li>\n\n\n\n<li>Trasferimento di competenze<\/li>\n\n\n\n<li>Supporto e manutenzione delle applicazioni<\/li>\n<\/ul>\n<\/div>\n\n\n\n<div class=\"wp-block-uagb-column uagb-column__wrap uagb-column__background-undefined uagb-block-f85d2d53\"><div class=\"uagb-column__overlay\"><\/div>\n<figure class=\"wp-block-image size-full\"><img loading=\"lazy\" decoding=\"async\" width=\"536\" height=\"345\" src=\"https:\/\/ritme.com\/wp-content\/uploads\/2022\/10\/img-integration-projets.png\" alt=\"Un accompagnement 360\u00b0 lors de l\u2019int\u00e9gration de vos solutions logicielles\" class=\"wp-image-27873\" srcset=\"https:\/\/ritme.com\/wp-content\/uploads\/2022\/10\/img-integration-projets.png 536w, https:\/\/ritme.com\/wp-content\/uploads\/2022\/10\/img-integration-projets-500x322.png 500w\" sizes=\"auto, (max-width: 536px) 100vw, 536px\" \/><\/figure>\n<\/div>\n<\/div><\/section>\n\n\n\n<div class=\"wp-block-getwid-advanced-spacer\" style=\"height:45px\" aria-hidden=\"true\"><\/div>\n\n\n\n<div class=\"wp-block-buttons is-content-justification-center is-layout-flex wp-container-core-buttons-is-layout-16018d1d wp-block-buttons-is-layout-flex\">\n<div class=\"wp-block-button\"><a class=\"wp-block-button__link wp-element-button\" href=\"https:\/\/ritme.com\/solutions\/une-methodologie-agile-et-inclusive\/\">SCOPRITE LA NOSTRA METODOLOGIA DI PROGETTO<\/a><\/div>\n<\/div>\n\n\n\n<div class=\"wp-block-getwid-advanced-spacer\" style=\"height:100px\" aria-hidden=\"true\"><\/div>\n\n\n\n<section class=\"wp-block-uagb-columns uagb-columns__wrap uagb-columns__background-color uagb-columns__stack-mobile uagb-columns__valign- uagb-columns__gap-10 align uagb-block-281e0428 uagb-columns__columns-1 uagb-columns__max_width-theme\"><div class=\"uagb-columns__overlay\"><\/div><div class=\"uagb-columns__inner-wrap uagb-columns__columns-1\">\n<div class=\"wp-block-uagb-column uagb-column__wrap uagb-column__background-undefined uagb-block-809a77b6\"><div class=\"uagb-column__overlay\"><\/div><div class=\"wp-block-image\">\n<figure class=\"aligncenter size-large is-resized\"><img loading=\"lazy\" decoding=\"async\" src=\"https:\/\/ritme.com\/wp-content\/uploads\/2022\/10\/icon-etoiles-atouts-1.svg\" alt=\"Nos atouts dans l\u2019int\u00e9gration de logiciels scientifiques\" class=\"wp-image-27965\" width=\"75\" height=\"30\"\/><\/figure>\n<\/div>\n\n\n<div class=\"wp-block-getwid-advanced-spacer\" style=\"height:25px\" aria-hidden=\"true\"><\/div>\n\n\n\n<h3 class=\"has-text-align-center wp-block-heading\"><mark style=\"background-color:rgba(0, 0, 0, 0)\" class=\"has-inline-color has-ritme-black-color\">I nostri punti di forza come integratore<\/mark><\/h3>\n\n\n\n<section class=\"wp-block-uagb-columns uagb-columns__wrap uagb-columns__background-none uagb-columns__stack-mobile uagb-columns__valign-center uagb-columns__gap-10 align uagb-block-59681e42 uagb-columns__columns-2 uagb-columns__max_width-theme valign-center\"><div class=\"uagb-columns__overlay\"><\/div><div class=\"uagb-columns__inner-wrap uagb-columns__columns-2\">\n<div class=\"wp-block-uagb-column uagb-column__wrap uagb-column__background-undefined uagb-block-94be7e35\"><div class=\"uagb-column__overlay\"><\/div>\n<ul class=\"wp-block-list\">\n<li><strong>Ascoltare attentamente le <\/strong>vostre esigenze<\/li>\n\n\n\n<li>Una <strong>vicinanza <\/strong>in tutti i progetti<\/li>\n<\/ul>\n<\/div>\n\n\n\n<div class=\"wp-block-uagb-column uagb-column__wrap uagb-column__background-undefined uagb-block-71316011\"><div class=\"uagb-column__overlay\"><\/div>\n<ul class=\"wp-block-list\">\n<li>Una <strong>guardia permanente <\/strong>per consigliarvi<\/li>\n\n\n\n<li>Un <strong>metodo adatto<\/strong> ai vostri processi<\/li>\n<\/ul>\n<\/div>\n<\/div><\/section>\n<\/div>\n<\/div><\/section>\n\n\n\n<div class=\"wp-block-getwid-advanced-spacer\" style=\"height:100px\" aria-hidden=\"true\"><\/div>\n\n\n\n<h2 class=\"has-text-align-center wp-block-heading\" style=\"font-size:2.4rem\"><mark style=\"background-color:rgba(0, 0, 0, 0)\" class=\"has-inline-color has-ritme-black-color\">Supporto operativo per il successo dell&#8217;implementazione delle vostre soluzioni<\/mark><\/h2>\n\n\n\n<div class=\"wp-block-getwid-advanced-spacer\" style=\"height:55px\" aria-hidden=\"true\"><\/div>\n\n\n\n<section class=\"wp-block-uagb-columns uagb-columns__wrap uagb-columns__background-none uagb-columns__stack-mobile uagb-columns__valign-center uagb-columns__gap-10 align uagb-block-dbedebb4 uagb-columns__columns-2 uagb-columns__max_width-theme\"><div class=\"uagb-columns__overlay\"><\/div><div class=\"uagb-columns__inner-wrap uagb-columns__columns-2\">\n<div class=\"wp-block-uagb-column uagb-column__wrap uagb-column__background-undefined uagb-block-5ec70964\"><div class=\"uagb-column__overlay\"><\/div>\n<figure class=\"wp-block-image size-full\"><img loading=\"lazy\" decoding=\"async\" width=\"536\" height=\"303\" src=\"https:\/\/ritme.com\/wp-content\/uploads\/2022\/10\/img-integration-accompagnement.png\" alt=\"Int\u00e9gration logiciel et accompagnement de proximit\u00e9 des \u00e9quipes\" class=\"wp-image-27905\" srcset=\"https:\/\/ritme.com\/wp-content\/uploads\/2022\/10\/img-integration-accompagnement.png 536w, https:\/\/ritme.com\/wp-content\/uploads\/2022\/10\/img-integration-accompagnement-500x283.png 500w\" sizes=\"auto, (max-width: 536px) 100vw, 536px\" \/><\/figure>\n<\/div>\n\n\n\n<div class=\"wp-block-uagb-column uagb-column__wrap uagb-column__background-undefined uagb-block-b80ddcc7\"><div class=\"uagb-column__overlay\"><\/div>\n<p>Il successo dei vostri progetti dipende anche dal fatto che i vostri team <strong>si approprino delle <\/strong>soluzioni implementate.<\/p>\n\n\n\n<p>Ecco perch\u00e9 i nostri team vi offrono un supporto <strong>locale<\/strong>:<\/p>\n\n\n\n<ul class=\"wp-block-list\">\n<li>Gestione del cambiamento<\/li>\n\n\n\n<li><mark style=\"color:#737b7d;padding:0px;background-color:rgba(0, 0, 0, 0)\" class=\"has-inline-color\"><a href=\"https:\/\/ritme.com\/it\/trasformazione-digitale-soluzioni\/formazione-trasformazione-digitale\/\">Formazione<\/a><\/mark> e coaching<\/li>\n<\/ul>\n\n\n\n<div class=\"wp-block-getwid-advanced-spacer\" style=\"height:10px\" aria-hidden=\"true\"><\/div>\n\n\n\n<div class=\"wp-block-buttons is-content-justification-center is-layout-flex wp-container-core-buttons-is-layout-16018d1d wp-block-buttons-is-layout-flex\">\n<div class=\"wp-block-button\"><a class=\"wp-block-button__link wp-element-button\" href=\"https:\/\/ritme.com\/it\/formazione\/\">MAGGIORI INFORMAZIONI SUI NOSTRI CORSI DI FORMAZIONE<\/a><\/div>\n<\/div>\n<\/div>\n<\/div><\/section>\n\n\n\n<div class=\"wp-block-getwid-advanced-spacer\" style=\"height:100px\" aria-hidden=\"true\"><\/div>\n\n\n\n<section class=\"wp-block-uagb-columns uagb-columns__wrap uagb-columns__background-none uagb-columns__stack-mobile uagb-columns__valign- uagb-columns__gap-10 align uagb-block-a4af712c uagb-columns__columns-2 uagb-columns__max_width-theme\"><div class=\"uagb-columns__overlay\"><\/div><div class=\"uagb-columns__inner-wrap uagb-columns__columns-2\">\n<div class=\"wp-block-uagb-column uagb-column__wrap uagb-column__background-undefined uagb-block-09afb37e\"><div class=\"uagb-column__overlay\"><\/div>\n<h2 class=\"wp-block-heading\" style=\"font-size:2.4rem\"><mark style=\"padding:0px;background-color:rgba(0, 0, 0, 0)\" class=\"has-inline-color has-ritme-black-color\">Soluzioni scalabili e sostenibili<\/mark><\/h2>\n\n\n\n<div class=\"wp-block-getwid-advanced-spacer\" style=\"height:10px\" aria-hidden=\"true\"><\/div>\n\n\n\n<p>La nostra missione non si esaurisce con l&#8217;implementazione delle vostre soluzioni. I nostri team restano al vostro fianco per <strong>garantire le loro prestazionie<\/strong> <strong>adattarle alle vostre nuove sfide<\/strong>:<\/p>\n\n\n\n<ul class=\"wp-block-list\">\n<li>Sviluppi funzionali<\/li>\n\n\n\n<li>Assistenza tecnica<\/li>\n\n\n\n<li>Manutenzione dell&#8217;applicazione<\/li>\n\n\n\n<li>Formazione continua<\/li>\n<\/ul>\n<\/div>\n\n\n\n<div class=\"wp-block-uagb-column uagb-column__wrap uagb-column__background-undefined uagb-block-0e2a2b21\"><div class=\"uagb-column__overlay\"><\/div>\n<figure class=\"wp-block-image size-full\"><img loading=\"lazy\" decoding=\"async\" width=\"536\" height=\"267\" src=\"https:\/\/ritme.com\/wp-content\/uploads\/2022\/10\/img-integration-solutions-1.png\" alt=\"Int\u00e9gration logiciel : maintenance et \u00e9volutions\" class=\"wp-image-27927\" srcset=\"https:\/\/ritme.com\/wp-content\/uploads\/2022\/10\/img-integration-solutions-1.png 536w, https:\/\/ritme.com\/wp-content\/uploads\/2022\/10\/img-integration-solutions-1-500x249.png 500w\" sizes=\"auto, (max-width: 536px) 100vw, 536px\" \/><\/figure>\n<\/div>\n<\/div><\/section>\n\n\n\n<div class=\"decor-bg-wrapper fullwidth type_1\"><div class=\"decor-element\" style=\"top:0\"><div class=\"container\"><div class=\"colors\"> <\/div><\/div><\/div><\/div>\n\n\n\n<div class=\"wp-block-getwid-advanced-spacer\" style=\"height:100px\" aria-hidden=\"true\"><\/div>\n\n\n\n<h2 class=\"has-text-align-center wp-block-heading\" style=\"font-size:2.4rem\"><mark style=\"background-color:rgba(0, 0, 0, 0)\" class=\"has-inline-color has-ritme-black-color\">Volete discutere i vostri progetti con i nostri esperti?<\/mark><\/h2>\n\n\n\n<div class=\"wp-block-getwid-advanced-spacer\" style=\"height:20px\" aria-hidden=\"true\"><\/div>\n\n\n\n<div class=\"wp-block-buttons is-content-justification-center is-layout-flex wp-container-core-buttons-is-layout-16018d1d wp-block-buttons-is-layout-flex\">\n<div class=\"wp-block-button has-icon icon-question\"><a class=\"wp-block-button__link wp-element-button\" href=\"https:\/\/ritme.com\/it\/contact\/\">RICHIEDI UN APPUNTAMENTO<\/a><\/div>\n<\/div>\n\n\n\n<div class=\"wp-block-getwid-advanced-spacer\" style=\"height:65px\" aria-hidden=\"true\"><\/div>\n","protected":false},"excerpt":{"rendered":"<p>INTEGRAZIONE DI SOLUZIONI SOFTWARERivolgetevi ai nostri esperti per il successo dei vostri progetti di trasformazione In qualit\u00e0 di partner strategico dei team di ricerca, RITME mette a disposizione tutto il suo know-how per implementare le vostre soluzioni scientifiche in modo sostenibile, sicuro e conforme alle normative. Poich\u00e9 ogni organizzazione \u00e8 unica, la nostra missione \u00e8 [&hellip;]<\/p>\n","protected":false},"author":3370,"featured_media":0,"parent":30810,"menu_order":105,"comment_status":"closed","ping_status":"closed","template":"","meta":{"_acf_changed":false,"inline_featured_image":false,"_uag_custom_page_level_css":"","footnotes":""},"class_list":["post-30800","page","type-page","status-publish","hentry"],"acf":[],"yoast_head":"<!-- This site is optimized with the Yoast SEO plugin v26.9 - https:\/\/yoast.com\/product\/yoast-seo-wordpress\/ -->\n<title>Integrazione software - Per il successo dei vostri progetti di trasformazione - RITME<\/title>\n<meta name=\"description\" content=\"I nostri team multidisciplinari si occupano dell&#039;integrazione end-to-end del vostro software scientifico in modo sicuro e sostenibile.\" \/>\n<meta name=\"robots\" content=\"index, follow, max-snippet:-1, max-image-preview:large, max-video-preview:-1\" \/>\n<link rel=\"canonical\" href=\"https:\/\/ritme.com\/it\/trasformazione-digitale-soluzioni\/integrazione-software\/\" \/>\n<meta property=\"og:locale\" content=\"it_IT\" \/>\n<meta property=\"og:type\" content=\"article\" \/>\n<meta property=\"og:title\" content=\"Integrazione software - Per il successo dei vostri progetti di trasformazione - RITME\" \/>\n<meta property=\"og:description\" content=\"I nostri team multidisciplinari si occupano dell&#039;integrazione end-to-end del vostro software scientifico in modo sicuro e sostenibile.\" \/>\n<meta property=\"og:url\" content=\"https:\/\/ritme.com\/it\/trasformazione-digitale-soluzioni\/integrazione-software\/\" \/>\n<meta property=\"og:site_name\" content=\"RITME\" \/>\n<meta property=\"article:modified_time\" content=\"2022-12-27T09:42:51+00:00\" \/>\n<meta property=\"og:image\" content=\"https:\/\/ritme.com\/wp-content\/uploads\/2022\/10\/img-integration-intro.png\" \/>\n<meta name=\"twitter:card\" content=\"summary_large_image\" \/>\n<meta name=\"twitter:label1\" content=\"Tempo di lettura stimato\" \/>\n\t<meta name=\"twitter:data1\" content=\"3 minuti\" \/>\n<script type=\"application\/ld+json\" class=\"yoast-schema-graph\">{\"@context\":\"https:\/\/schema.org\",\"@graph\":[{\"@type\":\"WebPage\",\"@id\":\"https:\/\/ritme.com\/it\/trasformazione-digitale-soluzioni\/integrazione-software\/\",\"url\":\"https:\/\/ritme.com\/it\/trasformazione-digitale-soluzioni\/integrazione-software\/\",\"name\":\"Integrazione software - Per il successo dei vostri progetti di trasformazione - RITME\",\"isPartOf\":{\"@id\":\"https:\/\/ritme.com\/it\/#website\"},\"primaryImageOfPage\":{\"@id\":\"https:\/\/ritme.com\/it\/trasformazione-digitale-soluzioni\/integrazione-software\/#primaryimage\"},\"image\":{\"@id\":\"https:\/\/ritme.com\/it\/trasformazione-digitale-soluzioni\/integrazione-software\/#primaryimage\"},\"thumbnailUrl\":\"https:\/\/ritme.com\/wp-content\/uploads\/2022\/10\/img-integration-intro.png\",\"datePublished\":\"2022-10-17T14:31:41+00:00\",\"dateModified\":\"2022-12-27T09:42:51+00:00\",\"description\":\"I nostri team multidisciplinari si occupano dell'integrazione end-to-end del vostro software scientifico in modo sicuro e sostenibile.\",\"breadcrumb\":{\"@id\":\"https:\/\/ritme.com\/it\/trasformazione-digitale-soluzioni\/integrazione-software\/#breadcrumb\"},\"inLanguage\":\"it-IT\",\"potentialAction\":[{\"@type\":\"ReadAction\",\"target\":[\"https:\/\/ritme.com\/it\/trasformazione-digitale-soluzioni\/integrazione-software\/\"]}]},{\"@type\":\"ImageObject\",\"inLanguage\":\"it-IT\",\"@id\":\"https:\/\/ritme.com\/it\/trasformazione-digitale-soluzioni\/integrazione-software\/#primaryimage\",\"url\":\"https:\/\/ritme.com\/wp-content\/uploads\/2022\/10\/img-integration-intro.png\",\"contentUrl\":\"https:\/\/ritme.com\/wp-content\/uploads\/2022\/10\/img-integration-intro.png\"},{\"@type\":\"BreadcrumbList\",\"@id\":\"https:\/\/ritme.com\/it\/trasformazione-digitale-soluzioni\/integrazione-software\/#breadcrumb\",\"itemListElement\":[{\"@type\":\"ListItem\",\"position\":1,\"name\":\"Home\",\"item\":\"https:\/\/ritme.com\/it\/\"},{\"@type\":\"ListItem\",\"position\":2,\"name\":\"Le nostre soluzioni scientifiche per la vostra trasformazione digitale\",\"item\":\"https:\/\/ritme.com\/it\/trasformazione-digitale-soluzioni\/\"},{\"@type\":\"ListItem\",\"position\":3,\"name\":\"Integrazione software\"}]},{\"@type\":\"WebSite\",\"@id\":\"https:\/\/ritme.com\/it\/#website\",\"url\":\"https:\/\/ritme.com\/it\/\",\"name\":\"RITME\",\"description\":\"Il partner strategico dei team di ricerca\",\"publisher\":{\"@id\":\"https:\/\/ritme.com\/it\/#organization\"},\"potentialAction\":[{\"@type\":\"SearchAction\",\"target\":{\"@type\":\"EntryPoint\",\"urlTemplate\":\"https:\/\/ritme.com\/it\/?s={search_term_string}\"},\"query-input\":{\"@type\":\"PropertyValueSpecification\",\"valueRequired\":true,\"valueName\":\"search_term_string\"}}],\"inLanguage\":\"it-IT\"},{\"@type\":\"Organization\",\"@id\":\"https:\/\/ritme.com\/it\/#organization\",\"name\":\"RITME\",\"url\":\"https:\/\/ritme.com\/it\/\",\"logo\":{\"@type\":\"ImageObject\",\"inLanguage\":\"it-IT\",\"@id\":\"https:\/\/ritme.com\/it\/#\/schema\/logo\/image\/\",\"url\":\"https:\/\/ritme.com\/wp-content\/uploads\/2021\/06\/Ritme_200x86.svg\",\"contentUrl\":\"https:\/\/ritme.com\/wp-content\/uploads\/2021\/06\/Ritme_200x86.svg\",\"caption\":\"RITME\"},\"image\":{\"@id\":\"https:\/\/ritme.com\/it\/#\/schema\/logo\/image\/\"}}]}<\/script>\n<!-- \/ Yoast SEO plugin. -->","yoast_head_json":{"title":"Integrazione software - Per il successo dei vostri progetti di trasformazione - RITME","description":"I nostri team multidisciplinari si occupano dell'integrazione end-to-end del vostro software scientifico in modo sicuro e sostenibile.","robots":{"index":"index","follow":"follow","max-snippet":"max-snippet:-1","max-image-preview":"max-image-preview:large","max-video-preview":"max-video-preview:-1"},"canonical":"https:\/\/ritme.com\/it\/trasformazione-digitale-soluzioni\/integrazione-software\/","og_locale":"it_IT","og_type":"article","og_title":"Integrazione software - Per il successo dei vostri progetti di trasformazione - RITME","og_description":"I nostri team multidisciplinari si occupano dell'integrazione end-to-end del vostro software scientifico in modo sicuro e sostenibile.","og_url":"https:\/\/ritme.com\/it\/trasformazione-digitale-soluzioni\/integrazione-software\/","og_site_name":"RITME","article_modified_time":"2022-12-27T09:42:51+00:00","og_image":[{"url":"https:\/\/ritme.com\/wp-content\/uploads\/2022\/10\/img-integration-intro.png","type":"","width":"","height":""}],"twitter_card":"summary_large_image","twitter_misc":{"Tempo di lettura stimato":"3 minuti"},"schema":{"@context":"https:\/\/schema.org","@graph":[{"@type":"WebPage","@id":"https:\/\/ritme.com\/it\/trasformazione-digitale-soluzioni\/integrazione-software\/","url":"https:\/\/ritme.com\/it\/trasformazione-digitale-soluzioni\/integrazione-software\/","name":"Integrazione software - Per il successo dei vostri progetti di trasformazione - RITME","isPartOf":{"@id":"https:\/\/ritme.com\/it\/#website"},"primaryImageOfPage":{"@id":"https:\/\/ritme.com\/it\/trasformazione-digitale-soluzioni\/integrazione-software\/#primaryimage"},"image":{"@id":"https:\/\/ritme.com\/it\/trasformazione-digitale-soluzioni\/integrazione-software\/#primaryimage"},"thumbnailUrl":"https:\/\/ritme.com\/wp-content\/uploads\/2022\/10\/img-integration-intro.png","datePublished":"2022-10-17T14:31:41+00:00","dateModified":"2022-12-27T09:42:51+00:00","description":"I nostri team multidisciplinari si occupano dell'integrazione end-to-end del vostro software scientifico in modo sicuro e sostenibile.","breadcrumb":{"@id":"https:\/\/ritme.com\/it\/trasformazione-digitale-soluzioni\/integrazione-software\/#breadcrumb"},"inLanguage":"it-IT","potentialAction":[{"@type":"ReadAction","target":["https:\/\/ritme.com\/it\/trasformazione-digitale-soluzioni\/integrazione-software\/"]}]},{"@type":"ImageObject","inLanguage":"it-IT","@id":"https:\/\/ritme.com\/it\/trasformazione-digitale-soluzioni\/integrazione-software\/#primaryimage","url":"https:\/\/ritme.com\/wp-content\/uploads\/2022\/10\/img-integration-intro.png","contentUrl":"https:\/\/ritme.com\/wp-content\/uploads\/2022\/10\/img-integration-intro.png"},{"@type":"BreadcrumbList","@id":"https:\/\/ritme.com\/it\/trasformazione-digitale-soluzioni\/integrazione-software\/#breadcrumb","itemListElement":[{"@type":"ListItem","position":1,"name":"Home","item":"https:\/\/ritme.com\/it\/"},{"@type":"ListItem","position":2,"name":"Le nostre soluzioni scientifiche per la vostra trasformazione digitale","item":"https:\/\/ritme.com\/it\/trasformazione-digitale-soluzioni\/"},{"@type":"ListItem","position":3,"name":"Integrazione software"}]},{"@type":"WebSite","@id":"https:\/\/ritme.com\/it\/#website","url":"https:\/\/ritme.com\/it\/","name":"RITME","description":"Il partner strategico dei team di ricerca","publisher":{"@id":"https:\/\/ritme.com\/it\/#organization"},"potentialAction":[{"@type":"SearchAction","target":{"@type":"EntryPoint","urlTemplate":"https:\/\/ritme.com\/it\/?s={search_term_string}"},"query-input":{"@type":"PropertyValueSpecification","valueRequired":true,"valueName":"search_term_string"}}],"inLanguage":"it-IT"},{"@type":"Organization","@id":"https:\/\/ritme.com\/it\/#organization","name":"RITME","url":"https:\/\/ritme.com\/it\/","logo":{"@type":"ImageObject","inLanguage":"it-IT","@id":"https:\/\/ritme.com\/it\/#\/schema\/logo\/image\/","url":"https:\/\/ritme.com\/wp-content\/uploads\/2021\/06\/Ritme_200x86.svg","contentUrl":"https:\/\/ritme.com\/wp-content\/uploads\/2021\/06\/Ritme_200x86.svg","caption":"RITME"},"image":{"@id":"https:\/\/ritme.com\/it\/#\/schema\/logo\/image\/"}}]}},"uagb_featured_image_src":{"full":false,"thumbnail":false,"medium":false,"medium_large":false,"large":false,"1536x1536":false,"2048x2048":false},"uagb_author_info":{"display_name":"Olivier Ritme","author_link":"https:\/\/ritme.com\/it\/author\/olivier\/"},"uagb_comment_info":0,"uagb_excerpt":"INTEGRAZIONE DI SOLUZIONI SOFTWARERivolgetevi ai nostri esperti per il successo dei vostri progetti di trasformazione In qualit\u00e0 di partner strategico dei team di ricerca, RITME mette a disposizione tutto il suo know-how per implementare le vostre soluzioni scientifiche in modo sostenibile, sicuro e conforme alle normative. Poich\u00e9 ogni organizzazione \u00e8 unica, la nostra missione \u00e8&hellip;","_links":{"self":[{"href":"https:\/\/ritme.com\/it\/wp-json\/wp\/v2\/pages\/30800","targetHints":{"allow":["GET"]}}],"collection":[{"href":"https:\/\/ritme.com\/it\/wp-json\/wp\/v2\/pages"}],"about":[{"href":"https:\/\/ritme.com\/it\/wp-json\/wp\/v2\/types\/page"}],"author":[{"embeddable":true,"href":"https:\/\/ritme.com\/it\/wp-json\/wp\/v2\/users\/3370"}],"replies":[{"embeddable":true,"href":"https:\/\/ritme.com\/it\/wp-json\/wp\/v2\/comments?post=30800"}],"version-history":[{"count":4,"href":"https:\/\/ritme.com\/it\/wp-json\/wp\/v2\/pages\/30800\/revisions"}],"predecessor-version":[{"id":30841,"href":"https:\/\/ritme.com\/it\/wp-json\/wp\/v2\/pages\/30800\/revisions\/30841"}],"up":[{"embeddable":true,"href":"https:\/\/ritme.com\/it\/wp-json\/wp\/v2\/pages\/30810"}],"wp:attachment":[{"href":"https:\/\/ritme.com\/it\/wp-json\/wp\/v2\/media?parent=30800"}],"curies":[{"name":"wp","href":"https:\/\/api.w.org\/{rel}","templated":true}]}}