{"id":13751,"date":"2021-05-24T14:55:25","date_gmt":"2021-05-24T12:55:25","guid":{"rendered":"https:\/\/ritme.com\/settori-di-attivita\/sante-publique\/"},"modified":"2025-08-21T09:49:28","modified_gmt":"2025-08-21T07:49:28","slug":"salute-pubblica","status":"publish","type":"page","link":"https:\/\/ritme.com\/it\/settori-di-attivita\/salute-pubblica\/","title":{"rendered":"Salute pubblica"},"content":{"rendered":"\n<section class=\"wp-block-uagb-section uagb-section__wrap uagb-section__background-undefined uagb-block-f0e85cef\"><div class=\"uagb-section__overlay\"><\/div><div class=\"uagb-section__inner-wrap\">\n<h2 class=\"wp-block-heading\"><strong><strong>La <em><span class=\"has-inline-color has-ritme-blue-color\">trasformazione digitale<\/span><\/em> degli attori della salute pubblica<\/strong><\/strong><\/h2>\n\n\n\n<section class=\"wp-block-uagb-columns uagb-columns__wrap uagb-columns__stack-mobile uagb-columns__valign- uagb-columns__gap-10 align uagb-block-d6585d29 uagb-columns__columns-2 uagb-columns__max_width-theme\"><div class=\"uagb-columns__overlay\"><\/div><div class=\"uagb-columns__inner-wrap uagb-columns__columns-2\">\n<div class=\"wp-block-uagb-column uagb-column__wrap uagb-column__background-undefined uagb-block-c3ffd15b\"><div class=\"uagb-column__overlay\"><\/div>\n<p>L&#8217;uso della <strong>tecnologia digitale<\/strong> sta generando nuovi tipi di dati e nuovi modi di lavorare, che accompagnano la digitalizzazione della <strong>sanit\u00e0 pubblica<\/strong>. I dati sono il cuore della salute pubblica e la tecnologia digitale offre nuovi modi di raccogliere questi dati, attraverso interfacce condivise (ad esempio ELN, CTMS, LIMS), strumenti connessi che offrono un nuovo modo di collegare diverse fonti di dati per ottimizzare la loro analisi. <\/p>\n\n\n\n<p>Cos\u00ec le organizzazioni di salute pubblica, governative e non, possono lavorare con i dati, essere pi\u00f9 efficienti e comunicare con il pubblico. <\/p>\n\n\n\n<p>Per esempio, l&#8217;acquisizione digitale dei dati amministrativi ha migliorato significativamente il monitoraggio della pandemia COVID-19. Quindi, la digitalizzazione del settore della salute pubblica \u00e8 necessaria per rendere la prevenzione, la sorveglianza e le risposte di salute pubblica pi\u00f9 efficaci.<\/p>\n\n\n\n<p>Il software e la formazione offerti da Ritme coprono aspetti diversi come la <strong><a href=\"https:\/\/ritme.com\/it\/software-type\/pubblicazione\/\"> <mark style=\"padding:0px;background-color:rgba(0, 0, 0, 0)\" class=\"has-inline-color has-ritme-blue-color\">pubblicazione<\/mark><\/a><\/strong>:<\/p>\n\n\n\n<ul class=\"wp-block-list\">\n<li>Ricerca bibliografica<\/li>\n\n\n\n<li>Scrittura e pubblicazione di articoli scientifici\u00a0<\/li>\n\n\n\n<li>Comunicazione scientifica\u00a0nel suo insieme<\/li>\n\n\n\n<li>Parlare e relazioni con i media\u00a0<\/li>\n<\/ul>\n\n\n\n<p>Oppure <strong>analisi quantitativa<\/strong>:<\/p>\n\n\n\n<ul class=\"wp-block-list\">\n<li>L&#8217;uso di metodi statistici\u00a0<\/li>\n\n\n\n<li>Data Sciences\u00a0<\/li>\n\n\n\n<li>Machine Learning\u00a0<\/li>\n\n\n\n<li>L&#8217;uso di tecnologie Open Source\u00a0<\/li>\n\n\n\n<li>Reporting\u00a0e visualizzazione\u00a0<\/li>\n\n\n\n<li>Metodologie di analisi dei dati\u00a0 <\/li>\n\n\n\n<li>Metodologie di sviluppo del software\u00a0<\/li>\n\n\n\n<li>Analisi dei dati scientifici e medici\u00a0<\/li>\n\n\n\n<li>Biostatistica\u00a0<\/li>\n\n\n\n<li>Analisi di sopravvivenza\u00a0<\/li>\n\n\n\n<li>Analisi dei dati da indagini\u00a0<\/li>\n<\/ul>\n\n\n\n<p>O infine l&#8217;<strong>analisi qualitativa<\/strong>:<\/p>\n\n\n\n<ul class=\"wp-block-list\">\n<li>Analisi dei dati non strutturata e qualitativa.\u00a0<\/li>\n\n\n\n<li>Trascrizione automatizzata delle interviste\u00a0<\/li>\n<\/ul>\n<\/div>\n\n\n\n<div class=\"wp-block-uagb-column uagb-column__wrap uagb-column__background-undefined uagb-block-62a35a69\"><div class=\"uagb-column__overlay\"><\/div><div class=\"testimonial-wrapper teaser \"><div class=\"testimonial\">\n\t<div class=\"image\"><img loading=\"lazy\" decoding=\"async\" width=\"705\" height=\"350\" src=\"https:\/\/ritme.com\/wp-content\/uploads\/2021\/04\/img_logo-anses.png\" class=\"attachment-post-thumbnail size-post-thumbnail wp-post-image\" alt=\"\" srcset=\"https:\/\/ritme.com\/wp-content\/uploads\/2021\/04\/img_logo-anses.png 705w, https:\/\/ritme.com\/wp-content\/uploads\/2021\/04\/img_logo-anses-500x248.png 500w\" sizes=\"auto, (max-width: 705px) 100vw, 705px\" \/><\/div>\n\t<div class=\"content\">\n\t\t<div class=\"text\">\n\t\t\t<div class=\"text-inner\">\n\t\t\t\tTr\u00e8s bonne formation, tr\u00e8s concr\u00e8te. On a du temps pour travailler sur nos projets.\t\t\t<\/div>\n\t\t<\/div>\n\t\t<div class=\"author-wrapper\">\n\t\t\t<div class=\"name\">S\u00e9verine Fontaine<\/div>\n\t\t\t\t\t\t\t<div class=\"function\">ANSES<\/div>\n\t\t\t\t\t\t\t\t\t\t\t\t\t<div class=\"training\">Formation R\u00e9daction scientifique<\/div>\n\t\t\t\t\t<\/div>\n\t<\/div>\n<\/div>\n<\/div><\/div>\n<\/div><\/section>\n<\/div><\/section>\n","protected":false},"excerpt":{"rendered":"","protected":false},"author":2,"featured_media":10573,"parent":9458,"menu_order":257,"comment_status":"closed","ping_status":"closed","template":"","meta":{"_acf_changed":false,"inline_featured_image":false,"_uag_custom_page_level_css":"","footnotes":""},"class_list":["post-13751","page","type-page","status-publish","has-post-thumbnail","hentry"],"acf":[],"yoast_head":"<!-- This site is optimized with the Yoast SEO plugin v27.4 - https:\/\/yoast.com\/product\/yoast-seo-wordpress\/ -->\n<title>Salute pubblica - RITME<\/title>\n<meta name=\"description\" content=\"Da pi\u00f9 di 30 anni, Ritme aiuta gli attori della salute pubblica a scegliere e distribuire il loro software scientifico\" \/>\n<meta name=\"robots\" content=\"index, follow, max-snippet:-1, max-image-preview:large, max-video-preview:-1\" \/>\n<link rel=\"canonical\" href=\"https:\/\/ritme.com\/it\/settori-di-attivita\/salute-pubblica\/\" \/>\n<meta property=\"og:locale\" content=\"it_IT\" \/>\n<meta property=\"og:type\" content=\"article\" \/>\n<meta property=\"og:title\" content=\"Salute pubblica - RITME\" \/>\n<meta property=\"og:description\" content=\"Da pi\u00f9 di 30 anni, Ritme aiuta gli attori della salute pubblica a scegliere e distribuire il loro software scientifico\" \/>\n<meta property=\"og:url\" content=\"https:\/\/ritme.com\/it\/settori-di-attivita\/salute-pubblica\/\" \/>\n<meta property=\"og:site_name\" content=\"RITME\" \/>\n<meta property=\"article:modified_time\" content=\"2025-08-21T07:49:28+00:00\" \/>\n<meta name=\"twitter:card\" content=\"summary_large_image\" \/>\n<meta name=\"twitter:label1\" content=\"Tempo di lettura stimato\" \/>\n\t<meta name=\"twitter:data1\" content=\"2 minuti\" \/>\n<script type=\"application\/ld+json\" class=\"yoast-schema-graph\">{\"@context\":\"https:\\\/\\\/schema.org\",\"@graph\":[{\"@type\":\"WebPage\",\"@id\":\"https:\\\/\\\/ritme.com\\\/it\\\/settori-di-attivita\\\/salute-pubblica\\\/\",\"url\":\"https:\\\/\\\/ritme.com\\\/it\\\/settori-di-attivita\\\/salute-pubblica\\\/\",\"name\":\"Salute pubblica - RITME\",\"isPartOf\":{\"@id\":\"https:\\\/\\\/ritme.com\\\/it\\\/#website\"},\"primaryImageOfPage\":{\"@id\":\"https:\\\/\\\/ritme.com\\\/it\\\/settori-di-attivita\\\/salute-pubblica\\\/#primaryimage\"},\"image\":{\"@id\":\"https:\\\/\\\/ritme.com\\\/it\\\/settori-di-attivita\\\/salute-pubblica\\\/#primaryimage\"},\"thumbnailUrl\":\"https:\\\/\\\/ritme.com\\\/wp-content\\\/uploads\\\/2021\\\/05\\\/sante\u0301-publique.svg\",\"datePublished\":\"2021-05-24T12:55:25+00:00\",\"dateModified\":\"2025-08-21T07:49:28+00:00\",\"description\":\"Da pi\u00f9 di 30 anni, Ritme aiuta gli attori della salute pubblica a scegliere e distribuire il loro software scientifico\",\"breadcrumb\":{\"@id\":\"https:\\\/\\\/ritme.com\\\/it\\\/settori-di-attivita\\\/salute-pubblica\\\/#breadcrumb\"},\"inLanguage\":\"it-IT\",\"potentialAction\":[{\"@type\":\"ReadAction\",\"target\":[\"https:\\\/\\\/ritme.com\\\/it\\\/settori-di-attivita\\\/salute-pubblica\\\/\"]}]},{\"@type\":\"ImageObject\",\"inLanguage\":\"it-IT\",\"@id\":\"https:\\\/\\\/ritme.com\\\/it\\\/settori-di-attivita\\\/salute-pubblica\\\/#primaryimage\",\"url\":\"https:\\\/\\\/ritme.com\\\/wp-content\\\/uploads\\\/2021\\\/05\\\/sante\u0301-publique.svg\",\"contentUrl\":\"https:\\\/\\\/ritme.com\\\/wp-content\\\/uploads\\\/2021\\\/05\\\/sante\u0301-publique.svg\"},{\"@type\":\"BreadcrumbList\",\"@id\":\"https:\\\/\\\/ritme.com\\\/it\\\/settori-di-attivita\\\/salute-pubblica\\\/#breadcrumb\",\"itemListElement\":[{\"@type\":\"ListItem\",\"position\":1,\"name\":\"Home\",\"item\":\"https:\\\/\\\/ritme.com\\\/it\\\/\"},{\"@type\":\"ListItem\",\"position\":2,\"name\":\"I vostri settori di attivit\u00e0\",\"item\":\"https:\\\/\\\/ritme.com\\\/it\\\/settori-di-attivita\\\/\"},{\"@type\":\"ListItem\",\"position\":3,\"name\":\"Salute pubblica\"}]},{\"@type\":\"WebSite\",\"@id\":\"https:\\\/\\\/ritme.com\\\/it\\\/#website\",\"url\":\"https:\\\/\\\/ritme.com\\\/it\\\/\",\"name\":\"RITME\",\"description\":\"Il partner strategico dei team di ricerca\",\"publisher\":{\"@id\":\"https:\\\/\\\/ritme.com\\\/it\\\/#organization\"},\"potentialAction\":[{\"@type\":\"SearchAction\",\"target\":{\"@type\":\"EntryPoint\",\"urlTemplate\":\"https:\\\/\\\/ritme.com\\\/it\\\/?s={search_term_string}\"},\"query-input\":{\"@type\":\"PropertyValueSpecification\",\"valueRequired\":true,\"valueName\":\"search_term_string\"}}],\"inLanguage\":\"it-IT\"},{\"@type\":\"Organization\",\"@id\":\"https:\\\/\\\/ritme.com\\\/it\\\/#organization\",\"name\":\"RITME\",\"url\":\"https:\\\/\\\/ritme.com\\\/it\\\/\",\"logo\":{\"@type\":\"ImageObject\",\"inLanguage\":\"it-IT\",\"@id\":\"https:\\\/\\\/ritme.com\\\/it\\\/#\\\/schema\\\/logo\\\/image\\\/\",\"url\":\"https:\\\/\\\/ritme.com\\\/wp-content\\\/uploads\\\/2021\\\/06\\\/Ritme_200x86.svg\",\"contentUrl\":\"https:\\\/\\\/ritme.com\\\/wp-content\\\/uploads\\\/2021\\\/06\\\/Ritme_200x86.svg\",\"caption\":\"RITME\"},\"image\":{\"@id\":\"https:\\\/\\\/ritme.com\\\/it\\\/#\\\/schema\\\/logo\\\/image\\\/\"}}]}<\/script>\n<!-- \/ Yoast SEO plugin. -->","yoast_head_json":{"title":"Salute pubblica - RITME","description":"Da pi\u00f9 di 30 anni, Ritme aiuta gli attori della salute pubblica a scegliere e distribuire il loro software scientifico","robots":{"index":"index","follow":"follow","max-snippet":"max-snippet:-1","max-image-preview":"max-image-preview:large","max-video-preview":"max-video-preview:-1"},"canonical":"https:\/\/ritme.com\/it\/settori-di-attivita\/salute-pubblica\/","og_locale":"it_IT","og_type":"article","og_title":"Salute pubblica - RITME","og_description":"Da pi\u00f9 di 30 anni, Ritme aiuta gli attori della salute pubblica a scegliere e distribuire il loro software scientifico","og_url":"https:\/\/ritme.com\/it\/settori-di-attivita\/salute-pubblica\/","og_site_name":"RITME","article_modified_time":"2025-08-21T07:49:28+00:00","twitter_card":"summary_large_image","twitter_misc":{"Tempo di lettura stimato":"2 minuti"},"schema":{"@context":"https:\/\/schema.org","@graph":[{"@type":"WebPage","@id":"https:\/\/ritme.com\/it\/settori-di-attivita\/salute-pubblica\/","url":"https:\/\/ritme.com\/it\/settori-di-attivita\/salute-pubblica\/","name":"Salute pubblica - RITME","isPartOf":{"@id":"https:\/\/ritme.com\/it\/#website"},"primaryImageOfPage":{"@id":"https:\/\/ritme.com\/it\/settori-di-attivita\/salute-pubblica\/#primaryimage"},"image":{"@id":"https:\/\/ritme.com\/it\/settori-di-attivita\/salute-pubblica\/#primaryimage"},"thumbnailUrl":"https:\/\/ritme.com\/wp-content\/uploads\/2021\/05\/sante\u0301-publique.svg","datePublished":"2021-05-24T12:55:25+00:00","dateModified":"2025-08-21T07:49:28+00:00","description":"Da pi\u00f9 di 30 anni, Ritme aiuta gli attori della salute pubblica a scegliere e distribuire il loro software scientifico","breadcrumb":{"@id":"https:\/\/ritme.com\/it\/settori-di-attivita\/salute-pubblica\/#breadcrumb"},"inLanguage":"it-IT","potentialAction":[{"@type":"ReadAction","target":["https:\/\/ritme.com\/it\/settori-di-attivita\/salute-pubblica\/"]}]},{"@type":"ImageObject","inLanguage":"it-IT","@id":"https:\/\/ritme.com\/it\/settori-di-attivita\/salute-pubblica\/#primaryimage","url":"https:\/\/ritme.com\/wp-content\/uploads\/2021\/05\/sante\u0301-publique.svg","contentUrl":"https:\/\/ritme.com\/wp-content\/uploads\/2021\/05\/sante\u0301-publique.svg"},{"@type":"BreadcrumbList","@id":"https:\/\/ritme.com\/it\/settori-di-attivita\/salute-pubblica\/#breadcrumb","itemListElement":[{"@type":"ListItem","position":1,"name":"Home","item":"https:\/\/ritme.com\/it\/"},{"@type":"ListItem","position":2,"name":"I vostri settori di attivit\u00e0","item":"https:\/\/ritme.com\/it\/settori-di-attivita\/"},{"@type":"ListItem","position":3,"name":"Salute pubblica"}]},{"@type":"WebSite","@id":"https:\/\/ritme.com\/it\/#website","url":"https:\/\/ritme.com\/it\/","name":"RITME","description":"Il partner strategico dei team di ricerca","publisher":{"@id":"https:\/\/ritme.com\/it\/#organization"},"potentialAction":[{"@type":"SearchAction","target":{"@type":"EntryPoint","urlTemplate":"https:\/\/ritme.com\/it\/?s={search_term_string}"},"query-input":{"@type":"PropertyValueSpecification","valueRequired":true,"valueName":"search_term_string"}}],"inLanguage":"it-IT"},{"@type":"Organization","@id":"https:\/\/ritme.com\/it\/#organization","name":"RITME","url":"https:\/\/ritme.com\/it\/","logo":{"@type":"ImageObject","inLanguage":"it-IT","@id":"https:\/\/ritme.com\/it\/#\/schema\/logo\/image\/","url":"https:\/\/ritme.com\/wp-content\/uploads\/2021\/06\/Ritme_200x86.svg","contentUrl":"https:\/\/ritme.com\/wp-content\/uploads\/2021\/06\/Ritme_200x86.svg","caption":"RITME"},"image":{"@id":"https:\/\/ritme.com\/it\/#\/schema\/logo\/image\/"}}]}},"uagb_featured_image_src":{"full":["https:\/\/ritme.com\/wp-content\/uploads\/2021\/05\/sante\u0301-publique.svg",1,1,false],"thumbnail":["https:\/\/ritme.com\/wp-content\/uploads\/2021\/05\/sante\u0301-publique.svg",1,1,false],"medium":["https:\/\/ritme.com\/wp-content\/uploads\/2021\/05\/sante\u0301-publique.svg",1,1,false],"medium_large":["https:\/\/ritme.com\/wp-content\/uploads\/2021\/05\/sante\u0301-publique.svg",1,1,false],"large":["https:\/\/ritme.com\/wp-content\/uploads\/2021\/05\/sante\u0301-publique.svg",1,1,false],"1536x1536":["https:\/\/ritme.com\/wp-content\/uploads\/2021\/05\/sante\u0301-publique.svg",1,1,false],"2048x2048":["https:\/\/ritme.com\/wp-content\/uploads\/2021\/05\/sante\u0301-publique.svg",1,1,false]},"uagb_author_info":{"display_name":"Lila AIT ISSAD","author_link":"https:\/\/ritme.com\/it\/author\/adminritme\/"},"uagb_comment_info":0,"uagb_excerpt":null,"_links":{"self":[{"href":"https:\/\/ritme.com\/it\/wp-json\/wp\/v2\/pages\/13751","targetHints":{"allow":["GET"]}}],"collection":[{"href":"https:\/\/ritme.com\/it\/wp-json\/wp\/v2\/pages"}],"about":[{"href":"https:\/\/ritme.com\/it\/wp-json\/wp\/v2\/types\/page"}],"author":[{"embeddable":true,"href":"https:\/\/ritme.com\/it\/wp-json\/wp\/v2\/users\/2"}],"replies":[{"embeddable":true,"href":"https:\/\/ritme.com\/it\/wp-json\/wp\/v2\/comments?post=13751"}],"version-history":[{"count":1,"href":"https:\/\/ritme.com\/it\/wp-json\/wp\/v2\/pages\/13751\/revisions"}],"predecessor-version":[{"id":47207,"href":"https:\/\/ritme.com\/it\/wp-json\/wp\/v2\/pages\/13751\/revisions\/47207"}],"up":[{"embeddable":true,"href":"https:\/\/ritme.com\/it\/wp-json\/wp\/v2\/pages\/9458"}],"wp:featuredmedia":[{"embeddable":true,"href":"https:\/\/ritme.com\/it\/wp-json\/wp\/v2\/media\/10573"}],"wp:attachment":[{"href":"https:\/\/ritme.com\/it\/wp-json\/wp\/v2\/media?parent=13751"}],"curies":[{"name":"wp","href":"https:\/\/api.w.org\/{rel}","templated":true}]}}