{"id":28932,"date":"2022-10-17T16:31:41","date_gmt":"2022-10-17T14:31:41","guid":{"rendered":"https:\/\/ritme.com\/digital-transformation-solutions\/integration-logiciel\/"},"modified":"2022-11-03T13:50:29","modified_gmt":"2022-11-03T12:50:29","slug":"software-integration","status":"publish","type":"page","link":"https:\/\/ritme.com\/en\/digital-transformation-solutions\/software-integration\/","title":{"rendered":"Software integration"},"content":{"rendered":"\n<h2 class=\"has-text-align-center wp-block-heading\" style=\"font-size:2.6rem\"><mark style=\"background-color:rgba(0, 0, 0, 0)\" class=\"has-inline-color has-ritme-blue-color\">INTEGRATION OF SCIENTIFIC SOLUTIONS<\/mark><br><mark style=\"background-color:rgba(0, 0, 0, 0)\" class=\"has-inline-color has-ritme-blue-color\">Call on our experts to make your transformation projects a success<\/mark><\/h2>\n\n\n\n<div class=\"wp-block-getwid-advanced-spacer\" style=\"height:60px\" aria-hidden=\"true\"><\/div>\n\n\n\n<section class=\"wp-block-uagb-columns uagb-columns__wrap uagb-columns__background-none uagb-columns__stack-mobile uagb-columns__valign-center uagb-columns__gap-10 align uagb-block-c9561b7a uagb-columns__columns-2 uagb-columns__max_width-theme\"><div class=\"uagb-columns__overlay\"><\/div><div class=\"uagb-columns__inner-wrap uagb-columns__columns-2\">\n<div class=\"wp-block-uagb-column uagb-column__wrap uagb-column__background-undefined uagb-block-5f301af6\"><div class=\"uagb-column__overlay\"><\/div>\n<figure class=\"wp-block-image size-full\"><img loading=\"lazy\" decoding=\"async\" width=\"536\" height=\"279\" src=\"https:\/\/ritme.com\/wp-content\/uploads\/2022\/10\/img-integration-intro.png\" alt=\"Vous accompagner dans l\u2019int\u00e9gration de vos logiciels scientifiques\" class=\"wp-image-27861\" srcset=\"https:\/\/ritme.com\/wp-content\/uploads\/2022\/10\/img-integration-intro.png 536w, https:\/\/ritme.com\/wp-content\/uploads\/2022\/10\/img-integration-intro-500x260.png 500w\" sizes=\"auto, (max-width: 536px) 100vw, 536px\" \/><\/figure>\n<\/div>\n\n\n\n<div class=\"wp-block-uagb-column uagb-column__wrap uagb-column__background-undefined uagb-block-b3ca74cb\"><div class=\"uagb-column__overlay\"><\/div>\n<p>Being a\u00a0strategic partner of research teams means that RITME provides you with all its know-how to implement your <strong>scientific solutions, makingitsecure, sustainable and compliant.\u00a0<\/strong><\/p>\n\n\n\n<p>Each organization is unique:\u00a0our mission is to <strong>deploy the best-fitting solutions<\/strong>, adapt them if <a href=\"https:\/\/ritme.com\/en\/digital-transformation-solutions\/research-scientific-needs\/\"><mark style=\"color:#737b7d!important; padding:0px;background-color:rgba(0, 0, 0, 0)\" class=\"has-inline-color;\">needed and help<\/mark><\/a> you gain performance and innovation<\/p>\n\n\n\n<p>To help you\u00a0master your\u00a0digital transformation, we\u00a0bring in a\u00a0 <strong>multidisciplinary team and fuel you with our<\/strong> technical, methodological and organizational expertise.\u00a0<\/p>\n<\/div>\n<\/div><\/section>\n\n\n\n<div class=\"wp-block-getwid-advanced-spacer\" style=\"height:45px\" aria-hidden=\"true\"><\/div>\n\n\n\n<div class=\"wp-block-buttons is-content-justification-center is-layout-flex wp-container-core-buttons-is-layout-16018d1d wp-block-buttons-is-layout-flex\">\n<div class=\"wp-block-button has-icon icon-question\"><a class=\"wp-block-button__link\" href=\"https:\/\/ritme.com\/en\/contact\/\">Contact our experts<\/a><\/div>\n<\/div>\n\n\n\n<div class=\"wp-block-getwid-advanced-spacer\" style=\"height:100px\" aria-hidden=\"true\"><\/div>\n\n\n\n<h2 class=\"has-text-align-center wp-block-heading\" style=\"font-size:2.4rem\"><mark style=\"background-color:rgba(0, 0, 0, 0)\" class=\"has-inline-color has-ritme-black-color\">A comprehensive implementation<\/mark><\/h2>\n\n\n\n<div class=\"wp-block-getwid-advanced-spacer\" style=\"height:55px\" aria-hidden=\"true\"><\/div>\n\n\n\n<section class=\"wp-block-uagb-columns uagb-columns__wrap uagb-columns__background-none uagb-columns__stack-mobile uagb-columns__valign- uagb-columns__gap-10 align uagb-block-06608a23 uagb-columns__columns-2 uagb-columns__max_width-theme\"><div class=\"uagb-columns__overlay\"><\/div><div class=\"uagb-columns__inner-wrap uagb-columns__columns-2\">\n<div class=\"wp-block-uagb-column uagb-column__wrap uagb-column__background-undefined uagb-block-c06b8505\"><div class=\"uagb-column__overlay\"><\/div>\n<p>Our <strong>multidisciplinary <\/strong>teams take charge of your transformation projects, <strong>from first to last step<\/strong>:\u00a0\u00a0<\/p>\n\n\n\n<ul class=\"wp-block-list\"><li>In-depth needs analysis<\/li><li>Specifications &amp; List of requirements<\/li><li>Settings<\/li><li>Specific developments<\/li><li>Customization<\/li><li>Data recovery<\/li><li>Integration\u00a0<\/li><li>Interfaces with third-party applications<\/li><li>Test and production Environments<\/li><li>Transfer of skills<\/li><li>Technical\u00a0support and maintenance<\/li><\/ul>\n<\/div>\n\n\n\n<div class=\"wp-block-uagb-column uagb-column__wrap uagb-column__background-undefined uagb-block-b6de3738\"><div class=\"uagb-column__overlay\"><\/div>\n<figure class=\"wp-block-image size-full\"><img loading=\"lazy\" decoding=\"async\" width=\"536\" height=\"345\" src=\"https:\/\/ritme.com\/wp-content\/uploads\/2022\/10\/img-integration-projets.png\" alt=\"Un accompagnement 360\u00b0 lors de l\u2019int\u00e9gration de vos solutions logicielles\" class=\"wp-image-27873\" srcset=\"https:\/\/ritme.com\/wp-content\/uploads\/2022\/10\/img-integration-projets.png 536w, https:\/\/ritme.com\/wp-content\/uploads\/2022\/10\/img-integration-projets-500x322.png 500w\" sizes=\"auto, (max-width: 536px) 100vw, 536px\" \/><\/figure>\n<\/div>\n<\/div><\/section>\n\n\n\n<div class=\"wp-block-getwid-advanced-spacer\" style=\"height:45px\" aria-hidden=\"true\"><\/div>\n\n\n\n<div class=\"wp-block-buttons is-content-justification-center is-layout-flex wp-container-core-buttons-is-layout-16018d1d wp-block-buttons-is-layout-flex\">\n<div class=\"wp-block-button\"><a class=\"wp-block-button__link\" href=\"https:\/\/ritme.com\/en\/digital-transformation-solutions\/an-agile-and-inclusive-methodology\/\">DISCOVER OUR PROJECT METHODOLOGY<\/a><\/div>\n<\/div>\n\n\n\n<div class=\"wp-block-getwid-advanced-spacer\" style=\"height:100px\" aria-hidden=\"true\"><\/div>\n\n\n\n<section class=\"wp-block-uagb-columns uagb-columns__wrap uagb-columns__background-color uagb-columns__stack-mobile uagb-columns__valign- uagb-columns__gap-10 align uagb-block-c98f9b94 uagb-columns__columns-1 uagb-columns__max_width-theme\"><div class=\"uagb-columns__overlay\"><\/div><div class=\"uagb-columns__inner-wrap uagb-columns__columns-1\">\n<div class=\"wp-block-uagb-column uagb-column__wrap uagb-column__background-undefined uagb-block-4bde8915\"><div class=\"uagb-column__overlay\"><\/div><div class=\"wp-block-image\">\n<figure class=\"aligncenter size-large is-resized\"><img loading=\"lazy\" decoding=\"async\" src=\"https:\/\/ritme.com\/wp-content\/uploads\/2022\/10\/icon-etoiles-atouts-1.svg\" alt=\"Nos atouts dans l\u2019int\u00e9gration de logiciels scientifiques\" class=\"wp-image-27965\" width=\"75\" height=\"30\"\/><\/figure>\n<\/div>\n\n\n<div class=\"wp-block-getwid-advanced-spacer\" style=\"height:25px\" aria-hidden=\"true\"><\/div>\n\n\n\n<h3 class=\"has-text-align-center wp-block-heading\"><mark style=\"background-color:rgba(0, 0, 0, 0)\" class=\"has-inline-color has-ritme-black-color\">Our <\/mark>strengths<\/h3>\n\n\n\n<section class=\"wp-block-uagb-columns uagb-columns__wrap uagb-columns__background-none uagb-columns__stack-mobile uagb-columns__valign-center uagb-columns__gap-10 align uagb-block-206c63d0 uagb-columns__columns-2 uagb-columns__max_width-theme valign-center\"><div class=\"uagb-columns__overlay\"><\/div><div class=\"uagb-columns__inner-wrap uagb-columns__columns-2\">\n<div class=\"wp-block-uagb-column uagb-column__wrap uagb-column__background-undefined uagb-block-3df5c1d6\"><div class=\"uagb-column__overlay\"><\/div>\n<ul class=\"wp-block-list\"><li><strong>Listening carefully <\/strong>to<strong> <\/strong>your needs<\/li><li><strong>Truly engaged<\/strong>\u00a0in your projects<\/li><\/ul>\n<\/div>\n\n\n\n<div class=\"wp-block-uagb-column uagb-column__wrap uagb-column__background-undefined uagb-block-6af6026c\"><div class=\"uagb-column__overlay\"><\/div>\n<ul class=\"wp-block-list\"><li><strong>Monitoring constantly<\/strong> to alert you<\/li><li><strong>Adapting <\/strong>its<strong> methodology <\/strong>to service you<\/li><\/ul>\n<\/div>\n<\/div><\/section>\n<\/div>\n<\/div><\/section>\n\n\n\n<div class=\"wp-block-getwid-advanced-spacer\" style=\"height:100px\" aria-hidden=\"true\"><\/div>\n\n\n\n<h2 class=\"has-text-align-center wp-block-heading\" style=\"font-size:2.4rem\"><mark style=\"background-color:rgba(0, 0, 0, 0)\" class=\"has-inline-color has-ritme-black-color\">Operational support for successful deployment of your solutions<\/mark><\/h2>\n\n\n\n<div class=\"wp-block-getwid-advanced-spacer\" style=\"height:55px\" aria-hidden=\"true\"><\/div>\n\n\n\n<section class=\"wp-block-uagb-columns uagb-columns__wrap uagb-columns__background-none uagb-columns__stack-mobile uagb-columns__valign-center uagb-columns__gap-10 align uagb-block-a70a0f6a uagb-columns__columns-2 uagb-columns__max_width-theme\"><div class=\"uagb-columns__overlay\"><\/div><div class=\"uagb-columns__inner-wrap uagb-columns__columns-2\">\n<div class=\"wp-block-uagb-column uagb-column__wrap uagb-column__background-undefined uagb-block-a0bcd653\"><div class=\"uagb-column__overlay\"><\/div>\n<figure class=\"wp-block-image size-full\"><img loading=\"lazy\" decoding=\"async\" width=\"536\" height=\"303\" src=\"https:\/\/ritme.com\/wp-content\/uploads\/2022\/10\/img-integration-accompagnement.png\" alt=\"Int\u00e9gration logiciel et accompagnement de proximit\u00e9 des \u00e9quipes\" class=\"wp-image-27905\" srcset=\"https:\/\/ritme.com\/wp-content\/uploads\/2022\/10\/img-integration-accompagnement.png 536w, https:\/\/ritme.com\/wp-content\/uploads\/2022\/10\/img-integration-accompagnement-500x283.png 500w\" sizes=\"auto, (max-width: 536px) 100vw, 536px\" \/><\/figure>\n<\/div>\n\n\n\n<div class=\"wp-block-uagb-column uagb-column__wrap uagb-column__background-undefined uagb-block-8ac15249\"><div class=\"uagb-column__overlay\"><\/div>\n<div class=\"wp-block-getwid-advanced-spacer\" style=\"height:25px\" aria-hidden=\"true\"><\/div>\n\n\n\n<p>The success of your projects also depends on people&#8217;s engagement, and how we can make sure they are going to do use and master the solutions deployed at your organization.&nbsp;<\/p>\n\n\n\n<p>Our teams offer different levels\u00a0of services to support succesfull engagement:\u00a0<\/p>\n\n\n\n<ul class=\"wp-block-list\"><li>Change management<\/li><li><a style=\"color:#737b7d;\" href=\"https:\/\/ritme.com\/en\/digital-transformation-solutions\/training-transformation-digital\/\"><mark style=\"color:#737b7d;padding:0px;background-color:rgba(0, 0, 0, 0)\" class=\"has-inline-color\">Training<\/mark><\/a> and coaching<\/li><\/ul>\n\n\n\n<div class=\"wp-block-getwid-advanced-spacer\" style=\"height:10px\" aria-hidden=\"true\"><\/div>\n\n\n\n<div class=\"wp-block-buttons is-content-justification-center is-layout-flex wp-container-core-buttons-is-layout-16018d1d wp-block-buttons-is-layout-flex\">\n<div class=\"wp-block-button\"><a class=\"wp-block-button__link\" href=\"https:\/\/ritme.com\/en\/trainings\/\">LEARN MORE ABOUT OUR TRAINING COURSES<\/a><\/div>\n<\/div>\n<\/div>\n<\/div><\/section>\n\n\n\n<div class=\"wp-block-getwid-advanced-spacer\" style=\"height:100px\" aria-hidden=\"true\"><\/div>\n\n\n\n<section class=\"wp-block-uagb-columns uagb-columns__wrap uagb-columns__background-none uagb-columns__stack-mobile uagb-columns__valign- uagb-columns__gap-10 align uagb-block-b7e81155 uagb-columns__columns-2 uagb-columns__max_width-theme\"><div class=\"uagb-columns__overlay\"><\/div><div class=\"uagb-columns__inner-wrap uagb-columns__columns-2\">\n<div class=\"wp-block-uagb-column uagb-column__wrap uagb-column__background-undefined uagb-block-a4f32400\"><div class=\"uagb-column__overlay\"><\/div>\n<h2 class=\"wp-block-heading\" style=\"font-size:2.4rem\"><mark style=\"padding:0px;background-color:rgba(0, 0, 0, 0)\" class=\"has-inline-color has-ritme-black-color\">Scalable and sustainable solutions<\/mark><\/h2>\n\n\n\n<div class=\"wp-block-getwid-advanced-spacer\" style=\"height:10px\" aria-hidden=\"true\"><\/div>\n\n\n\n<p>Our mission does not end with the deployment of your solutions. Our teams remain at your side to <strong>guarantee the solutions will keep\u00a0on working properly<\/strong> and shall\u00a0be revamped\u00a0if needed <strong>to meet your new expectations:\u00a0<\/strong><\/p>\n\n\n\n<ul class=\"wp-block-list\"><li>New functionnalities<\/li><li>Technical support<\/li><li>Corrective and progressive maintenance<\/li><li>Training<\/li><\/ul>\n<\/div>\n\n\n\n<div class=\"wp-block-uagb-column uagb-column__wrap uagb-column__background-undefined uagb-block-ce281b56\"><div class=\"uagb-column__overlay\"><\/div>\n<figure class=\"wp-block-image size-full\"><img loading=\"lazy\" decoding=\"async\" width=\"536\" height=\"267\" src=\"https:\/\/ritme.com\/wp-content\/uploads\/2022\/10\/img-integration-solutions-1.png\" alt=\"Int\u00e9gration logiciel : maintenance et \u00e9volutions\" class=\"wp-image-27927\" srcset=\"https:\/\/ritme.com\/wp-content\/uploads\/2022\/10\/img-integration-solutions-1.png 536w, https:\/\/ritme.com\/wp-content\/uploads\/2022\/10\/img-integration-solutions-1-500x249.png 500w\" sizes=\"auto, (max-width: 536px) 100vw, 536px\" \/><\/figure>\n<\/div>\n<\/div><\/section>\n\n\n\n<div class=\"decor-bg-wrapper fullwidth type_1\"><div class=\"decor-element\" style=\"top:0\"><div class=\"container\"><div class=\"colors\"> <\/div><\/div><\/div><\/div>\n\n\n\n<div class=\"wp-block-getwid-advanced-spacer\" style=\"height:100px\" aria-hidden=\"true\"><\/div>\n\n\n\n<h2 class=\"has-text-align-center wp-block-heading\" style=\"font-size:2.4rem\"><mark style=\"background-color:rgba(0, 0, 0, 0)\" class=\"has-inline-color has-ritme-black-color\">Would you like to discuss your integration projects?<\/mark><\/h2>\n\n\n\n<div class=\"wp-block-getwid-advanced-spacer\" style=\"height:20px\" aria-hidden=\"true\"><\/div>\n\n\n\n<div class=\"wp-block-buttons is-content-justification-center is-layout-flex wp-container-core-buttons-is-layout-16018d1d wp-block-buttons-is-layout-flex\">\n<div class=\"wp-block-button has-icon icon-question\"><a class=\"wp-block-button__link\" href=\"https:\/\/ritme.com\/en\/contact\/\">REQUEST AN APPOINTMENT<\/a><\/div>\n<\/div>\n\n\n\n<div class=\"wp-block-getwid-advanced-spacer\" style=\"height:65px\" aria-hidden=\"true\"><\/div>\n","protected":false},"excerpt":{"rendered":"<p>INTEGRATION OF SCIENTIFIC SOLUTIONSCall on our experts to make your transformation projects a success Being a\u00a0strategic partner of research teams means that RITME provides you with all its know-how to implement your scientific solutions, makingitsecure, sustainable and compliant.\u00a0 Each organization is unique:\u00a0our mission is to deploy the best-fitting solutions, adapt them if needed and help [&hellip;]<\/p>\n","protected":false},"author":3370,"featured_media":0,"parent":28823,"menu_order":103,"comment_status":"closed","ping_status":"closed","template":"","meta":{"_acf_changed":false,"inline_featured_image":false,"_uag_custom_page_level_css":"","footnotes":""},"class_list":["post-28932","page","type-page","status-publish","hentry"],"acf":[],"yoast_head":"<!-- This site is optimized with the Yoast SEO plugin v26.9 - https:\/\/yoast.com\/product\/yoast-seo-wordpress\/ -->\n<title>Software integration - Succeed in your transformation projects - Ritme<\/title>\n<meta name=\"description\" content=\"Our multidisciplinary teams handle the end-to-end integration of your scientific software in a sustainable and secure manner.\" \/>\n<meta name=\"robots\" content=\"index, follow, max-snippet:-1, max-image-preview:large, max-video-preview:-1\" \/>\n<link rel=\"canonical\" href=\"https:\/\/ritme.com\/en\/digital-transformation-solutions\/software-integration\/\" \/>\n<meta property=\"og:locale\" content=\"en_GB\" \/>\n<meta property=\"og:type\" content=\"article\" \/>\n<meta property=\"og:title\" content=\"Software integration - Succeed in your transformation projects - Ritme\" \/>\n<meta property=\"og:description\" content=\"Our multidisciplinary teams handle the end-to-end integration of your scientific software in a sustainable and secure manner.\" \/>\n<meta property=\"og:url\" content=\"https:\/\/ritme.com\/en\/digital-transformation-solutions\/software-integration\/\" \/>\n<meta property=\"og:site_name\" content=\"Ritme\" \/>\n<meta property=\"article:modified_time\" content=\"2022-11-03T12:50:29+00:00\" \/>\n<meta property=\"og:image\" content=\"https:\/\/ritme.com\/wp-content\/uploads\/2022\/10\/img-integration-intro.png\" \/>\n<meta name=\"twitter:card\" content=\"summary_large_image\" \/>\n<meta name=\"twitter:label1\" content=\"Estimated reading time\" \/>\n\t<meta name=\"twitter:data1\" content=\"3 minutes\" \/>\n<script type=\"application\/ld+json\" class=\"yoast-schema-graph\">{\"@context\":\"https:\/\/schema.org\",\"@graph\":[{\"@type\":\"WebPage\",\"@id\":\"https:\/\/ritme.com\/en\/digital-transformation-solutions\/software-integration\/\",\"url\":\"https:\/\/ritme.com\/en\/digital-transformation-solutions\/software-integration\/\",\"name\":\"Software integration - Succeed in your transformation projects - Ritme\",\"isPartOf\":{\"@id\":\"https:\/\/ritme.com\/en\/#website\"},\"primaryImageOfPage\":{\"@id\":\"https:\/\/ritme.com\/en\/digital-transformation-solutions\/software-integration\/#primaryimage\"},\"image\":{\"@id\":\"https:\/\/ritme.com\/en\/digital-transformation-solutions\/software-integration\/#primaryimage\"},\"thumbnailUrl\":\"https:\/\/ritme.com\/wp-content\/uploads\/2022\/10\/img-integration-intro.png\",\"datePublished\":\"2022-10-17T14:31:41+00:00\",\"dateModified\":\"2022-11-03T12:50:29+00:00\",\"description\":\"Our multidisciplinary teams handle the end-to-end integration of your scientific software in a sustainable and secure manner.\",\"breadcrumb\":{\"@id\":\"https:\/\/ritme.com\/en\/digital-transformation-solutions\/software-integration\/#breadcrumb\"},\"inLanguage\":\"en-GB\",\"potentialAction\":[{\"@type\":\"ReadAction\",\"target\":[\"https:\/\/ritme.com\/en\/digital-transformation-solutions\/software-integration\/\"]}]},{\"@type\":\"ImageObject\",\"inLanguage\":\"en-GB\",\"@id\":\"https:\/\/ritme.com\/en\/digital-transformation-solutions\/software-integration\/#primaryimage\",\"url\":\"https:\/\/ritme.com\/wp-content\/uploads\/2022\/10\/img-integration-intro.png\",\"contentUrl\":\"https:\/\/ritme.com\/wp-content\/uploads\/2022\/10\/img-integration-intro.png\"},{\"@type\":\"BreadcrumbList\",\"@id\":\"https:\/\/ritme.com\/en\/digital-transformation-solutions\/software-integration\/#breadcrumb\",\"itemListElement\":[{\"@type\":\"ListItem\",\"position\":1,\"name\":\"Home\",\"item\":\"https:\/\/ritme.com\/en\/\"},{\"@type\":\"ListItem\",\"position\":2,\"name\":\"Our scientific solutions for your digital transformation\",\"item\":\"https:\/\/ritme.com\/en\/digital-transformation-solutions\/\"},{\"@type\":\"ListItem\",\"position\":3,\"name\":\"Software integration\"}]},{\"@type\":\"WebSite\",\"@id\":\"https:\/\/ritme.com\/en\/#website\",\"url\":\"https:\/\/ritme.com\/en\/\",\"name\":\"Ritme\",\"description\":\"The strategic partner of research teams\",\"publisher\":{\"@id\":\"https:\/\/ritme.com\/en\/#organization\"},\"potentialAction\":[{\"@type\":\"SearchAction\",\"target\":{\"@type\":\"EntryPoint\",\"urlTemplate\":\"https:\/\/ritme.com\/en\/?s={search_term_string}\"},\"query-input\":{\"@type\":\"PropertyValueSpecification\",\"valueRequired\":true,\"valueName\":\"search_term_string\"}}],\"inLanguage\":\"en-GB\"},{\"@type\":\"Organization\",\"@id\":\"https:\/\/ritme.com\/en\/#organization\",\"name\":\"RITME\",\"url\":\"https:\/\/ritme.com\/en\/\",\"logo\":{\"@type\":\"ImageObject\",\"inLanguage\":\"en-GB\",\"@id\":\"https:\/\/ritme.com\/en\/#\/schema\/logo\/image\/\",\"url\":\"https:\/\/ritme.com\/wp-content\/uploads\/2021\/06\/Ritme_200x86.svg\",\"contentUrl\":\"https:\/\/ritme.com\/wp-content\/uploads\/2021\/06\/Ritme_200x86.svg\",\"caption\":\"RITME\"},\"image\":{\"@id\":\"https:\/\/ritme.com\/en\/#\/schema\/logo\/image\/\"}}]}<\/script>\n<!-- \/ Yoast SEO plugin. -->","yoast_head_json":{"title":"Software integration - Succeed in your transformation projects - Ritme","description":"Our multidisciplinary teams handle the end-to-end integration of your scientific software in a sustainable and secure manner.","robots":{"index":"index","follow":"follow","max-snippet":"max-snippet:-1","max-image-preview":"max-image-preview:large","max-video-preview":"max-video-preview:-1"},"canonical":"https:\/\/ritme.com\/en\/digital-transformation-solutions\/software-integration\/","og_locale":"en_GB","og_type":"article","og_title":"Software integration - Succeed in your transformation projects - Ritme","og_description":"Our multidisciplinary teams handle the end-to-end integration of your scientific software in a sustainable and secure manner.","og_url":"https:\/\/ritme.com\/en\/digital-transformation-solutions\/software-integration\/","og_site_name":"Ritme","article_modified_time":"2022-11-03T12:50:29+00:00","og_image":[{"url":"https:\/\/ritme.com\/wp-content\/uploads\/2022\/10\/img-integration-intro.png","type":"","width":"","height":""}],"twitter_card":"summary_large_image","twitter_misc":{"Estimated reading time":"3 minutes"},"schema":{"@context":"https:\/\/schema.org","@graph":[{"@type":"WebPage","@id":"https:\/\/ritme.com\/en\/digital-transformation-solutions\/software-integration\/","url":"https:\/\/ritme.com\/en\/digital-transformation-solutions\/software-integration\/","name":"Software integration - Succeed in your transformation projects - Ritme","isPartOf":{"@id":"https:\/\/ritme.com\/en\/#website"},"primaryImageOfPage":{"@id":"https:\/\/ritme.com\/en\/digital-transformation-solutions\/software-integration\/#primaryimage"},"image":{"@id":"https:\/\/ritme.com\/en\/digital-transformation-solutions\/software-integration\/#primaryimage"},"thumbnailUrl":"https:\/\/ritme.com\/wp-content\/uploads\/2022\/10\/img-integration-intro.png","datePublished":"2022-10-17T14:31:41+00:00","dateModified":"2022-11-03T12:50:29+00:00","description":"Our multidisciplinary teams handle the end-to-end integration of your scientific software in a sustainable and secure manner.","breadcrumb":{"@id":"https:\/\/ritme.com\/en\/digital-transformation-solutions\/software-integration\/#breadcrumb"},"inLanguage":"en-GB","potentialAction":[{"@type":"ReadAction","target":["https:\/\/ritme.com\/en\/digital-transformation-solutions\/software-integration\/"]}]},{"@type":"ImageObject","inLanguage":"en-GB","@id":"https:\/\/ritme.com\/en\/digital-transformation-solutions\/software-integration\/#primaryimage","url":"https:\/\/ritme.com\/wp-content\/uploads\/2022\/10\/img-integration-intro.png","contentUrl":"https:\/\/ritme.com\/wp-content\/uploads\/2022\/10\/img-integration-intro.png"},{"@type":"BreadcrumbList","@id":"https:\/\/ritme.com\/en\/digital-transformation-solutions\/software-integration\/#breadcrumb","itemListElement":[{"@type":"ListItem","position":1,"name":"Home","item":"https:\/\/ritme.com\/en\/"},{"@type":"ListItem","position":2,"name":"Our scientific solutions for your digital transformation","item":"https:\/\/ritme.com\/en\/digital-transformation-solutions\/"},{"@type":"ListItem","position":3,"name":"Software integration"}]},{"@type":"WebSite","@id":"https:\/\/ritme.com\/en\/#website","url":"https:\/\/ritme.com\/en\/","name":"Ritme","description":"The strategic partner of research teams","publisher":{"@id":"https:\/\/ritme.com\/en\/#organization"},"potentialAction":[{"@type":"SearchAction","target":{"@type":"EntryPoint","urlTemplate":"https:\/\/ritme.com\/en\/?s={search_term_string}"},"query-input":{"@type":"PropertyValueSpecification","valueRequired":true,"valueName":"search_term_string"}}],"inLanguage":"en-GB"},{"@type":"Organization","@id":"https:\/\/ritme.com\/en\/#organization","name":"RITME","url":"https:\/\/ritme.com\/en\/","logo":{"@type":"ImageObject","inLanguage":"en-GB","@id":"https:\/\/ritme.com\/en\/#\/schema\/logo\/image\/","url":"https:\/\/ritme.com\/wp-content\/uploads\/2021\/06\/Ritme_200x86.svg","contentUrl":"https:\/\/ritme.com\/wp-content\/uploads\/2021\/06\/Ritme_200x86.svg","caption":"RITME"},"image":{"@id":"https:\/\/ritme.com\/en\/#\/schema\/logo\/image\/"}}]}},"uagb_featured_image_src":{"full":false,"thumbnail":false,"medium":false,"medium_large":false,"large":false,"1536x1536":false,"2048x2048":false},"uagb_author_info":{"display_name":"Olivier Ritme","author_link":"https:\/\/ritme.com\/en\/author\/olivier\/"},"uagb_comment_info":0,"uagb_excerpt":"INTEGRATION OF SCIENTIFIC SOLUTIONSCall on our experts to make your transformation projects a success Being a\u00a0strategic partner of research teams means that RITME provides you with all its know-how to implement your scientific solutions, makingitsecure, sustainable and compliant.\u00a0 Each organization is unique:\u00a0our mission is to deploy the best-fitting solutions, adapt them if needed and help&hellip;","_links":{"self":[{"href":"https:\/\/ritme.com\/en\/wp-json\/wp\/v2\/pages\/28932","targetHints":{"allow":["GET"]}}],"collection":[{"href":"https:\/\/ritme.com\/en\/wp-json\/wp\/v2\/pages"}],"about":[{"href":"https:\/\/ritme.com\/en\/wp-json\/wp\/v2\/types\/page"}],"author":[{"embeddable":true,"href":"https:\/\/ritme.com\/en\/wp-json\/wp\/v2\/users\/3370"}],"replies":[{"embeddable":true,"href":"https:\/\/ritme.com\/en\/wp-json\/wp\/v2\/comments?post=28932"}],"version-history":[{"count":8,"href":"https:\/\/ritme.com\/en\/wp-json\/wp\/v2\/pages\/28932\/revisions"}],"predecessor-version":[{"id":29353,"href":"https:\/\/ritme.com\/en\/wp-json\/wp\/v2\/pages\/28932\/revisions\/29353"}],"up":[{"embeddable":true,"href":"https:\/\/ritme.com\/en\/wp-json\/wp\/v2\/pages\/28823"}],"wp:attachment":[{"href":"https:\/\/ritme.com\/en\/wp-json\/wp\/v2\/media?parent=28932"}],"curies":[{"name":"wp","href":"https:\/\/api.w.org\/{rel}","templated":true}]}}