{"id":13743,"date":"2021-05-24T14:55:25","date_gmt":"2021-05-24T12:55:25","guid":{"rendered":"https:\/\/ritme.com\/activity-sectors\/sante-publique\/"},"modified":"2025-08-21T09:44:43","modified_gmt":"2025-08-21T07:44:43","slug":"public-health","status":"publish","type":"page","link":"https:\/\/ritme.com\/en\/business-areas\/public-health\/","title":{"rendered":"Public Health"},"content":{"rendered":"\n<section class=\"wp-block-uagb-section uagb-section__wrap uagb-section__background-undefined uagb-block-7424c833\"><div class=\"uagb-section__overlay\"><\/div><div class=\"uagb-section__inner-wrap\">\n<h2 class=\"wp-block-heading\"><strong><strong>The <em><span class=\"has-inline-color has-ritme-blue-color\">digital transformation<\/span><\/em> of public <\/strong><\/strong>health actors<\/h2>\n\n\n\n<section class=\"wp-block-uagb-columns uagb-columns__wrap uagb-columns__stack-mobile uagb-columns__valign- uagb-columns__gap-10 align uagb-block-5de98610 uagb-columns__columns-2 uagb-columns__max_width-theme\"><div class=\"uagb-columns__overlay\"><\/div><div class=\"uagb-columns__inner-wrap uagb-columns__columns-2\">\n<div class=\"wp-block-uagb-column uagb-column__wrap uagb-column__background-undefined uagb-block-c4fbd79c\"><div class=\"uagb-column__overlay\"><\/div>\n<p>The use of <strong>digital technology<\/strong> is generating new types of data and new ways of working, which accompany the digitization of <strong>public health<\/strong>. Data is at the heart of public health and digital technology offers new ways to collect this data, through shared interfaces (e.g. ELN, CTMS, LIMS), connected tools that offer a new way to link different data sources to optimize their analysis. <\/p>\n\n\n\n<p>Thus, public health organizations ,governmental and non-governmental, can work with data, be more efficient and communicate with the public. <\/p>\n\n\n\n<p>For example, digital acquisition of administrative data has significantly improved tracking of the COVID-19 pandemic. Thus, digitization of the public health sector is necessary to make prevention, surveillance, and public health responses more effective.<\/p>\n\n\n\n<p>Ritme&#8217;s software and training offerings cover aspects as diverse as <strong><a href=\"https:\/\/ritme.com\/en\/software-type\/publication-en\/\"><mark style=\"padding:0px;background-color:rgba(0, 0, 0, 0)\" class=\"has-inline-color has-ritme-blue-color\">publication<\/mark><\/a><\/strong>:<\/p>\n\n\n\n<ul class=\"wp-block-list\">\n<li>Bibliographic research<\/li>\n\n\n\n<li>Scientific article writing and publication\u00a0<\/li>\n\n\n\n<li>Scientific communication\u00a0as a whole<\/li>\n\n\n\n<li>Speaking and media relations\u00a0<\/li>\n<\/ul>\n\n\n\n<p>Or <strong>quantitative analysis<\/strong>:<\/p>\n\n\n\n<ul class=\"wp-block-list\">\n<li>The use of statistical methods\u00a0<\/li>\n\n\n\n<li>Data Sciences\u00a0<\/li>\n\n\n\n<li>Machine Learning\u00a0<\/li>\n\n\n\n<li>The use of Open Source technologies\u00a0<\/li>\n\n\n\n<li>Reporting\u00a0and visualization\u00a0<\/li>\n\n\n\n<li>Data analysis methodologies\u00a0 <\/li>\n\n\n\n<li>Software development methodologies\u00a0<\/li>\n\n\n\n<li>Scientific and medical data analysis\u00a0<\/li>\n\n\n\n<li>Biostatistics\u00a0<\/li>\n\n\n\n<li>Survival analyses\u00a0<\/li>\n\n\n\n<li>Analysis of data from surveys\u00a0<\/li>\n<\/ul>\n\n\n\n<p>Or finally the <strong>qualitative analysis<\/strong>&nbsp;<\/p>\n\n\n\n<ul class=\"wp-block-list\">\n<li>Unstructured and qualitative data analysis.\u00a0<\/li>\n\n\n\n<li>Automated interview transcription\u00a0<\/li>\n<\/ul>\n<\/div>\n\n\n\n<div class=\"wp-block-uagb-column uagb-column__wrap uagb-column__background-undefined uagb-block-6dc41933\"><div class=\"uagb-column__overlay\"><\/div><div class=\"testimonial-wrapper teaser \"><div class=\"testimonial\">\n\t<div class=\"image\"><img loading=\"lazy\" decoding=\"async\" width=\"705\" height=\"350\" src=\"https:\/\/ritme.com\/wp-content\/uploads\/2021\/04\/img_logo-anses.png\" class=\"attachment-post-thumbnail size-post-thumbnail wp-post-image\" alt=\"\" srcset=\"https:\/\/ritme.com\/wp-content\/uploads\/2021\/04\/img_logo-anses.png 705w, https:\/\/ritme.com\/wp-content\/uploads\/2021\/04\/img_logo-anses-500x248.png 500w\" sizes=\"auto, (max-width: 705px) 100vw, 705px\" \/><\/div>\n\t<div class=\"content\">\n\t\t<div class=\"text\">\n\t\t\t<div class=\"text-inner\">\n\t\t\t\tTr\u00e8s bonne formation, tr\u00e8s concr\u00e8te. On a du temps pour travailler sur nos projets.\t\t\t<\/div>\n\t\t<\/div>\n\t\t<div class=\"author-wrapper\">\n\t\t\t<div class=\"name\">S\u00e9verine Fontaine<\/div>\n\t\t\t\t\t\t\t<div class=\"function\">ANSES<\/div>\n\t\t\t\t\t\t\t\t\t\t\t\t\t<div class=\"training\">Formation R\u00e9daction scientifique<\/div>\n\t\t\t\t\t<\/div>\n\t<\/div>\n<\/div>\n<\/div><\/div>\n<\/div><\/section>\n\n\n\n<p><\/p>\n<\/div><\/section>\n","protected":false},"excerpt":{"rendered":"","protected":false},"author":2,"featured_media":10571,"parent":9456,"menu_order":255,"comment_status":"closed","ping_status":"closed","template":"","meta":{"_acf_changed":false,"inline_featured_image":false,"_uag_custom_page_level_css":"","footnotes":""},"class_list":["post-13743","page","type-page","status-publish","has-post-thumbnail","hentry"],"acf":[],"yoast_head":"<!-- This site is optimized with the Yoast SEO plugin v27.4 - https:\/\/yoast.com\/product\/yoast-seo-wordpress\/ -->\n<title>Public Health - Ritme<\/title>\n<meta name=\"description\" content=\"For more than 30 years, Ritme has been supporting and helping public health actors to choose and deploy their scientific software\" \/>\n<meta name=\"robots\" content=\"index, follow, max-snippet:-1, max-image-preview:large, max-video-preview:-1\" \/>\n<link rel=\"canonical\" href=\"https:\/\/ritme.com\/en\/business-areas\/public-health\/\" \/>\n<meta property=\"og:locale\" content=\"en_GB\" \/>\n<meta property=\"og:type\" content=\"article\" \/>\n<meta property=\"og:title\" content=\"Public Health - Ritme\" \/>\n<meta property=\"og:description\" content=\"For more than 30 years, Ritme has been supporting and helping public health actors to choose and deploy their scientific software\" \/>\n<meta property=\"og:url\" content=\"https:\/\/ritme.com\/en\/business-areas\/public-health\/\" \/>\n<meta property=\"og:site_name\" content=\"Ritme\" \/>\n<meta property=\"article:modified_time\" content=\"2025-08-21T07:44:43+00:00\" \/>\n<meta name=\"twitter:card\" content=\"summary_large_image\" \/>\n<meta name=\"twitter:label1\" content=\"Estimated reading time\" \/>\n\t<meta name=\"twitter:data1\" content=\"2 minutes\" \/>\n<script type=\"application\/ld+json\" class=\"yoast-schema-graph\">{\"@context\":\"https:\\\/\\\/schema.org\",\"@graph\":[{\"@type\":\"WebPage\",\"@id\":\"https:\\\/\\\/ritme.com\\\/en\\\/business-areas\\\/public-health\\\/\",\"url\":\"https:\\\/\\\/ritme.com\\\/en\\\/business-areas\\\/public-health\\\/\",\"name\":\"Public Health - Ritme\",\"isPartOf\":{\"@id\":\"https:\\\/\\\/ritme.com\\\/en\\\/#website\"},\"primaryImageOfPage\":{\"@id\":\"https:\\\/\\\/ritme.com\\\/en\\\/business-areas\\\/public-health\\\/#primaryimage\"},\"image\":{\"@id\":\"https:\\\/\\\/ritme.com\\\/en\\\/business-areas\\\/public-health\\\/#primaryimage\"},\"thumbnailUrl\":\"https:\\\/\\\/ritme.com\\\/wp-content\\\/uploads\\\/2021\\\/05\\\/sante\u0301-publique.svg\",\"datePublished\":\"2021-05-24T12:55:25+00:00\",\"dateModified\":\"2025-08-21T07:44:43+00:00\",\"description\":\"For more than 30 years, Ritme has been supporting and helping public health actors to choose and deploy their scientific software\",\"breadcrumb\":{\"@id\":\"https:\\\/\\\/ritme.com\\\/en\\\/business-areas\\\/public-health\\\/#breadcrumb\"},\"inLanguage\":\"en-GB\",\"potentialAction\":[{\"@type\":\"ReadAction\",\"target\":[\"https:\\\/\\\/ritme.com\\\/en\\\/business-areas\\\/public-health\\\/\"]}]},{\"@type\":\"ImageObject\",\"inLanguage\":\"en-GB\",\"@id\":\"https:\\\/\\\/ritme.com\\\/en\\\/business-areas\\\/public-health\\\/#primaryimage\",\"url\":\"https:\\\/\\\/ritme.com\\\/wp-content\\\/uploads\\\/2021\\\/05\\\/sante\u0301-publique.svg\",\"contentUrl\":\"https:\\\/\\\/ritme.com\\\/wp-content\\\/uploads\\\/2021\\\/05\\\/sante\u0301-publique.svg\"},{\"@type\":\"BreadcrumbList\",\"@id\":\"https:\\\/\\\/ritme.com\\\/en\\\/business-areas\\\/public-health\\\/#breadcrumb\",\"itemListElement\":[{\"@type\":\"ListItem\",\"position\":1,\"name\":\"Home\",\"item\":\"https:\\\/\\\/ritme.com\\\/en\\\/\"},{\"@type\":\"ListItem\",\"position\":2,\"name\":\"Business areas\",\"item\":\"https:\\\/\\\/ritme.com\\\/en\\\/business-areas\\\/\"},{\"@type\":\"ListItem\",\"position\":3,\"name\":\"Public Health\"}]},{\"@type\":\"WebSite\",\"@id\":\"https:\\\/\\\/ritme.com\\\/en\\\/#website\",\"url\":\"https:\\\/\\\/ritme.com\\\/en\\\/\",\"name\":\"Ritme\",\"description\":\"The strategic partner of research teams\",\"publisher\":{\"@id\":\"https:\\\/\\\/ritme.com\\\/en\\\/#organization\"},\"potentialAction\":[{\"@type\":\"SearchAction\",\"target\":{\"@type\":\"EntryPoint\",\"urlTemplate\":\"https:\\\/\\\/ritme.com\\\/en\\\/?s={search_term_string}\"},\"query-input\":{\"@type\":\"PropertyValueSpecification\",\"valueRequired\":true,\"valueName\":\"search_term_string\"}}],\"inLanguage\":\"en-GB\"},{\"@type\":\"Organization\",\"@id\":\"https:\\\/\\\/ritme.com\\\/en\\\/#organization\",\"name\":\"RITME\",\"url\":\"https:\\\/\\\/ritme.com\\\/en\\\/\",\"logo\":{\"@type\":\"ImageObject\",\"inLanguage\":\"en-GB\",\"@id\":\"https:\\\/\\\/ritme.com\\\/en\\\/#\\\/schema\\\/logo\\\/image\\\/\",\"url\":\"https:\\\/\\\/ritme.com\\\/wp-content\\\/uploads\\\/2021\\\/06\\\/Ritme_200x86.svg\",\"contentUrl\":\"https:\\\/\\\/ritme.com\\\/wp-content\\\/uploads\\\/2021\\\/06\\\/Ritme_200x86.svg\",\"caption\":\"RITME\"},\"image\":{\"@id\":\"https:\\\/\\\/ritme.com\\\/en\\\/#\\\/schema\\\/logo\\\/image\\\/\"}}]}<\/script>\n<!-- \/ Yoast SEO plugin. -->","yoast_head_json":{"title":"Public Health - Ritme","description":"For more than 30 years, Ritme has been supporting and helping public health actors to choose and deploy their scientific software","robots":{"index":"index","follow":"follow","max-snippet":"max-snippet:-1","max-image-preview":"max-image-preview:large","max-video-preview":"max-video-preview:-1"},"canonical":"https:\/\/ritme.com\/en\/business-areas\/public-health\/","og_locale":"en_GB","og_type":"article","og_title":"Public Health - Ritme","og_description":"For more than 30 years, Ritme has been supporting and helping public health actors to choose and deploy their scientific software","og_url":"https:\/\/ritme.com\/en\/business-areas\/public-health\/","og_site_name":"Ritme","article_modified_time":"2025-08-21T07:44:43+00:00","twitter_card":"summary_large_image","twitter_misc":{"Estimated reading time":"2 minutes"},"schema":{"@context":"https:\/\/schema.org","@graph":[{"@type":"WebPage","@id":"https:\/\/ritme.com\/en\/business-areas\/public-health\/","url":"https:\/\/ritme.com\/en\/business-areas\/public-health\/","name":"Public Health - Ritme","isPartOf":{"@id":"https:\/\/ritme.com\/en\/#website"},"primaryImageOfPage":{"@id":"https:\/\/ritme.com\/en\/business-areas\/public-health\/#primaryimage"},"image":{"@id":"https:\/\/ritme.com\/en\/business-areas\/public-health\/#primaryimage"},"thumbnailUrl":"https:\/\/ritme.com\/wp-content\/uploads\/2021\/05\/sante\u0301-publique.svg","datePublished":"2021-05-24T12:55:25+00:00","dateModified":"2025-08-21T07:44:43+00:00","description":"For more than 30 years, Ritme has been supporting and helping public health actors to choose and deploy their scientific software","breadcrumb":{"@id":"https:\/\/ritme.com\/en\/business-areas\/public-health\/#breadcrumb"},"inLanguage":"en-GB","potentialAction":[{"@type":"ReadAction","target":["https:\/\/ritme.com\/en\/business-areas\/public-health\/"]}]},{"@type":"ImageObject","inLanguage":"en-GB","@id":"https:\/\/ritme.com\/en\/business-areas\/public-health\/#primaryimage","url":"https:\/\/ritme.com\/wp-content\/uploads\/2021\/05\/sante\u0301-publique.svg","contentUrl":"https:\/\/ritme.com\/wp-content\/uploads\/2021\/05\/sante\u0301-publique.svg"},{"@type":"BreadcrumbList","@id":"https:\/\/ritme.com\/en\/business-areas\/public-health\/#breadcrumb","itemListElement":[{"@type":"ListItem","position":1,"name":"Home","item":"https:\/\/ritme.com\/en\/"},{"@type":"ListItem","position":2,"name":"Business areas","item":"https:\/\/ritme.com\/en\/business-areas\/"},{"@type":"ListItem","position":3,"name":"Public Health"}]},{"@type":"WebSite","@id":"https:\/\/ritme.com\/en\/#website","url":"https:\/\/ritme.com\/en\/","name":"Ritme","description":"The strategic partner of research teams","publisher":{"@id":"https:\/\/ritme.com\/en\/#organization"},"potentialAction":[{"@type":"SearchAction","target":{"@type":"EntryPoint","urlTemplate":"https:\/\/ritme.com\/en\/?s={search_term_string}"},"query-input":{"@type":"PropertyValueSpecification","valueRequired":true,"valueName":"search_term_string"}}],"inLanguage":"en-GB"},{"@type":"Organization","@id":"https:\/\/ritme.com\/en\/#organization","name":"RITME","url":"https:\/\/ritme.com\/en\/","logo":{"@type":"ImageObject","inLanguage":"en-GB","@id":"https:\/\/ritme.com\/en\/#\/schema\/logo\/image\/","url":"https:\/\/ritme.com\/wp-content\/uploads\/2021\/06\/Ritme_200x86.svg","contentUrl":"https:\/\/ritme.com\/wp-content\/uploads\/2021\/06\/Ritme_200x86.svg","caption":"RITME"},"image":{"@id":"https:\/\/ritme.com\/en\/#\/schema\/logo\/image\/"}}]}},"uagb_featured_image_src":{"full":["https:\/\/ritme.com\/wp-content\/uploads\/2021\/05\/sante\u0301-publique.svg",1,1,false],"thumbnail":["https:\/\/ritme.com\/wp-content\/uploads\/2021\/05\/sante\u0301-publique.svg",1,1,false],"medium":["https:\/\/ritme.com\/wp-content\/uploads\/2021\/05\/sante\u0301-publique.svg",1,1,false],"medium_large":["https:\/\/ritme.com\/wp-content\/uploads\/2021\/05\/sante\u0301-publique.svg",1,1,false],"large":["https:\/\/ritme.com\/wp-content\/uploads\/2021\/05\/sante\u0301-publique.svg",1,1,false],"1536x1536":["https:\/\/ritme.com\/wp-content\/uploads\/2021\/05\/sante\u0301-publique.svg",1,1,false],"2048x2048":["https:\/\/ritme.com\/wp-content\/uploads\/2021\/05\/sante\u0301-publique.svg",1,1,false]},"uagb_author_info":{"display_name":"Lila AIT ISSAD","author_link":"https:\/\/ritme.com\/en\/author\/adminritme\/"},"uagb_comment_info":0,"uagb_excerpt":null,"_links":{"self":[{"href":"https:\/\/ritme.com\/en\/wp-json\/wp\/v2\/pages\/13743","targetHints":{"allow":["GET"]}}],"collection":[{"href":"https:\/\/ritme.com\/en\/wp-json\/wp\/v2\/pages"}],"about":[{"href":"https:\/\/ritme.com\/en\/wp-json\/wp\/v2\/types\/page"}],"author":[{"embeddable":true,"href":"https:\/\/ritme.com\/en\/wp-json\/wp\/v2\/users\/2"}],"replies":[{"embeddable":true,"href":"https:\/\/ritme.com\/en\/wp-json\/wp\/v2\/comments?post=13743"}],"version-history":[{"count":2,"href":"https:\/\/ritme.com\/en\/wp-json\/wp\/v2\/pages\/13743\/revisions"}],"predecessor-version":[{"id":47205,"href":"https:\/\/ritme.com\/en\/wp-json\/wp\/v2\/pages\/13743\/revisions\/47205"}],"up":[{"embeddable":true,"href":"https:\/\/ritme.com\/en\/wp-json\/wp\/v2\/pages\/9456"}],"wp:featuredmedia":[{"embeddable":true,"href":"https:\/\/ritme.com\/en\/wp-json\/wp\/v2\/media\/10571"}],"wp:attachment":[{"href":"https:\/\/ritme.com\/en\/wp-json\/wp\/v2\/media?parent=13743"}],"curies":[{"name":"wp","href":"https:\/\/api.w.org\/{rel}","templated":true}]}}