{"id":9449,"date":"2021-04-27T22:28:12","date_gmt":"2021-04-27T20:28:12","guid":{"rendered":"https:\/\/ritme.com\/loesungen\/une-methodologie-agile-et-inclusive\/"},"modified":"2022-10-19T15:30:06","modified_gmt":"2022-10-19T13:30:06","slug":"eine-agile-und-integrative-methode","status":"publish","type":"page","link":"https:\/\/ritme.com\/de\/transformation-digital-solutions\/eine-agile-und-integrative-methode\/","title":{"rendered":"Eine agile und integrative Methode"},"content":{"rendered":"\n<section class=\"wp-block-uagb-columns uagb-columns__wrap uagb-columns__stack-tablet uagb-columns__valign- uagb-columns__gap-10 align uagb-block-7296f6bd uagb-columns__columns-2 uagb-columns__max_width-theme big-image-text-columns valign-center\"><div class=\"uagb-columns__overlay\"><\/div><div class=\"uagb-columns__inner-wrap uagb-columns__columns-2\">\n<div class=\"wp-block-uagb-column uagb-column__wrap uagb-column__background-undefined uagb-block-a678d955\"><div class=\"uagb-column__overlay\"><\/div>\n<figure class=\"wp-block-image size-large is-style-rounded\"><img loading=\"lazy\" decoding=\"async\" width=\"670\" height=\"527\" src=\"https:\/\/ritme.com\/wp-content\/uploads\/2021\/05\/Fichier-27-8.png\" alt=\"\" class=\"wp-image-8176\" srcset=\"https:\/\/ritme.com\/wp-content\/uploads\/2021\/05\/Fichier-27-8.png 670w, https:\/\/ritme.com\/wp-content\/uploads\/2021\/05\/Fichier-27-8-500x393.png 500w\" sizes=\"auto, (max-width: 670px) 100vw, 670px\" \/><\/figure>\n<\/div>\n\n\n\n<div class=\"wp-block-uagb-column uagb-column__wrap uagb-column__background-undefined uagb-block-18cd03c1\"><div class=\"uagb-column__overlay\"><\/div>\n<h2 class=\"wp-block-heading\"><mark style=\"background-color:rgba(0, 0, 0, 0)\" class=\"has-inline-color has-ritme-blue-color\">Pilotierung<\/mark><\/h2>\n\n\n\n<p>Unser <strong>Projektansatz<\/strong> stellt sicher, dass wir bei der&nbsp;Implementierung&nbsp;&nbsp;neuer Tools, Prozesse und F\u00e4higkeiten, die&nbsp;ma\u00dfgeschneiderte Unterst\u00fctzung ben\u00f6tigen, strukturiert, umfassend und agil vorgehen.<\/p>\n<\/div>\n<\/div><\/section>\n\n\n\n<section class=\"wp-block-uagb-section uagb-section__wrap uagb-section__background-undefined uagb-block-95b193a0 section-intro-text\"><div class=\"uagb-section__overlay\"><\/div><div class=\"uagb-section__inner-wrap\">\n<h2 class=\"wp-block-heading\"><mark style=\"background-color:rgba(0, 0, 0, 0)\" class=\"has-inline-color has-ritme-blue-color\">Projektleitung<\/mark><\/h2>\n\n\n\n<div class=\"wp-block-getwid-advanced-spacer\" style=\"height:50px\" aria-hidden=\"true\"><\/div>\n\n\n\n<figure class=\"wp-block-image size-large is-resized\"><img loading=\"lazy\" decoding=\"async\" src=\"https:\/\/ritme.com\/wp-content\/uploads\/\/2021\/06\/Gestion_Projet_AL_1.svg\" alt=\"\" class=\"wp-image-13388\" width=\"1137\" height=\"353\"\/><\/figure>\n\n\n\n<p>&nbsp;<\/p>\n<\/div><\/section>\n\n\n\n<div class=\"wp-block-getwid-advanced-spacer getwid-hide-tablet getwid-hide-mobile\" style=\"height:100px\" aria-hidden=\"true\"><\/div>\n\n\n\n<section class=\"wp-block-uagb-columns uagb-columns__wrap uagb-columns__stack-tablet uagb-columns__valign- uagb-columns__gap-10 align uagb-block-5903c197 uagb-columns__columns-2 uagb-columns__max_width-theme image-text-columns valign-center\"><div class=\"uagb-columns__overlay\"><\/div><div class=\"uagb-columns__inner-wrap uagb-columns__columns-2\">\n<div class=\"wp-block-uagb-column uagb-column__wrap uagb-column__background-undefined uagb-block-ea9b73f9\"><div class=\"uagb-column__overlay\"><\/div>\n<h2 class=\"wp-block-heading\"><mark style=\"background-color:rgba(0, 0, 0, 0)\" class=\"has-inline-color has-ritme-blue-color\">Projektbeteiligte<\/mark><\/h2>\n\n\n\n<p>Zu einem erfolgreichen Integrationsprojekt geh\u00f6rt es, verschiedene Akteure innerhalb Ihrer Organisation an Bord zu holen, die wir in allen Aspekten zusammenarbeiten lassen, um den Erfolg der uns \u00fcbertragenen Aufgabe sicherzustellen:<\/p>\n\n\n\n<ul class=\"wp-block-list\"><li><strong style=\"letter-spacing: 0.03rem;\">Beruf<\/strong><span style=\"letter-spacing: 0.03rem;\">, damit die Bed\u00fcrfnisse jedes Profils untersucht und ber\u00fccksichtigt werden<\/span>.<\/li><li><strong>Benutzer<\/strong>, denen zugeh\u00f6rt werden muss, die begleitet werden m\u00fcssen und die dazu gebracht werden m\u00fcssen, sich an das Projekt zu halten. <\/li><li><strong>ICT,<\/strong> um die ordnungsgem\u00e4\u00dfe Integration der L\u00f6sungen in Ihre bestehenden Systeme und Infrastrukturen zu gew\u00e4hrleisten.<\/li><li><strong>Einkauf,<\/strong> mit dem die von den Projektsponsoren und -managern validierten Vereinbarungen getroffen werden.<\/li><\/ul>\n<\/div>\n\n\n\n<div class=\"wp-block-uagb-column uagb-column__wrap uagb-column__background-undefined uagb-block-1cfc0baa\"><div class=\"uagb-column__overlay\"><\/div>\n<figure class=\"wp-block-image size-full\"><img loading=\"lazy\" decoding=\"async\" width=\"948\" height=\"866\" src=\"https:\/\/ritme.com\/wp-content\/uploads\/2022\/10\/SOLUTIONS_illustration-DE.png\" alt=\"\" class=\"wp-image-28131\" srcset=\"https:\/\/ritme.com\/wp-content\/uploads\/2022\/10\/SOLUTIONS_illustration-DE.png 948w, https:\/\/ritme.com\/wp-content\/uploads\/2022\/10\/SOLUTIONS_illustration-DE-500x457.png 500w, https:\/\/ritme.com\/wp-content\/uploads\/2022\/10\/SOLUTIONS_illustration-DE-768x702.png 768w\" sizes=\"auto, (max-width: 948px) 100vw, 948px\" \/><\/figure>\n<\/div>\n<\/div><\/section>\n\n\n\n<section class=\"wp-block-uagb-columns uagb-columns__wrap uagb-columns__stack-tablet uagb-columns__valign- uagb-columns__gap-10 align uagb-block-4ef59374 uagb-columns__columns-2 uagb-columns__max_width-theme image-text-columns valign-center\"><div class=\"uagb-columns__overlay\"><\/div><div class=\"uagb-columns__inner-wrap uagb-columns__columns-2\">\n<div class=\"wp-block-uagb-column uagb-column__wrap uagb-column__background-undefined uagb-block-06b4e3b7\"><div class=\"uagb-column__overlay\"><\/div>\n<figure class=\"wp-block-image size-large\"><img loading=\"lazy\" decoding=\"async\" width=\"1024\" height=\"661\" src=\"https:\/\/ritme.com\/wp-content\/uploads\/2021\/05\/Fichier-19-8-1024x661.png\" alt=\"\" class=\"wp-image-8128\" srcset=\"https:\/\/ritme.com\/wp-content\/uploads\/2021\/05\/Fichier-19-8-1024x661.png 1024w, https:\/\/ritme.com\/wp-content\/uploads\/2021\/05\/Fichier-19-8-500x323.png 500w, https:\/\/ritme.com\/wp-content\/uploads\/2021\/05\/Fichier-19-8-768x496.png 768w, https:\/\/ritme.com\/wp-content\/uploads\/2021\/05\/Fichier-19-8-1536x992.png 1536w, https:\/\/ritme.com\/wp-content\/uploads\/2021\/05\/Fichier-19-8-2048x1322.png 2048w\" sizes=\"auto, (max-width: 1024px) 100vw, 1024px\" \/><\/figure>\n<\/div>\n\n\n\n<div class=\"wp-block-uagb-column uagb-column__wrap uagb-column__background-undefined uagb-block-bb5b93b5\"><div class=\"uagb-column__overlay\"><\/div>\n<h2 class=\"wp-block-heading\"><mark style=\"background-color:rgba(0, 0, 0, 0)\" class=\"has-inline-color has-ritme-blue-color\">Design Thinking<\/mark><\/h2>\n\n\n\n<p>Wir haben uns nat\u00fcrlich f\u00fcr einen&nbsp;<strong>Design&nbsp;Thinking-Ansatz,<\/strong>&nbsp;zentriert&nbsp;auf die Beobachtung und das Verst\u00e4ndnis des Nutzers, auf die&nbsp;Wahrnehmung&nbsp; die&nbsp;Stakeholder \u00fcber das Projekt und seine Themen haben, was uns erlaubt, Koordination, Zusammenarbeit und&nbsp;Ko-Konstruktion&nbsp;auf&nbsp;virtuose&nbsp;und inklusive Weise zu mobilisieren. &nbsp;<\/p>\n<\/div>\n<\/div><\/section>\n\n\n\n<div class=\"wp-block-getwid-advanced-spacer getwid-hide-tablet getwid-hide-mobile\" style=\"height:100px\" aria-hidden=\"true\"><\/div>\n\n\n\n<div class=\"decor-bg-wrapper fullwidth type_1\"><div class=\"decor-element\" style=\"top:75px\"><div class=\"container\"><div class=\"colors\"> <\/div><\/div><\/div><\/div>\n\n\n\n<section class=\"wp-block-uagb-section uagb-section__wrap uagb-section__background-color uagb-block-c35ca303 cta-type-1 custom-shadow\"><div class=\"uagb-section__overlay\"><\/div><div class=\"uagb-section__inner-wrap\">\n<h3 class=\"has-text-align-center wp-block-heading\"><em>Der Sinn einer erfolgreichen&nbsp;Transition&nbsp;ist es, alle&nbsp;Stakeholder&nbsp;mit ins Boot zu holen, vom Beginn des Projekts bis zu seiner Implementierung und dar\u00fcber hinaus.<\/em><\/h3>\n\n\n\n<figure class=\"wp-block-image size-large\"><img decoding=\"async\" src=\"blob:https:\/\/ritme.com\/bf747da4-a83f-4296-8c42-4278674ae127\" alt=\"\"\/><\/figure>\n<\/div><\/section>\n\n\n\n<div class=\"wp-block-getwid-advanced-spacer\" style=\"height:50px\" aria-hidden=\"true\"><\/div>\n\n\n\n<section class=\"wp-block-uagb-columns uagb-columns__wrap uagb-columns__stack-tablet uagb-columns__valign- uagb-columns__gap-10 align uagb-block-d7c303c5 uagb-columns__columns-2 uagb-columns__max_width-theme image-text-columns valign-center\"><div class=\"uagb-columns__overlay\"><\/div><div class=\"uagb-columns__inner-wrap uagb-columns__columns-2\">\n<div class=\"wp-block-uagb-column uagb-column__wrap uagb-column__background-undefined uagb-block-910cbab8\"><div class=\"uagb-column__overlay\"><\/div>\n<h2 class=\"wp-block-heading\"><mark style=\"background-color:rgba(0, 0, 0, 0)\" class=\"has-inline-color has-ritme-blue-color\">Agile Methode<\/mark><\/h2>\n\n\n\n<p>Der Wunsch, alle Schritte eines Projekts bis ins kleinste Detail zu planen und zu organisieren, scheint der beste Weg zu sein, Risiken vorzubeugen. <strong>Wir wissen jedoch, dass sich ein Projekt im Laufe seiner Umsetzung entwickelt<\/strong>, dass unvorhergesehene Ereignisse unvermeidlich sind und dass das Ganze zu Verz\u00f6gerungen, Blockaden und Frustration f\u00fchren kann.<\/p>\n\n\n\n<p>Als Antwort darauf postulieren wir, dass die Anpassungsf\u00e4higkeit und die Mobilisierung kollektiver Ressourcen von gr\u00f6\u00dfter Bedeutung sind: <strong>Die agile Methode (Scrum)<\/strong> erm\u00f6glicht es uns, damit umzugehen, in dem Sinne, dass die dieser Methode innewohnende Anpassungsf\u00e4higkeit und Flexibilit\u00e4t die Belastbarkeit und die F\u00e4higkeit, Projekte abzuschlie\u00dfen, garantiert.<\/p>\n<\/div>\n\n\n\n<div class=\"wp-block-uagb-column uagb-column__wrap uagb-column__background-undefined uagb-block-7b91a1f0\"><div class=\"uagb-column__overlay\"><\/div>\n<figure class=\"wp-block-image size-large\"><img loading=\"lazy\" decoding=\"async\" width=\"1024\" height=\"601\" src=\"https:\/\/ritme.com\/wp-content\/uploads\/2021\/05\/Fichier-25-8-1024x601.png\" alt=\"\" class=\"wp-image-8169\" srcset=\"https:\/\/ritme.com\/wp-content\/uploads\/2021\/05\/Fichier-25-8-1024x601.png 1024w, https:\/\/ritme.com\/wp-content\/uploads\/2021\/05\/Fichier-25-8-500x293.png 500w, https:\/\/ritme.com\/wp-content\/uploads\/2021\/05\/Fichier-25-8-768x451.png 768w, https:\/\/ritme.com\/wp-content\/uploads\/2021\/05\/Fichier-25-8-1536x901.png 1536w, https:\/\/ritme.com\/wp-content\/uploads\/2021\/05\/Fichier-25-8.png 1539w\" sizes=\"auto, (max-width: 1024px) 100vw, 1024px\" \/><\/figure>\n<\/div>\n<\/div><\/section>\n\n\n\n<section class=\"wp-block-uagb-section uagb-section__wrap uagb-section__background-undefined uagb-block-ca9ddbf0 custom-slider\"><div class=\"uagb-section__overlay\"><\/div><div class=\"uagb-section__inner-wrap\"><\/div><\/section>\n\n\n\n<div class=\"wp-block-getwid-advanced-spacer\" style=\"height:50px\" aria-hidden=\"true\"><\/div>\n\n\n\n<section class=\"wp-block-uagb-section uagb-section__wrap uagb-section__background-undefined uagb-block-9a5ffde4 custom-table custom-shadow\"><div class=\"uagb-section__overlay\"><\/div><div class=\"uagb-section__inner-wrap\"><\/div><\/section>\n","protected":false},"excerpt":{"rendered":"<p>Pilotierung Unser Projektansatz stellt sicher, dass wir bei der&nbsp;Implementierung&nbsp;&nbsp;neuer Tools, Prozesse und F\u00e4higkeiten, die&nbsp;ma\u00dfgeschneiderte Unterst\u00fctzung ben\u00f6tigen, strukturiert, umfassend und agil vorgehen. Projektbeteiligte Zu einem erfolgreichen Integrationsprojekt geh\u00f6rt es, verschiedene Akteure innerhalb Ihrer Organisation an Bord zu holen, die wir in allen Aspekten zusammenarbeiten lassen, um den Erfolg der uns \u00fcbertragenen Aufgabe sicherzustellen: Beruf, damit die [&hellip;]<\/p>\n","protected":false},"author":2,"featured_media":11452,"parent":29512,"menu_order":239,"comment_status":"closed","ping_status":"closed","template":"","meta":{"_acf_changed":false,"inline_featured_image":false,"_uag_custom_page_level_css":"","footnotes":""},"class_list":["post-9449","page","type-page","status-publish","has-post-thumbnail","hentry"],"acf":[],"yoast_head":"<!-- This site is optimized with the Yoast SEO plugin v26.9 - https:\/\/yoast.com\/product\/yoast-seo-wordpress\/ -->\n<title>Eine agile und integrative Methode - RITME<\/title>\n<meta name=\"robots\" content=\"index, follow, max-snippet:-1, max-image-preview:large, max-video-preview:-1\" \/>\n<link rel=\"canonical\" href=\"https:\/\/ritme.com\/de\/transformation-digital-solutions\/eine-agile-und-integrative-methode\/\" \/>\n<meta property=\"og:locale\" content=\"de_DE\" \/>\n<meta property=\"og:type\" content=\"article\" \/>\n<meta property=\"og:title\" content=\"Eine agile und integrative Methode - RITME\" \/>\n<meta property=\"og:description\" content=\"Pilotierung Unser Projektansatz stellt sicher, dass wir bei der&nbsp;Implementierung&nbsp;&nbsp;neuer Tools, Prozesse und F\u00e4higkeiten, die&nbsp;ma\u00dfgeschneiderte Unterst\u00fctzung ben\u00f6tigen, strukturiert, umfassend und agil vorgehen. Projektbeteiligte Zu einem erfolgreichen Integrationsprojekt geh\u00f6rt es, verschiedene Akteure innerhalb Ihrer Organisation an Bord zu holen, die wir in allen Aspekten zusammenarbeiten lassen, um den Erfolg der uns \u00fcbertragenen Aufgabe sicherzustellen: Beruf, damit die [&hellip;]\" \/>\n<meta property=\"og:url\" content=\"https:\/\/ritme.com\/de\/transformation-digital-solutions\/eine-agile-und-integrative-methode\/\" \/>\n<meta property=\"og:site_name\" content=\"RITME\" \/>\n<meta property=\"article:modified_time\" content=\"2022-10-19T13:30:06+00:00\" \/>\n<meta property=\"og:image\" content=\"https:\/\/ritme.com\/wp-content\/uploads\/2021\/06\/Fichier-48-8.png\" \/>\n\t<meta property=\"og:image:width\" content=\"2234\" \/>\n\t<meta property=\"og:image:height\" content=\"1202\" \/>\n\t<meta property=\"og:image:type\" content=\"image\/png\" \/>\n<meta name=\"twitter:card\" content=\"summary_large_image\" \/>\n<meta name=\"twitter:label1\" content=\"Gesch\u00e4tzte Lesezeit\" \/>\n\t<meta name=\"twitter:data1\" content=\"3\u00a0Minuten\" \/>\n<script type=\"application\/ld+json\" class=\"yoast-schema-graph\">{\"@context\":\"https:\/\/schema.org\",\"@graph\":[{\"@type\":\"WebPage\",\"@id\":\"https:\/\/ritme.com\/de\/transformation-digital-solutions\/eine-agile-und-integrative-methode\/\",\"url\":\"https:\/\/ritme.com\/de\/transformation-digital-solutions\/eine-agile-und-integrative-methode\/\",\"name\":\"Eine agile und integrative Methode - RITME\",\"isPartOf\":{\"@id\":\"https:\/\/ritme.com\/de\/#website\"},\"primaryImageOfPage\":{\"@id\":\"https:\/\/ritme.com\/de\/transformation-digital-solutions\/eine-agile-und-integrative-methode\/#primaryimage\"},\"image\":{\"@id\":\"https:\/\/ritme.com\/de\/transformation-digital-solutions\/eine-agile-und-integrative-methode\/#primaryimage\"},\"thumbnailUrl\":\"https:\/\/ritme.com\/wp-content\/uploads\/2021\/06\/Fichier-48-8.png\",\"datePublished\":\"2021-04-27T20:28:12+00:00\",\"dateModified\":\"2022-10-19T13:30:06+00:00\",\"breadcrumb\":{\"@id\":\"https:\/\/ritme.com\/de\/transformation-digital-solutions\/eine-agile-und-integrative-methode\/#breadcrumb\"},\"inLanguage\":\"de\",\"potentialAction\":[{\"@type\":\"ReadAction\",\"target\":[\"https:\/\/ritme.com\/de\/transformation-digital-solutions\/eine-agile-und-integrative-methode\/\"]}]},{\"@type\":\"ImageObject\",\"inLanguage\":\"de\",\"@id\":\"https:\/\/ritme.com\/de\/transformation-digital-solutions\/eine-agile-und-integrative-methode\/#primaryimage\",\"url\":\"https:\/\/ritme.com\/wp-content\/uploads\/2021\/06\/Fichier-48-8.png\",\"contentUrl\":\"https:\/\/ritme.com\/wp-content\/uploads\/2021\/06\/Fichier-48-8.png\",\"width\":2234,\"height\":1202},{\"@type\":\"BreadcrumbList\",\"@id\":\"https:\/\/ritme.com\/de\/transformation-digital-solutions\/eine-agile-und-integrative-methode\/#breadcrumb\",\"itemListElement\":[{\"@type\":\"ListItem\",\"position\":1,\"name\":\"Startseite\",\"item\":\"https:\/\/ritme.com\/de\/\"},{\"@type\":\"ListItem\",\"position\":2,\"name\":\"L\u00f6sungen\",\"item\":\"https:\/\/ritme.com\/de\/loesungen\/\"},{\"@type\":\"ListItem\",\"position\":3,\"name\":\"Eine agile und integrative Methode\"}]},{\"@type\":\"WebSite\",\"@id\":\"https:\/\/ritme.com\/de\/#website\",\"url\":\"https:\/\/ritme.com\/de\/\",\"name\":\"RITME\",\"description\":\"Der strategische Partner von Forschungsteams\",\"publisher\":{\"@id\":\"https:\/\/ritme.com\/de\/#organization\"},\"potentialAction\":[{\"@type\":\"SearchAction\",\"target\":{\"@type\":\"EntryPoint\",\"urlTemplate\":\"https:\/\/ritme.com\/de\/?s={search_term_string}\"},\"query-input\":{\"@type\":\"PropertyValueSpecification\",\"valueRequired\":true,\"valueName\":\"search_term_string\"}}],\"inLanguage\":\"de\"},{\"@type\":\"Organization\",\"@id\":\"https:\/\/ritme.com\/de\/#organization\",\"name\":\"RITME\",\"url\":\"https:\/\/ritme.com\/de\/\",\"logo\":{\"@type\":\"ImageObject\",\"inLanguage\":\"de\",\"@id\":\"https:\/\/ritme.com\/de\/#\/schema\/logo\/image\/\",\"url\":\"https:\/\/ritme.com\/wp-content\/uploads\/2021\/06\/Ritme_200x86.svg\",\"contentUrl\":\"https:\/\/ritme.com\/wp-content\/uploads\/2021\/06\/Ritme_200x86.svg\",\"caption\":\"RITME\"},\"image\":{\"@id\":\"https:\/\/ritme.com\/de\/#\/schema\/logo\/image\/\"}}]}<\/script>\n<!-- \/ Yoast SEO plugin. -->","yoast_head_json":{"title":"Eine agile und integrative Methode - RITME","robots":{"index":"index","follow":"follow","max-snippet":"max-snippet:-1","max-image-preview":"max-image-preview:large","max-video-preview":"max-video-preview:-1"},"canonical":"https:\/\/ritme.com\/de\/transformation-digital-solutions\/eine-agile-und-integrative-methode\/","og_locale":"de_DE","og_type":"article","og_title":"Eine agile und integrative Methode - RITME","og_description":"Pilotierung Unser Projektansatz stellt sicher, dass wir bei der&nbsp;Implementierung&nbsp;&nbsp;neuer Tools, Prozesse und F\u00e4higkeiten, die&nbsp;ma\u00dfgeschneiderte Unterst\u00fctzung ben\u00f6tigen, strukturiert, umfassend und agil vorgehen. Projektbeteiligte Zu einem erfolgreichen Integrationsprojekt geh\u00f6rt es, verschiedene Akteure innerhalb Ihrer Organisation an Bord zu holen, die wir in allen Aspekten zusammenarbeiten lassen, um den Erfolg der uns \u00fcbertragenen Aufgabe sicherzustellen: Beruf, damit die [&hellip;]","og_url":"https:\/\/ritme.com\/de\/transformation-digital-solutions\/eine-agile-und-integrative-methode\/","og_site_name":"RITME","article_modified_time":"2022-10-19T13:30:06+00:00","og_image":[{"width":2234,"height":1202,"url":"https:\/\/ritme.com\/wp-content\/uploads\/2021\/06\/Fichier-48-8.png","type":"image\/png"}],"twitter_card":"summary_large_image","twitter_misc":{"Gesch\u00e4tzte Lesezeit":"3\u00a0Minuten"},"schema":{"@context":"https:\/\/schema.org","@graph":[{"@type":"WebPage","@id":"https:\/\/ritme.com\/de\/transformation-digital-solutions\/eine-agile-und-integrative-methode\/","url":"https:\/\/ritme.com\/de\/transformation-digital-solutions\/eine-agile-und-integrative-methode\/","name":"Eine agile und integrative Methode - RITME","isPartOf":{"@id":"https:\/\/ritme.com\/de\/#website"},"primaryImageOfPage":{"@id":"https:\/\/ritme.com\/de\/transformation-digital-solutions\/eine-agile-und-integrative-methode\/#primaryimage"},"image":{"@id":"https:\/\/ritme.com\/de\/transformation-digital-solutions\/eine-agile-und-integrative-methode\/#primaryimage"},"thumbnailUrl":"https:\/\/ritme.com\/wp-content\/uploads\/2021\/06\/Fichier-48-8.png","datePublished":"2021-04-27T20:28:12+00:00","dateModified":"2022-10-19T13:30:06+00:00","breadcrumb":{"@id":"https:\/\/ritme.com\/de\/transformation-digital-solutions\/eine-agile-und-integrative-methode\/#breadcrumb"},"inLanguage":"de","potentialAction":[{"@type":"ReadAction","target":["https:\/\/ritme.com\/de\/transformation-digital-solutions\/eine-agile-und-integrative-methode\/"]}]},{"@type":"ImageObject","inLanguage":"de","@id":"https:\/\/ritme.com\/de\/transformation-digital-solutions\/eine-agile-und-integrative-methode\/#primaryimage","url":"https:\/\/ritme.com\/wp-content\/uploads\/2021\/06\/Fichier-48-8.png","contentUrl":"https:\/\/ritme.com\/wp-content\/uploads\/2021\/06\/Fichier-48-8.png","width":2234,"height":1202},{"@type":"BreadcrumbList","@id":"https:\/\/ritme.com\/de\/transformation-digital-solutions\/eine-agile-und-integrative-methode\/#breadcrumb","itemListElement":[{"@type":"ListItem","position":1,"name":"Startseite","item":"https:\/\/ritme.com\/de\/"},{"@type":"ListItem","position":2,"name":"L\u00f6sungen","item":"https:\/\/ritme.com\/de\/loesungen\/"},{"@type":"ListItem","position":3,"name":"Eine agile und integrative Methode"}]},{"@type":"WebSite","@id":"https:\/\/ritme.com\/de\/#website","url":"https:\/\/ritme.com\/de\/","name":"RITME","description":"Der strategische Partner von Forschungsteams","publisher":{"@id":"https:\/\/ritme.com\/de\/#organization"},"potentialAction":[{"@type":"SearchAction","target":{"@type":"EntryPoint","urlTemplate":"https:\/\/ritme.com\/de\/?s={search_term_string}"},"query-input":{"@type":"PropertyValueSpecification","valueRequired":true,"valueName":"search_term_string"}}],"inLanguage":"de"},{"@type":"Organization","@id":"https:\/\/ritme.com\/de\/#organization","name":"RITME","url":"https:\/\/ritme.com\/de\/","logo":{"@type":"ImageObject","inLanguage":"de","@id":"https:\/\/ritme.com\/de\/#\/schema\/logo\/image\/","url":"https:\/\/ritme.com\/wp-content\/uploads\/2021\/06\/Ritme_200x86.svg","contentUrl":"https:\/\/ritme.com\/wp-content\/uploads\/2021\/06\/Ritme_200x86.svg","caption":"RITME"},"image":{"@id":"https:\/\/ritme.com\/de\/#\/schema\/logo\/image\/"}}]}},"uagb_featured_image_src":{"full":["https:\/\/ritme.com\/wp-content\/uploads\/2021\/06\/Fichier-48-8.png",2234,1202,false],"thumbnail":["https:\/\/ritme.com\/wp-content\/uploads\/2021\/06\/Fichier-48-8-300x300.png",300,300,true],"medium":["https:\/\/ritme.com\/wp-content\/uploads\/2021\/06\/Fichier-48-8-500x269.png",500,269,true],"medium_large":["https:\/\/ritme.com\/wp-content\/uploads\/2021\/06\/Fichier-48-8-768x413.png",768,413,true],"large":["https:\/\/ritme.com\/wp-content\/uploads\/2021\/06\/Fichier-48-8-1024x551.png",1024,551,true],"1536x1536":["https:\/\/ritme.com\/wp-content\/uploads\/2021\/06\/Fichier-48-8-1536x826.png",1536,826,true],"2048x2048":["https:\/\/ritme.com\/wp-content\/uploads\/2021\/06\/Fichier-48-8-2048x1102.png",2048,1102,true]},"uagb_author_info":{"display_name":"Lila AIT ISSAD","author_link":"https:\/\/ritme.com\/de\/author\/adminritme\/"},"uagb_comment_info":0,"uagb_excerpt":"Pilotierung Unser Projektansatz stellt sicher, dass wir bei der&nbsp;Implementierung&nbsp;&nbsp;neuer Tools, Prozesse und F\u00e4higkeiten, die&nbsp;ma\u00dfgeschneiderte Unterst\u00fctzung ben\u00f6tigen, strukturiert, umfassend und agil vorgehen. Projektbeteiligte Zu einem erfolgreichen Integrationsprojekt geh\u00f6rt es, verschiedene Akteure innerhalb Ihrer Organisation an Bord zu holen, die wir in allen Aspekten zusammenarbeiten lassen, um den Erfolg der uns \u00fcbertragenen Aufgabe sicherzustellen: Beruf, damit die&hellip;","_links":{"self":[{"href":"https:\/\/ritme.com\/de\/wp-json\/wp\/v2\/pages\/9449","targetHints":{"allow":["GET"]}}],"collection":[{"href":"https:\/\/ritme.com\/de\/wp-json\/wp\/v2\/pages"}],"about":[{"href":"https:\/\/ritme.com\/de\/wp-json\/wp\/v2\/types\/page"}],"author":[{"embeddable":true,"href":"https:\/\/ritme.com\/de\/wp-json\/wp\/v2\/users\/2"}],"replies":[{"embeddable":true,"href":"https:\/\/ritme.com\/de\/wp-json\/wp\/v2\/comments?post=9449"}],"version-history":[{"count":1,"href":"https:\/\/ritme.com\/de\/wp-json\/wp\/v2\/pages\/9449\/revisions"}],"predecessor-version":[{"id":28135,"href":"https:\/\/ritme.com\/de\/wp-json\/wp\/v2\/pages\/9449\/revisions\/28135"}],"up":[{"embeddable":true,"href":"https:\/\/ritme.com\/de\/wp-json\/wp\/v2\/pages\/29512"}],"wp:featuredmedia":[{"embeddable":true,"href":"https:\/\/ritme.com\/de\/wp-json\/wp\/v2\/media\/11452"}],"wp:attachment":[{"href":"https:\/\/ritme.com\/de\/wp-json\/wp\/v2\/media?parent=9449"}],"curies":[{"name":"wp","href":"https:\/\/api.w.org\/{rel}","templated":true}]}}