{"id":9435,"date":"2021-04-26T13:34:15","date_gmt":"2021-04-26T11:34:15","guid":{"rendered":"https:\/\/ritme.com\/vos-besoins-a-la-loupe\/"},"modified":"2021-06-11T15:49:05","modified_gmt":"2021-06-11T13:49:05","slug":"ihre-bedurfnisse-unter-dem-mikroskop","status":"publish","type":"page","link":"https:\/\/ritme.com\/de\/loesungen\/ihre-bedurfnisse-unter-dem-mikroskop\/","title":{"rendered":"Ihre Bed\u00fcrfnisse unter dem Mikroskop"},"content":{"rendered":"\n<h2 class=\"has-text-align-center wp-block-heading\"><span class=\"has-inline-color has-ritme-black-color\">Identifikation<\/span><\/h2>\n\n\n\n<p class=\"has-text-align-center\"><strong><span class=\"has-inline-color has-ritme-black-color\">Die Ermittlung Ihres Bedarfs ist die unabdingbare Voraussetzung f\u00fcr den Start eines jeden Support-Projekts. Durch zahlreiche Austausche und Projekte haben sich eine Reihe von Bed\u00fcrfnissen herauskristallisiert, die sich wie folgt zusammenfassen lassen<\/span><\/strong><\/p>\n\n\n\n<div class=\"wp-block-getwid-advanced-spacer\" style=\"height:20px\" aria-hidden=\"true\"><\/div>\n\n\n\n<section class=\"wp-block-uagb-columns uagb-columns__wrap uagb-columns__background-undefined uagb-columns__stack-mobile uagb-columns__valign-undefined uagb-columns__gap-10 alignundefined uagb-block-ee4e72f8\"><div class=\"uagb-columns__overlay\"><\/div><div class=\"uagb-columns__inner-wrap uagb-columns__columns-2\">\n<div class=\"wp-block-uagb-column uagb-column__wrap uagb-column__background-undefined uagb-block-e0de6f66\"><div class=\"uagb-column__overlay\"><\/div><div class=\"uagb-column__inner-wrap\">\n<div class=\"wp-block-getwid-advanced-spacer\" style=\"height:20px\" aria-hidden=\"true\"><\/div>\n\n\n\n<figure class=\"wp-block-image size-large is-style-default\"><img loading=\"lazy\" decoding=\"async\" width=\"1024\" height=\"733\" src=\"https:\/\/ritme.com\/wp-content\/uploads\/2021\/05\/Vos-besoins-8-1024x733.png\" alt=\"\" class=\"wp-image-8781\" srcset=\"https:\/\/ritme.com\/wp-content\/uploads\/2021\/05\/Vos-besoins-8-1024x733.png 1024w, https:\/\/ritme.com\/wp-content\/uploads\/2021\/05\/Vos-besoins-8-500x358.png 500w, https:\/\/ritme.com\/wp-content\/uploads\/2021\/05\/Vos-besoins-8-768x550.png 768w, https:\/\/ritme.com\/wp-content\/uploads\/2021\/05\/Vos-besoins-8-1536x1100.png 1536w, https:\/\/ritme.com\/wp-content\/uploads\/2021\/05\/Vos-besoins-8-2048x1467.png 2048w\" sizes=\"auto, (max-width: 1024px) 100vw, 1024px\" \/><\/figure>\n<\/div><\/div>\n\n\n\n<div class=\"wp-block-uagb-column uagb-column__wrap uagb-column__background-undefined uagb-block-86d3d133\"><div class=\"uagb-column__overlay\"><\/div><div class=\"uagb-column__inner-wrap\">\n<ul class=\"wp-block-list\"><li>Lassen Sie sich bei der Wahl der richtigen L\u00f6sung beraten<\/li><li>Sich \u00fcber den effektiven Qualit\u00e4ts- oder Produktivit\u00e4tsgewinn der L\u00f6sung zu vergewissern<\/li><li>Unterst\u00fctzung bei der organisatorischen Ver\u00e4nderung, die die Implementierung einer neuen Softwarel\u00f6sung mit sich bringt<\/li><li>Um die mit dem Einsatz der Software verbundenen Risiken verhindern zu k\u00f6nnen<\/li><li>Gelassenheit, um die Adh\u00e4sion der Benutzer zu erleichtern, deren Rollen und Verantwortlichkeiten sich \u00e4ndern k\u00f6nnen<\/li><li>Begleitet werden, um die Benutzer an den Werkzeugen zu schulen und sie schrittweise autonom zu machen<\/li><li>In der Lage sein, die betrieblichen Bed\u00fcrfnisse der Anwender zu erfassen, um die Software weiterzuentwickeln<\/li><li>unterst\u00fctzt werden, um die Anpassung der Organisation und den Einsatz der Software zu bew\u00e4ltigen<\/li><li>Soll im Laufe der Zeit unterst\u00fctzt werden, um die L\u00f6sung und ihre Verwendung zu optimieren<\/li><\/ul>\n<\/div><\/div>\n<\/div><\/section>\n\n\n\n<div class=\"wp-block-getwid-advanced-spacer\" style=\"height:50px\" aria-hidden=\"true\"><\/div>\n\n\n\n<h2 class=\"has-text-align-center wp-block-heading\"><span class=\"has-inline-color has-ritme-black-color\">Projekte<\/span><\/h2>\n\n\n\n<p class=\"has-text-align-center\"><strong><span class=\"has-inline-color has-ritme-black-color\">Wir erstellen Projekte, die Ihren Anforderungen entsprechen, mit den folgenden Tools und Dienstleistungen:<\/span><\/strong><\/p>\n\n\n\n<div class=\"wp-block-getwid-advanced-spacer\" style=\"height:20px\" aria-hidden=\"true\"><\/div>\n\n\n\n<section class=\"wp-block-uagb-columns uagb-columns__wrap uagb-columns__background-undefined uagb-columns__stack-mobile uagb-columns__valign-undefined uagb-columns__gap-10 alignundefined uagb-block-6e46cce6\"><div class=\"uagb-columns__overlay\"><\/div><div class=\"uagb-columns__inner-wrap uagb-columns__columns-3\">\n<div class=\"wp-block-uagb-column uagb-column__wrap uagb-column__background-color uagb-block-be49ec08\"><div class=\"uagb-column__overlay\"><\/div><div class=\"uagb-column__inner-wrap\">\n<h3 class=\"has-text-align-center wp-block-heading\"><span class=\"has-inline-color has-ritme-black-color\">Software<\/span><\/h3>\n\n\n\n<div class=\"wp-block-getwid-advanced-spacer\" style=\"height:20px\" aria-hidden=\"true\"><\/div>\n\n\n\n<ul class=\"wp-block-list\"><li>Bestandsaufnahme Ihrer Werkzeuge, F\u00e4higkeiten und Ressourcen<\/li><li>Identifizierung Ihrer Bed\u00fcrfnisse und Ziele, St\u00e4rken und Schw\u00e4chen<\/li><li>Auswahl der relevantesten L\u00f6sungen<\/li><li>Pr\u00e4sentation und Demonstration des\/der Tools<\/li><li>Bereitstellung einer Testversion und Support<\/li><li>Auswahl an Lizenzmodi, angepasst an Ihre Anwendungen und Ihr Budget<\/li><li>Schnelle Lieferung und historische Nachverfolgung von Auftr\u00e4gen<\/li><\/ul>\n<\/div><\/div>\n\n\n\n<div class=\"wp-block-uagb-column uagb-column__wrap uagb-column__background-color uagb-block-aea0e3fa\"><div class=\"uagb-column__overlay\"><\/div><div class=\"uagb-column__inner-wrap\">\n<h3 class=\"has-text-align-center wp-block-heading\"><span class=\"has-inline-color has-ritme-black-color\">Spezifische Entwicklungen und Anpassungen <\/span><\/h3>\n\n\n\n<div class=\"wp-block-getwid-advanced-spacer\" style=\"height:20px\" aria-hidden=\"true\"><\/div>\n\n\n\n<ul class=\"wp-block-list\"><li>Sammlung von zus\u00e4tzlichen Anpassungen f\u00fcr spezifische Entwicklungen<\/li><li>Erarbeitung und Validierung von Spezifikationen<\/li><li>Kalkulation und Planung<\/li><li>Nachbereitung des Entwicklungsprojekts und Abnahmetests<\/li><li>Integration: Datenwiederherstellung und Migration<\/li><li>\u00dcberwachung und Weiterentwicklung der L\u00f6sung<\/li><\/ul>\n<\/div><\/div>\n\n\n\n<div class=\"wp-block-uagb-column uagb-column__wrap uagb-column__background-color uagb-block-979b3d2f\"><div class=\"uagb-column__overlay\"><\/div><div class=\"uagb-column__inner-wrap\">\n<h3 class=\"has-text-align-center wp-block-heading\"><span class=\"has-inline-color has-ritme-black-color\">Support &amp; Datensicherheit<\/span><\/h3>\n\n\n\n<div class=\"wp-block-getwid-advanced-spacer\" style=\"height:20px\" aria-hidden=\"true\"><\/div>\n\n\n\n<ul class=\"wp-block-list\"><li>Technische Unterst\u00fctzung auf verschiedenen Ebenen<\/li><li>Datenschutz<\/li><li>Lokales oder SaaS-Hosting (Amazon oder OVH, in Europa oder den USA)<\/li><li>Implementierung eines Backups<\/li><\/ul>\n<\/div><\/div>\n<\/div><\/section>\n\n\n\n<section class=\"wp-block-uagb-columns uagb-columns__wrap uagb-columns__background-undefined uagb-columns__stack-mobile uagb-columns__valign-undefined uagb-columns__gap-10 alignundefined uagb-block-e67bef5c\"><div class=\"uagb-columns__overlay\"><\/div><div class=\"uagb-columns__inner-wrap uagb-columns__columns-3\">\n<div class=\"wp-block-uagb-column uagb-column__wrap uagb-column__background-color uagb-block-3ad589b4\"><div class=\"uagb-column__overlay\"><\/div><div class=\"uagb-column__inner-wrap\">\n<h3 class=\"has-text-align-center wp-block-heading\"><span class=\"has-inline-color has-ritme-black-color\">Qualit\u00e4t &amp; Regulierung<\/span><\/h3>\n\n\n\n<div class=\"wp-block-getwid-advanced-spacer\" style=\"height:20px\" aria-hidden=\"true\"><\/div>\n\n\n\n<ul class=\"wp-block-list\"><li>Pr\u00fcfpfad<\/li><li>Installation, Betrieb <\/li><li>Einhaltung von Normen (GXP, CFR Part 11, Iso27001,\u2026)<\/li><\/ul>\n<\/div><\/div>\n\n\n\n<div class=\"wp-block-uagb-column uagb-column__wrap uagb-column__background-color uagb-block-1fb34218\"><div class=\"uagb-column__overlay\"><\/div><div class=\"uagb-column__inner-wrap\">\n<h3 class=\"has-text-align-center wp-block-heading\"><span class=\"has-inline-color has-ritme-black-color\">Strategie &amp; Organisation<\/span><\/h3>\n\n\n\n<div class=\"wp-block-getwid-advanced-spacer\" style=\"height:20px\" aria-hidden=\"true\"><\/div>\n\n\n\n<ul class=\"wp-block-list\"><li>Prozessoptimierung<\/li><li>Organisatorische Auswirkungen (Ressourcen, F\u00e4higkeiten, Arbeitsabl\u00e4ufe, etc.)<\/li><li>Unterst\u00fctzung f\u00fcr Change Management<\/li><\/ul>\n<\/div><\/div>\n\n\n\n<div class=\"wp-block-uagb-column uagb-column__wrap uagb-column__background-color uagb-block-f254bdc8\"><div class=\"uagb-column__overlay\"><\/div><div class=\"uagb-column__inner-wrap\">\n<h3 class=\"has-text-align-center wp-block-heading\"><span class=\"has-inline-color has-ritme-black-color\">Kompetenztransfer und Schulung<\/span><\/h3>\n\n\n\n<div class=\"wp-block-getwid-advanced-spacer\" style=\"height:20px\" aria-hidden=\"true\"><\/div>\n\n\n\n<ul class=\"wp-block-list\"><li>Software-Schulung<\/li><li>Business-Schulung<\/li><li>Beratung, Expertise und Coaching<\/li><\/ul>\n<\/div><\/div>\n<\/div><\/section>\n\n\n\n<div class=\"wp-block-getwid-advanced-spacer getwid-hide-tablet getwid-hide-mobile\" style=\"height:100px\" aria-hidden=\"true\"><\/div>\n\n\n\n<div class=\"decor-bg-wrapper fullwidth type_1\"><div class=\"decor-element\" style=\"top:75px\"><div class=\"container\"><div class=\"colors\"> <\/div><\/div><\/div><\/div>\n\n\n\n<section class=\"wp-block-uagb-section uagb-section__wrap uagb-section__background-color uagb-block-579ac04f cta-type-1 custom-shadow\"><div class=\"uagb-section__overlay\"><\/div><div class=\"uagb-section__inner-wrap\">\n<h3 class=\"has-text-align-center wp-block-heading\"><em>Unsere F\u00e4higkeit, Ihre Erwartungen in pr\u00e4zise Ziele zu \u00fcbersetzen, einem Projekt Gestalt zu geben, das die vielf\u00e4ltigen Facetten Ihres Umfelds &#8211; technisch, organisatorisch, menschlich &#8211; ber\u00fccksichtigt, ist zu unserer St\u00e4rke und unserem Markenzeichen geworden.<\/em><\/h3>\n<\/div><\/section>\n\n\n\n<section class=\"wp-block-uagb-section uagb-section__wrap uagb-section__background-undefined uagb-block-5c090502 section-video custom-shadow\"><div class=\"uagb-section__overlay\"><\/div><div class=\"uagb-section__inner-wrap\"><\/div><\/section>\n\n\n\n<div class=\"wp-block-getwid-advanced-spacer getwid-hide-tablet getwid-hide-mobile\" style=\"height:30px\" aria-hidden=\"true\"><\/div>\n\n\n\n<section class=\"wp-block-uagb-section uagb-section__wrap uagb-section__background-undefined uagb-block-be7f7cac custom-slider\"><div class=\"uagb-section__overlay\"><\/div><div class=\"uagb-section__inner-wrap\"><\/div><\/section>\n\n\n\n<section class=\"wp-block-uagb-section uagb-section__wrap uagb-section__background-undefined uagb-block-ed7d8f4d custom-table custom-shadow\"><div class=\"uagb-section__overlay\"><\/div><div class=\"uagb-section__inner-wrap\"><\/div><\/section>\n","protected":false},"excerpt":{"rendered":"<p>Identifikation Die Ermittlung Ihres Bedarfs ist die unabdingbare Voraussetzung f\u00fcr den Start eines jeden Support-Projekts. Durch zahlreiche Austausche und Projekte haben sich eine Reihe von Bed\u00fcrfnissen herauskristallisiert, die sich wie folgt zusammenfassen lassen Lassen Sie sich bei der Wahl der richtigen L\u00f6sung beraten Sich \u00fcber den effektiven Qualit\u00e4ts- oder Produktivit\u00e4tsgewinn der L\u00f6sung zu vergewissern Unterst\u00fctzung [&hellip;]<\/p>\n","protected":false},"author":2,"featured_media":11482,"parent":7539,"menu_order":236,"comment_status":"closed","ping_status":"closed","template":"","meta":{"_acf_changed":false,"inline_featured_image":false,"_uag_custom_page_level_css":"","footnotes":""},"class_list":["post-9435","page","type-page","status-publish","has-post-thumbnail","hentry"],"acf":[],"yoast_head":"<!-- This site is optimized with the Yoast SEO plugin v26.9 - https:\/\/yoast.com\/product\/yoast-seo-wordpress\/ -->\n<title>Ihre Bed\u00fcrfnisse unter dem Mikroskop - RITME<\/title>\n<meta name=\"description\" content=\"Bei RITME erstellen wir Projekte, die Ihren Anforderungen entsprechen, indem wir die am besten geeigneten Werkzeuge und Dienstleistungen einsetzen.\" \/>\n<meta name=\"robots\" content=\"index, follow, max-snippet:-1, max-image-preview:large, max-video-preview:-1\" \/>\n<link rel=\"canonical\" href=\"https:\/\/ritme.com\/de\/loesungen\/ihre-bedurfnisse-unter-dem-mikroskop\/\" \/>\n<meta property=\"og:locale\" content=\"de_DE\" \/>\n<meta property=\"og:type\" content=\"article\" \/>\n<meta property=\"og:title\" content=\"Ihre Bed\u00fcrfnisse unter dem Mikroskop - RITME\" \/>\n<meta property=\"og:description\" content=\"Bei RITME erstellen wir Projekte, die Ihren Anforderungen entsprechen, indem wir die am besten geeigneten Werkzeuge und Dienstleistungen einsetzen.\" \/>\n<meta property=\"og:url\" content=\"https:\/\/ritme.com\/de\/loesungen\/ihre-bedurfnisse-unter-dem-mikroskop\/\" \/>\n<meta property=\"og:site_name\" content=\"RITME\" \/>\n<meta property=\"article:modified_time\" content=\"2021-06-11T13:49:05+00:00\" \/>\n<meta property=\"og:image\" content=\"https:\/\/ritme.com\/wp-content\/uploads\/2021\/06\/Vos-besoins_1-8.png\" \/>\n\t<meta property=\"og:image:width\" content=\"1658\" \/>\n\t<meta property=\"og:image:height\" content=\"1194\" \/>\n\t<meta property=\"og:image:type\" content=\"image\/png\" \/>\n<meta name=\"twitter:card\" content=\"summary_large_image\" \/>\n<meta name=\"twitter:label1\" content=\"Gesch\u00e4tzte Lesezeit\" \/>\n\t<meta name=\"twitter:data1\" content=\"2\u00a0Minuten\" \/>\n<script type=\"application\/ld+json\" class=\"yoast-schema-graph\">{\"@context\":\"https:\/\/schema.org\",\"@graph\":[{\"@type\":\"WebPage\",\"@id\":\"https:\/\/ritme.com\/de\/loesungen\/ihre-bedurfnisse-unter-dem-mikroskop\/\",\"url\":\"https:\/\/ritme.com\/de\/loesungen\/ihre-bedurfnisse-unter-dem-mikroskop\/\",\"name\":\"Ihre Bed\u00fcrfnisse unter dem Mikroskop - RITME\",\"isPartOf\":{\"@id\":\"https:\/\/ritme.com\/de\/#website\"},\"primaryImageOfPage\":{\"@id\":\"https:\/\/ritme.com\/de\/loesungen\/ihre-bedurfnisse-unter-dem-mikroskop\/#primaryimage\"},\"image\":{\"@id\":\"https:\/\/ritme.com\/de\/loesungen\/ihre-bedurfnisse-unter-dem-mikroskop\/#primaryimage\"},\"thumbnailUrl\":\"https:\/\/ritme.com\/wp-content\/uploads\/2021\/06\/Vos-besoins_1-8.png\",\"datePublished\":\"2021-04-26T11:34:15+00:00\",\"dateModified\":\"2021-06-11T13:49:05+00:00\",\"description\":\"Bei RITME erstellen wir Projekte, die Ihren Anforderungen entsprechen, indem wir die am besten geeigneten Werkzeuge und Dienstleistungen einsetzen.\",\"breadcrumb\":{\"@id\":\"https:\/\/ritme.com\/de\/loesungen\/ihre-bedurfnisse-unter-dem-mikroskop\/#breadcrumb\"},\"inLanguage\":\"de\",\"potentialAction\":[{\"@type\":\"ReadAction\",\"target\":[\"https:\/\/ritme.com\/de\/loesungen\/ihre-bedurfnisse-unter-dem-mikroskop\/\"]}]},{\"@type\":\"ImageObject\",\"inLanguage\":\"de\",\"@id\":\"https:\/\/ritme.com\/de\/loesungen\/ihre-bedurfnisse-unter-dem-mikroskop\/#primaryimage\",\"url\":\"https:\/\/ritme.com\/wp-content\/uploads\/2021\/06\/Vos-besoins_1-8.png\",\"contentUrl\":\"https:\/\/ritme.com\/wp-content\/uploads\/2021\/06\/Vos-besoins_1-8.png\",\"width\":1658,\"height\":1194},{\"@type\":\"BreadcrumbList\",\"@id\":\"https:\/\/ritme.com\/de\/loesungen\/ihre-bedurfnisse-unter-dem-mikroskop\/#breadcrumb\",\"itemListElement\":[{\"@type\":\"ListItem\",\"position\":1,\"name\":\"Startseite\",\"item\":\"https:\/\/ritme.com\/de\/\"},{\"@type\":\"ListItem\",\"position\":2,\"name\":\"L\u00f6sungen\",\"item\":\"https:\/\/ritme.com\/de\/loesungen\/\"},{\"@type\":\"ListItem\",\"position\":3,\"name\":\"Ihre Bed\u00fcrfnisse unter dem Mikroskop\"}]},{\"@type\":\"WebSite\",\"@id\":\"https:\/\/ritme.com\/de\/#website\",\"url\":\"https:\/\/ritme.com\/de\/\",\"name\":\"RITME\",\"description\":\"Der strategische Partner von Forschungsteams\",\"publisher\":{\"@id\":\"https:\/\/ritme.com\/de\/#organization\"},\"potentialAction\":[{\"@type\":\"SearchAction\",\"target\":{\"@type\":\"EntryPoint\",\"urlTemplate\":\"https:\/\/ritme.com\/de\/?s={search_term_string}\"},\"query-input\":{\"@type\":\"PropertyValueSpecification\",\"valueRequired\":true,\"valueName\":\"search_term_string\"}}],\"inLanguage\":\"de\"},{\"@type\":\"Organization\",\"@id\":\"https:\/\/ritme.com\/de\/#organization\",\"name\":\"RITME\",\"url\":\"https:\/\/ritme.com\/de\/\",\"logo\":{\"@type\":\"ImageObject\",\"inLanguage\":\"de\",\"@id\":\"https:\/\/ritme.com\/de\/#\/schema\/logo\/image\/\",\"url\":\"https:\/\/ritme.com\/wp-content\/uploads\/2021\/06\/Ritme_200x86.svg\",\"contentUrl\":\"https:\/\/ritme.com\/wp-content\/uploads\/2021\/06\/Ritme_200x86.svg\",\"caption\":\"RITME\"},\"image\":{\"@id\":\"https:\/\/ritme.com\/de\/#\/schema\/logo\/image\/\"}}]}<\/script>\n<!-- \/ Yoast SEO plugin. -->","yoast_head_json":{"title":"Ihre Bed\u00fcrfnisse unter dem Mikroskop - RITME","description":"Bei RITME erstellen wir Projekte, die Ihren Anforderungen entsprechen, indem wir die am besten geeigneten Werkzeuge und Dienstleistungen einsetzen.","robots":{"index":"index","follow":"follow","max-snippet":"max-snippet:-1","max-image-preview":"max-image-preview:large","max-video-preview":"max-video-preview:-1"},"canonical":"https:\/\/ritme.com\/de\/loesungen\/ihre-bedurfnisse-unter-dem-mikroskop\/","og_locale":"de_DE","og_type":"article","og_title":"Ihre Bed\u00fcrfnisse unter dem Mikroskop - RITME","og_description":"Bei RITME erstellen wir Projekte, die Ihren Anforderungen entsprechen, indem wir die am besten geeigneten Werkzeuge und Dienstleistungen einsetzen.","og_url":"https:\/\/ritme.com\/de\/loesungen\/ihre-bedurfnisse-unter-dem-mikroskop\/","og_site_name":"RITME","article_modified_time":"2021-06-11T13:49:05+00:00","og_image":[{"width":1658,"height":1194,"url":"https:\/\/ritme.com\/wp-content\/uploads\/2021\/06\/Vos-besoins_1-8.png","type":"image\/png"}],"twitter_card":"summary_large_image","twitter_misc":{"Gesch\u00e4tzte Lesezeit":"2\u00a0Minuten"},"schema":{"@context":"https:\/\/schema.org","@graph":[{"@type":"WebPage","@id":"https:\/\/ritme.com\/de\/loesungen\/ihre-bedurfnisse-unter-dem-mikroskop\/","url":"https:\/\/ritme.com\/de\/loesungen\/ihre-bedurfnisse-unter-dem-mikroskop\/","name":"Ihre Bed\u00fcrfnisse unter dem Mikroskop - RITME","isPartOf":{"@id":"https:\/\/ritme.com\/de\/#website"},"primaryImageOfPage":{"@id":"https:\/\/ritme.com\/de\/loesungen\/ihre-bedurfnisse-unter-dem-mikroskop\/#primaryimage"},"image":{"@id":"https:\/\/ritme.com\/de\/loesungen\/ihre-bedurfnisse-unter-dem-mikroskop\/#primaryimage"},"thumbnailUrl":"https:\/\/ritme.com\/wp-content\/uploads\/2021\/06\/Vos-besoins_1-8.png","datePublished":"2021-04-26T11:34:15+00:00","dateModified":"2021-06-11T13:49:05+00:00","description":"Bei RITME erstellen wir Projekte, die Ihren Anforderungen entsprechen, indem wir die am besten geeigneten Werkzeuge und Dienstleistungen einsetzen.","breadcrumb":{"@id":"https:\/\/ritme.com\/de\/loesungen\/ihre-bedurfnisse-unter-dem-mikroskop\/#breadcrumb"},"inLanguage":"de","potentialAction":[{"@type":"ReadAction","target":["https:\/\/ritme.com\/de\/loesungen\/ihre-bedurfnisse-unter-dem-mikroskop\/"]}]},{"@type":"ImageObject","inLanguage":"de","@id":"https:\/\/ritme.com\/de\/loesungen\/ihre-bedurfnisse-unter-dem-mikroskop\/#primaryimage","url":"https:\/\/ritme.com\/wp-content\/uploads\/2021\/06\/Vos-besoins_1-8.png","contentUrl":"https:\/\/ritme.com\/wp-content\/uploads\/2021\/06\/Vos-besoins_1-8.png","width":1658,"height":1194},{"@type":"BreadcrumbList","@id":"https:\/\/ritme.com\/de\/loesungen\/ihre-bedurfnisse-unter-dem-mikroskop\/#breadcrumb","itemListElement":[{"@type":"ListItem","position":1,"name":"Startseite","item":"https:\/\/ritme.com\/de\/"},{"@type":"ListItem","position":2,"name":"L\u00f6sungen","item":"https:\/\/ritme.com\/de\/loesungen\/"},{"@type":"ListItem","position":3,"name":"Ihre Bed\u00fcrfnisse unter dem Mikroskop"}]},{"@type":"WebSite","@id":"https:\/\/ritme.com\/de\/#website","url":"https:\/\/ritme.com\/de\/","name":"RITME","description":"Der strategische Partner von Forschungsteams","publisher":{"@id":"https:\/\/ritme.com\/de\/#organization"},"potentialAction":[{"@type":"SearchAction","target":{"@type":"EntryPoint","urlTemplate":"https:\/\/ritme.com\/de\/?s={search_term_string}"},"query-input":{"@type":"PropertyValueSpecification","valueRequired":true,"valueName":"search_term_string"}}],"inLanguage":"de"},{"@type":"Organization","@id":"https:\/\/ritme.com\/de\/#organization","name":"RITME","url":"https:\/\/ritme.com\/de\/","logo":{"@type":"ImageObject","inLanguage":"de","@id":"https:\/\/ritme.com\/de\/#\/schema\/logo\/image\/","url":"https:\/\/ritme.com\/wp-content\/uploads\/2021\/06\/Ritme_200x86.svg","contentUrl":"https:\/\/ritme.com\/wp-content\/uploads\/2021\/06\/Ritme_200x86.svg","caption":"RITME"},"image":{"@id":"https:\/\/ritme.com\/de\/#\/schema\/logo\/image\/"}}]}},"uagb_featured_image_src":{"full":["https:\/\/ritme.com\/wp-content\/uploads\/2021\/06\/Vos-besoins_1-8.png",1658,1194,false],"thumbnail":["https:\/\/ritme.com\/wp-content\/uploads\/2021\/06\/Vos-besoins_1-8-300x300.png",300,300,true],"medium":["https:\/\/ritme.com\/wp-content\/uploads\/2021\/06\/Vos-besoins_1-8-500x360.png",500,360,true],"medium_large":["https:\/\/ritme.com\/wp-content\/uploads\/2021\/06\/Vos-besoins_1-8-768x553.png",768,553,true],"large":["https:\/\/ritme.com\/wp-content\/uploads\/2021\/06\/Vos-besoins_1-8-1024x737.png",1024,737,true],"1536x1536":["https:\/\/ritme.com\/wp-content\/uploads\/2021\/06\/Vos-besoins_1-8-1536x1106.png",1536,1106,true],"2048x2048":["https:\/\/ritme.com\/wp-content\/uploads\/2021\/06\/Vos-besoins_1-8.png",1658,1194,false]},"uagb_author_info":{"display_name":"Lila AIT ISSAD","author_link":"https:\/\/ritme.com\/de\/author\/adminritme\/"},"uagb_comment_info":0,"uagb_excerpt":"Identifikation Die Ermittlung Ihres Bedarfs ist die unabdingbare Voraussetzung f\u00fcr den Start eines jeden Support-Projekts. Durch zahlreiche Austausche und Projekte haben sich eine Reihe von Bed\u00fcrfnissen herauskristallisiert, die sich wie folgt zusammenfassen lassen Lassen Sie sich bei der Wahl der richtigen L\u00f6sung beraten Sich \u00fcber den effektiven Qualit\u00e4ts- oder Produktivit\u00e4tsgewinn der L\u00f6sung zu vergewissern Unterst\u00fctzung&hellip;","_links":{"self":[{"href":"https:\/\/ritme.com\/de\/wp-json\/wp\/v2\/pages\/9435","targetHints":{"allow":["GET"]}}],"collection":[{"href":"https:\/\/ritme.com\/de\/wp-json\/wp\/v2\/pages"}],"about":[{"href":"https:\/\/ritme.com\/de\/wp-json\/wp\/v2\/types\/page"}],"author":[{"embeddable":true,"href":"https:\/\/ritme.com\/de\/wp-json\/wp\/v2\/users\/2"}],"replies":[{"embeddable":true,"href":"https:\/\/ritme.com\/de\/wp-json\/wp\/v2\/comments?post=9435"}],"version-history":[{"count":0,"href":"https:\/\/ritme.com\/de\/wp-json\/wp\/v2\/pages\/9435\/revisions"}],"up":[{"embeddable":true,"href":"https:\/\/ritme.com\/de\/wp-json\/wp\/v2\/pages\/7539"}],"wp:featuredmedia":[{"embeddable":true,"href":"https:\/\/ritme.com\/de\/wp-json\/wp\/v2\/media\/11482"}],"wp:attachment":[{"href":"https:\/\/ritme.com\/de\/wp-json\/wp\/v2\/media?parent=9435"}],"curies":[{"name":"wp","href":"https:\/\/api.w.org\/{rel}","templated":true}]}}