{"id":7561,"date":"2021-03-12T16:33:07","date_gmt":"2021-03-12T15:33:07","guid":{"rendered":"https:\/\/ritme.com\/formations\/"},"modified":"2022-01-28T14:41:14","modified_gmt":"2022-01-28T13:41:14","slug":"schulung","status":"publish","type":"page","link":"https:\/\/ritme.com\/de\/schulung\/","title":{"rendered":"Training"},"content":{"rendered":"\n<section class=\"wp-block-uagb-columns uagb-columns__wrap uagb-columns__background-undefined uagb-columns__stack-mobile uagb-columns__valign-undefined uagb-columns__gap-10 alignundefined uagb-block-84a49092 text-card custom-shadow valign-center\"><div class=\"uagb-columns__overlay\"><\/div><div class=\"uagb-columns__inner-wrap uagb-columns__columns-2\">\n<div class=\"wp-block-uagb-column uagb-column__wrap uagb-column__background-undefined uagb-block-808bf040\"><div class=\"uagb-column__overlay\"><\/div><div class=\"uagb-column__inner-wrap\">\n<div class=\"wp-block-getwid-section getwid-margin-top-none getwid-margin-bottom-small\"><div class=\"wp-block-getwid-section__wrapper getwid-padding-top-none getwid-padding-left-none getwid-padding-right-none getwid-margin-left-none getwid-margin-right-none\" style=\"min-height:0px\"><div class=\"wp-block-getwid-section__inner-wrapper\"><div class=\"wp-block-getwid-section__background-holder\"><div class=\"wp-block-getwid-section__background\"><\/div><div class=\"wp-block-getwid-section__foreground\"><\/div><\/div><div class=\"wp-block-getwid-section__content\"><div class=\"wp-block-getwid-section__inner-content\">\n<div class=\"wp-block-image is-style-default\"><figure class=\"aligncenter size-large\"><img loading=\"lazy\" decoding=\"async\" width=\"1024\" height=\"427\" src=\"https:\/\/ritme.com\/wp-content\/uploads\/2022\/01\/Logo-OF-1024x427.png\" alt=\"\" class=\"wp-image-21355\" srcset=\"https:\/\/ritme.com\/wp-content\/uploads\/2022\/01\/Logo-OF-1024x427.png 1024w, https:\/\/ritme.com\/wp-content\/uploads\/2022\/01\/Logo-OF-500x209.png 500w, https:\/\/ritme.com\/wp-content\/uploads\/2022\/01\/Logo-OF-768x321.png 768w, https:\/\/ritme.com\/wp-content\/uploads\/2022\/01\/Logo-OF.png 1114w\" sizes=\"auto, (max-width: 1024px) 100vw, 1024px\" \/><\/figure><\/div>\n<\/div><\/div><\/div><\/div><\/div>\n<\/div><\/div>\n\n\n\n<div class=\"wp-block-uagb-column uagb-column__wrap uagb-column__background-undefined uagb-block-07a86c45\"><div class=\"uagb-column__overlay\"><\/div><div class=\"uagb-column__inner-wrap\">\n<h2 class=\"wp-block-heading\"><strong><strong>QUALIOPI-Zertifizierung<\/strong><\/strong><\/h2>\n\n\n\n<p><strong>RITME Academy<\/strong> ist eine Ausbildungsorganisation, die einen kontinuierlichen Prozess durchl\u00e4uft, um die Exzellenz ihrer <meta charset=\"utf-8\"><a href=\"https:\/\/ritme.com\/de\/schulung\/schulungskalender\/\">Ausbildungsleistungen<\/a> f\u00fcr Akteure aus Wissenschaft und Forschung zu gew\u00e4hrleisten. In diesem Zusammenhang ist RITME nunmehr f\u00fcr seine Ausbildungsma\u00dfnahmen <meta charset=\"utf-8\"><strong><a href=\"https:\/\/www.francecompetences.fr\/qualite\/\"><span class=\"has-inline-color has-ritme-blue-color\">QUALIOPI-<\/span><\/a><a href=\"https:\/\/www.francecompetences.fr\/qualite\/\" target=\"_blank\" rel=\"noreferrer noopener\"><span class=\"has-inline-color has-ritme-blue-color\">zertifiziert<\/span><\/a><\/strong>.<\/p>\n\n\n\n<p>Eine sch\u00f6ne Auszeichnung, die die Qualit\u00e4t unseres Prozesses zur Umsetzung von Ma\u00dfnahmen, die zur Entwicklung von Kompetenzen beitragen, belegt.<\/p>\n\n\n\n<div class=\"wp-block-getwid-section getwid-margin-top-none getwid-margin-bottom-none\"><div class=\"wp-block-getwid-section__wrapper getwid-padding-bottom-medium getwid-padding-right-none getwid-margin-left-none getwid-margin-right-none\" style=\"padding-left:5px\"><div class=\"wp-block-getwid-section__inner-wrapper\"><div class=\"wp-block-getwid-section__background-holder\"><div class=\"wp-block-getwid-section__background\"><\/div><div class=\"wp-block-getwid-section__foreground\"><\/div><\/div><div class=\"wp-block-getwid-section__content\"><div class=\"wp-block-getwid-section__inner-content\">\n<p class=\"has-text-align-right read-more\"><a href=\"https:\/\/ritme.com\/de\/schulung\/unser-auftrag\/\">MEHR<\/a><\/p>\n<\/div><\/div><\/div><\/div><\/div>\n<\/div><\/div>\n<\/div><\/section>\n\n\n\n<div class=\"wp-block-getwid-advanced-spacer\" style=\"height:100px\" aria-hidden=\"true\"><\/div>\n\n\n\n<section class=\"wp-block-uagb-columns uagb-columns__wrap uagb-columns__background-undefined uagb-columns__stack-tablet uagb-columns__valign-undefined uagb-columns__gap-0 alignundefined uagb-block-db178a38 three-text-cards\"><div class=\"uagb-columns__overlay\"><\/div><div class=\"uagb-columns__inner-wrap uagb-columns__columns-3\">\n<div class=\"wp-block-uagb-column uagb-column__wrap uagb-column__background-undefined uagb-block-905dff4f\"><div class=\"uagb-column__overlay\"><\/div><div class=\"uagb-column__inner-wrap\">\n<section class=\"wp-block-uagb-section uagb-section__wrap uagb-section__background-color uagb-block-764b26f4 text-card custom-shadow\"><div class=\"uagb-section__overlay\"><\/div><div class=\"uagb-section__inner-wrap\">\n<div class=\"wp-block-getwid-section icon-wrapper getwid-margin-top-none getwid-margin-bottom-none getwid-section-content-custom-width\"><div class=\"wp-block-getwid-section__wrapper getwid-padding-top-none getwid-padding-bottom-none getwid-padding-left-none getwid-padding-right-none getwid-margin-left-none getwid-margin-right-none\" style=\"min-height:65px\"><div class=\"wp-block-getwid-section__inner-wrapper\" style=\"max-width:65px\"><div class=\"wp-block-getwid-section__background-holder\"><div class=\"wp-block-getwid-section__background has-background has-ritme-yellow-background-color\"><\/div><div class=\"wp-block-getwid-section__foreground\"><\/div><\/div><div class=\"wp-block-getwid-section__content\"><div class=\"wp-block-getwid-section__inner-content\">\n<figure class=\"wp-block-image size-large is-style-default\"><img loading=\"lazy\" decoding=\"async\" width=\"65\" height=\"65\" src=\"https:\/\/ritme.com\/wp-content\/uploads\/2021\/03\/icon-brain-1.png\" alt=\"\" class=\"wp-image-7575\"\/><\/figure>\n<\/div><\/div><\/div><\/div><\/div>\n\n\n\n<h4 class=\"wp-block-heading\">Unsere Mission<\/h4>\n\n\n\n<p>Damit Sie sich neue F\u00e4higkeiten aneignen, Ihr Wissen verfeinern und Ihre Praktiken auf den neuesten Stand bringen k\u00f6nnen, um in Ihrer Forschung zu gl\u00e4nzen.<\/p>\n\n\n\n<p class=\"has-text-align-right read-more\"><a href=\"https:\/\/ritme.com\/de\/schulung\/unser-auftrag\/\">Mehr dar\u00fcber erfahren<\/a><\/p>\n<\/div><\/section>\n<\/div><\/div>\n\n\n\n<div class=\"wp-block-uagb-column uagb-column__wrap uagb-column__background-undefined uagb-block-5bd0edef\"><div class=\"uagb-column__overlay\"><\/div><div class=\"uagb-column__inner-wrap\">\n<section class=\"wp-block-uagb-section uagb-section__wrap uagb-section__background-color uagb-block-923ecd14 text-card custom-shadow\"><div class=\"uagb-section__overlay\"><\/div><div class=\"uagb-section__inner-wrap\">\n<div class=\"wp-block-getwid-section icon-wrapper getwid-margin-top-none getwid-margin-bottom-none getwid-section-content-custom-width\"><div class=\"wp-block-getwid-section__wrapper getwid-padding-top-none getwid-padding-bottom-none getwid-padding-left-none getwid-padding-right-none getwid-margin-left-none getwid-margin-right-none\" style=\"min-height:65px\"><div class=\"wp-block-getwid-section__inner-wrapper\" style=\"max-width:65px\"><div class=\"wp-block-getwid-section__background-holder\"><div class=\"wp-block-getwid-section__background has-background has-ritme-yellow-background-color\"><\/div><div class=\"wp-block-getwid-section__foreground\"><\/div><\/div><div class=\"wp-block-getwid-section__content\"><div class=\"wp-block-getwid-section__inner-content\">\n<figure class=\"wp-block-image size-large is-style-default\"><img loading=\"lazy\" decoding=\"async\" width=\"65\" height=\"65\" src=\"https:\/\/ritme.com\/wp-content\/uploads\/2021\/03\/icon-calendar2-1.png\" alt=\"\" class=\"wp-image-7576\"\/><\/figure>\n<\/div><\/div><\/div><\/div><\/div>\n\n\n\n<h4 class=\"wp-block-heading\">Unser Trainingsangebot<\/h4>\n\n\n\n<p>Erfahren Sie mehr \u00fcber unsere Software-Schulungen, unseren Support rund um Open-Source-Technologien, unsere Schulungen zu statistischen Methoden und mehr.<\/p>\n\n\n\n<p class=\"has-text-align-right read-more\"><a href=\"https:\/\/ritme.com\/de\/schulung\/schulungskatalog\/\">Mehr dar\u00fcber erfahren<\/a><\/p>\n<\/div><\/section>\n<\/div><\/div>\n\n\n\n<div class=\"wp-block-uagb-column uagb-column__wrap uagb-column__background-undefined uagb-block-c652ebb7\"><div class=\"uagb-column__overlay\"><\/div><div class=\"uagb-column__inner-wrap\">\n<section class=\"wp-block-uagb-section uagb-section__wrap uagb-section__background-color uagb-block-c89ebad1 text-card custom-shadow\"><div class=\"uagb-section__overlay\"><\/div><div class=\"uagb-section__inner-wrap\">\n<div class=\"wp-block-getwid-section icon-wrapper getwid-margin-top-none getwid-margin-bottom-none getwid-section-content-custom-width\"><div class=\"wp-block-getwid-section__wrapper getwid-padding-top-none getwid-padding-bottom-none getwid-padding-left-none getwid-padding-right-none getwid-margin-left-none getwid-margin-right-none\" style=\"min-height:65px\"><div class=\"wp-block-getwid-section__inner-wrapper\" style=\"max-width:65px\"><div class=\"wp-block-getwid-section__background-holder\"><div class=\"wp-block-getwid-section__background has-background has-ritme-yellow-background-color\"><\/div><div class=\"wp-block-getwid-section__foreground\"><\/div><\/div><div class=\"wp-block-getwid-section__content\"><div class=\"wp-block-getwid-section__inner-content\">\n<figure class=\"wp-block-image size-large is-style-default\"><img loading=\"lazy\" decoding=\"async\" width=\"65\" height=\"65\" src=\"https:\/\/ritme.com\/wp-content\/uploads\/2021\/03\/icon-geometry-1.png\" alt=\"\" class=\"wp-image-7577\"\/><\/figure>\n<\/div><\/div><\/div><\/div><\/div>\n\n\n\n<h4 class=\"wp-block-heading\">Die Kunst der Ma\u00dfarbeit<\/h4>\n\n\n\n<p>Wir gehen von Ihren Herausforderungen aus und definieren gemeinsam die Mittel, Methoden und Lernmodalit\u00e4ten, die zu Ihnen passen.<\/p>\n\n\n\n<p class=\"has-text-align-right read-more\"><a href=\"https:\/\/ritme.com\/de\/schulung\/methode\/\">Mehr dar\u00fcber erfahren<\/a><\/p>\n<\/div><\/section>\n<\/div><\/div>\n<\/div><\/section>\n\n\n\n\n\n<div class=\"decor-bg-wrapper fullwidth type_2\"><div class=\"decor-element\" style=\"top:-150px\"><div class=\"container\"><div class=\"colors\"> <\/div><\/div><\/div><\/div>\n\n\n\n<div class=\"wp-block-buttons is-layout-flex wp-block-buttons-is-layout-flex\">\n<div class=\"wp-block-button has-icon icon-eye\"><a class=\"wp-block-button__link\" href=\"https:\/\/ritme.com\/de\/schulung\/schulungskalender\/\">ENTDECKEN SIE DEN KALENDER DER N\u00c4CHSTEN SCHULUNGEN<\/a><\/div>\n<\/div>\n\n\n\n<div class=\"wp-block-getwid-advanced-spacer getwid-hide-tablet getwid-hide-mobile\" style=\"height:100px\" aria-hidden=\"true\"><\/div>\n\n\n\n<div class=\"wp-block-getwid-advanced-spacer getwid-hide-desktop\" style=\"height:40px\" aria-hidden=\"true\"><\/div>\n\n\n\n<section class=\"wp-block-uagb-columns uagb-columns__wrap uagb-columns__background-undefined uagb-columns__stack-tablet uagb-columns__valign-undefined uagb-columns__gap-10 alignundefined uagb-block-5e0d43ad big-image-text-columns valign-center\"><div class=\"uagb-columns__overlay\"><\/div><div class=\"uagb-columns__inner-wrap uagb-columns__columns-2\">\n<div class=\"wp-block-uagb-column uagb-column__wrap uagb-column__background-undefined uagb-block-af8edd3a\"><div class=\"uagb-column__overlay\"><\/div><div class=\"uagb-column__inner-wrap\">\n<figure class=\"wp-block-image size-large is-style-rounded\"><img loading=\"lazy\" decoding=\"async\" width=\"676\" height=\"456\" src=\"https:\/\/ritme.com\/wp-content\/uploads\/2021\/05\/Portrait_Stefano-1.png\" alt=\"\" class=\"wp-image-8900\" srcset=\"https:\/\/ritme.com\/wp-content\/uploads\/2021\/05\/Portrait_Stefano-1.png 676w, https:\/\/ritme.com\/wp-content\/uploads\/2021\/05\/Portrait_Stefano-1-500x337.png 500w\" sizes=\"auto, (max-width: 676px) 100vw, 676px\" \/><\/figure>\n<\/div><\/div>\n\n\n\n<div class=\"wp-block-uagb-column uagb-column__wrap uagb-column__background-undefined uagb-block-2dc7c8da\"><div class=\"uagb-column__overlay\"><\/div><div class=\"uagb-column__inner-wrap\">\n<h2 class=\"wp-block-heading\">Entdecken Sie unsere Trainer<\/h2>\n\n\n\n<p>Wenn Sie sich f\u00fcr die Ritme Academy entscheiden, k\u00f6nnen Sie sicher sein, dass Sie sich in die H\u00e4nde von au\u00dfergew\u00f6hnlichen Trainern begeben, die nicht nur Ihr Umfeld kennen, sondern auch Ihre Bed\u00fcrfnisse in Trainingsziele \u00fcbersetzen.<\/p>\n\n\n\n<div class=\"wp-block-buttons mt-5 is-layout-flex wp-block-buttons-is-layout-flex\">\n<div class=\"wp-block-button has-icon icon-eye\"><a class=\"wp-block-button__link\" href=\"https:\/\/ritme.com\/de\/schulung\/unsere-trainer\/\">ENTDECKEN SIE UNSERE TRAINER<\/a><\/div>\n<\/div>\n<\/div><\/div>\n<\/div><\/section>\n\n\n\n<div class=\"wp-block-getwid-advanced-spacer\" style=\"height:100px\" aria-hidden=\"true\"><\/div>\n\n\n\n<h2 class=\"has-text-align-center is-h1 wp-block-heading\">Die neuesten Nachrichten<br>\u00fcber wissenschaftliche Software<\/h2>\n\n\n\n<div class=\"wp-block-getwid-advanced-spacer\" style=\"height:50px\" aria-hidden=\"true\"><\/div>\n\n\n\t\t\n\n\n\n<div class=\"wp-block-buttons is-content-justification-center is-layout-flex wp-block-buttons-is-layout-flex\">\n<div class=\"wp-block-button has-icon icon-eye\"><a class=\"wp-block-button__link\" href=\"https:\/\/ritme.com\/de\/category\/training\/\">Alle Nachrichten sehen<\/a><\/div>\n<\/div>\n\n\n\n<div class=\"wp-block-getwid-advanced-spacer\" style=\"height:80px\" aria-hidden=\"true\"><\/div>\n\n\n\n<h2 class=\"has-text-align-center is-h1 wp-block-heading\">Testimonial<\/h2>\n\n\n<div class=\"testimonial-wrapper teaser style-home\"><div class=\"testimonial\">\n\t<div class=\"image\"><img loading=\"lazy\" decoding=\"async\" width=\"705\" height=\"350\" src=\"https:\/\/ritme.com\/wp-content\/uploads\/2021\/04\/INSERM-1.png\" class=\"attachment-post-thumbnail size-post-thumbnail wp-post-image\" alt=\"\" srcset=\"https:\/\/ritme.com\/wp-content\/uploads\/2021\/04\/INSERM-1.png 705w, https:\/\/ritme.com\/wp-content\/uploads\/2021\/04\/INSERM-1-500x248.png 500w\" sizes=\"auto, (max-width: 705px) 100vw, 705px\" \/><\/div>\n\t<div class=\"content\">\n\t\t<div class=\"text\">\n\t\t\t<div class=\"text-inner\">\n\t\t\t\t<p>Dieser Kurs war sehr lehrreich und sehr gut strukturiert. Als Neuling in der Anwendung von R bin ich nach diesen zwei Tagen &#8222;R Initiation&#8220; zufrieden mit dieser Schulung. Die Theorie und Praxis, die w\u00e4hrend dieses Kurses gemacht wurde, erlaubte es mir, autonomer bei der Datenanalyse zu sein und zuk\u00fcnftige genomische Datenanalysen (DNA seq&#8230;) w\u00e4hrend meines Post-Docs durchzuf\u00fchren.<\/p>\t\t\t<\/div>\n\t\t<\/div>\n\t\t<div class=\"author-wrapper\">\n\t\t\t<div class=\"name\">Johanna Verneau<\/div>\n\t\t\t\t\t\t\t<div class=\"function\">INSERM U1138<\/div>\n\t\t\t\t\t\t\t\t\t\t\t\t\t<div class=\"training\">R Einf\u00fchrungsschulung<\/div>\n\t\t\t\t\t<\/div>\n\t<\/div>\n<\/div>\n<\/div>\n\n\n<p><\/p>\n","protected":false},"excerpt":{"rendered":"<p>Die Ritme Academy ist unsere anerkannte Schulungsorganisation.<\/p>\n<p>Wir unterst\u00fctzen Ihre Forschungsteams bei der Entwicklung von F\u00e4higkeiten, um die Herausforderungen von morgen zu meistern.<\/p>\n","protected":false},"author":1,"featured_media":7563,"parent":0,"menu_order":297,"comment_status":"closed","ping_status":"closed","template":"","meta":{"_acf_changed":false,"inline_featured_image":false,"_uag_custom_page_level_css":"","footnotes":""},"class_list":["post-7561","page","type-page","status-publish","has-post-thumbnail","hentry"],"acf":[],"yoast_head":"<!-- This site is optimized with the Yoast SEO plugin v26.9 - https:\/\/yoast.com\/product\/yoast-seo-wordpress\/ -->\n<title>Training - RITME<\/title>\n<meta name=\"description\" content=\"Die Ritme Academy begleitet Forschungsteams bei ihrer Ausbildung und ihrem Kompetenzzuwachs f\u00fcr die Herausforderungen von morgen.\" \/>\n<meta name=\"robots\" content=\"index, follow, max-snippet:-1, max-image-preview:large, max-video-preview:-1\" \/>\n<link rel=\"canonical\" href=\"https:\/\/ritme.com\/de\/schulung\/\" \/>\n<meta property=\"og:locale\" content=\"de_DE\" \/>\n<meta property=\"og:type\" content=\"article\" \/>\n<meta property=\"og:title\" content=\"Training - RITME\" \/>\n<meta property=\"og:description\" content=\"Die Ritme Academy begleitet Forschungsteams bei ihrer Ausbildung und ihrem Kompetenzzuwachs f\u00fcr die Herausforderungen von morgen.\" \/>\n<meta property=\"og:url\" content=\"https:\/\/ritme.com\/de\/schulung\/\" \/>\n<meta property=\"og:site_name\" content=\"RITME\" \/>\n<meta property=\"article:modified_time\" content=\"2022-01-28T13:41:14+00:00\" \/>\n<meta property=\"og:image\" content=\"https:\/\/ritme.com\/wp-content\/uploads\/2021\/03\/illus-banner-academy-1.png\" \/>\n\t<meta property=\"og:image:width\" content=\"649\" \/>\n\t<meta property=\"og:image:height\" content=\"507\" \/>\n\t<meta property=\"og:image:type\" content=\"image\/png\" \/>\n<meta name=\"twitter:card\" content=\"summary_large_image\" \/>\n<meta name=\"twitter:label1\" content=\"Gesch\u00e4tzte Lesezeit\" \/>\n\t<meta name=\"twitter:data1\" content=\"2\u00a0Minuten\" \/>\n<script type=\"application\/ld+json\" class=\"yoast-schema-graph\">{\"@context\":\"https:\/\/schema.org\",\"@graph\":[{\"@type\":\"WebPage\",\"@id\":\"https:\/\/ritme.com\/de\/schulung\/\",\"url\":\"https:\/\/ritme.com\/de\/schulung\/\",\"name\":\"Training - RITME\",\"isPartOf\":{\"@id\":\"https:\/\/ritme.com\/de\/#website\"},\"primaryImageOfPage\":{\"@id\":\"https:\/\/ritme.com\/de\/schulung\/#primaryimage\"},\"image\":{\"@id\":\"https:\/\/ritme.com\/de\/schulung\/#primaryimage\"},\"thumbnailUrl\":\"https:\/\/ritme.com\/wp-content\/uploads\/2021\/03\/illus-banner-academy-1.png\",\"datePublished\":\"2021-03-12T15:33:07+00:00\",\"dateModified\":\"2022-01-28T13:41:14+00:00\",\"description\":\"Die Ritme Academy begleitet Forschungsteams bei ihrer Ausbildung und ihrem Kompetenzzuwachs f\u00fcr die Herausforderungen von morgen.\",\"breadcrumb\":{\"@id\":\"https:\/\/ritme.com\/de\/schulung\/#breadcrumb\"},\"inLanguage\":\"de\",\"potentialAction\":[{\"@type\":\"ReadAction\",\"target\":[\"https:\/\/ritme.com\/de\/schulung\/\"]}]},{\"@type\":\"ImageObject\",\"inLanguage\":\"de\",\"@id\":\"https:\/\/ritme.com\/de\/schulung\/#primaryimage\",\"url\":\"https:\/\/ritme.com\/wp-content\/uploads\/2021\/03\/illus-banner-academy-1.png\",\"contentUrl\":\"https:\/\/ritme.com\/wp-content\/uploads\/2021\/03\/illus-banner-academy-1.png\",\"width\":649,\"height\":507},{\"@type\":\"BreadcrumbList\",\"@id\":\"https:\/\/ritme.com\/de\/schulung\/#breadcrumb\",\"itemListElement\":[{\"@type\":\"ListItem\",\"position\":1,\"name\":\"Startseite\",\"item\":\"https:\/\/ritme.com\/de\/\"},{\"@type\":\"ListItem\",\"position\":2,\"name\":\"Training\"}]},{\"@type\":\"WebSite\",\"@id\":\"https:\/\/ritme.com\/de\/#website\",\"url\":\"https:\/\/ritme.com\/de\/\",\"name\":\"RITME\",\"description\":\"Der strategische Partner von Forschungsteams\",\"publisher\":{\"@id\":\"https:\/\/ritme.com\/de\/#organization\"},\"potentialAction\":[{\"@type\":\"SearchAction\",\"target\":{\"@type\":\"EntryPoint\",\"urlTemplate\":\"https:\/\/ritme.com\/de\/?s={search_term_string}\"},\"query-input\":{\"@type\":\"PropertyValueSpecification\",\"valueRequired\":true,\"valueName\":\"search_term_string\"}}],\"inLanguage\":\"de\"},{\"@type\":\"Organization\",\"@id\":\"https:\/\/ritme.com\/de\/#organization\",\"name\":\"RITME\",\"url\":\"https:\/\/ritme.com\/de\/\",\"logo\":{\"@type\":\"ImageObject\",\"inLanguage\":\"de\",\"@id\":\"https:\/\/ritme.com\/de\/#\/schema\/logo\/image\/\",\"url\":\"https:\/\/ritme.com\/wp-content\/uploads\/2021\/06\/Ritme_200x86.svg\",\"contentUrl\":\"https:\/\/ritme.com\/wp-content\/uploads\/2021\/06\/Ritme_200x86.svg\",\"caption\":\"RITME\"},\"image\":{\"@id\":\"https:\/\/ritme.com\/de\/#\/schema\/logo\/image\/\"}}]}<\/script>\n<!-- \/ Yoast SEO plugin. -->","yoast_head_json":{"title":"Training - RITME","description":"Die Ritme Academy begleitet Forschungsteams bei ihrer Ausbildung und ihrem Kompetenzzuwachs f\u00fcr die Herausforderungen von morgen.","robots":{"index":"index","follow":"follow","max-snippet":"max-snippet:-1","max-image-preview":"max-image-preview:large","max-video-preview":"max-video-preview:-1"},"canonical":"https:\/\/ritme.com\/de\/schulung\/","og_locale":"de_DE","og_type":"article","og_title":"Training - RITME","og_description":"Die Ritme Academy begleitet Forschungsteams bei ihrer Ausbildung und ihrem Kompetenzzuwachs f\u00fcr die Herausforderungen von morgen.","og_url":"https:\/\/ritme.com\/de\/schulung\/","og_site_name":"RITME","article_modified_time":"2022-01-28T13:41:14+00:00","og_image":[{"width":649,"height":507,"url":"https:\/\/ritme.com\/wp-content\/uploads\/2021\/03\/illus-banner-academy-1.png","type":"image\/png"}],"twitter_card":"summary_large_image","twitter_misc":{"Gesch\u00e4tzte Lesezeit":"2\u00a0Minuten"},"schema":{"@context":"https:\/\/schema.org","@graph":[{"@type":"WebPage","@id":"https:\/\/ritme.com\/de\/schulung\/","url":"https:\/\/ritme.com\/de\/schulung\/","name":"Training - RITME","isPartOf":{"@id":"https:\/\/ritme.com\/de\/#website"},"primaryImageOfPage":{"@id":"https:\/\/ritme.com\/de\/schulung\/#primaryimage"},"image":{"@id":"https:\/\/ritme.com\/de\/schulung\/#primaryimage"},"thumbnailUrl":"https:\/\/ritme.com\/wp-content\/uploads\/2021\/03\/illus-banner-academy-1.png","datePublished":"2021-03-12T15:33:07+00:00","dateModified":"2022-01-28T13:41:14+00:00","description":"Die Ritme Academy begleitet Forschungsteams bei ihrer Ausbildung und ihrem Kompetenzzuwachs f\u00fcr die Herausforderungen von morgen.","breadcrumb":{"@id":"https:\/\/ritme.com\/de\/schulung\/#breadcrumb"},"inLanguage":"de","potentialAction":[{"@type":"ReadAction","target":["https:\/\/ritme.com\/de\/schulung\/"]}]},{"@type":"ImageObject","inLanguage":"de","@id":"https:\/\/ritme.com\/de\/schulung\/#primaryimage","url":"https:\/\/ritme.com\/wp-content\/uploads\/2021\/03\/illus-banner-academy-1.png","contentUrl":"https:\/\/ritme.com\/wp-content\/uploads\/2021\/03\/illus-banner-academy-1.png","width":649,"height":507},{"@type":"BreadcrumbList","@id":"https:\/\/ritme.com\/de\/schulung\/#breadcrumb","itemListElement":[{"@type":"ListItem","position":1,"name":"Startseite","item":"https:\/\/ritme.com\/de\/"},{"@type":"ListItem","position":2,"name":"Training"}]},{"@type":"WebSite","@id":"https:\/\/ritme.com\/de\/#website","url":"https:\/\/ritme.com\/de\/","name":"RITME","description":"Der strategische Partner von Forschungsteams","publisher":{"@id":"https:\/\/ritme.com\/de\/#organization"},"potentialAction":[{"@type":"SearchAction","target":{"@type":"EntryPoint","urlTemplate":"https:\/\/ritme.com\/de\/?s={search_term_string}"},"query-input":{"@type":"PropertyValueSpecification","valueRequired":true,"valueName":"search_term_string"}}],"inLanguage":"de"},{"@type":"Organization","@id":"https:\/\/ritme.com\/de\/#organization","name":"RITME","url":"https:\/\/ritme.com\/de\/","logo":{"@type":"ImageObject","inLanguage":"de","@id":"https:\/\/ritme.com\/de\/#\/schema\/logo\/image\/","url":"https:\/\/ritme.com\/wp-content\/uploads\/2021\/06\/Ritme_200x86.svg","contentUrl":"https:\/\/ritme.com\/wp-content\/uploads\/2021\/06\/Ritme_200x86.svg","caption":"RITME"},"image":{"@id":"https:\/\/ritme.com\/de\/#\/schema\/logo\/image\/"}}]}},"uagb_featured_image_src":{"full":["https:\/\/ritme.com\/wp-content\/uploads\/2021\/03\/illus-banner-academy-1.png",649,507,false],"thumbnail":["https:\/\/ritme.com\/wp-content\/uploads\/2021\/03\/illus-banner-academy-1-300x300.png",300,300,true],"medium":["https:\/\/ritme.com\/wp-content\/uploads\/2021\/03\/illus-banner-academy-1-500x391.png",500,391,true],"medium_large":["https:\/\/ritme.com\/wp-content\/uploads\/2021\/03\/illus-banner-academy-1.png",649,507,false],"large":["https:\/\/ritme.com\/wp-content\/uploads\/2021\/03\/illus-banner-academy-1.png",649,507,false],"1536x1536":["https:\/\/ritme.com\/wp-content\/uploads\/2021\/03\/illus-banner-academy-1.png",649,507,false],"2048x2048":["https:\/\/ritme.com\/wp-content\/uploads\/2021\/03\/illus-banner-academy-1.png",649,507,false]},"uagb_author_info":{"display_name":"admin","author_link":"https:\/\/ritme.com\/de\/author\/admin\/"},"uagb_comment_info":0,"uagb_excerpt":"Die Ritme Academy ist unsere anerkannte Schulungsorganisation. Wir unterst\u00fctzen Ihre Forschungsteams bei der Entwicklung von F\u00e4higkeiten, um die Herausforderungen von morgen zu meistern.","_links":{"self":[{"href":"https:\/\/ritme.com\/de\/wp-json\/wp\/v2\/pages\/7561","targetHints":{"allow":["GET"]}}],"collection":[{"href":"https:\/\/ritme.com\/de\/wp-json\/wp\/v2\/pages"}],"about":[{"href":"https:\/\/ritme.com\/de\/wp-json\/wp\/v2\/types\/page"}],"author":[{"embeddable":true,"href":"https:\/\/ritme.com\/de\/wp-json\/wp\/v2\/users\/1"}],"replies":[{"embeddable":true,"href":"https:\/\/ritme.com\/de\/wp-json\/wp\/v2\/comments?post=7561"}],"version-history":[{"count":6,"href":"https:\/\/ritme.com\/de\/wp-json\/wp\/v2\/pages\/7561\/revisions"}],"predecessor-version":[{"id":21396,"href":"https:\/\/ritme.com\/de\/wp-json\/wp\/v2\/pages\/7561\/revisions\/21396"}],"wp:featuredmedia":[{"embeddable":true,"href":"https:\/\/ritme.com\/de\/wp-json\/wp\/v2\/media\/7563"}],"wp:attachment":[{"href":"https:\/\/ritme.com\/de\/wp-json\/wp\/v2\/media?parent=7561"}],"curies":[{"name":"wp","href":"https:\/\/api.w.org\/{rel}","templated":true}]}}