{"id":7351,"date":"2021-03-17T12:22:13","date_gmt":"2021-03-17T11:22:13","guid":{"rendered":"https:\/\/ritme.com\/wer-sind-wir\/histoire\/"},"modified":"2022-11-28T14:07:11","modified_gmt":"2022-11-28T13:07:11","slug":"seite-geschichte","status":"publish","type":"page","link":"https:\/\/ritme.com\/de\/wer-sind-wir\/seite-geschichte\/","title":{"rendered":"<strong>Seite Geschichte<\/strong>"},"content":{"rendered":"\n<section class=\"wp-block-uagb-columns uagb-columns__wrap uagb-columns__background-none uagb-columns__stack-mobile uagb-columns__valign- uagb-columns__gap-10 align uagb-block-e6fff2c3 uagb-columns__columns-1 uagb-columns__max_width-theme\"><div class=\"uagb-columns__overlay\"><\/div><div class=\"uagb-columns__inner-wrap uagb-columns__columns-1\">\n<div class=\"wp-block-uagb-column uagb-column__wrap uagb-column__background-undefined uagb-block-fd46a8fd\"><div class=\"uagb-column__overlay\"><\/div>\n<h2 class=\"wp-block-heading\" id=\"block-bcea078b-d99e-417d-82fe-70f0375b232f\"><em><span class=\"has-inline-color has-ritme-blue-color\">1989<\/span><\/em>, Gr\u00fcndung<\/h2>\n\n\n\n<p>RITME wurde 1989 gegr\u00fcndet und war zun\u00e4chst als <strong>Softwareh\u00e4ndler in einem Nischenmarkt t\u00e4tig<\/strong>.&nbsp;<\/p>\n\n\n\n<p>Damals gab es noch kein Internet und der Kauf von wissenschaftlicher Software wurde \u00fcber einen Papierkatalog abgewickelt, an den sich unsere \u00e4ltesten Kunden noch erinnern. Mit dem Aufkommen des Internets wurde unser <strong>Katalog digitalisiert <\/strong>und die Software selbst wanderte nach und nach zu <strong>Online-L\u00f6sungen, die als <\/strong>SaaS in Form von Abonnements zug\u00e4nglich waren.\u00a0 Mit unvermindertem Engagement und verdoppelter Leidenschaft haben wir diese Ver\u00e4nderungen begleitet und unser Angebot schrittweise verfeinert, um den Erwartungen der Wissenschaftler und Forschungseinrichtungen gerecht zu werden.<\/p>\n\n\n\n<div class=\"wp-block-getwid-advanced-spacer\" style=\"height:40px\" aria-hidden=\"true\"><\/div>\n\n\n\n<h2 class=\"wp-block-heading\"><em><mark style=\"background-color:rgba(0, 0, 0, 0)\" class=\"has-inline-color has-ritme-blue-color\">1995<\/mark><\/em>, Schulung<\/h2>\n\n\n\n<p>1995 wurde RITME auch als <strong>Ausbildungsorganisation gegr\u00fcndet<\/strong>. Um der wachsenden Nachfrage nach Schulungen gerecht zu werden, die auf die spezifischen Bed\u00fcrfnisse unserer Kunden zugeschnitten sind, haben wir ein Angebot entwickelt, das alle Aspekte des Forschungsbereichs abdeckt:\u00a0<\/p>\n\n\n\n<section class=\"wp-block-uagb-columns uagb-columns__wrap uagb-columns__background-none uagb-columns__stack-tablet uagb-columns__valign- uagb-columns__gap-0 align uagb-block-613f1a29 uagb-columns__columns-4 uagb-columns__max_width-custom three-text-cards\"><div class=\"uagb-columns__overlay\"><\/div><div class=\"uagb-columns__inner-wrap uagb-columns__columns-4\">\n<div class=\"wp-block-uagb-column uagb-column__wrap uagb-column__background-undefined uagb-block-00eb33e0\"><div class=\"uagb-column__overlay\"><\/div>\n<section class=\"wp-block-uagb-section uagb-section__wrap uagb-section__background-none uagb-block-9c6b1aa9 text-card center\"><div class=\"uagb-section__overlay\"><\/div><div class=\"uagb-section__inner-wrap\">\n<div class=\"wp-block-getwid-section icon-wrapper getwid-margin-top-none getwid-margin-bottom-medium getwid-section-content-custom-width\"><div class=\"wp-block-getwid-section__wrapper getwid-padding-top-none getwid-padding-bottom-none getwid-padding-left-none getwid-padding-right-none getwid-margin-left-none getwid-margin-right-none\" style=\"min-height:65px\"><div class=\"wp-block-getwid-section__inner-wrapper\" style=\"max-width:65px\"><div class=\"wp-block-getwid-section__background-holder\"><div class=\"wp-block-getwid-section__background has-background has-ritme-blue-background-color\"><\/div><div class=\"wp-block-getwid-section__foreground\"><\/div><\/div><div class=\"wp-block-getwid-section__content\"><div class=\"wp-block-getwid-section__inner-content\">\n<figure class=\"wp-block-image size-large is-resized is-style-default\"><img loading=\"lazy\" decoding=\"async\" src=\"https:\/\/ritme.com\/wp-content\/uploads\/2021\/05\/picto-ordinateur-Histoire-5.svg\" alt=\"\" class=\"wp-image-9185\" width=\"65\" height=\"65\"\/><\/figure>\n<\/div><\/div><\/div><\/div><\/div>\n\n\n\n<div class=\"wp-block-getwid-advanced-spacer\" style=\"height:20px\" aria-hidden=\"true\"><\/div>\n\n\n\n<p>Schulung in der Verwendung von wissenschaftlicher Software, propriet\u00e4r oder Open Source<\/p>\n<\/div><\/section>\n<\/div>\n\n\n\n<div class=\"wp-block-uagb-column uagb-column__wrap uagb-column__background-undefined uagb-block-b29a2ef2\"><div class=\"uagb-column__overlay\"><\/div>\n<section class=\"wp-block-uagb-section uagb-section__wrap uagb-section__background-none uagb-block-712a5ace text-card center\"><div class=\"uagb-section__overlay\"><\/div><div class=\"uagb-section__inner-wrap\">\n<div class=\"wp-block-getwid-section icon-wrapper getwid-margin-top-none getwid-margin-bottom-medium getwid-section-content-custom-width\"><div class=\"wp-block-getwid-section__wrapper getwid-padding-top-none getwid-padding-bottom-none getwid-padding-left-none getwid-padding-right-none getwid-margin-left-none getwid-margin-right-none\" style=\"min-height:65px\"><div class=\"wp-block-getwid-section__inner-wrapper\" style=\"max-width:65px\"><div class=\"wp-block-getwid-section__background-holder\"><div class=\"wp-block-getwid-section__background has-background has-ritme-blue-background-color\"><\/div><div class=\"wp-block-getwid-section__foreground\"><\/div><\/div><div class=\"wp-block-getwid-section__content\"><div class=\"wp-block-getwid-section__inner-content\">\n<figure class=\"wp-block-image size-large is-resized is-style-default\"><img loading=\"lazy\" decoding=\"async\" src=\"https:\/\/ritme.com\/wp-content\/uploads\/2021\/05\/picto-connaissance-Histoire-1.svg\" alt=\"\" class=\"wp-image-9205\" width=\"65\" height=\"65\"\/><\/figure>\n<\/div><\/div><\/div><\/div><\/div>\n\n\n\n<div class=\"wp-block-getwid-advanced-spacer\" style=\"height:20px\" aria-hidden=\"true\"><\/div>\n\n\n\n<p>Ausbildung im wissenschaftlichen Schreiben und Kommunizieren<\/p>\n<\/div><\/section>\n<\/div>\n\n\n\n<div class=\"wp-block-uagb-column uagb-column__wrap uagb-column__background-undefined uagb-block-1a5d7a7e\"><div class=\"uagb-column__overlay\"><\/div>\n<section class=\"wp-block-uagb-section uagb-section__wrap uagb-section__background-none uagb-block-fd3f37e8 text-card center\"><div class=\"uagb-section__overlay\"><\/div><div class=\"uagb-section__inner-wrap\">\n<div class=\"wp-block-getwid-section icon-wrapper getwid-margin-top-none getwid-margin-bottom-medium getwid-section-content-custom-width\"><div class=\"wp-block-getwid-section__wrapper getwid-padding-top-none getwid-padding-bottom-none getwid-padding-left-none getwid-padding-right-none getwid-margin-left-none getwid-margin-right-none\" style=\"min-height:65px\"><div class=\"wp-block-getwid-section__inner-wrapper\" style=\"max-width:65px\"><div class=\"wp-block-getwid-section__background-holder\"><div class=\"wp-block-getwid-section__background has-background has-ritme-blue-background-color\"><\/div><div class=\"wp-block-getwid-section__foreground\"><\/div><\/div><div class=\"wp-block-getwid-section__content\"><div class=\"wp-block-getwid-section__inner-content\">\n<figure class=\"wp-block-image size-large is-resized is-style-default\"><img loading=\"lazy\" decoding=\"async\" src=\"https:\/\/ritme.com\/wp-content\/uploads\/2021\/05\/picto-re\u0301glages-Histoire.svg\" alt=\"\" class=\"wp-image-9197\" width=\"65\" height=\"65\"\/><\/figure>\n<\/div><\/div><\/div><\/div><\/div>\n\n\n\n<div class=\"wp-block-getwid-advanced-spacer\" style=\"height:20px\" aria-hidden=\"true\"><\/div>\n\n\n\n<p>Ausbildung in statistischen und angewandten Methoden, und Berufsausbildung<\/p>\n<\/div><\/section>\n<\/div>\n\n\n\n<div class=\"wp-block-uagb-column uagb-column__wrap uagb-column__background-undefined uagb-block-4377daef\"><div class=\"uagb-column__overlay\"><\/div>\n<section class=\"wp-block-uagb-section uagb-section__wrap uagb-section__background-none uagb-block-cd745a15 text-card center\"><div class=\"uagb-section__overlay\"><\/div><div class=\"uagb-section__inner-wrap\">\n<div class=\"wp-block-getwid-section icon-wrapper getwid-margin-top-none getwid-margin-bottom-medium getwid-section-content-custom-width\"><div class=\"wp-block-getwid-section__wrapper getwid-padding-top-none getwid-padding-bottom-none getwid-padding-left-none getwid-padding-right-none getwid-margin-left-none getwid-margin-right-none\" style=\"min-height:65px\"><div class=\"wp-block-getwid-section__inner-wrapper\" style=\"max-width:65px\"><div class=\"wp-block-getwid-section__background-holder\"><div class=\"wp-block-getwid-section__background has-background has-ritme-blue-background-color\"><\/div><div class=\"wp-block-getwid-section__foreground\"><\/div><\/div><div class=\"wp-block-getwid-section__content\"><div class=\"wp-block-getwid-section__inner-content\">\n<figure class=\"wp-block-image size-large is-resized is-style-default\"><img loading=\"lazy\" decoding=\"async\" src=\"https:\/\/ritme.com\/wp-content\/uploads\/2021\/05\/picto-me\u0301tier.svg\" alt=\"\" class=\"wp-image-9168\" width=\"65\" height=\"65\"\/><\/figure>\n<\/div><\/div><\/div><\/div><\/div>\n\n\n\n<div class=\"wp-block-getwid-advanced-spacer\" style=\"height:20px\" aria-hidden=\"true\"><\/div>\n\n\n\n<p>Berufsausbildung<\/p>\n<\/div><\/section>\n<\/div>\n<\/div><\/section>\n\n\n\n<h2 class=\"wp-block-heading\"><em><mark style=\"background-color:rgba(0, 0, 0, 0)\" class=\"has-inline-color has-ritme-blue-color\">Seit 2015<\/mark><\/em>: ein integriertes Software- und Dienstleistungsangebot<\/h2>\n\n\n\n<p>Die digitale Transformation hat s\u00e4mtliche T\u00e4tigkeitsbereiche umgew\u00e4lzt, und die Welt der Forschung ist davon nicht ausgenommen. Die <strong>Digitalisierung von Prozessen und Daten<\/strong>, die <strong>Zunahme der zug\u00e4nglichen Daten<\/strong>, die <strong>Sicherung des Austauschs <\/strong>und die <strong>Verbreitung von Vorschriften <\/strong>sind entscheidende Herausforderungen.&nbsp;<\/p>\n\n\n\n<p>Wir haben ein umfassendes Begleitangebot entwickelt, das sich um zwei Hauptachsen dreht:<\/p>\n\n\n\n<ul class=\"wp-block-list\">\n<li>die digitale Transformation von F&amp;E- und Analyselaboren<\/li>\n\n\n\n<li>Verwaltung wissenschaftlicher Informationen.&nbsp;<\/li>\n<\/ul>\n\n\n\n<div class=\"wp-block-getwid-advanced-spacer\" style=\"height:40px\" aria-hidden=\"true\"><\/div>\n\n\n\n<h2 class=\"wp-block-heading\">Was ist mit <em><mark style=\"background-color:rgba(0, 0, 0, 0)\" class=\"has-inline-color has-ritme-blue-color\">morgen<\/mark><\/em>?<\/h2>\n\n\n\n<p>Morgen werden wir <strong>immer wachsam <\/strong>sein und umso mehr an Ihrer Seite stehen, um integrierte, robuste und anpassungsf\u00e4hige L\u00f6sungen zu bauen, die Ihre Entdeckungen unterst\u00fctzen k\u00f6nnen.\u00a0<\/p>\n<\/div>\n<\/div><\/section>\n\n\n\n<div class=\"wp-block-getwid-advanced-spacer getwid-hide-tablet getwid-hide-mobile\" style=\"height:100px\" aria-hidden=\"true\"><\/div>\n\n\n\n<div class=\"decor-bg-wrapper fullwidth type_1\"><div class=\"decor-element\" style=\"top:75px\"><div class=\"container\"><div class=\"colors\"> <\/div><\/div><\/div><\/div>\n\n\n\n<div class=\"wp-block-getwid-advanced-spacer\" style=\"height:50px\" aria-hidden=\"true\"><\/div>\n\n\n\n<div class=\"decor-bg-wrapper fullwidth type_2\"><div class=\"decor-element\" style=\"top:-90px\"><div class=\"container\"><div class=\"colors\"> <\/div><\/div><\/div><\/div>\n\n\n\n<section class=\"wp-block-uagb-section uagb-section__wrap uagb-section__background-undefined uagb-block-035d9929 custom-table custom-shadow\"><div class=\"uagb-section__overlay\"><\/div><div class=\"uagb-section__inner-wrap\"><\/div><\/section>\n","protected":false},"excerpt":{"rendered":"<p>1989, Gr\u00fcndung RITME wurde 1989 gegr\u00fcndet und war zun\u00e4chst als Softwareh\u00e4ndler in einem Nischenmarkt t\u00e4tig.&nbsp; Damals gab es noch kein Internet und der Kauf von wissenschaftlicher Software wurde \u00fcber einen Papierkatalog abgewickelt, an den sich unsere \u00e4ltesten Kunden noch erinnern. Mit dem Aufkommen des Internets wurde unser Katalog digitalisiert und die Software selbst wanderte nach [&hellip;]<\/p>\n","protected":false},"author":1,"featured_media":0,"parent":6274,"menu_order":336,"comment_status":"closed","ping_status":"closed","template":"","meta":{"_acf_changed":false,"inline_featured_image":false,"_uag_custom_page_level_css":"","footnotes":""},"class_list":["post-7351","page","type-page","status-publish","hentry"],"acf":[],"yoast_head":"<!-- This site is optimized with the Yoast SEO plugin v26.9 - https:\/\/yoast.com\/product\/yoast-seo-wordpress\/ -->\n<title>Seite Geschichte - RITME<\/title>\n<meta name=\"robots\" content=\"index, follow, max-snippet:-1, max-image-preview:large, max-video-preview:-1\" \/>\n<link rel=\"canonical\" href=\"https:\/\/ritme.com\/de\/wer-sind-wir\/seite-geschichte\/\" \/>\n<meta property=\"og:locale\" content=\"de_DE\" \/>\n<meta property=\"og:type\" content=\"article\" \/>\n<meta property=\"og:title\" content=\"Seite Geschichte - RITME\" \/>\n<meta property=\"og:description\" content=\"1989, Gr\u00fcndung RITME wurde 1989 gegr\u00fcndet und war zun\u00e4chst als Softwareh\u00e4ndler in einem Nischenmarkt t\u00e4tig.&nbsp; Damals gab es noch kein Internet und der Kauf von wissenschaftlicher Software wurde \u00fcber einen Papierkatalog abgewickelt, an den sich unsere \u00e4ltesten Kunden noch erinnern. Mit dem Aufkommen des Internets wurde unser Katalog digitalisiert und die Software selbst wanderte nach [&hellip;]\" \/>\n<meta property=\"og:url\" content=\"https:\/\/ritme.com\/de\/wer-sind-wir\/seite-geschichte\/\" \/>\n<meta property=\"og:site_name\" content=\"RITME\" \/>\n<meta property=\"article:modified_time\" content=\"2022-11-28T13:07:11+00:00\" \/>\n<meta property=\"og:image\" content=\"https:\/\/ritme.com\/wp-content\/uploads\/2021\/05\/picto-ordinateur-Histoire-5.svg\" \/>\n<meta name=\"twitter:card\" content=\"summary_large_image\" \/>\n<meta name=\"twitter:label1\" content=\"Gesch\u00e4tzte Lesezeit\" \/>\n\t<meta name=\"twitter:data1\" content=\"3\u00a0Minuten\" \/>\n<script type=\"application\/ld+json\" class=\"yoast-schema-graph\">{\"@context\":\"https:\/\/schema.org\",\"@graph\":[{\"@type\":\"WebPage\",\"@id\":\"https:\/\/ritme.com\/de\/wer-sind-wir\/seite-geschichte\/\",\"url\":\"https:\/\/ritme.com\/de\/wer-sind-wir\/seite-geschichte\/\",\"name\":\"Seite Geschichte - RITME\",\"isPartOf\":{\"@id\":\"https:\/\/ritme.com\/de\/#website\"},\"primaryImageOfPage\":{\"@id\":\"https:\/\/ritme.com\/de\/wer-sind-wir\/seite-geschichte\/#primaryimage\"},\"image\":{\"@id\":\"https:\/\/ritme.com\/de\/wer-sind-wir\/seite-geschichte\/#primaryimage\"},\"thumbnailUrl\":\"https:\/\/ritme.com\/wp-content\/uploads\/2021\/05\/picto-ordinateur-Histoire-5.svg\",\"datePublished\":\"2021-03-17T11:22:13+00:00\",\"dateModified\":\"2022-11-28T13:07:11+00:00\",\"breadcrumb\":{\"@id\":\"https:\/\/ritme.com\/de\/wer-sind-wir\/seite-geschichte\/#breadcrumb\"},\"inLanguage\":\"de\",\"potentialAction\":[{\"@type\":\"ReadAction\",\"target\":[\"https:\/\/ritme.com\/de\/wer-sind-wir\/seite-geschichte\/\"]}]},{\"@type\":\"ImageObject\",\"inLanguage\":\"de\",\"@id\":\"https:\/\/ritme.com\/de\/wer-sind-wir\/seite-geschichte\/#primaryimage\",\"url\":\"https:\/\/ritme.com\/wp-content\/uploads\/2021\/05\/picto-ordinateur-Histoire-5.svg\",\"contentUrl\":\"https:\/\/ritme.com\/wp-content\/uploads\/2021\/05\/picto-ordinateur-Histoire-5.svg\"},{\"@type\":\"BreadcrumbList\",\"@id\":\"https:\/\/ritme.com\/de\/wer-sind-wir\/seite-geschichte\/#breadcrumb\",\"itemListElement\":[{\"@type\":\"ListItem\",\"position\":1,\"name\":\"Startseite\",\"item\":\"https:\/\/ritme.com\/de\/\"},{\"@type\":\"ListItem\",\"position\":2,\"name\":\"Wer sind wir\",\"item\":\"https:\/\/ritme.com\/de\/wer-sind-wir\/\"},{\"@type\":\"ListItem\",\"position\":3,\"name\":\"Seite Geschichte\"}]},{\"@type\":\"WebSite\",\"@id\":\"https:\/\/ritme.com\/de\/#website\",\"url\":\"https:\/\/ritme.com\/de\/\",\"name\":\"RITME\",\"description\":\"Der strategische Partner von Forschungsteams\",\"publisher\":{\"@id\":\"https:\/\/ritme.com\/de\/#organization\"},\"potentialAction\":[{\"@type\":\"SearchAction\",\"target\":{\"@type\":\"EntryPoint\",\"urlTemplate\":\"https:\/\/ritme.com\/de\/?s={search_term_string}\"},\"query-input\":{\"@type\":\"PropertyValueSpecification\",\"valueRequired\":true,\"valueName\":\"search_term_string\"}}],\"inLanguage\":\"de\"},{\"@type\":\"Organization\",\"@id\":\"https:\/\/ritme.com\/de\/#organization\",\"name\":\"RITME\",\"url\":\"https:\/\/ritme.com\/de\/\",\"logo\":{\"@type\":\"ImageObject\",\"inLanguage\":\"de\",\"@id\":\"https:\/\/ritme.com\/de\/#\/schema\/logo\/image\/\",\"url\":\"https:\/\/ritme.com\/wp-content\/uploads\/2021\/06\/Ritme_200x86.svg\",\"contentUrl\":\"https:\/\/ritme.com\/wp-content\/uploads\/2021\/06\/Ritme_200x86.svg\",\"caption\":\"RITME\"},\"image\":{\"@id\":\"https:\/\/ritme.com\/de\/#\/schema\/logo\/image\/\"}}]}<\/script>\n<!-- \/ Yoast SEO plugin. -->","yoast_head_json":{"title":"Seite Geschichte - RITME","robots":{"index":"index","follow":"follow","max-snippet":"max-snippet:-1","max-image-preview":"max-image-preview:large","max-video-preview":"max-video-preview:-1"},"canonical":"https:\/\/ritme.com\/de\/wer-sind-wir\/seite-geschichte\/","og_locale":"de_DE","og_type":"article","og_title":"Seite Geschichte - RITME","og_description":"1989, Gr\u00fcndung RITME wurde 1989 gegr\u00fcndet und war zun\u00e4chst als Softwareh\u00e4ndler in einem Nischenmarkt t\u00e4tig.&nbsp; Damals gab es noch kein Internet und der Kauf von wissenschaftlicher Software wurde \u00fcber einen Papierkatalog abgewickelt, an den sich unsere \u00e4ltesten Kunden noch erinnern. Mit dem Aufkommen des Internets wurde unser Katalog digitalisiert und die Software selbst wanderte nach [&hellip;]","og_url":"https:\/\/ritme.com\/de\/wer-sind-wir\/seite-geschichte\/","og_site_name":"RITME","article_modified_time":"2022-11-28T13:07:11+00:00","og_image":[{"url":"https:\/\/ritme.com\/wp-content\/uploads\/2021\/05\/picto-ordinateur-Histoire-5.svg","type":"","width":"","height":""}],"twitter_card":"summary_large_image","twitter_misc":{"Gesch\u00e4tzte Lesezeit":"3\u00a0Minuten"},"schema":{"@context":"https:\/\/schema.org","@graph":[{"@type":"WebPage","@id":"https:\/\/ritme.com\/de\/wer-sind-wir\/seite-geschichte\/","url":"https:\/\/ritme.com\/de\/wer-sind-wir\/seite-geschichte\/","name":"Seite Geschichte - RITME","isPartOf":{"@id":"https:\/\/ritme.com\/de\/#website"},"primaryImageOfPage":{"@id":"https:\/\/ritme.com\/de\/wer-sind-wir\/seite-geschichte\/#primaryimage"},"image":{"@id":"https:\/\/ritme.com\/de\/wer-sind-wir\/seite-geschichte\/#primaryimage"},"thumbnailUrl":"https:\/\/ritme.com\/wp-content\/uploads\/2021\/05\/picto-ordinateur-Histoire-5.svg","datePublished":"2021-03-17T11:22:13+00:00","dateModified":"2022-11-28T13:07:11+00:00","breadcrumb":{"@id":"https:\/\/ritme.com\/de\/wer-sind-wir\/seite-geschichte\/#breadcrumb"},"inLanguage":"de","potentialAction":[{"@type":"ReadAction","target":["https:\/\/ritme.com\/de\/wer-sind-wir\/seite-geschichte\/"]}]},{"@type":"ImageObject","inLanguage":"de","@id":"https:\/\/ritme.com\/de\/wer-sind-wir\/seite-geschichte\/#primaryimage","url":"https:\/\/ritme.com\/wp-content\/uploads\/2021\/05\/picto-ordinateur-Histoire-5.svg","contentUrl":"https:\/\/ritme.com\/wp-content\/uploads\/2021\/05\/picto-ordinateur-Histoire-5.svg"},{"@type":"BreadcrumbList","@id":"https:\/\/ritme.com\/de\/wer-sind-wir\/seite-geschichte\/#breadcrumb","itemListElement":[{"@type":"ListItem","position":1,"name":"Startseite","item":"https:\/\/ritme.com\/de\/"},{"@type":"ListItem","position":2,"name":"Wer sind wir","item":"https:\/\/ritme.com\/de\/wer-sind-wir\/"},{"@type":"ListItem","position":3,"name":"Seite Geschichte"}]},{"@type":"WebSite","@id":"https:\/\/ritme.com\/de\/#website","url":"https:\/\/ritme.com\/de\/","name":"RITME","description":"Der strategische Partner von Forschungsteams","publisher":{"@id":"https:\/\/ritme.com\/de\/#organization"},"potentialAction":[{"@type":"SearchAction","target":{"@type":"EntryPoint","urlTemplate":"https:\/\/ritme.com\/de\/?s={search_term_string}"},"query-input":{"@type":"PropertyValueSpecification","valueRequired":true,"valueName":"search_term_string"}}],"inLanguage":"de"},{"@type":"Organization","@id":"https:\/\/ritme.com\/de\/#organization","name":"RITME","url":"https:\/\/ritme.com\/de\/","logo":{"@type":"ImageObject","inLanguage":"de","@id":"https:\/\/ritme.com\/de\/#\/schema\/logo\/image\/","url":"https:\/\/ritme.com\/wp-content\/uploads\/2021\/06\/Ritme_200x86.svg","contentUrl":"https:\/\/ritme.com\/wp-content\/uploads\/2021\/06\/Ritme_200x86.svg","caption":"RITME"},"image":{"@id":"https:\/\/ritme.com\/de\/#\/schema\/logo\/image\/"}}]}},"uagb_featured_image_src":{"full":false,"thumbnail":false,"medium":false,"medium_large":false,"large":false,"1536x1536":false,"2048x2048":false},"uagb_author_info":{"display_name":"admin","author_link":"https:\/\/ritme.com\/de\/author\/admin\/"},"uagb_comment_info":0,"uagb_excerpt":"1989, Gr\u00fcndung RITME wurde 1989 gegr\u00fcndet und war zun\u00e4chst als Softwareh\u00e4ndler in einem Nischenmarkt t\u00e4tig.&nbsp; Damals gab es noch kein Internet und der Kauf von wissenschaftlicher Software wurde \u00fcber einen Papierkatalog abgewickelt, an den sich unsere \u00e4ltesten Kunden noch erinnern. Mit dem Aufkommen des Internets wurde unser Katalog digitalisiert und die Software selbst wanderte nach&hellip;","_links":{"self":[{"href":"https:\/\/ritme.com\/de\/wp-json\/wp\/v2\/pages\/7351","targetHints":{"allow":["GET"]}}],"collection":[{"href":"https:\/\/ritme.com\/de\/wp-json\/wp\/v2\/pages"}],"about":[{"href":"https:\/\/ritme.com\/de\/wp-json\/wp\/v2\/types\/page"}],"author":[{"embeddable":true,"href":"https:\/\/ritme.com\/de\/wp-json\/wp\/v2\/users\/1"}],"replies":[{"embeddable":true,"href":"https:\/\/ritme.com\/de\/wp-json\/wp\/v2\/comments?post=7351"}],"version-history":[{"count":2,"href":"https:\/\/ritme.com\/de\/wp-json\/wp\/v2\/pages\/7351\/revisions"}],"predecessor-version":[{"id":30212,"href":"https:\/\/ritme.com\/de\/wp-json\/wp\/v2\/pages\/7351\/revisions\/30212"}],"up":[{"embeddable":true,"href":"https:\/\/ritme.com\/de\/wp-json\/wp\/v2\/pages\/6274"}],"wp:attachment":[{"href":"https:\/\/ritme.com\/de\/wp-json\/wp\/v2\/media?parent=7351"}],"curies":[{"name":"wp","href":"https:\/\/api.w.org\/{rel}","templated":true}]}}