{"id":6274,"date":"2021-04-20T15:05:28","date_gmt":"2021-04-20T13:05:28","guid":{"rendered":"https:\/\/ritme.com\/?page_id=6274"},"modified":"2022-11-28T13:59:32","modified_gmt":"2022-11-28T12:59:32","slug":"wer-sind-wir","status":"publish","type":"page","link":"https:\/\/ritme.com\/de\/wer-sind-wir\/","title":{"rendered":"Wer sind wir"},"content":{"rendered":"\n<section class=\"wp-block-uagb-columns uagb-columns__wrap uagb-columns__stack-tablet uagb-columns__valign- uagb-columns__gap-10 align uagb-block-1fbf061f uagb-columns__columns-2 uagb-columns__max_width-theme big-image-text-columns valign-center\"><div class=\"uagb-columns__overlay\"><\/div><div class=\"uagb-columns__inner-wrap uagb-columns__columns-2\">\n<div class=\"wp-block-uagb-column uagb-column__wrap uagb-column__background-undefined uagb-block-346e38c4\"><div class=\"uagb-column__overlay\"><\/div>\n<figure class=\"wp-block-image size-large is-style-rounded\"><img loading=\"lazy\" decoding=\"async\" width=\"751\" height=\"502\" src=\"https:\/\/ritme.com\/wp-content\/uploads\/2021\/03\/illus-banner-home.png\" alt=\"\" class=\"wp-image-2431\" srcset=\"https:\/\/ritme.com\/wp-content\/uploads\/2021\/03\/illus-banner-home.png 751w, https:\/\/ritme.com\/wp-content\/uploads\/2021\/03\/illus-banner-home-500x334.png 500w\" sizes=\"auto, (max-width: 751px) 100vw, 751px\" \/><\/figure>\n<\/div>\n\n\n\n<div class=\"wp-block-uagb-column uagb-column__wrap uagb-column__background-undefined uagb-block-474d311d\"><div class=\"uagb-column__overlay\"><\/div>\n<h2 class=\"wp-block-heading\">Der strategische Partner f\u00fcr Wissenschaftsteams<\/h2>\n\n\n\n<p>Als H\u00e4ndler und Integrator von Softwarel\u00f6sungen begleitet RITME seit \u00fcber 30 Jahren seine Kunden rund um die <strong>Digitalisierung und Aufwertung von Forschungsaktivit\u00e4ten<\/strong>.<\/p>\n\n\n\n<p>Unser Unternehmen hat Tausende von Forschern in Frankreich, der Schweiz, Italien und den Beneluxl\u00e4ndern mit wissenschaftlicher Software ausgestattet und geschult.<\/p>\n\n\n\n<p>Durch ein umfassendes Angebot <strong>an Tools und Dienstleistungen, die <\/strong>der Sammlung, Verwaltung und Nutzung von Daten gewidmet sind, unterst\u00fctzen wir Wissenschaftler bei ihren strategischen Entwicklungen.<\/p>\n\n\n\n<p>Wir gehen sogar so weit, dass wir <strong>Projekte zur digitalen Transformation <\/strong>leiten und dabei alle Beteiligten einbeziehen: Pre-Sales, Integration, Implementierung, Schulung, Kompetenztransfer und Begleitung bei Ver\u00e4nderungen sind Zeichen unserer Expertise.<\/p>\n<\/div>\n<\/div><\/section>\n\n\n\n<div class=\"decor-bg-wrapper fullwidth type_2\"><div class=\"decor-element\" style=\"top:55px\"><div class=\"container\"><div class=\"colors\"> <\/div><\/div><\/div><\/div>\n\n\n\n<div class=\"decor-bg-wrapper fullwidth type_2\"><div class=\"decor-element\" style=\"top:55px\"><div class=\"container\"><div class=\"colors\"> <\/div><\/div><\/div><\/div>\n\n\n\n<div class=\"decor-bg-wrapper fullwidth type_2\"><div class=\"decor-element\" style=\"top:55px\"><div class=\"container\"><div class=\"colors\"> <\/div><\/div><\/div><\/div>\n\n\n\n<section class=\"wp-block-uagb-section uagb-section__wrap uagb-section__background-undefined uagb-block-8e0ab278 section-intro-text\"><div class=\"uagb-section__overlay\"><\/div><div class=\"uagb-section__inner-wrap\">\n<h3 class=\"wp-block-heading\">Pers\u00f6nliche Begleitung seit \u00fcber 30 Jahren<\/h3>\n\n\n\n<p><strong>RITME bietet Komplettl\u00f6sungen mit dem st\u00e4ndigen Ziel, die eingesetzten L\u00f6sungen dauerhaft zu sichern.<br><\/strong>Wir bieten Ihnen :<\/p>\n\n\n\n<ul class=\"wp-block-list\">\n<li>das Verst\u00e4ndnis der <strong>fachlichen Anforderungen <\/strong>und der Herausforderungen der Kunden,<\/li>\n\n\n\n<li>die Garantie f\u00fcr ein <strong>zuverl\u00e4ssiges Sourcing <\/strong>und eine angemessene Lizenzierung,<\/li>\n\n\n\n<li><strong>die Installation vor Ort <\/strong>oder in <strong>der Cloud <\/strong>f\u00fcr Serverl\u00f6sungen,<\/li>\n\n\n\n<li>die <strong>langfristige<\/strong> Begleitung (technische Unterst\u00fctzung, Account Management, personalisierte Plattform MyRitme).<\/li>\n<\/ul>\n\n\n\n<p>Bei Bedarf erg\u00e4nzen wir durch :<\/p>\n\n\n\n<ul class=\"wp-block-list\">\n<li>die Anpassung der bereits vorhandenen L\u00f6sungen an Ihre Bed\u00fcrfnisse durch <strong>zus\u00e4tzliche Leistungen <\/strong>(Proof of Concept, spezifische Anwendungsentwicklung, Integration, Projektmanagement),<\/li>\n\n\n\n<li><strong>die Integration <\/strong>der neuen L\u00f6sungen in Ihr Umfeld (Informationssystem, Prozesse, Werkzeuge, Organisation),<\/li>\n\n\n\n<li><strong>die \u00dcbernahme des Bestehenden, <\/strong>um Kontinuit\u00e4t in Ihrem Alltag und einen reibungslosen <strong>\u00dcbergang <\/strong>zur gew\u00e4hlten L\u00f6sung zu gew\u00e4hrleisten,<\/li>\n\n\n\n<li>Durchf\u00fchrung von <strong>Schulungs-<\/strong>, <strong>Beratungs- <\/strong>und <strong>Ver\u00e4nderungsbegleitprojekten<\/strong>.<\/li>\n<\/ul>\n<\/div><\/section>\n\n\n\n<div class=\"wp-block-getwid-advanced-spacer\" style=\"height:40px\" aria-hidden=\"true\"><\/div>\n\n\n\n<h3 class=\"wp-block-heading\">Eine vertrauensvolle und privilegierte Beziehung zu den Verlegern<\/h3>\n\n\n\n<p>RITME hat von Anfang an <strong>starke Partnerschaften <\/strong>mit den Verlagen aufgebaut, deren <strong>offizielle Vertreter <\/strong>wir in weiten Teilen Europas sind. Dies dr\u00fcckt sich aus durch :<\/p>\n\n\n\n<ul class=\"wp-block-list\">\n<li><strong>direkte Kontakte <\/strong>mit den richtigen Ansprechpartnern (Support, Lieferung, Einkauf&#8230;) f\u00fcr optimale Reaktionsf\u00e4higkeit und Effizienz,<\/li>\n\n\n\n<li>Informationen \u00fcber Produktentwicklungen in <strong>Echtzeit,<\/strong><\/li>\n\n\n\n<li>ein erhebliches Gewicht bei der <strong>Eskalation von Kundenbed\u00fcrfnissen,<\/strong><\/li>\n\n\n\n<li><strong>Ansprechpartner, <\/strong>die in Softwarel\u00f6sungen <strong>geschult sind.<\/strong><\/li>\n<\/ul>\n\n\n\n<div class=\"wp-block-getwid-advanced-spacer\" style=\"height:40px\" aria-hidden=\"true\"><\/div>\n\n\n\n<h3 class=\"wp-block-heading\">Sachkundige Einblicke in aufkommende L\u00f6sungen<\/h3>\n\n\n\n<p>Wir leben in einer Welt, in der sich das Tempo erh\u00f6ht und die Dynamiken komplexer werden.<\/p>\n\n\n\n<p>RITME entwickelt sein Angebot st\u00e4ndig weiter, <strong>indem es innovative L\u00f6sungen aufsp\u00fcrt, <\/strong>und hat in den letzten zehn Jahren <strong>eine starke Expertise im digitalen \u00dcbergang von Laboren und der Verwaltung wissenschaftlicher Informationen <\/strong>entwickelt, mit L\u00f6sungen, die den Herausforderungen von morgen gerecht werden:<\/p>\n\n\n\n<ul class=\"wp-block-list\">\n<li><strong>Saas-L\u00f6sungen<\/strong><\/li>\n\n\n\n<li>Auf Zusammenarbeit ausgerichtete Tools<\/li>\n\n\n\n<li><strong>Nachvollziehbarkeit <\/strong>und Einhaltung von Vorschriften und Standards<\/li>\n\n\n\n<li>Kapitalisierung von Wissen<\/li>\n<\/ul>\n\n\n\n<p>Diese L\u00f6sungen garantieren die Einhaltung der <strong>DSGVO<\/strong>, die <strong>Sicherheit der Daten<\/strong>, die <strong>Interoperabilit\u00e4t <\/strong>und die Gew\u00e4hrleistung einer <strong>kontrollierten Integration in Ihre Informationssysteme<\/strong>.<\/p>\n","protected":false},"excerpt":{"rendered":"<p>Der strategische Partner f\u00fcr Wissenschaftsteams Als H\u00e4ndler und Integrator von Softwarel\u00f6sungen begleitet RITME seit \u00fcber 30 Jahren seine Kunden rund um die Digitalisierung und Aufwertung von Forschungsaktivit\u00e4ten. Unser Unternehmen hat Tausende von Forschern in Frankreich, der Schweiz, Italien und den Beneluxl\u00e4ndern mit wissenschaftlicher Software ausgestattet und geschult. Durch ein umfassendes Angebot an Tools und Dienstleistungen, [&hellip;]<\/p>\n","protected":false},"author":2,"featured_media":0,"parent":0,"menu_order":331,"comment_status":"closed","ping_status":"closed","template":"","meta":{"_acf_changed":false,"inline_featured_image":false,"_uag_custom_page_level_css":"","footnotes":""},"class_list":["post-6274","page","type-page","status-publish","hentry"],"acf":[],"yoast_head":"<!-- This site is optimized with the Yoast SEO plugin v27.4 - https:\/\/yoast.com\/product\/yoast-seo-wordpress\/ -->\n<title>Wer sind wir - RITME<\/title>\n<meta name=\"robots\" content=\"index, follow, max-snippet:-1, max-image-preview:large, max-video-preview:-1\" \/>\n<link rel=\"canonical\" href=\"https:\/\/ritme.com\/de\/wer-sind-wir\/\" \/>\n<meta property=\"og:locale\" content=\"de_DE\" \/>\n<meta property=\"og:type\" content=\"article\" \/>\n<meta property=\"og:title\" content=\"Wer sind wir - RITME\" \/>\n<meta property=\"og:description\" content=\"Der strategische Partner f\u00fcr Wissenschaftsteams Als H\u00e4ndler und Integrator von Softwarel\u00f6sungen begleitet RITME seit \u00fcber 30 Jahren seine Kunden rund um die Digitalisierung und Aufwertung von Forschungsaktivit\u00e4ten. Unser Unternehmen hat Tausende von Forschern in Frankreich, der Schweiz, Italien und den Beneluxl\u00e4ndern mit wissenschaftlicher Software ausgestattet und geschult. Durch ein umfassendes Angebot an Tools und Dienstleistungen, [&hellip;]\" \/>\n<meta property=\"og:url\" content=\"https:\/\/ritme.com\/de\/wer-sind-wir\/\" \/>\n<meta property=\"og:site_name\" content=\"RITME\" \/>\n<meta property=\"article:modified_time\" content=\"2022-11-28T12:59:32+00:00\" \/>\n<meta property=\"og:image\" content=\"https:\/\/ritme.com\/wp-content\/uploads\/2021\/03\/illus-banner-home.png\" \/>\n<meta name=\"twitter:card\" content=\"summary_large_image\" \/>\n<meta name=\"twitter:label1\" content=\"Gesch\u00e4tzte Lesezeit\" \/>\n\t<meta name=\"twitter:data1\" content=\"3\u00a0Minuten\" \/>\n<script type=\"application\/ld+json\" class=\"yoast-schema-graph\">{\"@context\":\"https:\\\/\\\/schema.org\",\"@graph\":[{\"@type\":\"WebPage\",\"@id\":\"https:\\\/\\\/ritme.com\\\/de\\\/wer-sind-wir\\\/\",\"url\":\"https:\\\/\\\/ritme.com\\\/de\\\/wer-sind-wir\\\/\",\"name\":\"Wer sind wir - RITME\",\"isPartOf\":{\"@id\":\"https:\\\/\\\/ritme.com\\\/de\\\/#website\"},\"primaryImageOfPage\":{\"@id\":\"https:\\\/\\\/ritme.com\\\/de\\\/wer-sind-wir\\\/#primaryimage\"},\"image\":{\"@id\":\"https:\\\/\\\/ritme.com\\\/de\\\/wer-sind-wir\\\/#primaryimage\"},\"thumbnailUrl\":\"https:\\\/\\\/ritme.com\\\/wp-content\\\/uploads\\\/2021\\\/03\\\/illus-banner-home.png\",\"datePublished\":\"2021-04-20T13:05:28+00:00\",\"dateModified\":\"2022-11-28T12:59:32+00:00\",\"breadcrumb\":{\"@id\":\"https:\\\/\\\/ritme.com\\\/de\\\/wer-sind-wir\\\/#breadcrumb\"},\"inLanguage\":\"de\",\"potentialAction\":[{\"@type\":\"ReadAction\",\"target\":[\"https:\\\/\\\/ritme.com\\\/de\\\/wer-sind-wir\\\/\"]}]},{\"@type\":\"ImageObject\",\"inLanguage\":\"de\",\"@id\":\"https:\\\/\\\/ritme.com\\\/de\\\/wer-sind-wir\\\/#primaryimage\",\"url\":\"https:\\\/\\\/ritme.com\\\/wp-content\\\/uploads\\\/2021\\\/03\\\/illus-banner-home.png\",\"contentUrl\":\"https:\\\/\\\/ritme.com\\\/wp-content\\\/uploads\\\/2021\\\/03\\\/illus-banner-home.png\"},{\"@type\":\"BreadcrumbList\",\"@id\":\"https:\\\/\\\/ritme.com\\\/de\\\/wer-sind-wir\\\/#breadcrumb\",\"itemListElement\":[{\"@type\":\"ListItem\",\"position\":1,\"name\":\"Startseite\",\"item\":\"https:\\\/\\\/ritme.com\\\/de\\\/\"},{\"@type\":\"ListItem\",\"position\":2,\"name\":\"Wer sind wir\"}]},{\"@type\":\"WebSite\",\"@id\":\"https:\\\/\\\/ritme.com\\\/de\\\/#website\",\"url\":\"https:\\\/\\\/ritme.com\\\/de\\\/\",\"name\":\"RITME\",\"description\":\"Der strategische Partner von Forschungsteams\",\"publisher\":{\"@id\":\"https:\\\/\\\/ritme.com\\\/de\\\/#organization\"},\"potentialAction\":[{\"@type\":\"SearchAction\",\"target\":{\"@type\":\"EntryPoint\",\"urlTemplate\":\"https:\\\/\\\/ritme.com\\\/de\\\/?s={search_term_string}\"},\"query-input\":{\"@type\":\"PropertyValueSpecification\",\"valueRequired\":true,\"valueName\":\"search_term_string\"}}],\"inLanguage\":\"de\"},{\"@type\":\"Organization\",\"@id\":\"https:\\\/\\\/ritme.com\\\/de\\\/#organization\",\"name\":\"RITME\",\"url\":\"https:\\\/\\\/ritme.com\\\/de\\\/\",\"logo\":{\"@type\":\"ImageObject\",\"inLanguage\":\"de\",\"@id\":\"https:\\\/\\\/ritme.com\\\/de\\\/#\\\/schema\\\/logo\\\/image\\\/\",\"url\":\"https:\\\/\\\/ritme.com\\\/wp-content\\\/uploads\\\/2021\\\/06\\\/Ritme_200x86.svg\",\"contentUrl\":\"https:\\\/\\\/ritme.com\\\/wp-content\\\/uploads\\\/2021\\\/06\\\/Ritme_200x86.svg\",\"caption\":\"RITME\"},\"image\":{\"@id\":\"https:\\\/\\\/ritme.com\\\/de\\\/#\\\/schema\\\/logo\\\/image\\\/\"}}]}<\/script>\n<!-- \/ Yoast SEO plugin. -->","yoast_head_json":{"title":"Wer sind wir - RITME","robots":{"index":"index","follow":"follow","max-snippet":"max-snippet:-1","max-image-preview":"max-image-preview:large","max-video-preview":"max-video-preview:-1"},"canonical":"https:\/\/ritme.com\/de\/wer-sind-wir\/","og_locale":"de_DE","og_type":"article","og_title":"Wer sind wir - RITME","og_description":"Der strategische Partner f\u00fcr Wissenschaftsteams Als H\u00e4ndler und Integrator von Softwarel\u00f6sungen begleitet RITME seit \u00fcber 30 Jahren seine Kunden rund um die Digitalisierung und Aufwertung von Forschungsaktivit\u00e4ten. Unser Unternehmen hat Tausende von Forschern in Frankreich, der Schweiz, Italien und den Beneluxl\u00e4ndern mit wissenschaftlicher Software ausgestattet und geschult. Durch ein umfassendes Angebot an Tools und Dienstleistungen, [&hellip;]","og_url":"https:\/\/ritme.com\/de\/wer-sind-wir\/","og_site_name":"RITME","article_modified_time":"2022-11-28T12:59:32+00:00","og_image":[{"url":"https:\/\/ritme.com\/wp-content\/uploads\/2021\/03\/illus-banner-home.png","type":"","width":"","height":""}],"twitter_card":"summary_large_image","twitter_misc":{"Gesch\u00e4tzte Lesezeit":"3\u00a0Minuten"},"schema":{"@context":"https:\/\/schema.org","@graph":[{"@type":"WebPage","@id":"https:\/\/ritme.com\/de\/wer-sind-wir\/","url":"https:\/\/ritme.com\/de\/wer-sind-wir\/","name":"Wer sind wir - RITME","isPartOf":{"@id":"https:\/\/ritme.com\/de\/#website"},"primaryImageOfPage":{"@id":"https:\/\/ritme.com\/de\/wer-sind-wir\/#primaryimage"},"image":{"@id":"https:\/\/ritme.com\/de\/wer-sind-wir\/#primaryimage"},"thumbnailUrl":"https:\/\/ritme.com\/wp-content\/uploads\/2021\/03\/illus-banner-home.png","datePublished":"2021-04-20T13:05:28+00:00","dateModified":"2022-11-28T12:59:32+00:00","breadcrumb":{"@id":"https:\/\/ritme.com\/de\/wer-sind-wir\/#breadcrumb"},"inLanguage":"de","potentialAction":[{"@type":"ReadAction","target":["https:\/\/ritme.com\/de\/wer-sind-wir\/"]}]},{"@type":"ImageObject","inLanguage":"de","@id":"https:\/\/ritme.com\/de\/wer-sind-wir\/#primaryimage","url":"https:\/\/ritme.com\/wp-content\/uploads\/2021\/03\/illus-banner-home.png","contentUrl":"https:\/\/ritme.com\/wp-content\/uploads\/2021\/03\/illus-banner-home.png"},{"@type":"BreadcrumbList","@id":"https:\/\/ritme.com\/de\/wer-sind-wir\/#breadcrumb","itemListElement":[{"@type":"ListItem","position":1,"name":"Startseite","item":"https:\/\/ritme.com\/de\/"},{"@type":"ListItem","position":2,"name":"Wer sind wir"}]},{"@type":"WebSite","@id":"https:\/\/ritme.com\/de\/#website","url":"https:\/\/ritme.com\/de\/","name":"RITME","description":"Der strategische Partner von Forschungsteams","publisher":{"@id":"https:\/\/ritme.com\/de\/#organization"},"potentialAction":[{"@type":"SearchAction","target":{"@type":"EntryPoint","urlTemplate":"https:\/\/ritme.com\/de\/?s={search_term_string}"},"query-input":{"@type":"PropertyValueSpecification","valueRequired":true,"valueName":"search_term_string"}}],"inLanguage":"de"},{"@type":"Organization","@id":"https:\/\/ritme.com\/de\/#organization","name":"RITME","url":"https:\/\/ritme.com\/de\/","logo":{"@type":"ImageObject","inLanguage":"de","@id":"https:\/\/ritme.com\/de\/#\/schema\/logo\/image\/","url":"https:\/\/ritme.com\/wp-content\/uploads\/2021\/06\/Ritme_200x86.svg","contentUrl":"https:\/\/ritme.com\/wp-content\/uploads\/2021\/06\/Ritme_200x86.svg","caption":"RITME"},"image":{"@id":"https:\/\/ritme.com\/de\/#\/schema\/logo\/image\/"}}]}},"uagb_featured_image_src":{"full":false,"thumbnail":false,"medium":false,"medium_large":false,"large":false,"1536x1536":false,"2048x2048":false},"uagb_author_info":{"display_name":"Lila AIT ISSAD","author_link":"https:\/\/ritme.com\/de\/author\/adminritme\/"},"uagb_comment_info":0,"uagb_excerpt":"Der strategische Partner f\u00fcr Wissenschaftsteams Als H\u00e4ndler und Integrator von Softwarel\u00f6sungen begleitet RITME seit \u00fcber 30 Jahren seine Kunden rund um die Digitalisierung und Aufwertung von Forschungsaktivit\u00e4ten. Unser Unternehmen hat Tausende von Forschern in Frankreich, der Schweiz, Italien und den Beneluxl\u00e4ndern mit wissenschaftlicher Software ausgestattet und geschult. Durch ein umfassendes Angebot an Tools und Dienstleistungen,&hellip;","_links":{"self":[{"href":"https:\/\/ritme.com\/de\/wp-json\/wp\/v2\/pages\/6274","targetHints":{"allow":["GET"]}}],"collection":[{"href":"https:\/\/ritme.com\/de\/wp-json\/wp\/v2\/pages"}],"about":[{"href":"https:\/\/ritme.com\/de\/wp-json\/wp\/v2\/types\/page"}],"author":[{"embeddable":true,"href":"https:\/\/ritme.com\/de\/wp-json\/wp\/v2\/users\/2"}],"replies":[{"embeddable":true,"href":"https:\/\/ritme.com\/de\/wp-json\/wp\/v2\/comments?post=6274"}],"version-history":[{"count":1,"href":"https:\/\/ritme.com\/de\/wp-json\/wp\/v2\/pages\/6274\/revisions"}],"predecessor-version":[{"id":30210,"href":"https:\/\/ritme.com\/de\/wp-json\/wp\/v2\/pages\/6274\/revisions\/30210"}],"wp:attachment":[{"href":"https:\/\/ritme.com\/de\/wp-json\/wp\/v2\/media?parent=6274"}],"curies":[{"name":"wp","href":"https:\/\/api.w.org\/{rel}","templated":true}]}}