{"id":14640,"date":"2021-06-17T13:07:01","date_gmt":"2021-06-17T11:07:01","guid":{"rendered":"https:\/\/ritme.com\/?page_id=14640"},"modified":"2021-06-17T13:07:31","modified_gmt":"2021-06-17T11:07:31","slug":"unsere-trainer","status":"publish","type":"page","link":"https:\/\/ritme.com\/de\/schulung\/unsere-trainer\/","title":{"rendered":"Unsere Trainer"},"content":{"rendered":"\n<section class=\"wp-block-uagb-columns uagb-columns__wrap uagb-columns__background-undefined uagb-columns__stack-tablet uagb-columns__valign-undefined uagb-columns__gap-10 alignundefined uagb-block-5b389c85 big-image-text-columns valign-center\"><div class=\"uagb-columns__overlay\"><\/div><div class=\"uagb-columns__inner-wrap uagb-columns__columns-2\">\n<div class=\"wp-block-uagb-column uagb-column__wrap uagb-column__background-undefined uagb-block-9b8e80bf\"><div class=\"uagb-column__overlay\"><\/div><div class=\"uagb-column__inner-wrap\">\n<figure class=\"wp-block-image size-large is-style-rounded\"><img loading=\"lazy\" decoding=\"async\" width=\"1024\" height=\"738\" src=\"https:\/\/ritme.com\/wp-content\/uploads\/2021\/05\/Nos-formateurs-1-1024x738.png\" alt=\"\" class=\"wp-image-8845\" srcset=\"https:\/\/ritme.com\/wp-content\/uploads\/2021\/05\/Nos-formateurs-1-1024x738.png 1024w, https:\/\/ritme.com\/wp-content\/uploads\/2021\/05\/Nos-formateurs-1-500x360.png 500w, https:\/\/ritme.com\/wp-content\/uploads\/2021\/05\/Nos-formateurs-1-768x553.png 768w, https:\/\/ritme.com\/wp-content\/uploads\/2021\/05\/Nos-formateurs-1-1536x1107.png 1536w, https:\/\/ritme.com\/wp-content\/uploads\/2021\/05\/Nos-formateurs-1.png 1846w\" sizes=\"auto, (max-width: 1024px) 100vw, 1024px\" \/><\/figure>\n<\/div><\/div>\n\n\n\n<div class=\"wp-block-uagb-column uagb-column__wrap uagb-column__background-undefined uagb-block-78b2725d\"><div class=\"uagb-column__overlay\"><\/div><div class=\"uagb-column__inner-wrap\">\n<h2 class=\"wp-block-heading\"><span class=\"has-inline-color has-ritme-blue-color\">Trainer<\/span><\/h2>\n\n\n\n<p>Wenn Sie sich f\u00fcr die Ritme Academy entscheiden, k\u00f6nnen Sie sicher sein, dass Sie sich in die H\u00e4nde von <strong>ausgezeichneten Trainern<\/strong> begeben, die nicht nur Ihr Umfeld kennen, sondern auch <strong>Ihre Bed\u00fcrfnisse in spezifische Trainingsziele \u00fcbersetzen werden.<\/strong>&nbsp;<\/p>\n\n\n\n<p>Alle unsere Referenten sind Frauen und M\u00e4nner aus der Praxis, mit einem <strong>starken wissenschaftlichen und technischen Hintergrund.<\/strong><\/p>\n\n\n\n<p>Alle haben einen akademischen Hintergrund oder sind so nah wie m\u00f6glich an der Industrie, alle werden von uns handverlesen und <strong>genau nach mehreren Kriterien ausgew\u00e4hlt&nbsp;:<\/strong><\/p>\n\n\n\n<ul class=\"wp-block-list\"><li>Ihr Fachwissen<\/li><li>Ihr Ruf<\/li><li>Ihre p\u00e4dagogischen F\u00e4higkeiten<\/li><li>Ihre Anpassungsf\u00e4higkeit&nbsp;&nbsp;<\/li><\/ul>\n<\/div><\/div>\n<\/div><\/section>\n","protected":false},"excerpt":{"rendered":"<p>Trainer Wenn Sie sich f\u00fcr die Ritme Academy entscheiden, k\u00f6nnen Sie sicher sein, dass Sie sich in die H\u00e4nde von ausgezeichneten Trainern begeben, die nicht nur Ihr Umfeld kennen, sondern auch Ihre Bed\u00fcrfnisse in spezifische Trainingsziele \u00fcbersetzen werden.&nbsp; Alle unsere Referenten sind Frauen und M\u00e4nner aus der Praxis, mit einem starken wissenschaftlichen und technischen Hintergrund. [&hellip;]<\/p>\n","protected":false},"author":2,"featured_media":0,"parent":7561,"menu_order":321,"comment_status":"closed","ping_status":"closed","template":"","meta":{"_acf_changed":false,"inline_featured_image":false,"_uag_custom_page_level_css":"","footnotes":""},"class_list":["post-14640","page","type-page","status-publish","hentry"],"acf":[],"yoast_head":"<!-- This site is optimized with the Yoast SEO plugin v26.9 - https:\/\/yoast.com\/product\/yoast-seo-wordpress\/ -->\n<title>Unsere Trainer - RITME<\/title>\n<meta name=\"robots\" content=\"index, follow, max-snippet:-1, max-image-preview:large, max-video-preview:-1\" \/>\n<link rel=\"canonical\" href=\"https:\/\/ritme.com\/de\/schulung\/unsere-trainer\/\" \/>\n<meta property=\"og:locale\" content=\"de_DE\" \/>\n<meta property=\"og:type\" content=\"article\" \/>\n<meta property=\"og:title\" content=\"Unsere Trainer - RITME\" \/>\n<meta property=\"og:description\" content=\"Trainer Wenn Sie sich f\u00fcr die Ritme Academy entscheiden, k\u00f6nnen Sie sicher sein, dass Sie sich in die H\u00e4nde von ausgezeichneten Trainern begeben, die nicht nur Ihr Umfeld kennen, sondern auch Ihre Bed\u00fcrfnisse in spezifische Trainingsziele \u00fcbersetzen werden.&nbsp; Alle unsere Referenten sind Frauen und M\u00e4nner aus der Praxis, mit einem starken wissenschaftlichen und technischen Hintergrund. [&hellip;]\" \/>\n<meta property=\"og:url\" content=\"https:\/\/ritme.com\/de\/schulung\/unsere-trainer\/\" \/>\n<meta property=\"og:site_name\" content=\"RITME\" \/>\n<meta property=\"article:modified_time\" content=\"2021-06-17T11:07:31+00:00\" \/>\n<meta property=\"og:image\" content=\"https:\/\/ritme.com\/wp-content\/uploads\/2021\/05\/Nos-formateurs-1-1024x738.png\" \/>\n<meta name=\"twitter:card\" content=\"summary_large_image\" \/>\n<meta name=\"twitter:label1\" content=\"Gesch\u00e4tzte Lesezeit\" \/>\n\t<meta name=\"twitter:data1\" content=\"1\u00a0Minute\" \/>\n<script type=\"application\/ld+json\" class=\"yoast-schema-graph\">{\"@context\":\"https:\/\/schema.org\",\"@graph\":[{\"@type\":\"WebPage\",\"@id\":\"https:\/\/ritme.com\/de\/schulung\/unsere-trainer\/\",\"url\":\"https:\/\/ritme.com\/de\/schulung\/unsere-trainer\/\",\"name\":\"Unsere Trainer - RITME\",\"isPartOf\":{\"@id\":\"https:\/\/ritme.com\/de\/#website\"},\"primaryImageOfPage\":{\"@id\":\"https:\/\/ritme.com\/de\/schulung\/unsere-trainer\/#primaryimage\"},\"image\":{\"@id\":\"https:\/\/ritme.com\/de\/schulung\/unsere-trainer\/#primaryimage\"},\"thumbnailUrl\":\"https:\/\/ritme.com\/wp-content\/uploads\/2021\/05\/Nos-formateurs-1-1024x738.png\",\"datePublished\":\"2021-06-17T11:07:01+00:00\",\"dateModified\":\"2021-06-17T11:07:31+00:00\",\"breadcrumb\":{\"@id\":\"https:\/\/ritme.com\/de\/schulung\/unsere-trainer\/#breadcrumb\"},\"inLanguage\":\"de\",\"potentialAction\":[{\"@type\":\"ReadAction\",\"target\":[\"https:\/\/ritme.com\/de\/schulung\/unsere-trainer\/\"]}]},{\"@type\":\"ImageObject\",\"inLanguage\":\"de\",\"@id\":\"https:\/\/ritme.com\/de\/schulung\/unsere-trainer\/#primaryimage\",\"url\":\"https:\/\/ritme.com\/wp-content\/uploads\/2021\/05\/Nos-formateurs-1-1024x738.png\",\"contentUrl\":\"https:\/\/ritme.com\/wp-content\/uploads\/2021\/05\/Nos-formateurs-1-1024x738.png\"},{\"@type\":\"BreadcrumbList\",\"@id\":\"https:\/\/ritme.com\/de\/schulung\/unsere-trainer\/#breadcrumb\",\"itemListElement\":[{\"@type\":\"ListItem\",\"position\":1,\"name\":\"Startseite\",\"item\":\"https:\/\/ritme.com\/de\/\"},{\"@type\":\"ListItem\",\"position\":2,\"name\":\"Training\",\"item\":\"https:\/\/ritme.com\/de\/schulung\/\"},{\"@type\":\"ListItem\",\"position\":3,\"name\":\"Unsere Trainer\"}]},{\"@type\":\"WebSite\",\"@id\":\"https:\/\/ritme.com\/de\/#website\",\"url\":\"https:\/\/ritme.com\/de\/\",\"name\":\"RITME\",\"description\":\"Der strategische Partner von Forschungsteams\",\"publisher\":{\"@id\":\"https:\/\/ritme.com\/de\/#organization\"},\"potentialAction\":[{\"@type\":\"SearchAction\",\"target\":{\"@type\":\"EntryPoint\",\"urlTemplate\":\"https:\/\/ritme.com\/de\/?s={search_term_string}\"},\"query-input\":{\"@type\":\"PropertyValueSpecification\",\"valueRequired\":true,\"valueName\":\"search_term_string\"}}],\"inLanguage\":\"de\"},{\"@type\":\"Organization\",\"@id\":\"https:\/\/ritme.com\/de\/#organization\",\"name\":\"RITME\",\"url\":\"https:\/\/ritme.com\/de\/\",\"logo\":{\"@type\":\"ImageObject\",\"inLanguage\":\"de\",\"@id\":\"https:\/\/ritme.com\/de\/#\/schema\/logo\/image\/\",\"url\":\"https:\/\/ritme.com\/wp-content\/uploads\/2021\/06\/Ritme_200x86.svg\",\"contentUrl\":\"https:\/\/ritme.com\/wp-content\/uploads\/2021\/06\/Ritme_200x86.svg\",\"caption\":\"RITME\"},\"image\":{\"@id\":\"https:\/\/ritme.com\/de\/#\/schema\/logo\/image\/\"}}]}<\/script>\n<!-- \/ Yoast SEO plugin. -->","yoast_head_json":{"title":"Unsere Trainer - RITME","robots":{"index":"index","follow":"follow","max-snippet":"max-snippet:-1","max-image-preview":"max-image-preview:large","max-video-preview":"max-video-preview:-1"},"canonical":"https:\/\/ritme.com\/de\/schulung\/unsere-trainer\/","og_locale":"de_DE","og_type":"article","og_title":"Unsere Trainer - RITME","og_description":"Trainer Wenn Sie sich f\u00fcr die Ritme Academy entscheiden, k\u00f6nnen Sie sicher sein, dass Sie sich in die H\u00e4nde von ausgezeichneten Trainern begeben, die nicht nur Ihr Umfeld kennen, sondern auch Ihre Bed\u00fcrfnisse in spezifische Trainingsziele \u00fcbersetzen werden.&nbsp; Alle unsere Referenten sind Frauen und M\u00e4nner aus der Praxis, mit einem starken wissenschaftlichen und technischen Hintergrund. [&hellip;]","og_url":"https:\/\/ritme.com\/de\/schulung\/unsere-trainer\/","og_site_name":"RITME","article_modified_time":"2021-06-17T11:07:31+00:00","og_image":[{"url":"https:\/\/ritme.com\/wp-content\/uploads\/2021\/05\/Nos-formateurs-1-1024x738.png","type":"","width":"","height":""}],"twitter_card":"summary_large_image","twitter_misc":{"Gesch\u00e4tzte Lesezeit":"1\u00a0Minute"},"schema":{"@context":"https:\/\/schema.org","@graph":[{"@type":"WebPage","@id":"https:\/\/ritme.com\/de\/schulung\/unsere-trainer\/","url":"https:\/\/ritme.com\/de\/schulung\/unsere-trainer\/","name":"Unsere Trainer - RITME","isPartOf":{"@id":"https:\/\/ritme.com\/de\/#website"},"primaryImageOfPage":{"@id":"https:\/\/ritme.com\/de\/schulung\/unsere-trainer\/#primaryimage"},"image":{"@id":"https:\/\/ritme.com\/de\/schulung\/unsere-trainer\/#primaryimage"},"thumbnailUrl":"https:\/\/ritme.com\/wp-content\/uploads\/2021\/05\/Nos-formateurs-1-1024x738.png","datePublished":"2021-06-17T11:07:01+00:00","dateModified":"2021-06-17T11:07:31+00:00","breadcrumb":{"@id":"https:\/\/ritme.com\/de\/schulung\/unsere-trainer\/#breadcrumb"},"inLanguage":"de","potentialAction":[{"@type":"ReadAction","target":["https:\/\/ritme.com\/de\/schulung\/unsere-trainer\/"]}]},{"@type":"ImageObject","inLanguage":"de","@id":"https:\/\/ritme.com\/de\/schulung\/unsere-trainer\/#primaryimage","url":"https:\/\/ritme.com\/wp-content\/uploads\/2021\/05\/Nos-formateurs-1-1024x738.png","contentUrl":"https:\/\/ritme.com\/wp-content\/uploads\/2021\/05\/Nos-formateurs-1-1024x738.png"},{"@type":"BreadcrumbList","@id":"https:\/\/ritme.com\/de\/schulung\/unsere-trainer\/#breadcrumb","itemListElement":[{"@type":"ListItem","position":1,"name":"Startseite","item":"https:\/\/ritme.com\/de\/"},{"@type":"ListItem","position":2,"name":"Training","item":"https:\/\/ritme.com\/de\/schulung\/"},{"@type":"ListItem","position":3,"name":"Unsere Trainer"}]},{"@type":"WebSite","@id":"https:\/\/ritme.com\/de\/#website","url":"https:\/\/ritme.com\/de\/","name":"RITME","description":"Der strategische Partner von Forschungsteams","publisher":{"@id":"https:\/\/ritme.com\/de\/#organization"},"potentialAction":[{"@type":"SearchAction","target":{"@type":"EntryPoint","urlTemplate":"https:\/\/ritme.com\/de\/?s={search_term_string}"},"query-input":{"@type":"PropertyValueSpecification","valueRequired":true,"valueName":"search_term_string"}}],"inLanguage":"de"},{"@type":"Organization","@id":"https:\/\/ritme.com\/de\/#organization","name":"RITME","url":"https:\/\/ritme.com\/de\/","logo":{"@type":"ImageObject","inLanguage":"de","@id":"https:\/\/ritme.com\/de\/#\/schema\/logo\/image\/","url":"https:\/\/ritme.com\/wp-content\/uploads\/2021\/06\/Ritme_200x86.svg","contentUrl":"https:\/\/ritme.com\/wp-content\/uploads\/2021\/06\/Ritme_200x86.svg","caption":"RITME"},"image":{"@id":"https:\/\/ritme.com\/de\/#\/schema\/logo\/image\/"}}]}},"uagb_featured_image_src":{"full":false,"thumbnail":false,"medium":false,"medium_large":false,"large":false,"1536x1536":false,"2048x2048":false},"uagb_author_info":{"display_name":"Lila AIT ISSAD","author_link":"https:\/\/ritme.com\/de\/author\/adminritme\/"},"uagb_comment_info":0,"uagb_excerpt":"Trainer Wenn Sie sich f\u00fcr die Ritme Academy entscheiden, k\u00f6nnen Sie sicher sein, dass Sie sich in die H\u00e4nde von ausgezeichneten Trainern begeben, die nicht nur Ihr Umfeld kennen, sondern auch Ihre Bed\u00fcrfnisse in spezifische Trainingsziele \u00fcbersetzen werden.&nbsp; Alle unsere Referenten sind Frauen und M\u00e4nner aus der Praxis, mit einem starken wissenschaftlichen und technischen Hintergrund.&hellip;","_links":{"self":[{"href":"https:\/\/ritme.com\/de\/wp-json\/wp\/v2\/pages\/14640","targetHints":{"allow":["GET"]}}],"collection":[{"href":"https:\/\/ritme.com\/de\/wp-json\/wp\/v2\/pages"}],"about":[{"href":"https:\/\/ritme.com\/de\/wp-json\/wp\/v2\/types\/page"}],"author":[{"embeddable":true,"href":"https:\/\/ritme.com\/de\/wp-json\/wp\/v2\/users\/2"}],"replies":[{"embeddable":true,"href":"https:\/\/ritme.com\/de\/wp-json\/wp\/v2\/comments?post=14640"}],"version-history":[{"count":0,"href":"https:\/\/ritme.com\/de\/wp-json\/wp\/v2\/pages\/14640\/revisions"}],"up":[{"embeddable":true,"href":"https:\/\/ritme.com\/de\/wp-json\/wp\/v2\/pages\/7561"}],"wp:attachment":[{"href":"https:\/\/ritme.com\/de\/wp-json\/wp\/v2\/media?parent=14640"}],"curies":[{"name":"wp","href":"https:\/\/api.w.org\/{rel}","templated":true}]}}