{"id":13865,"date":"2021-05-24T14:40:34","date_gmt":"2021-05-24T12:40:34","guid":{"rendered":"https:\/\/ritme.com\/tatigkeitsbereiche\/education\/"},"modified":"2025-08-21T10:44:45","modified_gmt":"2025-08-21T08:44:45","slug":"bildung","status":"publish","type":"page","link":"https:\/\/ritme.com\/de\/tatigkeitsbereiche\/bildung\/","title":{"rendered":"Bildung"},"content":{"rendered":"\n<section class=\"wp-block-uagb-section uagb-section__wrap uagb-section__background-undefined uagb-block-b168129e\"><div class=\"uagb-section__overlay\"><\/div><div class=\"uagb-section__inner-wrap\">\n<h2 class=\"wp-block-heading\"><strong><strong><strong>Die <em><span class=\"has-inline-color has-ritme-blue-color\">digitale Transformation<\/span><\/em> der Bildungsakteure<\/strong><\/strong><\/strong><\/h2>\n\n\n\n<section class=\"wp-block-uagb-columns uagb-columns__wrap uagb-columns__stack-mobile uagb-columns__valign- uagb-columns__gap-10 align uagb-block-4c67b27a uagb-columns__columns-2 uagb-columns__max_width-theme\"><div class=\"uagb-columns__overlay\"><\/div><div class=\"uagb-columns__inner-wrap uagb-columns__columns-2\">\n<div class=\"wp-block-uagb-column uagb-column__wrap uagb-column__background-undefined uagb-block-cdf12f2f\"><div class=\"uagb-column__overlay\"><\/div>\n<p>Lernen ist der erste Schritt in einem qualitativen und nachhaltigen Forschungsprozess. Analyse und Ver\u00f6ffentlichung sind wichtige Punkte, um die Entdeckungen von morgen zu verstehen und objektiv zu kommunizieren.<\/p>\n\n\n\n<p>Der Bedarf an digitalen Tools und Schulungen betrifft Aspekte wie die <strong>Publikation<\/strong>:<\/p>\n\n\n\n<ul class=\"wp-block-list\">\n<li>Die Erstellung von Bibliographien<\/li>\n\n\n\n<li>Wissenschaftliches Schreiben und Publizieren von Artikeln\u00a0<\/li>\n\n\n\n<li>Wissenschaftliche Kommunikation\u00a0insgesamt<\/li>\n\n\n\n<li>Vortrag und Interaktion mit den Medien\u00a0<\/li>\n<\/ul>\n\n\n\n<p>Oder die <strong>quantitative Analyse<\/strong>:&nbsp;<\/p>\n\n\n\n<ul class=\"wp-block-list\">\n<li>Volkswirtschaftliche Modellierung\u00a0<\/li>\n\n\n\n<li>Zeitreihenverwendung und Prognose\u00a0<\/li>\n\n\n\n<li>\u00d6konometrie\u00a0<\/li>\n\n\n\n<li>Statistische Methoden\u00a0insgesamt<\/li>\n<\/ul>\n\n\n\n<p>Auch die <strong>qualitative Analyse<\/strong>:<\/p>\n\n\n\n<ul class=\"wp-block-list\">\n<li>Unstrukturierte und qualitative Datenanalyse.\u00a0<\/li>\n\n\n\n<li>Automatisierte Interviewtranskription\u00a0<\/li>\n<\/ul>\n<\/div>\n\n\n\n<div class=\"wp-block-uagb-column uagb-column__wrap uagb-column__background-undefined uagb-block-51657e2c\"><div class=\"uagb-column__overlay\"><\/div><div class=\"testimonial-wrapper teaser \"><div class=\"testimonial\">\n\t<div class=\"image\"><img loading=\"lazy\" decoding=\"async\" width=\"705\" height=\"350\" src=\"https:\/\/ritme.com\/wp-content\/uploads\/2021\/05\/TSE.png\" class=\"attachment-post-thumbnail size-post-thumbnail wp-post-image\" alt=\"\" srcset=\"https:\/\/ritme.com\/wp-content\/uploads\/2021\/05\/TSE.png 705w, https:\/\/ritme.com\/wp-content\/uploads\/2021\/05\/TSE-500x248.png 500w\" sizes=\"auto, (max-width: 705px) 100vw, 705px\" \/><\/div>\n\t<div class=\"content\">\n\t\t<div class=\"text\">\n\t\t\t<div class=\"text-inner\">\n\t\t\t\tWir sch\u00e4tzen RITME&#8230; sehr als Unterst\u00fctzung bei der Auswahl von L\u00f6sungen und professionellen Antworten auf die von unseren Forschern eingereichten Probleme.<br \/>\r\nDie Qualit\u00e4t unserer RITME-Gespr\u00e4chspartner ist es, uns Antworten zu bringen.<br \/>\r\n<br \/>\r\n&nbsp;\t\t\t<\/div>\n\t\t<\/div>\n\t\t<div class=\"author-wrapper\">\n\t\t\t<div class=\"name\">Laurent Benvenuti<\/div>\n\t\t\t\t\t\t\t<div class=\"function\">IT-Manager &#8211; Wirtschaftshochschule Toulouse<\/div>\n\t\t\t\t\t\t\t\t\t\t\t<\/div>\n\t<\/div>\n<\/div>\n<\/div><\/div>\n<\/div><\/section>\n<\/div><\/section>\n","protected":false},"excerpt":{"rendered":"","protected":false},"author":2,"featured_media":10496,"parent":9457,"menu_order":288,"comment_status":"closed","ping_status":"closed","template":"","meta":{"_acf_changed":false,"inline_featured_image":false,"_uag_custom_page_level_css":"","footnotes":""},"class_list":["post-13865","page","type-page","status-publish","has-post-thumbnail","hentry"],"acf":[],"yoast_head":"<!-- This site is optimized with the Yoast SEO plugin v26.9 - https:\/\/yoast.com\/product\/yoast-seo-wordpress\/ -->\n<title>Bildung - RITME<\/title>\n<meta name=\"description\" content=\"Seit mehr als 30 Jahren begleitet und ber\u00e4t Ritme Bildungsakteure bei der Auswahl und dem Einsatz von wissenschaftlicher Software\" \/>\n<meta name=\"robots\" content=\"index, follow, max-snippet:-1, max-image-preview:large, max-video-preview:-1\" \/>\n<link rel=\"canonical\" href=\"https:\/\/ritme.com\/de\/tatigkeitsbereiche\/bildung\/\" \/>\n<meta property=\"og:locale\" content=\"de_DE\" \/>\n<meta property=\"og:type\" content=\"article\" \/>\n<meta property=\"og:title\" content=\"Bildung - RITME\" \/>\n<meta property=\"og:description\" content=\"Seit mehr als 30 Jahren begleitet und ber\u00e4t Ritme Bildungsakteure bei der Auswahl und dem Einsatz von wissenschaftlicher Software\" \/>\n<meta property=\"og:url\" content=\"https:\/\/ritme.com\/de\/tatigkeitsbereiche\/bildung\/\" \/>\n<meta property=\"og:site_name\" content=\"RITME\" \/>\n<meta property=\"article:modified_time\" content=\"2025-08-21T08:44:45+00:00\" \/>\n<meta name=\"twitter:card\" content=\"summary_large_image\" \/>\n<meta name=\"twitter:label1\" content=\"Gesch\u00e4tzte Lesezeit\" \/>\n\t<meta name=\"twitter:data1\" content=\"1\u00a0Minute\" \/>\n<script type=\"application\/ld+json\" class=\"yoast-schema-graph\">{\"@context\":\"https:\/\/schema.org\",\"@graph\":[{\"@type\":\"WebPage\",\"@id\":\"https:\/\/ritme.com\/de\/tatigkeitsbereiche\/bildung\/\",\"url\":\"https:\/\/ritme.com\/de\/tatigkeitsbereiche\/bildung\/\",\"name\":\"Bildung - RITME\",\"isPartOf\":{\"@id\":\"https:\/\/ritme.com\/de\/#website\"},\"primaryImageOfPage\":{\"@id\":\"https:\/\/ritme.com\/de\/tatigkeitsbereiche\/bildung\/#primaryimage\"},\"image\":{\"@id\":\"https:\/\/ritme.com\/de\/tatigkeitsbereiche\/bildung\/#primaryimage\"},\"thumbnailUrl\":\"https:\/\/ritme.com\/wp-content\/uploads\/2021\/05\/e\u0301ducation_8.svg\",\"datePublished\":\"2021-05-24T12:40:34+00:00\",\"dateModified\":\"2025-08-21T08:44:45+00:00\",\"description\":\"Seit mehr als 30 Jahren begleitet und ber\u00e4t Ritme Bildungsakteure bei der Auswahl und dem Einsatz von wissenschaftlicher Software\",\"breadcrumb\":{\"@id\":\"https:\/\/ritme.com\/de\/tatigkeitsbereiche\/bildung\/#breadcrumb\"},\"inLanguage\":\"de\",\"potentialAction\":[{\"@type\":\"ReadAction\",\"target\":[\"https:\/\/ritme.com\/de\/tatigkeitsbereiche\/bildung\/\"]}]},{\"@type\":\"ImageObject\",\"inLanguage\":\"de\",\"@id\":\"https:\/\/ritme.com\/de\/tatigkeitsbereiche\/bildung\/#primaryimage\",\"url\":\"https:\/\/ritme.com\/wp-content\/uploads\/2021\/05\/e\u0301ducation_8.svg\",\"contentUrl\":\"https:\/\/ritme.com\/wp-content\/uploads\/2021\/05\/e\u0301ducation_8.svg\"},{\"@type\":\"BreadcrumbList\",\"@id\":\"https:\/\/ritme.com\/de\/tatigkeitsbereiche\/bildung\/#breadcrumb\",\"itemListElement\":[{\"@type\":\"ListItem\",\"position\":1,\"name\":\"Startseite\",\"item\":\"https:\/\/ritme.com\/de\/\"},{\"@type\":\"ListItem\",\"position\":2,\"name\":\"Ihre T\u00e4tigkeitsbereiche\",\"item\":\"https:\/\/ritme.com\/de\/tatigkeitsbereiche\/\"},{\"@type\":\"ListItem\",\"position\":3,\"name\":\"Bildung\"}]},{\"@type\":\"WebSite\",\"@id\":\"https:\/\/ritme.com\/de\/#website\",\"url\":\"https:\/\/ritme.com\/de\/\",\"name\":\"RITME\",\"description\":\"Der strategische Partner von Forschungsteams\",\"publisher\":{\"@id\":\"https:\/\/ritme.com\/de\/#organization\"},\"potentialAction\":[{\"@type\":\"SearchAction\",\"target\":{\"@type\":\"EntryPoint\",\"urlTemplate\":\"https:\/\/ritme.com\/de\/?s={search_term_string}\"},\"query-input\":{\"@type\":\"PropertyValueSpecification\",\"valueRequired\":true,\"valueName\":\"search_term_string\"}}],\"inLanguage\":\"de\"},{\"@type\":\"Organization\",\"@id\":\"https:\/\/ritme.com\/de\/#organization\",\"name\":\"RITME\",\"url\":\"https:\/\/ritme.com\/de\/\",\"logo\":{\"@type\":\"ImageObject\",\"inLanguage\":\"de\",\"@id\":\"https:\/\/ritme.com\/de\/#\/schema\/logo\/image\/\",\"url\":\"https:\/\/ritme.com\/wp-content\/uploads\/2021\/06\/Ritme_200x86.svg\",\"contentUrl\":\"https:\/\/ritme.com\/wp-content\/uploads\/2021\/06\/Ritme_200x86.svg\",\"caption\":\"RITME\"},\"image\":{\"@id\":\"https:\/\/ritme.com\/de\/#\/schema\/logo\/image\/\"}}]}<\/script>\n<!-- \/ Yoast SEO plugin. -->","yoast_head_json":{"title":"Bildung - RITME","description":"Seit mehr als 30 Jahren begleitet und ber\u00e4t Ritme Bildungsakteure bei der Auswahl und dem Einsatz von wissenschaftlicher Software","robots":{"index":"index","follow":"follow","max-snippet":"max-snippet:-1","max-image-preview":"max-image-preview:large","max-video-preview":"max-video-preview:-1"},"canonical":"https:\/\/ritme.com\/de\/tatigkeitsbereiche\/bildung\/","og_locale":"de_DE","og_type":"article","og_title":"Bildung - RITME","og_description":"Seit mehr als 30 Jahren begleitet und ber\u00e4t Ritme Bildungsakteure bei der Auswahl und dem Einsatz von wissenschaftlicher Software","og_url":"https:\/\/ritme.com\/de\/tatigkeitsbereiche\/bildung\/","og_site_name":"RITME","article_modified_time":"2025-08-21T08:44:45+00:00","twitter_card":"summary_large_image","twitter_misc":{"Gesch\u00e4tzte Lesezeit":"1\u00a0Minute"},"schema":{"@context":"https:\/\/schema.org","@graph":[{"@type":"WebPage","@id":"https:\/\/ritme.com\/de\/tatigkeitsbereiche\/bildung\/","url":"https:\/\/ritme.com\/de\/tatigkeitsbereiche\/bildung\/","name":"Bildung - RITME","isPartOf":{"@id":"https:\/\/ritme.com\/de\/#website"},"primaryImageOfPage":{"@id":"https:\/\/ritme.com\/de\/tatigkeitsbereiche\/bildung\/#primaryimage"},"image":{"@id":"https:\/\/ritme.com\/de\/tatigkeitsbereiche\/bildung\/#primaryimage"},"thumbnailUrl":"https:\/\/ritme.com\/wp-content\/uploads\/2021\/05\/e\u0301ducation_8.svg","datePublished":"2021-05-24T12:40:34+00:00","dateModified":"2025-08-21T08:44:45+00:00","description":"Seit mehr als 30 Jahren begleitet und ber\u00e4t Ritme Bildungsakteure bei der Auswahl und dem Einsatz von wissenschaftlicher Software","breadcrumb":{"@id":"https:\/\/ritme.com\/de\/tatigkeitsbereiche\/bildung\/#breadcrumb"},"inLanguage":"de","potentialAction":[{"@type":"ReadAction","target":["https:\/\/ritme.com\/de\/tatigkeitsbereiche\/bildung\/"]}]},{"@type":"ImageObject","inLanguage":"de","@id":"https:\/\/ritme.com\/de\/tatigkeitsbereiche\/bildung\/#primaryimage","url":"https:\/\/ritme.com\/wp-content\/uploads\/2021\/05\/e\u0301ducation_8.svg","contentUrl":"https:\/\/ritme.com\/wp-content\/uploads\/2021\/05\/e\u0301ducation_8.svg"},{"@type":"BreadcrumbList","@id":"https:\/\/ritme.com\/de\/tatigkeitsbereiche\/bildung\/#breadcrumb","itemListElement":[{"@type":"ListItem","position":1,"name":"Startseite","item":"https:\/\/ritme.com\/de\/"},{"@type":"ListItem","position":2,"name":"Ihre T\u00e4tigkeitsbereiche","item":"https:\/\/ritme.com\/de\/tatigkeitsbereiche\/"},{"@type":"ListItem","position":3,"name":"Bildung"}]},{"@type":"WebSite","@id":"https:\/\/ritme.com\/de\/#website","url":"https:\/\/ritme.com\/de\/","name":"RITME","description":"Der strategische Partner von Forschungsteams","publisher":{"@id":"https:\/\/ritme.com\/de\/#organization"},"potentialAction":[{"@type":"SearchAction","target":{"@type":"EntryPoint","urlTemplate":"https:\/\/ritme.com\/de\/?s={search_term_string}"},"query-input":{"@type":"PropertyValueSpecification","valueRequired":true,"valueName":"search_term_string"}}],"inLanguage":"de"},{"@type":"Organization","@id":"https:\/\/ritme.com\/de\/#organization","name":"RITME","url":"https:\/\/ritme.com\/de\/","logo":{"@type":"ImageObject","inLanguage":"de","@id":"https:\/\/ritme.com\/de\/#\/schema\/logo\/image\/","url":"https:\/\/ritme.com\/wp-content\/uploads\/2021\/06\/Ritme_200x86.svg","contentUrl":"https:\/\/ritme.com\/wp-content\/uploads\/2021\/06\/Ritme_200x86.svg","caption":"RITME"},"image":{"@id":"https:\/\/ritme.com\/de\/#\/schema\/logo\/image\/"}}]}},"uagb_featured_image_src":{"full":["https:\/\/ritme.com\/wp-content\/uploads\/2021\/05\/e\u0301ducation_8.svg",1,1,false],"thumbnail":["https:\/\/ritme.com\/wp-content\/uploads\/2021\/05\/e\u0301ducation_8.svg",1,1,false],"medium":["https:\/\/ritme.com\/wp-content\/uploads\/2021\/05\/e\u0301ducation_8.svg",1,1,false],"medium_large":["https:\/\/ritme.com\/wp-content\/uploads\/2021\/05\/e\u0301ducation_8.svg",1,1,false],"large":["https:\/\/ritme.com\/wp-content\/uploads\/2021\/05\/e\u0301ducation_8.svg",1,1,false],"1536x1536":["https:\/\/ritme.com\/wp-content\/uploads\/2021\/05\/e\u0301ducation_8.svg",1,1,false],"2048x2048":["https:\/\/ritme.com\/wp-content\/uploads\/2021\/05\/e\u0301ducation_8.svg",1,1,false]},"uagb_author_info":{"display_name":"Lila AIT ISSAD","author_link":"https:\/\/ritme.com\/de\/author\/adminritme\/"},"uagb_comment_info":0,"uagb_excerpt":null,"_links":{"self":[{"href":"https:\/\/ritme.com\/de\/wp-json\/wp\/v2\/pages\/13865","targetHints":{"allow":["GET"]}}],"collection":[{"href":"https:\/\/ritme.com\/de\/wp-json\/wp\/v2\/pages"}],"about":[{"href":"https:\/\/ritme.com\/de\/wp-json\/wp\/v2\/types\/page"}],"author":[{"embeddable":true,"href":"https:\/\/ritme.com\/de\/wp-json\/wp\/v2\/users\/2"}],"replies":[{"embeddable":true,"href":"https:\/\/ritme.com\/de\/wp-json\/wp\/v2\/comments?post=13865"}],"version-history":[{"count":1,"href":"https:\/\/ritme.com\/de\/wp-json\/wp\/v2\/pages\/13865\/revisions"}],"predecessor-version":[{"id":47252,"href":"https:\/\/ritme.com\/de\/wp-json\/wp\/v2\/pages\/13865\/revisions\/47252"}],"up":[{"embeddable":true,"href":"https:\/\/ritme.com\/de\/wp-json\/wp\/v2\/pages\/9457"}],"wp:featuredmedia":[{"embeddable":true,"href":"https:\/\/ritme.com\/de\/wp-json\/wp\/v2\/media\/10496"}],"wp:attachment":[{"href":"https:\/\/ritme.com\/de\/wp-json\/wp\/v2\/media?parent=13865"}],"curies":[{"name":"wp","href":"https:\/\/api.w.org\/{rel}","templated":true}]}}