{"id":13837,"date":"2021-05-24T14:51:00","date_gmt":"2021-05-24T12:51:00","guid":{"rendered":"https:\/\/ritme.com\/tatigkeitsbereiche\/chemical-industry\/"},"modified":"2025-08-21T10:37:42","modified_gmt":"2025-08-21T08:37:42","slug":"chimieindustrie","status":"publish","type":"page","link":"https:\/\/ritme.com\/de\/tatigkeitsbereiche\/chimieindustrie\/","title":{"rendered":"Chimieindustrie"},"content":{"rendered":"\n<section class=\"wp-block-uagb-section uagb-section__wrap uagb-section__background-undefined uagb-block-00852eff\"><div class=\"uagb-section__overlay\"><\/div><div class=\"uagb-section__inner-wrap\">\n<h2 class=\"wp-block-heading\"><strong><strong>Die <em><span class=\"has-inline-color has-ritme-blue-color\">digitale Transformation<\/span><\/em> der Akteure der Chimieindustrie<\/strong><\/strong><\/h2>\n\n\n\n<section class=\"wp-block-uagb-columns uagb-columns__wrap uagb-columns__stack-mobile uagb-columns__valign- uagb-columns__gap-10 align uagb-block-07c9adf1 uagb-columns__columns-2 uagb-columns__max_width-theme\"><div class=\"uagb-columns__overlay\"><\/div><div class=\"uagb-columns__inner-wrap uagb-columns__columns-2\">\n<div class=\"wp-block-uagb-column uagb-column__wrap uagb-column__background-undefined uagb-block-4135a3cb\"><div class=\"uagb-column__overlay\"><\/div>\n<p>Die chemische Industrie ist von der Digitalisierung der Forschungsaktivit\u00e4ten und deren Folgen besonders betroffen. Als Herzst\u00fcck von Experimenten und Analysen sind Datenmanagement-Tools f\u00fcr das reibungslose Funktionieren eines Labors notwendig geworden.<\/p>\n\n\n\n<ul class=\"wp-block-list\">\n<li>Die Einf\u00fchrung von <strong>elektronischen Laborjournalen<\/strong> und die Migration Bestehenden\u00a0<\/li>\n\n\n\n<li>Gute Praktiken in der <strong>Datenverwaltung und -weitergabe<\/strong>\u00a0<\/li>\n\n\n\n<li>Die Verwaltung von Inventar und Bestand eines Labors\u00a0 <\/li>\n\n\n\n<li>Die <strong>Qualit\u00e4t<\/strong> &amp; die <strong>Sicherheit<\/strong> Ihrer Daten\u00a0<\/li>\n\n\n\n<li>Sicherheitsdatenblattbearbeitung\u00a0\u00a0<\/li>\n\n\n\n<li>Das <strong>GHS<\/strong> und <strong>CLP<\/strong>\u00a0 \u00a0<\/li>\n\n\n\n<li>Der Einsatz eines <strong>LIMS<\/strong> (<em>Laboratory Information Management System<\/em>)\u00a0<\/li>\n\n\n\n<li>Die Nutzung digitaler L\u00f6sungen f\u00fcr <strong>Molek\u00fcldesign<\/strong>, f\u00fcr computergest\u00fctzte Chemie und <strong>Molek\u00fclmodellierung\u00a0 <\/strong><\/li>\n\n\n\n<li>Der Einsatz von Datenvisualisierungstools\u00a0\u00a0<\/li>\n\n\n\n<li>Die Automatisierung der Mess- und Testdatenanalyse\u00a0<\/li>\n\n\n\n<li>Peak-Analyse\u00a0<\/li>\n<\/ul>\n\n\n\n<p>Auch in den Bereichen <strong>Watch<\/strong>und <strong>Publikation<\/strong> oder Datenverarbeitung gibt es wichtige Neuerungen, die in diese Aktivit\u00e4ten integriert werden m\u00fcssen, um wettbewerbsf\u00e4hig zu bleiben.<\/p>\n\n\n\n<ul class=\"wp-block-list\">\n<li>Bibliographische Beschaffung und Verwaltung\u00a0<\/li>\n\n\n\n<li>Wissenschaftliches Artikelschreiben und Publikation\u00a0<\/li>\n\n\n\n<li>Wissenschaftliche Kommunikation\u00a0<\/li>\n\n\n\n<li>Reden und Medien\u00a0<\/li>\n<\/ul>\n\n\n\n<p>Die Optimierung von Fertigungsprozessen und -methoden ist ein wichtiges Thema, das <strong>Ingenieuren<\/strong> am Herzen liegt. Von statistischen Methoden bis hin zur Qualit\u00e4tsprozessverbesserung, innovative Werkzeuge sind in unserem Angebot zu entdecken.<\/p>\n\n\n\n<ul class=\"wp-block-list\">\n<li>Implementierung von <strong>Erfahrungspl\u00e4nen\u00a0<\/strong><\/li>\n\n\n\n<li>Optimierung von <strong>Qualit\u00e4t<\/strong> und <strong>Fertigungsprozessen<\/strong>\u00a0<\/li>\n\n\n\n<li>Nutzung digitaler Tools f\u00fcr <strong>Regelung<\/strong>, <strong>Qualifizierung<\/strong> und <strong>Validierung<\/strong>\u00a0<\/li>\n<\/ul>\n<\/div>\n\n\n\n<div class=\"wp-block-uagb-column uagb-column__wrap uagb-column__background-undefined uagb-block-938aec09\"><div class=\"uagb-column__overlay\"><\/div><div class=\"testimonial-wrapper teaser \"><div class=\"testimonial\">\n\t<div class=\"image\"><img loading=\"lazy\" decoding=\"async\" width=\"705\" height=\"350\" src=\"https:\/\/ritme.com\/wp-content\/uploads\/2021\/04\/Inventec_Performance_Chemicals.png\" class=\"attachment-post-thumbnail size-post-thumbnail wp-post-image\" alt=\"\" srcset=\"https:\/\/ritme.com\/wp-content\/uploads\/2021\/04\/Inventec_Performance_Chemicals.png 705w, https:\/\/ritme.com\/wp-content\/uploads\/2021\/04\/Inventec_Performance_Chemicals-500x248.png 500w\" sizes=\"auto, (max-width: 705px) 100vw, 705px\" \/><\/div>\n\t<div class=\"content\">\n\t\t<div class=\"text\">\n\t\t\t<div class=\"text-inner\">\n\t\t\t\t<p>Ein gro\u00dfartiges Training in Englisch, aber auch technisch, das die Realisierung eines meiner neuen beruflichen Ziele erm\u00f6glicht. Der Trainer war sehr interessant und klar in seinen Erkl\u00e4rungen.<\/p>\t\t\t<\/div>\n\t\t<\/div>\n\t\t<div class=\"author-wrapper\">\n\t\t\t<div class=\"name\">Charlotte Morin<\/div>\n\t\t\t\t\t\t\t<div class=\"function\">Inventec Performance Chemicals (Dehon) | R&amp;D Soldering<\/div>\n\t\t\t\t\t\t\t\t\t\t\t\t\t<div class=\"training\">Training f\u00fcr das Schreiben von wissenschaftlichen Artikeln<\/div>\n\t\t\t\t\t<\/div>\n\t<\/div>\n<\/div>\n<\/div><\/div>\n<\/div><\/section>\n<\/div><\/section>\n","protected":false},"excerpt":{"rendered":"","protected":false},"author":2,"featured_media":10531,"parent":9457,"menu_order":280,"comment_status":"closed","ping_status":"closed","template":"","meta":{"_acf_changed":false,"inline_featured_image":false,"_uag_custom_page_level_css":"","footnotes":""},"class_list":["post-13837","page","type-page","status-publish","has-post-thumbnail","hentry"],"acf":[],"yoast_head":"<!-- This site is optimized with the Yoast SEO plugin v26.9 - https:\/\/yoast.com\/product\/yoast-seo-wordpress\/ -->\n<title>Chimieindustrie - RITME<\/title>\n<meta name=\"description\" content=\"Seit mehr als 30 Jahren hilft Ritme Chemieunternehmen bei der Auswahl und dem Einsatz ihrer wissenschaftlichen Software\" \/>\n<meta name=\"robots\" content=\"index, follow, max-snippet:-1, max-image-preview:large, max-video-preview:-1\" \/>\n<link rel=\"canonical\" href=\"https:\/\/ritme.com\/de\/tatigkeitsbereiche\/chimieindustrie\/\" \/>\n<meta property=\"og:locale\" content=\"de_DE\" \/>\n<meta property=\"og:type\" content=\"article\" \/>\n<meta property=\"og:title\" content=\"Chimieindustrie - RITME\" \/>\n<meta property=\"og:description\" content=\"Seit mehr als 30 Jahren hilft Ritme Chemieunternehmen bei der Auswahl und dem Einsatz ihrer wissenschaftlichen Software\" \/>\n<meta property=\"og:url\" content=\"https:\/\/ritme.com\/de\/tatigkeitsbereiche\/chimieindustrie\/\" \/>\n<meta property=\"og:site_name\" content=\"RITME\" \/>\n<meta property=\"article:modified_time\" content=\"2025-08-21T08:37:42+00:00\" \/>\n<meta name=\"twitter:card\" content=\"summary_large_image\" \/>\n<meta name=\"twitter:label1\" content=\"Gesch\u00e4tzte Lesezeit\" \/>\n\t<meta name=\"twitter:data1\" content=\"2\u00a0Minuten\" \/>\n<script type=\"application\/ld+json\" class=\"yoast-schema-graph\">{\"@context\":\"https:\/\/schema.org\",\"@graph\":[{\"@type\":\"WebPage\",\"@id\":\"https:\/\/ritme.com\/de\/tatigkeitsbereiche\/chimieindustrie\/\",\"url\":\"https:\/\/ritme.com\/de\/tatigkeitsbereiche\/chimieindustrie\/\",\"name\":\"Chimieindustrie - RITME\",\"isPartOf\":{\"@id\":\"https:\/\/ritme.com\/de\/#website\"},\"primaryImageOfPage\":{\"@id\":\"https:\/\/ritme.com\/de\/tatigkeitsbereiche\/chimieindustrie\/#primaryimage\"},\"image\":{\"@id\":\"https:\/\/ritme.com\/de\/tatigkeitsbereiche\/chimieindustrie\/#primaryimage\"},\"thumbnailUrl\":\"https:\/\/ritme.com\/wp-content\/uploads\/2021\/05\/chimie_4.svg\",\"datePublished\":\"2021-05-24T12:51:00+00:00\",\"dateModified\":\"2025-08-21T08:37:42+00:00\",\"description\":\"Seit mehr als 30 Jahren hilft Ritme Chemieunternehmen bei der Auswahl und dem Einsatz ihrer wissenschaftlichen Software\",\"breadcrumb\":{\"@id\":\"https:\/\/ritme.com\/de\/tatigkeitsbereiche\/chimieindustrie\/#breadcrumb\"},\"inLanguage\":\"de\",\"potentialAction\":[{\"@type\":\"ReadAction\",\"target\":[\"https:\/\/ritme.com\/de\/tatigkeitsbereiche\/chimieindustrie\/\"]}]},{\"@type\":\"ImageObject\",\"inLanguage\":\"de\",\"@id\":\"https:\/\/ritme.com\/de\/tatigkeitsbereiche\/chimieindustrie\/#primaryimage\",\"url\":\"https:\/\/ritme.com\/wp-content\/uploads\/2021\/05\/chimie_4.svg\",\"contentUrl\":\"https:\/\/ritme.com\/wp-content\/uploads\/2021\/05\/chimie_4.svg\"},{\"@type\":\"BreadcrumbList\",\"@id\":\"https:\/\/ritme.com\/de\/tatigkeitsbereiche\/chimieindustrie\/#breadcrumb\",\"itemListElement\":[{\"@type\":\"ListItem\",\"position\":1,\"name\":\"Startseite\",\"item\":\"https:\/\/ritme.com\/de\/\"},{\"@type\":\"ListItem\",\"position\":2,\"name\":\"Ihre T\u00e4tigkeitsbereiche\",\"item\":\"https:\/\/ritme.com\/de\/tatigkeitsbereiche\/\"},{\"@type\":\"ListItem\",\"position\":3,\"name\":\"Chimieindustrie\"}]},{\"@type\":\"WebSite\",\"@id\":\"https:\/\/ritme.com\/de\/#website\",\"url\":\"https:\/\/ritme.com\/de\/\",\"name\":\"RITME\",\"description\":\"Der strategische Partner von Forschungsteams\",\"publisher\":{\"@id\":\"https:\/\/ritme.com\/de\/#organization\"},\"potentialAction\":[{\"@type\":\"SearchAction\",\"target\":{\"@type\":\"EntryPoint\",\"urlTemplate\":\"https:\/\/ritme.com\/de\/?s={search_term_string}\"},\"query-input\":{\"@type\":\"PropertyValueSpecification\",\"valueRequired\":true,\"valueName\":\"search_term_string\"}}],\"inLanguage\":\"de\"},{\"@type\":\"Organization\",\"@id\":\"https:\/\/ritme.com\/de\/#organization\",\"name\":\"RITME\",\"url\":\"https:\/\/ritme.com\/de\/\",\"logo\":{\"@type\":\"ImageObject\",\"inLanguage\":\"de\",\"@id\":\"https:\/\/ritme.com\/de\/#\/schema\/logo\/image\/\",\"url\":\"https:\/\/ritme.com\/wp-content\/uploads\/2021\/06\/Ritme_200x86.svg\",\"contentUrl\":\"https:\/\/ritme.com\/wp-content\/uploads\/2021\/06\/Ritme_200x86.svg\",\"caption\":\"RITME\"},\"image\":{\"@id\":\"https:\/\/ritme.com\/de\/#\/schema\/logo\/image\/\"}}]}<\/script>\n<!-- \/ Yoast SEO plugin. -->","yoast_head_json":{"title":"Chimieindustrie - RITME","description":"Seit mehr als 30 Jahren hilft Ritme Chemieunternehmen bei der Auswahl und dem Einsatz ihrer wissenschaftlichen Software","robots":{"index":"index","follow":"follow","max-snippet":"max-snippet:-1","max-image-preview":"max-image-preview:large","max-video-preview":"max-video-preview:-1"},"canonical":"https:\/\/ritme.com\/de\/tatigkeitsbereiche\/chimieindustrie\/","og_locale":"de_DE","og_type":"article","og_title":"Chimieindustrie - RITME","og_description":"Seit mehr als 30 Jahren hilft Ritme Chemieunternehmen bei der Auswahl und dem Einsatz ihrer wissenschaftlichen Software","og_url":"https:\/\/ritme.com\/de\/tatigkeitsbereiche\/chimieindustrie\/","og_site_name":"RITME","article_modified_time":"2025-08-21T08:37:42+00:00","twitter_card":"summary_large_image","twitter_misc":{"Gesch\u00e4tzte Lesezeit":"2\u00a0Minuten"},"schema":{"@context":"https:\/\/schema.org","@graph":[{"@type":"WebPage","@id":"https:\/\/ritme.com\/de\/tatigkeitsbereiche\/chimieindustrie\/","url":"https:\/\/ritme.com\/de\/tatigkeitsbereiche\/chimieindustrie\/","name":"Chimieindustrie - RITME","isPartOf":{"@id":"https:\/\/ritme.com\/de\/#website"},"primaryImageOfPage":{"@id":"https:\/\/ritme.com\/de\/tatigkeitsbereiche\/chimieindustrie\/#primaryimage"},"image":{"@id":"https:\/\/ritme.com\/de\/tatigkeitsbereiche\/chimieindustrie\/#primaryimage"},"thumbnailUrl":"https:\/\/ritme.com\/wp-content\/uploads\/2021\/05\/chimie_4.svg","datePublished":"2021-05-24T12:51:00+00:00","dateModified":"2025-08-21T08:37:42+00:00","description":"Seit mehr als 30 Jahren hilft Ritme Chemieunternehmen bei der Auswahl und dem Einsatz ihrer wissenschaftlichen Software","breadcrumb":{"@id":"https:\/\/ritme.com\/de\/tatigkeitsbereiche\/chimieindustrie\/#breadcrumb"},"inLanguage":"de","potentialAction":[{"@type":"ReadAction","target":["https:\/\/ritme.com\/de\/tatigkeitsbereiche\/chimieindustrie\/"]}]},{"@type":"ImageObject","inLanguage":"de","@id":"https:\/\/ritme.com\/de\/tatigkeitsbereiche\/chimieindustrie\/#primaryimage","url":"https:\/\/ritme.com\/wp-content\/uploads\/2021\/05\/chimie_4.svg","contentUrl":"https:\/\/ritme.com\/wp-content\/uploads\/2021\/05\/chimie_4.svg"},{"@type":"BreadcrumbList","@id":"https:\/\/ritme.com\/de\/tatigkeitsbereiche\/chimieindustrie\/#breadcrumb","itemListElement":[{"@type":"ListItem","position":1,"name":"Startseite","item":"https:\/\/ritme.com\/de\/"},{"@type":"ListItem","position":2,"name":"Ihre T\u00e4tigkeitsbereiche","item":"https:\/\/ritme.com\/de\/tatigkeitsbereiche\/"},{"@type":"ListItem","position":3,"name":"Chimieindustrie"}]},{"@type":"WebSite","@id":"https:\/\/ritme.com\/de\/#website","url":"https:\/\/ritme.com\/de\/","name":"RITME","description":"Der strategische Partner von Forschungsteams","publisher":{"@id":"https:\/\/ritme.com\/de\/#organization"},"potentialAction":[{"@type":"SearchAction","target":{"@type":"EntryPoint","urlTemplate":"https:\/\/ritme.com\/de\/?s={search_term_string}"},"query-input":{"@type":"PropertyValueSpecification","valueRequired":true,"valueName":"search_term_string"}}],"inLanguage":"de"},{"@type":"Organization","@id":"https:\/\/ritme.com\/de\/#organization","name":"RITME","url":"https:\/\/ritme.com\/de\/","logo":{"@type":"ImageObject","inLanguage":"de","@id":"https:\/\/ritme.com\/de\/#\/schema\/logo\/image\/","url":"https:\/\/ritme.com\/wp-content\/uploads\/2021\/06\/Ritme_200x86.svg","contentUrl":"https:\/\/ritme.com\/wp-content\/uploads\/2021\/06\/Ritme_200x86.svg","caption":"RITME"},"image":{"@id":"https:\/\/ritme.com\/de\/#\/schema\/logo\/image\/"}}]}},"uagb_featured_image_src":{"full":["https:\/\/ritme.com\/wp-content\/uploads\/2021\/05\/chimie_4.svg",1,1,false],"thumbnail":["https:\/\/ritme.com\/wp-content\/uploads\/2021\/05\/chimie_4.svg",1,1,false],"medium":["https:\/\/ritme.com\/wp-content\/uploads\/2021\/05\/chimie_4.svg",1,1,false],"medium_large":["https:\/\/ritme.com\/wp-content\/uploads\/2021\/05\/chimie_4.svg",1,1,false],"large":["https:\/\/ritme.com\/wp-content\/uploads\/2021\/05\/chimie_4.svg",1,1,false],"1536x1536":["https:\/\/ritme.com\/wp-content\/uploads\/2021\/05\/chimie_4.svg",1,1,false],"2048x2048":["https:\/\/ritme.com\/wp-content\/uploads\/2021\/05\/chimie_4.svg",1,1,false]},"uagb_author_info":{"display_name":"Lila AIT ISSAD","author_link":"https:\/\/ritme.com\/de\/author\/adminritme\/"},"uagb_comment_info":0,"uagb_excerpt":null,"_links":{"self":[{"href":"https:\/\/ritme.com\/de\/wp-json\/wp\/v2\/pages\/13837","targetHints":{"allow":["GET"]}}],"collection":[{"href":"https:\/\/ritme.com\/de\/wp-json\/wp\/v2\/pages"}],"about":[{"href":"https:\/\/ritme.com\/de\/wp-json\/wp\/v2\/types\/page"}],"author":[{"embeddable":true,"href":"https:\/\/ritme.com\/de\/wp-json\/wp\/v2\/users\/2"}],"replies":[{"embeddable":true,"href":"https:\/\/ritme.com\/de\/wp-json\/wp\/v2\/comments?post=13837"}],"version-history":[{"count":1,"href":"https:\/\/ritme.com\/de\/wp-json\/wp\/v2\/pages\/13837\/revisions"}],"predecessor-version":[{"id":47244,"href":"https:\/\/ritme.com\/de\/wp-json\/wp\/v2\/pages\/13837\/revisions\/47244"}],"up":[{"embeddable":true,"href":"https:\/\/ritme.com\/de\/wp-json\/wp\/v2\/pages\/9457"}],"wp:featuredmedia":[{"embeddable":true,"href":"https:\/\/ritme.com\/de\/wp-json\/wp\/v2\/media\/10531"}],"wp:attachment":[{"href":"https:\/\/ritme.com\/de\/wp-json\/wp\/v2\/media?parent=13837"}],"curies":[{"name":"wp","href":"https:\/\/api.w.org\/{rel}","templated":true}]}}