{"id":13800,"date":"2021-05-24T14:52:37","date_gmt":"2021-05-24T12:52:37","guid":{"rendered":"https:\/\/ritme.com\/tatigkeitsbereiche\/energy\/"},"modified":"2025-08-21T10:49:39","modified_gmt":"2025-08-21T08:49:39","slug":"energie","status":"publish","type":"page","link":"https:\/\/ritme.com\/de\/tatigkeitsbereiche\/energie\/","title":{"rendered":"Energie"},"content":{"rendered":"\n<section class=\"wp-block-uagb-section uagb-section__wrap uagb-section__background-undefined uagb-block-5d67f5e7\"><div class=\"uagb-section__overlay\"><\/div><div class=\"uagb-section__inner-wrap\">\n<h2 class=\"wp-block-heading\"><strong><strong>Die <em><span class=\"has-inline-color has-ritme-blue-color\">digitale Transformation<\/span><\/em> der Energieakteure<\/strong><\/strong><\/h2>\n\n\n\n<section class=\"wp-block-uagb-columns uagb-columns__wrap uagb-columns__stack-mobile uagb-columns__valign- uagb-columns__gap-10 align uagb-block-1ce48e08 uagb-columns__columns-2 uagb-columns__max_width-theme\"><div class=\"uagb-columns__overlay\"><\/div><div class=\"uagb-columns__inner-wrap uagb-columns__columns-2\">\n<div class=\"wp-block-uagb-column uagb-column__wrap uagb-column__background-undefined uagb-block-5aaa1227\"><div class=\"uagb-column__overlay\"><\/div>\n<p>Der Energiesektor ist im Umbruch. Von Erd\u00f6l bis hin zu erneuerbaren Energien werden immer mehr wichtige Forschungen und Entdeckungen gemacht. Von der Intelligenz bis zu F&amp;D-Aktivit\u00e4ten stehen Wissenschaftlern viele digitale Werkzeuge zur Verf\u00fcgung, um produktiver zu sein.<\/p>\n\n\n\n<p>Der Bedarf an digitalen Tools und Schulungen betrifft Aspekte wie <strong><a href=\"https:\/\/ritme.com\/de\/loesungen\/publishing-und-kommunikation\/\"><mark style=\"padding:0px;background-color:rgba(0, 0, 0, 0)\" class=\"has-inline-color has-ritme-blue-color\">Publishing<\/mark><\/a><\/strong>:<\/p>\n\n\n\n<ul class=\"wp-block-list\">\n<li>Bibliographische Recherchen durchf\u00fchren<\/li>\n\n\n\n<li>Wissenschaftliche Artikel verfassen und ver\u00f6ffentlichen\u00a0<\/li>\n\n\n\n<li>Wissenschaftliche Kommunikation\u00a0insgesamt<\/li>\n\n\n\n<li>Vortragen und Umgang mit den Medien\u00a0<\/li>\n<\/ul>\n\n\n\n<p>Die <strong><a href=\"https:\/\/ritme.com\/de\/loesungen\/datenanalyse-und-verarbeitung\/\"><mark style=\"padding:0px;background-color:rgba(0, 0, 0, 0)\" class=\"has-inline-color has-ritme-blue-color\">Datenanalyse und Visualisierung<\/mark><\/a><\/strong> L\u00f6sungen sind vielf\u00e4ltig und spezifisch f\u00fcr jede Forschungsaktivit\u00e4t. Ob Physiker, Chemiker oder Biologe, unsere Experten beraten Sie bei der Auswahl der geeigneten Werkzeuge.<\/p>\n\n\n\n<ul class=\"wp-block-list\">\n<li>Datenvisualisierung\u00a0<\/li>\n\n\n\n<li>Automatisierung der Mess- und Testdatenanalyse\u00a0<\/li>\n\n\n\n<li>Spitzenwertanalyse\u00a0<\/li>\n<\/ul>\n\n\n\n<p>F\u00fcr Statistiken oder jede andere T\u00e4tigkeit, die eine Entwicklung erfordert, entdecken Sie unser Angebot, das den Berufen des <a href=\"https:\/\/ritme.com\/de\/software-type\/engineering\/\"><mark style=\"padding:0px;background-color:rgba(0, 0, 0, 0)\" class=\"has-inline-color has-ritme-blue-color\">Ingenieurwesens<\/mark><\/a> gewidmet ist.<\/p>\n\n\n\n<ul class=\"wp-block-list\">\n<li>C, C++, Fortran Code-Entwicklungsl\u00f6sungen&#8230;\u00a0<\/li>\n<\/ul>\n\n\n\n<p>Auch verwandte Bed\u00fcrfnisse wie Forschung rund um die Optik werden abgedeckt:&nbsp;<\/p>\n\n\n\n<ul class=\"wp-block-list\">\n<li>Optik-L\u00f6sungen f\u00fcr die Lichtplanung\u00a0<\/li>\n<\/ul>\n\n\n\n<p>Schlie\u00dflich braucht Projektmanagement \u00fcbergreifend f\u00fcr alle Forschungsaktivit\u00e4ten Tools zur \u00dcberwachung und Organisation, um Zeit und Energie zu optimieren.<\/p>\n\n\n\n<ul class=\"wp-block-list\">\n<li>Agiles Management von wissenschaftlichen Projekten\u00a0<\/li>\n\n\n\n<li>Funktions\u00fcbergreifendes Management\u00a0<\/li>\n<\/ul>\n<\/div>\n\n\n\n<div class=\"wp-block-uagb-column uagb-column__wrap uagb-column__background-undefined uagb-block-a585e794\"><div class=\"uagb-column__overlay\"><\/div><div class=\"testimonial-wrapper teaser \"><div class=\"testimonial\">\n\t<div class=\"image\"><img loading=\"lazy\" decoding=\"async\" width=\"705\" height=\"350\" src=\"https:\/\/ritme.com\/wp-content\/uploads\/2021\/04\/CEA.png\" class=\"attachment-post-thumbnail size-post-thumbnail wp-post-image\" alt=\"\" srcset=\"https:\/\/ritme.com\/wp-content\/uploads\/2021\/04\/CEA.png 705w, https:\/\/ritme.com\/wp-content\/uploads\/2021\/04\/CEA-500x248.png 500w\" sizes=\"auto, (max-width: 705px) 100vw, 705px\" \/><\/div>\n\t<div class=\"content\">\n\t\t<div class=\"text\">\n\t\t\t<div class=\"text-inner\">\n\t\t\t\t<p>Ich habe bei diesem Training mehr gelernt, als ich erwartet hatte. Der Trainer hat uns Elemente und Funktionen der Software vorgestellt, an die wir gar nicht gedacht hatten! Alles positiv.<\/p>\t\t\t<\/div>\n\t\t<\/div>\n\t\t<div class=\"author-wrapper\">\n\t\t\t<div class=\"name\">Justine Benghozi-Bouvrande<\/div>\n\t\t\t\t\t\t\t<div class=\"function\">CEA | ICSM &#8211; LTSM<\/div>\n\t\t\t\t\t\t\t\t\t\t\t\t\t<div class=\"training\">Origin Schulung<\/div>\n\t\t\t\t\t<\/div>\n\t<\/div>\n<\/div>\n<\/div><\/div>\n<\/div><\/section>\n<\/div><\/section>\n","protected":false},"excerpt":{"rendered":"","protected":false},"author":2,"featured_media":10501,"parent":9457,"menu_order":267,"comment_status":"closed","ping_status":"closed","template":"","meta":{"_acf_changed":false,"inline_featured_image":false,"_uag_custom_page_level_css":"","footnotes":""},"class_list":["post-13800","page","type-page","status-publish","has-post-thumbnail","hentry"],"acf":[],"yoast_head":"<!-- This site is optimized with the Yoast SEO plugin v27.4 - https:\/\/yoast.com\/product\/yoast-seo-wordpress\/ -->\n<title>Energie - RITME<\/title>\n<meta name=\"description\" content=\"Seit mehr als 30 Jahren begleitet und ber\u00e4t Ritme Akteure der Energiewirtschaft bei der Auswahl und dem Einsatz von wissenschaftlicher Software\" \/>\n<meta name=\"robots\" content=\"index, follow, max-snippet:-1, max-image-preview:large, max-video-preview:-1\" \/>\n<link rel=\"canonical\" href=\"https:\/\/ritme.com\/de\/tatigkeitsbereiche\/energie\/\" \/>\n<meta property=\"og:locale\" content=\"de_DE\" \/>\n<meta property=\"og:type\" content=\"article\" \/>\n<meta property=\"og:title\" content=\"Energie - RITME\" \/>\n<meta property=\"og:description\" content=\"Seit mehr als 30 Jahren begleitet und ber\u00e4t Ritme Akteure der Energiewirtschaft bei der Auswahl und dem Einsatz von wissenschaftlicher Software\" \/>\n<meta property=\"og:url\" content=\"https:\/\/ritme.com\/de\/tatigkeitsbereiche\/energie\/\" \/>\n<meta property=\"og:site_name\" content=\"RITME\" \/>\n<meta property=\"article:modified_time\" content=\"2025-08-21T08:49:39+00:00\" \/>\n<meta name=\"twitter:card\" content=\"summary_large_image\" \/>\n<meta name=\"twitter:label1\" content=\"Gesch\u00e4tzte Lesezeit\" \/>\n\t<meta name=\"twitter:data1\" content=\"2\u00a0Minuten\" \/>\n<script type=\"application\/ld+json\" class=\"yoast-schema-graph\">{\"@context\":\"https:\\\/\\\/schema.org\",\"@graph\":[{\"@type\":\"WebPage\",\"@id\":\"https:\\\/\\\/ritme.com\\\/de\\\/tatigkeitsbereiche\\\/energie\\\/\",\"url\":\"https:\\\/\\\/ritme.com\\\/de\\\/tatigkeitsbereiche\\\/energie\\\/\",\"name\":\"Energie - RITME\",\"isPartOf\":{\"@id\":\"https:\\\/\\\/ritme.com\\\/de\\\/#website\"},\"primaryImageOfPage\":{\"@id\":\"https:\\\/\\\/ritme.com\\\/de\\\/tatigkeitsbereiche\\\/energie\\\/#primaryimage\"},\"image\":{\"@id\":\"https:\\\/\\\/ritme.com\\\/de\\\/tatigkeitsbereiche\\\/energie\\\/#primaryimage\"},\"thumbnailUrl\":\"https:\\\/\\\/ritme.com\\\/wp-content\\\/uploads\\\/2021\\\/05\\\/e\u0301nergie_2.svg\",\"datePublished\":\"2021-05-24T12:52:37+00:00\",\"dateModified\":\"2025-08-21T08:49:39+00:00\",\"description\":\"Seit mehr als 30 Jahren begleitet und ber\u00e4t Ritme Akteure der Energiewirtschaft bei der Auswahl und dem Einsatz von wissenschaftlicher Software\",\"breadcrumb\":{\"@id\":\"https:\\\/\\\/ritme.com\\\/de\\\/tatigkeitsbereiche\\\/energie\\\/#breadcrumb\"},\"inLanguage\":\"de\",\"potentialAction\":[{\"@type\":\"ReadAction\",\"target\":[\"https:\\\/\\\/ritme.com\\\/de\\\/tatigkeitsbereiche\\\/energie\\\/\"]}]},{\"@type\":\"ImageObject\",\"inLanguage\":\"de\",\"@id\":\"https:\\\/\\\/ritme.com\\\/de\\\/tatigkeitsbereiche\\\/energie\\\/#primaryimage\",\"url\":\"https:\\\/\\\/ritme.com\\\/wp-content\\\/uploads\\\/2021\\\/05\\\/e\u0301nergie_2.svg\",\"contentUrl\":\"https:\\\/\\\/ritme.com\\\/wp-content\\\/uploads\\\/2021\\\/05\\\/e\u0301nergie_2.svg\"},{\"@type\":\"BreadcrumbList\",\"@id\":\"https:\\\/\\\/ritme.com\\\/de\\\/tatigkeitsbereiche\\\/energie\\\/#breadcrumb\",\"itemListElement\":[{\"@type\":\"ListItem\",\"position\":1,\"name\":\"Startseite\",\"item\":\"https:\\\/\\\/ritme.com\\\/de\\\/\"},{\"@type\":\"ListItem\",\"position\":2,\"name\":\"Ihre T\u00e4tigkeitsbereiche\",\"item\":\"https:\\\/\\\/ritme.com\\\/de\\\/tatigkeitsbereiche\\\/\"},{\"@type\":\"ListItem\",\"position\":3,\"name\":\"Energie\"}]},{\"@type\":\"WebSite\",\"@id\":\"https:\\\/\\\/ritme.com\\\/de\\\/#website\",\"url\":\"https:\\\/\\\/ritme.com\\\/de\\\/\",\"name\":\"RITME\",\"description\":\"Der strategische Partner von Forschungsteams\",\"publisher\":{\"@id\":\"https:\\\/\\\/ritme.com\\\/de\\\/#organization\"},\"potentialAction\":[{\"@type\":\"SearchAction\",\"target\":{\"@type\":\"EntryPoint\",\"urlTemplate\":\"https:\\\/\\\/ritme.com\\\/de\\\/?s={search_term_string}\"},\"query-input\":{\"@type\":\"PropertyValueSpecification\",\"valueRequired\":true,\"valueName\":\"search_term_string\"}}],\"inLanguage\":\"de\"},{\"@type\":\"Organization\",\"@id\":\"https:\\\/\\\/ritme.com\\\/de\\\/#organization\",\"name\":\"RITME\",\"url\":\"https:\\\/\\\/ritme.com\\\/de\\\/\",\"logo\":{\"@type\":\"ImageObject\",\"inLanguage\":\"de\",\"@id\":\"https:\\\/\\\/ritme.com\\\/de\\\/#\\\/schema\\\/logo\\\/image\\\/\",\"url\":\"https:\\\/\\\/ritme.com\\\/wp-content\\\/uploads\\\/2021\\\/06\\\/Ritme_200x86.svg\",\"contentUrl\":\"https:\\\/\\\/ritme.com\\\/wp-content\\\/uploads\\\/2021\\\/06\\\/Ritme_200x86.svg\",\"caption\":\"RITME\"},\"image\":{\"@id\":\"https:\\\/\\\/ritme.com\\\/de\\\/#\\\/schema\\\/logo\\\/image\\\/\"}}]}<\/script>\n<!-- \/ Yoast SEO plugin. -->","yoast_head_json":{"title":"Energie - RITME","description":"Seit mehr als 30 Jahren begleitet und ber\u00e4t Ritme Akteure der Energiewirtschaft bei der Auswahl und dem Einsatz von wissenschaftlicher Software","robots":{"index":"index","follow":"follow","max-snippet":"max-snippet:-1","max-image-preview":"max-image-preview:large","max-video-preview":"max-video-preview:-1"},"canonical":"https:\/\/ritme.com\/de\/tatigkeitsbereiche\/energie\/","og_locale":"de_DE","og_type":"article","og_title":"Energie - RITME","og_description":"Seit mehr als 30 Jahren begleitet und ber\u00e4t Ritme Akteure der Energiewirtschaft bei der Auswahl und dem Einsatz von wissenschaftlicher Software","og_url":"https:\/\/ritme.com\/de\/tatigkeitsbereiche\/energie\/","og_site_name":"RITME","article_modified_time":"2025-08-21T08:49:39+00:00","twitter_card":"summary_large_image","twitter_misc":{"Gesch\u00e4tzte Lesezeit":"2\u00a0Minuten"},"schema":{"@context":"https:\/\/schema.org","@graph":[{"@type":"WebPage","@id":"https:\/\/ritme.com\/de\/tatigkeitsbereiche\/energie\/","url":"https:\/\/ritme.com\/de\/tatigkeitsbereiche\/energie\/","name":"Energie - RITME","isPartOf":{"@id":"https:\/\/ritme.com\/de\/#website"},"primaryImageOfPage":{"@id":"https:\/\/ritme.com\/de\/tatigkeitsbereiche\/energie\/#primaryimage"},"image":{"@id":"https:\/\/ritme.com\/de\/tatigkeitsbereiche\/energie\/#primaryimage"},"thumbnailUrl":"https:\/\/ritme.com\/wp-content\/uploads\/2021\/05\/e\u0301nergie_2.svg","datePublished":"2021-05-24T12:52:37+00:00","dateModified":"2025-08-21T08:49:39+00:00","description":"Seit mehr als 30 Jahren begleitet und ber\u00e4t Ritme Akteure der Energiewirtschaft bei der Auswahl und dem Einsatz von wissenschaftlicher Software","breadcrumb":{"@id":"https:\/\/ritme.com\/de\/tatigkeitsbereiche\/energie\/#breadcrumb"},"inLanguage":"de","potentialAction":[{"@type":"ReadAction","target":["https:\/\/ritme.com\/de\/tatigkeitsbereiche\/energie\/"]}]},{"@type":"ImageObject","inLanguage":"de","@id":"https:\/\/ritme.com\/de\/tatigkeitsbereiche\/energie\/#primaryimage","url":"https:\/\/ritme.com\/wp-content\/uploads\/2021\/05\/e\u0301nergie_2.svg","contentUrl":"https:\/\/ritme.com\/wp-content\/uploads\/2021\/05\/e\u0301nergie_2.svg"},{"@type":"BreadcrumbList","@id":"https:\/\/ritme.com\/de\/tatigkeitsbereiche\/energie\/#breadcrumb","itemListElement":[{"@type":"ListItem","position":1,"name":"Startseite","item":"https:\/\/ritme.com\/de\/"},{"@type":"ListItem","position":2,"name":"Ihre T\u00e4tigkeitsbereiche","item":"https:\/\/ritme.com\/de\/tatigkeitsbereiche\/"},{"@type":"ListItem","position":3,"name":"Energie"}]},{"@type":"WebSite","@id":"https:\/\/ritme.com\/de\/#website","url":"https:\/\/ritme.com\/de\/","name":"RITME","description":"Der strategische Partner von Forschungsteams","publisher":{"@id":"https:\/\/ritme.com\/de\/#organization"},"potentialAction":[{"@type":"SearchAction","target":{"@type":"EntryPoint","urlTemplate":"https:\/\/ritme.com\/de\/?s={search_term_string}"},"query-input":{"@type":"PropertyValueSpecification","valueRequired":true,"valueName":"search_term_string"}}],"inLanguage":"de"},{"@type":"Organization","@id":"https:\/\/ritme.com\/de\/#organization","name":"RITME","url":"https:\/\/ritme.com\/de\/","logo":{"@type":"ImageObject","inLanguage":"de","@id":"https:\/\/ritme.com\/de\/#\/schema\/logo\/image\/","url":"https:\/\/ritme.com\/wp-content\/uploads\/2021\/06\/Ritme_200x86.svg","contentUrl":"https:\/\/ritme.com\/wp-content\/uploads\/2021\/06\/Ritme_200x86.svg","caption":"RITME"},"image":{"@id":"https:\/\/ritme.com\/de\/#\/schema\/logo\/image\/"}}]}},"uagb_featured_image_src":{"full":["https:\/\/ritme.com\/wp-content\/uploads\/2021\/05\/e\u0301nergie_2.svg",1,1,false],"thumbnail":["https:\/\/ritme.com\/wp-content\/uploads\/2021\/05\/e\u0301nergie_2.svg",1,1,false],"medium":["https:\/\/ritme.com\/wp-content\/uploads\/2021\/05\/e\u0301nergie_2.svg",1,1,false],"medium_large":["https:\/\/ritme.com\/wp-content\/uploads\/2021\/05\/e\u0301nergie_2.svg",1,1,false],"large":["https:\/\/ritme.com\/wp-content\/uploads\/2021\/05\/e\u0301nergie_2.svg",1,1,false],"1536x1536":["https:\/\/ritme.com\/wp-content\/uploads\/2021\/05\/e\u0301nergie_2.svg",1,1,false],"2048x2048":["https:\/\/ritme.com\/wp-content\/uploads\/2021\/05\/e\u0301nergie_2.svg",1,1,false]},"uagb_author_info":{"display_name":"Lila AIT ISSAD","author_link":"https:\/\/ritme.com\/de\/author\/adminritme\/"},"uagb_comment_info":0,"uagb_excerpt":null,"_links":{"self":[{"href":"https:\/\/ritme.com\/de\/wp-json\/wp\/v2\/pages\/13800","targetHints":{"allow":["GET"]}}],"collection":[{"href":"https:\/\/ritme.com\/de\/wp-json\/wp\/v2\/pages"}],"about":[{"href":"https:\/\/ritme.com\/de\/wp-json\/wp\/v2\/types\/page"}],"author":[{"embeddable":true,"href":"https:\/\/ritme.com\/de\/wp-json\/wp\/v2\/users\/2"}],"replies":[{"embeddable":true,"href":"https:\/\/ritme.com\/de\/wp-json\/wp\/v2\/comments?post=13800"}],"version-history":[{"count":1,"href":"https:\/\/ritme.com\/de\/wp-json\/wp\/v2\/pages\/13800\/revisions"}],"predecessor-version":[{"id":47254,"href":"https:\/\/ritme.com\/de\/wp-json\/wp\/v2\/pages\/13800\/revisions\/47254"}],"up":[{"embeddable":true,"href":"https:\/\/ritme.com\/de\/wp-json\/wp\/v2\/pages\/9457"}],"wp:featuredmedia":[{"embeddable":true,"href":"https:\/\/ritme.com\/de\/wp-json\/wp\/v2\/media\/10501"}],"wp:attachment":[{"href":"https:\/\/ritme.com\/de\/wp-json\/wp\/v2\/media?parent=13800"}],"curies":[{"name":"wp","href":"https:\/\/api.w.org\/{rel}","templated":true}]}}