{"id":13786,"date":"2021-05-24T14:53:34","date_gmt":"2021-05-24T12:53:34","guid":{"rendered":"https:\/\/ritme.com\/tatigkeitsbereiche\/public-research\/"},"modified":"2025-08-21T10:39:25","modified_gmt":"2025-08-21T08:39:25","slug":"offentliche-forschung","status":"publish","type":"page","link":"https:\/\/ritme.com\/de\/tatigkeitsbereiche\/offentliche-forschung\/","title":{"rendered":"\u00d6ffentliche Forschung"},"content":{"rendered":"\n<section class=\"wp-block-uagb-section uagb-section__wrap uagb-section__background-undefined uagb-block-b4dc1abd\"><div class=\"uagb-section__overlay\"><\/div><div class=\"uagb-section__inner-wrap\">\n<h2 class=\"wp-block-heading\"><strong><strong>Die <em><span class=\"has-inline-color has-ritme-blue-color\">digitale Transformation<\/span><\/em> \u00f6ffentlicher Forschungsakteure<\/strong><\/strong><\/h2>\n\n\n\n<section class=\"wp-block-uagb-columns uagb-columns__wrap uagb-columns__stack-mobile uagb-columns__valign- uagb-columns__gap-10 align uagb-block-c592dd66 uagb-columns__columns-2 uagb-columns__max_width-theme\"><div class=\"uagb-columns__overlay\"><\/div><div class=\"uagb-columns__inner-wrap uagb-columns__columns-2\">\n<div class=\"wp-block-uagb-column uagb-column__wrap uagb-column__background-undefined uagb-block-6bdb1da1\"><div class=\"uagb-column__overlay\"><\/div>\n<p>Heute arbeiten viele \u00f6ffentliche Forschungslabore manuell oder halbdigital und sind immer noch durch l\u00e4stige Papierdokumentation belastet. Allerdings haben Pioniere in der Industrie damit begonnen, Laborabl\u00e4ufe digital zu transformieren, um die Effizienz zu steigern und die Zeit f\u00fcr die Datenverarbeitung zu reduzieren.<\/p>\n\n\n\n<p>Ritme bietet eine breite Palette von Software an, die alle Aktivit\u00e4ten in einem Forschungslabor abdeckt, wie zum Beispiel:<\/p>\n\n\n\n<ul class=\"wp-block-list\">\n<li>Die Verwendung elektronischer Laborjournale\u00a0<\/li>\n\n\n\n<li>Die Verwaltung und gemeinsame Nutzung von Daten\u00a0\u00a0<\/li>\n\n\n\n<li>Die Verwaltung von Best\u00e4nden und Inventar eines Labors\u00a0<\/li>\n\n\n\n<li>Die Qualit\u00e4t &amp; Sicherheit Ihrer Daten\u00a0<\/li>\n\n\n\n<li>Die Ausgabe von Sicherheitsdatenbl\u00e4ttern\u00a0\u00a0<\/li>\n\n\n\n<li>Die Berechnung von GHS und CLP\u00a0 \u00a0 <\/li>\n\n\n\n<li>Der Einsatz eines LIMS (<em>Labor-Informations-Management-System<\/em>)\u00a0<\/li>\n\n\n\n<li>Molek\u00fcldesign\u00a0<\/li>\n\n\n\n<li>Computergest\u00fctzte Chemie und Molecular Modelling\u00a0<\/li>\n\n\n\n<li>Datenvisualisierung\u00a0<\/li>\n\n\n\n<li>Automatisierung der Mess- und Testdatenanalyse\u00a0<\/li>\n\n\n\n<li>Spike-Analyse\u00a0<\/li>\n<\/ul>\n\n\n\n<p>Au\u00dferdem deckt der Software- und Schulungskatalog von Ritme auch kritische Bed\u00fcrfnisse ab, wie zum Beispiel:<\/p>\n\n\n\n<ul class=\"wp-block-list\">\n<li>Durchf\u00fchren bibliographischer Recherchen\u00a0<\/li>\n\n\n\n<li>Wissenschaftliches Schreiben und Publizieren von Artikeln\u00a0<\/li>\n\n\n\n<li>Wissenschaftliche Kommunikation\u00a0<\/li>\n\n\n\n<li>Reden und Medienarbeit\u00a0<\/li>\n<\/ul>\n<\/div>\n\n\n\n<div class=\"wp-block-uagb-column uagb-column__wrap uagb-column__background-undefined uagb-block-e273dcda\"><div class=\"uagb-column__overlay\"><\/div><div class=\"testimonial-wrapper teaser \"><div class=\"testimonial\">\n\t<div class=\"image\"><img loading=\"lazy\" decoding=\"async\" width=\"705\" height=\"350\" src=\"https:\/\/ritme.com\/wp-content\/uploads\/2021\/04\/CITAVI.png\" class=\"attachment-post-thumbnail size-post-thumbnail wp-post-image\" alt=\"\" srcset=\"https:\/\/ritme.com\/wp-content\/uploads\/2021\/04\/CITAVI.png 705w, https:\/\/ritme.com\/wp-content\/uploads\/2021\/04\/CITAVI-500x248.png 500w\" sizes=\"auto, (max-width: 705px) 100vw, 705px\" \/><\/div>\n\t<div class=\"content\">\n\t\t<div class=\"text\">\n\t\t\t<div class=\"text-inner\">\n\t\t\t\t<p><span data-sheets-value=\"{&quot;1&quot;:2,&quot;2&quot;:&quot;\u00ab J\u2019ai teste\u0301 plusieurs programmes de gestion des re\u0301fe\u0301rences, et je dois avouer qu\u2019aucun d\u2019entre eux n\u2019arrive a\u0300 la cheville de Citavi en termes d\u2019exhaustivite\u0301, de convivialite\u0301 et d\u2019efficacite\u0301. De plus, l\u2019organisateur de connaissance et le planificateur de ta\u0302ches inte\u0301gre\u0301s sont des fonctionnalite\u0301s vraiment ge\u0301niales !\u00bb \\nPr. Stefano Adamo &quot;}\" data-sheets-userformat=\"{&quot;2&quot;:897,&quot;3&quot;:{&quot;1&quot;:0},&quot;10&quot;:0,&quot;11&quot;:4,&quot;12&quot;:0}\">Ich habe mehrere Referenzverwaltungsprogramme getestet und muss zugeben, dass keines von ihnen an Citavi herankommt, was Vollst\u00e4ndigkeit, Benutzerfreundlichkeit und Effizienz angeht. Dar\u00fcber hinaus sind der eingebaute Wissensorganisator und der Aufgabenplaner wirklich tolle Funktionen!<\/span><\/p>\t\t\t<\/div>\n\t\t<\/div>\n\t\t<div class=\"author-wrapper\">\n\t\t\t<div class=\"name\">Pr. Stefano Adamo<\/div>\n\t\t\t\t\t\t\t<div class=\"function\">Assistenzprofessor f\u00fcr italienische Kultur an der Universit\u00e4t Banja Luka<\/div>\n\t\t\t\t\t\t\t\t\t\t<div class=\"software\">Citavi<\/div>\n\t\t\t\t\t\t\t\t<\/div>\n\t<\/div>\n<\/div>\n<\/div><\/div>\n<\/div><\/section>\n<\/div><\/section>\n","protected":false},"excerpt":{"rendered":"","protected":false},"author":2,"featured_media":10566,"parent":9457,"menu_order":265,"comment_status":"closed","ping_status":"closed","template":"","meta":{"_acf_changed":false,"inline_featured_image":false,"_uag_custom_page_level_css":"","footnotes":""},"class_list":["post-13786","page","type-page","status-publish","has-post-thumbnail","hentry"],"acf":[],"yoast_head":"<!-- This site is optimized with the Yoast SEO plugin v27.4 - https:\/\/yoast.com\/product\/yoast-seo-wordpress\/ -->\n<title>\u00d6ffentliche Forschung - RITME<\/title>\n<meta name=\"description\" content=\"Seit mehr als 30 Jahren hilft Ritme \u00f6ffentlichen Forschungsakteuren bei der Auswahl und dem Einsatz ihrer wissenschaftlichen Software\" \/>\n<meta name=\"robots\" content=\"index, follow, max-snippet:-1, max-image-preview:large, max-video-preview:-1\" \/>\n<link rel=\"canonical\" href=\"https:\/\/ritme.com\/de\/tatigkeitsbereiche\/offentliche-forschung\/\" \/>\n<meta property=\"og:locale\" content=\"de_DE\" \/>\n<meta property=\"og:type\" content=\"article\" \/>\n<meta property=\"og:title\" content=\"\u00d6ffentliche Forschung - RITME\" \/>\n<meta property=\"og:description\" content=\"Seit mehr als 30 Jahren hilft Ritme \u00f6ffentlichen Forschungsakteuren bei der Auswahl und dem Einsatz ihrer wissenschaftlichen Software\" \/>\n<meta property=\"og:url\" content=\"https:\/\/ritme.com\/de\/tatigkeitsbereiche\/offentliche-forschung\/\" \/>\n<meta property=\"og:site_name\" content=\"RITME\" \/>\n<meta property=\"article:modified_time\" content=\"2025-08-21T08:39:25+00:00\" \/>\n<meta name=\"twitter:card\" content=\"summary_large_image\" \/>\n<meta name=\"twitter:label1\" content=\"Gesch\u00e4tzte Lesezeit\" \/>\n\t<meta name=\"twitter:data1\" content=\"1\u00a0Minute\" \/>\n<script type=\"application\/ld+json\" class=\"yoast-schema-graph\">{\"@context\":\"https:\\\/\\\/schema.org\",\"@graph\":[{\"@type\":\"WebPage\",\"@id\":\"https:\\\/\\\/ritme.com\\\/de\\\/tatigkeitsbereiche\\\/offentliche-forschung\\\/\",\"url\":\"https:\\\/\\\/ritme.com\\\/de\\\/tatigkeitsbereiche\\\/offentliche-forschung\\\/\",\"name\":\"\u00d6ffentliche Forschung - RITME\",\"isPartOf\":{\"@id\":\"https:\\\/\\\/ritme.com\\\/de\\\/#website\"},\"primaryImageOfPage\":{\"@id\":\"https:\\\/\\\/ritme.com\\\/de\\\/tatigkeitsbereiche\\\/offentliche-forschung\\\/#primaryimage\"},\"image\":{\"@id\":\"https:\\\/\\\/ritme.com\\\/de\\\/tatigkeitsbereiche\\\/offentliche-forschung\\\/#primaryimage\"},\"thumbnailUrl\":\"https:\\\/\\\/ritme.com\\\/wp-content\\\/uploads\\\/2021\\\/05\\\/recherche_3.svg\",\"datePublished\":\"2021-05-24T12:53:34+00:00\",\"dateModified\":\"2025-08-21T08:39:25+00:00\",\"description\":\"Seit mehr als 30 Jahren hilft Ritme \u00f6ffentlichen Forschungsakteuren bei der Auswahl und dem Einsatz ihrer wissenschaftlichen Software\",\"breadcrumb\":{\"@id\":\"https:\\\/\\\/ritme.com\\\/de\\\/tatigkeitsbereiche\\\/offentliche-forschung\\\/#breadcrumb\"},\"inLanguage\":\"de\",\"potentialAction\":[{\"@type\":\"ReadAction\",\"target\":[\"https:\\\/\\\/ritme.com\\\/de\\\/tatigkeitsbereiche\\\/offentliche-forschung\\\/\"]}]},{\"@type\":\"ImageObject\",\"inLanguage\":\"de\",\"@id\":\"https:\\\/\\\/ritme.com\\\/de\\\/tatigkeitsbereiche\\\/offentliche-forschung\\\/#primaryimage\",\"url\":\"https:\\\/\\\/ritme.com\\\/wp-content\\\/uploads\\\/2021\\\/05\\\/recherche_3.svg\",\"contentUrl\":\"https:\\\/\\\/ritme.com\\\/wp-content\\\/uploads\\\/2021\\\/05\\\/recherche_3.svg\"},{\"@type\":\"BreadcrumbList\",\"@id\":\"https:\\\/\\\/ritme.com\\\/de\\\/tatigkeitsbereiche\\\/offentliche-forschung\\\/#breadcrumb\",\"itemListElement\":[{\"@type\":\"ListItem\",\"position\":1,\"name\":\"Startseite\",\"item\":\"https:\\\/\\\/ritme.com\\\/de\\\/\"},{\"@type\":\"ListItem\",\"position\":2,\"name\":\"Ihre T\u00e4tigkeitsbereiche\",\"item\":\"https:\\\/\\\/ritme.com\\\/de\\\/tatigkeitsbereiche\\\/\"},{\"@type\":\"ListItem\",\"position\":3,\"name\":\"\u00d6ffentliche Forschung\"}]},{\"@type\":\"WebSite\",\"@id\":\"https:\\\/\\\/ritme.com\\\/de\\\/#website\",\"url\":\"https:\\\/\\\/ritme.com\\\/de\\\/\",\"name\":\"RITME\",\"description\":\"Der strategische Partner von Forschungsteams\",\"publisher\":{\"@id\":\"https:\\\/\\\/ritme.com\\\/de\\\/#organization\"},\"potentialAction\":[{\"@type\":\"SearchAction\",\"target\":{\"@type\":\"EntryPoint\",\"urlTemplate\":\"https:\\\/\\\/ritme.com\\\/de\\\/?s={search_term_string}\"},\"query-input\":{\"@type\":\"PropertyValueSpecification\",\"valueRequired\":true,\"valueName\":\"search_term_string\"}}],\"inLanguage\":\"de\"},{\"@type\":\"Organization\",\"@id\":\"https:\\\/\\\/ritme.com\\\/de\\\/#organization\",\"name\":\"RITME\",\"url\":\"https:\\\/\\\/ritme.com\\\/de\\\/\",\"logo\":{\"@type\":\"ImageObject\",\"inLanguage\":\"de\",\"@id\":\"https:\\\/\\\/ritme.com\\\/de\\\/#\\\/schema\\\/logo\\\/image\\\/\",\"url\":\"https:\\\/\\\/ritme.com\\\/wp-content\\\/uploads\\\/2021\\\/06\\\/Ritme_200x86.svg\",\"contentUrl\":\"https:\\\/\\\/ritme.com\\\/wp-content\\\/uploads\\\/2021\\\/06\\\/Ritme_200x86.svg\",\"caption\":\"RITME\"},\"image\":{\"@id\":\"https:\\\/\\\/ritme.com\\\/de\\\/#\\\/schema\\\/logo\\\/image\\\/\"}}]}<\/script>\n<!-- \/ Yoast SEO plugin. -->","yoast_head_json":{"title":"\u00d6ffentliche Forschung - RITME","description":"Seit mehr als 30 Jahren hilft Ritme \u00f6ffentlichen Forschungsakteuren bei der Auswahl und dem Einsatz ihrer wissenschaftlichen Software","robots":{"index":"index","follow":"follow","max-snippet":"max-snippet:-1","max-image-preview":"max-image-preview:large","max-video-preview":"max-video-preview:-1"},"canonical":"https:\/\/ritme.com\/de\/tatigkeitsbereiche\/offentliche-forschung\/","og_locale":"de_DE","og_type":"article","og_title":"\u00d6ffentliche Forschung - RITME","og_description":"Seit mehr als 30 Jahren hilft Ritme \u00f6ffentlichen Forschungsakteuren bei der Auswahl und dem Einsatz ihrer wissenschaftlichen Software","og_url":"https:\/\/ritme.com\/de\/tatigkeitsbereiche\/offentliche-forschung\/","og_site_name":"RITME","article_modified_time":"2025-08-21T08:39:25+00:00","twitter_card":"summary_large_image","twitter_misc":{"Gesch\u00e4tzte Lesezeit":"1\u00a0Minute"},"schema":{"@context":"https:\/\/schema.org","@graph":[{"@type":"WebPage","@id":"https:\/\/ritme.com\/de\/tatigkeitsbereiche\/offentliche-forschung\/","url":"https:\/\/ritme.com\/de\/tatigkeitsbereiche\/offentliche-forschung\/","name":"\u00d6ffentliche Forschung - RITME","isPartOf":{"@id":"https:\/\/ritme.com\/de\/#website"},"primaryImageOfPage":{"@id":"https:\/\/ritme.com\/de\/tatigkeitsbereiche\/offentliche-forschung\/#primaryimage"},"image":{"@id":"https:\/\/ritme.com\/de\/tatigkeitsbereiche\/offentliche-forschung\/#primaryimage"},"thumbnailUrl":"https:\/\/ritme.com\/wp-content\/uploads\/2021\/05\/recherche_3.svg","datePublished":"2021-05-24T12:53:34+00:00","dateModified":"2025-08-21T08:39:25+00:00","description":"Seit mehr als 30 Jahren hilft Ritme \u00f6ffentlichen Forschungsakteuren bei der Auswahl und dem Einsatz ihrer wissenschaftlichen Software","breadcrumb":{"@id":"https:\/\/ritme.com\/de\/tatigkeitsbereiche\/offentliche-forschung\/#breadcrumb"},"inLanguage":"de","potentialAction":[{"@type":"ReadAction","target":["https:\/\/ritme.com\/de\/tatigkeitsbereiche\/offentliche-forschung\/"]}]},{"@type":"ImageObject","inLanguage":"de","@id":"https:\/\/ritme.com\/de\/tatigkeitsbereiche\/offentliche-forschung\/#primaryimage","url":"https:\/\/ritme.com\/wp-content\/uploads\/2021\/05\/recherche_3.svg","contentUrl":"https:\/\/ritme.com\/wp-content\/uploads\/2021\/05\/recherche_3.svg"},{"@type":"BreadcrumbList","@id":"https:\/\/ritme.com\/de\/tatigkeitsbereiche\/offentliche-forschung\/#breadcrumb","itemListElement":[{"@type":"ListItem","position":1,"name":"Startseite","item":"https:\/\/ritme.com\/de\/"},{"@type":"ListItem","position":2,"name":"Ihre T\u00e4tigkeitsbereiche","item":"https:\/\/ritme.com\/de\/tatigkeitsbereiche\/"},{"@type":"ListItem","position":3,"name":"\u00d6ffentliche Forschung"}]},{"@type":"WebSite","@id":"https:\/\/ritme.com\/de\/#website","url":"https:\/\/ritme.com\/de\/","name":"RITME","description":"Der strategische Partner von Forschungsteams","publisher":{"@id":"https:\/\/ritme.com\/de\/#organization"},"potentialAction":[{"@type":"SearchAction","target":{"@type":"EntryPoint","urlTemplate":"https:\/\/ritme.com\/de\/?s={search_term_string}"},"query-input":{"@type":"PropertyValueSpecification","valueRequired":true,"valueName":"search_term_string"}}],"inLanguage":"de"},{"@type":"Organization","@id":"https:\/\/ritme.com\/de\/#organization","name":"RITME","url":"https:\/\/ritme.com\/de\/","logo":{"@type":"ImageObject","inLanguage":"de","@id":"https:\/\/ritme.com\/de\/#\/schema\/logo\/image\/","url":"https:\/\/ritme.com\/wp-content\/uploads\/2021\/06\/Ritme_200x86.svg","contentUrl":"https:\/\/ritme.com\/wp-content\/uploads\/2021\/06\/Ritme_200x86.svg","caption":"RITME"},"image":{"@id":"https:\/\/ritme.com\/de\/#\/schema\/logo\/image\/"}}]}},"uagb_featured_image_src":{"full":["https:\/\/ritme.com\/wp-content\/uploads\/2021\/05\/recherche_3.svg",1,1,false],"thumbnail":["https:\/\/ritme.com\/wp-content\/uploads\/2021\/05\/recherche_3.svg",1,1,false],"medium":["https:\/\/ritme.com\/wp-content\/uploads\/2021\/05\/recherche_3.svg",1,1,false],"medium_large":["https:\/\/ritme.com\/wp-content\/uploads\/2021\/05\/recherche_3.svg",1,1,false],"large":["https:\/\/ritme.com\/wp-content\/uploads\/2021\/05\/recherche_3.svg",1,1,false],"1536x1536":["https:\/\/ritme.com\/wp-content\/uploads\/2021\/05\/recherche_3.svg",1,1,false],"2048x2048":["https:\/\/ritme.com\/wp-content\/uploads\/2021\/05\/recherche_3.svg",1,1,false]},"uagb_author_info":{"display_name":"Lila AIT ISSAD","author_link":"https:\/\/ritme.com\/de\/author\/adminritme\/"},"uagb_comment_info":0,"uagb_excerpt":null,"_links":{"self":[{"href":"https:\/\/ritme.com\/de\/wp-json\/wp\/v2\/pages\/13786","targetHints":{"allow":["GET"]}}],"collection":[{"href":"https:\/\/ritme.com\/de\/wp-json\/wp\/v2\/pages"}],"about":[{"href":"https:\/\/ritme.com\/de\/wp-json\/wp\/v2\/types\/page"}],"author":[{"embeddable":true,"href":"https:\/\/ritme.com\/de\/wp-json\/wp\/v2\/users\/2"}],"replies":[{"embeddable":true,"href":"https:\/\/ritme.com\/de\/wp-json\/wp\/v2\/comments?post=13786"}],"version-history":[{"count":1,"href":"https:\/\/ritme.com\/de\/wp-json\/wp\/v2\/pages\/13786\/revisions"}],"predecessor-version":[{"id":47246,"href":"https:\/\/ritme.com\/de\/wp-json\/wp\/v2\/pages\/13786\/revisions\/47246"}],"up":[{"embeddable":true,"href":"https:\/\/ritme.com\/de\/wp-json\/wp\/v2\/pages\/9457"}],"wp:featuredmedia":[{"embeddable":true,"href":"https:\/\/ritme.com\/de\/wp-json\/wp\/v2\/media\/10566"}],"wp:attachment":[{"href":"https:\/\/ritme.com\/de\/wp-json\/wp\/v2\/media?parent=13786"}],"curies":[{"name":"wp","href":"https:\/\/api.w.org\/{rel}","templated":true}]}}