{"id":13762,"date":"2021-05-24T14:54:34","date_gmt":"2021-05-24T12:54:34","guid":{"rendered":"https:\/\/ritme.com\/tatigkeitsbereiche\/health-industry\/"},"modified":"2025-08-21T10:38:51","modified_gmt":"2025-08-21T08:38:51","slug":"gesundheitsindustrie","status":"publish","type":"page","link":"https:\/\/ritme.com\/de\/tatigkeitsbereiche\/gesundheitsindustrie\/","title":{"rendered":"Gesundheitsindustrie"},"content":{"rendered":"\n<section class=\"wp-block-uagb-section uagb-section__wrap uagb-section__background-undefined uagb-block-fa1078e3\"><div class=\"uagb-section__overlay\"><\/div><div class=\"uagb-section__inner-wrap\">\n<h2 class=\"wp-block-heading\"><strong><strong>Die <em><span class=\"has-inline-color has-ritme-blue-color\">digitale Transformation<\/span><\/em> der Akteure im Gesundheitswesen<\/strong><\/strong><\/h2>\n\n\n\n<section class=\"wp-block-uagb-columns uagb-columns__wrap uagb-columns__stack-mobile uagb-columns__valign- uagb-columns__gap-10 align uagb-block-444de80f uagb-columns__columns-2 uagb-columns__max_width-theme\"><div class=\"uagb-columns__overlay\"><\/div><div class=\"uagb-columns__inner-wrap uagb-columns__columns-2\">\n<div class=\"wp-block-uagb-column uagb-column__wrap uagb-column__background-undefined uagb-block-e8b61880\"><div class=\"uagb-column__overlay\"><\/div>\n<p>Die Gesundheitsindustrie sieht sich einem sehr starken Druck ausgesetzt, der mit den gesundheitlichen Herausforderungen unserer Zeit sowie einem exponentiellen Datenwachstum verbunden ist, das unbedingt genutzt werden muss. Dar\u00fcber hinaus unterliegt es immer strengeren regulatorischen Anforderungen und Einschr\u00e4nkungen. Der digitale \u00dcbergang, dieser Prozess der Digitalisierung von Laboren, der aus der Umwandlung analoger Informationen in ein digitales Format besteht, ist einer der wichtigsten Hebel zur Bew\u00e4ltigung dieser Herausforderungen. Wir k\u00f6nnen die Themen unterscheiden, die Labore besonders betreffen:<\/p>\n\n\n\n<ul class=\"wp-block-list\">\n<li>Einf\u00fchrung eines <strong>elektronischen Laborjournals<\/strong> und Migration Bestehenden<\/li>\n\n\n\n<li>Bestandsf\u00fchrung und Inventarisierung von Produkten und Reagenzien, die im\u00a0 Labor<\/li>\n\n\n\n<li>Implementierung eines <strong>LIMS<\/strong> (<em>Laboratory Information Management System<\/em>)<\/li>\n\n\n\n<li>Verwaltung molekularer Zeichnungen<\/li>\n\n\n\n<li>Implementierung von Datenvisualisierungstools, echten Beschleunigern<\/li>\n\n\n\n<li>Automatisierung der Mess- und Testdatenanalyse<\/li>\n\n\n\n<li>Peak-Analyse<\/li>\n<\/ul>\n\n\n\n<p>\u00dcber die t\u00e4glichen Aktivit\u00e4ten in den Laboren hinaus m\u00fcssen sich die Akteure im Gesundheitswesen auch mit der industriellen Logik befassen, die mit <a href=\"https:\/\/ritme.com\/software-type\/publicationen-de\/\"><mark style=\"padding:0px;background-color:rgba(0, 0, 0, 0)\" class=\"has-inline-color has-ritme-blue-color\">Monitoring und Ver\u00f6ffentlichung<\/mark><\/a> verbunden ist:<\/p>\n\n\n\n<ul class=\"wp-block-list\">\n<li>Bibliographische Beschaffung und Verwaltung<\/li>\n\n\n\n<li>Wissenschaftliches Schreiben und Publizieren von Artikeln<\/li>\n\n\n\n<li>Wissenschaftliche Kommunikation<\/li>\n\n\n\n<li>Reden und Medien\u00a0<\/li>\n\n\n\n<li>Wissenschaftliche und technologische Begleitung von Innovationsprojekten<\/li>\n<\/ul>\n\n\n\n<p>Diese \u00dcberarbeitung der Tools und des Informationssystems betrifft auch alles, was mit dem Studium zu tun hat:<\/p>\n\n\n\n<ul class=\"wp-block-list\">\n<li>Biostatistik<\/li>\n\n\n\n<li>Survival-Analysen<\/li>\n\n\n\n<li>Klinisches Studienmanagement<\/li>\n<\/ul>\n\n\n\n<p>Die betriebliche Effizienz ergibt sich aus einem Ansatz, der zu den Ingenieurberufen geh\u00f6rt:<\/p>\n\n\n\n<ul class=\"wp-block-list\">\n<li>Die Durchf\u00fchrung von Versuchspl\u00e4nen<\/li>\n\n\n\n<li>Die Optimierung von Qualit\u00e4ts- und Fertigungsprozessen<\/li>\n<\/ul>\n\n\n\n<p>Neue Entwicklungen in der Softwaretechnologie und der K\u00fcnstlichen Intelligenz revolutionieren die quantitative Analyse<\/p>\n\n\n\n<ul class=\"wp-block-list\">\n<li>Vereinfachung der Implementierung der anspruchsvollsten statistischen Methoden<\/li>\n\n\n\n<li>Der Einsatz von Techniken aus den Data Sciences und dem <em>Machine Learning<\/em><\/li>\n\n\n\n<li>Der Aufstieg von Technologien, die in <em>Open Source<\/em><\/li>\n\n\n\n<li>Berichtswesen Methodik und Visualisierung<\/li>\n\n\n\n<li>Datenmethodik und -analyse<\/li>\n\n\n\n<li>Methodik der Softwareentwicklung<\/li>\n\n\n\n<li>Wissenschaftliche und medizinische Datenanalyse<\/li>\n\n\n\n<li>Anwendung der Biostatistik<\/li>\n\n\n\n<li>Durchf\u00fchrung von \u00dcberlebensanalysen<\/li>\n\n\n\n<li>Durchf\u00fchrung von Umfragen<\/li>\n<\/ul>\n\n\n\n<p>Schlie\u00dflich betreffen die \u00c4nderungen auch den Einsatz von Methoden der quantitativen Analyse.<\/p>\n\n\n\n<ul class=\"wp-block-list\">\n<li>Analyse von unstrukturierten und qualitativen Daten<\/li>\n\n\n\n<li>Automatisierte Interviewtranskription<\/li>\n<\/ul>\n<\/div>\n\n\n\n<div class=\"wp-block-uagb-column uagb-column__wrap uagb-column__background-undefined uagb-block-ea08e43d\"><div class=\"uagb-column__overlay\"><\/div><div class=\"testimonial-wrapper teaser \"><div class=\"testimonial\">\n\t<div class=\"image\"><img loading=\"lazy\" decoding=\"async\" width=\"705\" height=\"350\" src=\"https:\/\/ritme.com\/wp-content\/uploads\/2021\/04\/ChVinatier-1.png\" class=\"attachment-post-thumbnail size-post-thumbnail wp-post-image\" alt=\"\" srcset=\"https:\/\/ritme.com\/wp-content\/uploads\/2021\/04\/ChVinatier-1.png 705w, https:\/\/ritme.com\/wp-content\/uploads\/2021\/04\/ChVinatier-1-500x248.png 500w\" sizes=\"auto, (max-width: 705px) 100vw, 705px\" \/><\/div>\n\t<div class=\"content\">\n\t\t<div class=\"text\">\n\t\t\t<div class=\"text-inner\">\n\t\t\t\t<p>Das Format dieses Trainings war sehr gut: nicht zu kurz, nicht zu lang mit der M\u00f6glichkeit, das &#8222;theoretische&#8220; Lernen zu testen. Trainer verf\u00fcgbar und offen f\u00fcr Fragen.<\/p>\t\t\t<\/div>\n\t\t<\/div>\n\t\t<div class=\"author-wrapper\">\n\t\t\t<div class=\"name\">Laura Bon<\/div>\n\t\t\t\t\t\t\t<div class=\"function\">CH le Vinatier | CRR<\/div>\n\t\t\t\t\t\t\t\t\t\t\t\t\t<div class=\"training\">EndNote-Schulung<\/div>\n\t\t\t\t\t<\/div>\n\t<\/div>\n<\/div>\n<\/div><\/div>\n<\/div><\/section>\n<\/div><\/section>\n\n\n\n<h2 class=\"wp-block-heading\"><\/h2>\n","protected":false},"excerpt":{"rendered":"","protected":false},"author":2,"featured_media":10541,"parent":9457,"menu_order":260,"comment_status":"closed","ping_status":"closed","template":"","meta":{"_acf_changed":false,"inline_featured_image":false,"_uag_custom_page_level_css":"","footnotes":""},"class_list":["post-13762","page","type-page","status-publish","has-post-thumbnail","hentry"],"acf":[],"yoast_head":"<!-- This site is optimized with the Yoast SEO plugin v27.4 - https:\/\/yoast.com\/product\/yoast-seo-wordpress\/ -->\n<title>Gesundheitsindustrie - RITME<\/title>\n<meta name=\"description\" content=\"Seit mehr als 30 Jahren unterst\u00fctzt und hilft Ritme Unternehmen im Gesundheitswesen bei der Auswahl und dem Einsatz ihrer wissenschaftlichen Software\" \/>\n<meta name=\"robots\" content=\"index, follow, max-snippet:-1, max-image-preview:large, max-video-preview:-1\" \/>\n<link rel=\"canonical\" href=\"https:\/\/ritme.com\/de\/tatigkeitsbereiche\/gesundheitsindustrie\/\" \/>\n<meta property=\"og:locale\" content=\"de_DE\" \/>\n<meta property=\"og:type\" content=\"article\" \/>\n<meta property=\"og:title\" content=\"Gesundheitsindustrie - RITME\" \/>\n<meta property=\"og:description\" content=\"Seit mehr als 30 Jahren unterst\u00fctzt und hilft Ritme Unternehmen im Gesundheitswesen bei der Auswahl und dem Einsatz ihrer wissenschaftlichen Software\" \/>\n<meta property=\"og:url\" content=\"https:\/\/ritme.com\/de\/tatigkeitsbereiche\/gesundheitsindustrie\/\" \/>\n<meta property=\"og:site_name\" content=\"RITME\" \/>\n<meta property=\"article:modified_time\" content=\"2025-08-21T08:38:51+00:00\" \/>\n<meta name=\"twitter:card\" content=\"summary_large_image\" \/>\n<meta name=\"twitter:label1\" content=\"Gesch\u00e4tzte Lesezeit\" \/>\n\t<meta name=\"twitter:data1\" content=\"2\u00a0Minuten\" \/>\n<script type=\"application\/ld+json\" class=\"yoast-schema-graph\">{\"@context\":\"https:\\\/\\\/schema.org\",\"@graph\":[{\"@type\":\"WebPage\",\"@id\":\"https:\\\/\\\/ritme.com\\\/de\\\/tatigkeitsbereiche\\\/gesundheitsindustrie\\\/\",\"url\":\"https:\\\/\\\/ritme.com\\\/de\\\/tatigkeitsbereiche\\\/gesundheitsindustrie\\\/\",\"name\":\"Gesundheitsindustrie - RITME\",\"isPartOf\":{\"@id\":\"https:\\\/\\\/ritme.com\\\/de\\\/#website\"},\"primaryImageOfPage\":{\"@id\":\"https:\\\/\\\/ritme.com\\\/de\\\/tatigkeitsbereiche\\\/gesundheitsindustrie\\\/#primaryimage\"},\"image\":{\"@id\":\"https:\\\/\\\/ritme.com\\\/de\\\/tatigkeitsbereiche\\\/gesundheitsindustrie\\\/#primaryimage\"},\"thumbnailUrl\":\"https:\\\/\\\/ritme.com\\\/wp-content\\\/uploads\\\/2021\\\/05\\\/sante\u0301.svg\",\"datePublished\":\"2021-05-24T12:54:34+00:00\",\"dateModified\":\"2025-08-21T08:38:51+00:00\",\"description\":\"Seit mehr als 30 Jahren unterst\u00fctzt und hilft Ritme Unternehmen im Gesundheitswesen bei der Auswahl und dem Einsatz ihrer wissenschaftlichen Software\",\"breadcrumb\":{\"@id\":\"https:\\\/\\\/ritme.com\\\/de\\\/tatigkeitsbereiche\\\/gesundheitsindustrie\\\/#breadcrumb\"},\"inLanguage\":\"de\",\"potentialAction\":[{\"@type\":\"ReadAction\",\"target\":[\"https:\\\/\\\/ritme.com\\\/de\\\/tatigkeitsbereiche\\\/gesundheitsindustrie\\\/\"]}]},{\"@type\":\"ImageObject\",\"inLanguage\":\"de\",\"@id\":\"https:\\\/\\\/ritme.com\\\/de\\\/tatigkeitsbereiche\\\/gesundheitsindustrie\\\/#primaryimage\",\"url\":\"https:\\\/\\\/ritme.com\\\/wp-content\\\/uploads\\\/2021\\\/05\\\/sante\u0301.svg\",\"contentUrl\":\"https:\\\/\\\/ritme.com\\\/wp-content\\\/uploads\\\/2021\\\/05\\\/sante\u0301.svg\"},{\"@type\":\"BreadcrumbList\",\"@id\":\"https:\\\/\\\/ritme.com\\\/de\\\/tatigkeitsbereiche\\\/gesundheitsindustrie\\\/#breadcrumb\",\"itemListElement\":[{\"@type\":\"ListItem\",\"position\":1,\"name\":\"Startseite\",\"item\":\"https:\\\/\\\/ritme.com\\\/de\\\/\"},{\"@type\":\"ListItem\",\"position\":2,\"name\":\"Ihre T\u00e4tigkeitsbereiche\",\"item\":\"https:\\\/\\\/ritme.com\\\/de\\\/tatigkeitsbereiche\\\/\"},{\"@type\":\"ListItem\",\"position\":3,\"name\":\"Gesundheitsindustrie\"}]},{\"@type\":\"WebSite\",\"@id\":\"https:\\\/\\\/ritme.com\\\/de\\\/#website\",\"url\":\"https:\\\/\\\/ritme.com\\\/de\\\/\",\"name\":\"RITME\",\"description\":\"Der strategische Partner von Forschungsteams\",\"publisher\":{\"@id\":\"https:\\\/\\\/ritme.com\\\/de\\\/#organization\"},\"potentialAction\":[{\"@type\":\"SearchAction\",\"target\":{\"@type\":\"EntryPoint\",\"urlTemplate\":\"https:\\\/\\\/ritme.com\\\/de\\\/?s={search_term_string}\"},\"query-input\":{\"@type\":\"PropertyValueSpecification\",\"valueRequired\":true,\"valueName\":\"search_term_string\"}}],\"inLanguage\":\"de\"},{\"@type\":\"Organization\",\"@id\":\"https:\\\/\\\/ritme.com\\\/de\\\/#organization\",\"name\":\"RITME\",\"url\":\"https:\\\/\\\/ritme.com\\\/de\\\/\",\"logo\":{\"@type\":\"ImageObject\",\"inLanguage\":\"de\",\"@id\":\"https:\\\/\\\/ritme.com\\\/de\\\/#\\\/schema\\\/logo\\\/image\\\/\",\"url\":\"https:\\\/\\\/ritme.com\\\/wp-content\\\/uploads\\\/2021\\\/06\\\/Ritme_200x86.svg\",\"contentUrl\":\"https:\\\/\\\/ritme.com\\\/wp-content\\\/uploads\\\/2021\\\/06\\\/Ritme_200x86.svg\",\"caption\":\"RITME\"},\"image\":{\"@id\":\"https:\\\/\\\/ritme.com\\\/de\\\/#\\\/schema\\\/logo\\\/image\\\/\"}}]}<\/script>\n<!-- \/ Yoast SEO plugin. -->","yoast_head_json":{"title":"Gesundheitsindustrie - RITME","description":"Seit mehr als 30 Jahren unterst\u00fctzt und hilft Ritme Unternehmen im Gesundheitswesen bei der Auswahl und dem Einsatz ihrer wissenschaftlichen Software","robots":{"index":"index","follow":"follow","max-snippet":"max-snippet:-1","max-image-preview":"max-image-preview:large","max-video-preview":"max-video-preview:-1"},"canonical":"https:\/\/ritme.com\/de\/tatigkeitsbereiche\/gesundheitsindustrie\/","og_locale":"de_DE","og_type":"article","og_title":"Gesundheitsindustrie - RITME","og_description":"Seit mehr als 30 Jahren unterst\u00fctzt und hilft Ritme Unternehmen im Gesundheitswesen bei der Auswahl und dem Einsatz ihrer wissenschaftlichen Software","og_url":"https:\/\/ritme.com\/de\/tatigkeitsbereiche\/gesundheitsindustrie\/","og_site_name":"RITME","article_modified_time":"2025-08-21T08:38:51+00:00","twitter_card":"summary_large_image","twitter_misc":{"Gesch\u00e4tzte Lesezeit":"2\u00a0Minuten"},"schema":{"@context":"https:\/\/schema.org","@graph":[{"@type":"WebPage","@id":"https:\/\/ritme.com\/de\/tatigkeitsbereiche\/gesundheitsindustrie\/","url":"https:\/\/ritme.com\/de\/tatigkeitsbereiche\/gesundheitsindustrie\/","name":"Gesundheitsindustrie - RITME","isPartOf":{"@id":"https:\/\/ritme.com\/de\/#website"},"primaryImageOfPage":{"@id":"https:\/\/ritme.com\/de\/tatigkeitsbereiche\/gesundheitsindustrie\/#primaryimage"},"image":{"@id":"https:\/\/ritme.com\/de\/tatigkeitsbereiche\/gesundheitsindustrie\/#primaryimage"},"thumbnailUrl":"https:\/\/ritme.com\/wp-content\/uploads\/2021\/05\/sante\u0301.svg","datePublished":"2021-05-24T12:54:34+00:00","dateModified":"2025-08-21T08:38:51+00:00","description":"Seit mehr als 30 Jahren unterst\u00fctzt und hilft Ritme Unternehmen im Gesundheitswesen bei der Auswahl und dem Einsatz ihrer wissenschaftlichen Software","breadcrumb":{"@id":"https:\/\/ritme.com\/de\/tatigkeitsbereiche\/gesundheitsindustrie\/#breadcrumb"},"inLanguage":"de","potentialAction":[{"@type":"ReadAction","target":["https:\/\/ritme.com\/de\/tatigkeitsbereiche\/gesundheitsindustrie\/"]}]},{"@type":"ImageObject","inLanguage":"de","@id":"https:\/\/ritme.com\/de\/tatigkeitsbereiche\/gesundheitsindustrie\/#primaryimage","url":"https:\/\/ritme.com\/wp-content\/uploads\/2021\/05\/sante\u0301.svg","contentUrl":"https:\/\/ritme.com\/wp-content\/uploads\/2021\/05\/sante\u0301.svg"},{"@type":"BreadcrumbList","@id":"https:\/\/ritme.com\/de\/tatigkeitsbereiche\/gesundheitsindustrie\/#breadcrumb","itemListElement":[{"@type":"ListItem","position":1,"name":"Startseite","item":"https:\/\/ritme.com\/de\/"},{"@type":"ListItem","position":2,"name":"Ihre T\u00e4tigkeitsbereiche","item":"https:\/\/ritme.com\/de\/tatigkeitsbereiche\/"},{"@type":"ListItem","position":3,"name":"Gesundheitsindustrie"}]},{"@type":"WebSite","@id":"https:\/\/ritme.com\/de\/#website","url":"https:\/\/ritme.com\/de\/","name":"RITME","description":"Der strategische Partner von Forschungsteams","publisher":{"@id":"https:\/\/ritme.com\/de\/#organization"},"potentialAction":[{"@type":"SearchAction","target":{"@type":"EntryPoint","urlTemplate":"https:\/\/ritme.com\/de\/?s={search_term_string}"},"query-input":{"@type":"PropertyValueSpecification","valueRequired":true,"valueName":"search_term_string"}}],"inLanguage":"de"},{"@type":"Organization","@id":"https:\/\/ritme.com\/de\/#organization","name":"RITME","url":"https:\/\/ritme.com\/de\/","logo":{"@type":"ImageObject","inLanguage":"de","@id":"https:\/\/ritme.com\/de\/#\/schema\/logo\/image\/","url":"https:\/\/ritme.com\/wp-content\/uploads\/2021\/06\/Ritme_200x86.svg","contentUrl":"https:\/\/ritme.com\/wp-content\/uploads\/2021\/06\/Ritme_200x86.svg","caption":"RITME"},"image":{"@id":"https:\/\/ritme.com\/de\/#\/schema\/logo\/image\/"}}]}},"uagb_featured_image_src":{"full":["https:\/\/ritme.com\/wp-content\/uploads\/2021\/05\/sante\u0301.svg",1,1,false],"thumbnail":["https:\/\/ritme.com\/wp-content\/uploads\/2021\/05\/sante\u0301.svg",1,1,false],"medium":["https:\/\/ritme.com\/wp-content\/uploads\/2021\/05\/sante\u0301.svg",1,1,false],"medium_large":["https:\/\/ritme.com\/wp-content\/uploads\/2021\/05\/sante\u0301.svg",1,1,false],"large":["https:\/\/ritme.com\/wp-content\/uploads\/2021\/05\/sante\u0301.svg",1,1,false],"1536x1536":["https:\/\/ritme.com\/wp-content\/uploads\/2021\/05\/sante\u0301.svg",1,1,false],"2048x2048":["https:\/\/ritme.com\/wp-content\/uploads\/2021\/05\/sante\u0301.svg",1,1,false]},"uagb_author_info":{"display_name":"Lila AIT ISSAD","author_link":"https:\/\/ritme.com\/de\/author\/adminritme\/"},"uagb_comment_info":0,"uagb_excerpt":null,"_links":{"self":[{"href":"https:\/\/ritme.com\/de\/wp-json\/wp\/v2\/pages\/13762","targetHints":{"allow":["GET"]}}],"collection":[{"href":"https:\/\/ritme.com\/de\/wp-json\/wp\/v2\/pages"}],"about":[{"href":"https:\/\/ritme.com\/de\/wp-json\/wp\/v2\/types\/page"}],"author":[{"embeddable":true,"href":"https:\/\/ritme.com\/de\/wp-json\/wp\/v2\/users\/2"}],"replies":[{"embeddable":true,"href":"https:\/\/ritme.com\/de\/wp-json\/wp\/v2\/comments?post=13762"}],"version-history":[{"count":1,"href":"https:\/\/ritme.com\/de\/wp-json\/wp\/v2\/pages\/13762\/revisions"}],"predecessor-version":[{"id":47245,"href":"https:\/\/ritme.com\/de\/wp-json\/wp\/v2\/pages\/13762\/revisions\/47245"}],"up":[{"embeddable":true,"href":"https:\/\/ritme.com\/de\/wp-json\/wp\/v2\/pages\/9457"}],"wp:featuredmedia":[{"embeddable":true,"href":"https:\/\/ritme.com\/de\/wp-json\/wp\/v2\/media\/10541"}],"wp:attachment":[{"href":"https:\/\/ritme.com\/de\/wp-json\/wp\/v2\/media?parent=13762"}],"curies":[{"name":"wp","href":"https:\/\/api.w.org\/{rel}","templated":true}]}}