{"id":13747,"date":"2021-05-24T14:55:25","date_gmt":"2021-05-24T12:55:25","guid":{"rendered":"https:\/\/ritme.com\/tatigkeitsbereiche\/sante-publique\/"},"modified":"2025-08-21T10:40:12","modified_gmt":"2025-08-21T08:40:12","slug":"gesundheitswesen","status":"publish","type":"page","link":"https:\/\/ritme.com\/de\/tatigkeitsbereiche\/gesundheitswesen\/","title":{"rendered":"Gesundheitswesen"},"content":{"rendered":"\n<section class=\"wp-block-uagb-section uagb-section__wrap uagb-section__background-undefined uagb-block-d441fc49\"><div class=\"uagb-section__overlay\"><\/div><div class=\"uagb-section__inner-wrap\">\n<h2 class=\"wp-block-heading\"><strong><strong>Die <em><span class=\"has-inline-color has-ritme-blue-color\">digitale Transformation<\/span><\/em> der Akteure des \u00f6ffentlichen Gesundheitswesens<\/strong><\/strong><\/h2>\n\n\n\n<section class=\"wp-block-uagb-columns uagb-columns__wrap uagb-columns__background-none uagb-columns__stack-mobile uagb-columns__valign- uagb-columns__gap-10 align uagb-block-6d48b459 uagb-columns__columns-2 uagb-columns__max_width-theme\"><div class=\"uagb-columns__overlay\"><\/div><div class=\"uagb-columns__inner-wrap uagb-columns__columns-2\">\n<div class=\"wp-block-uagb-column uagb-column__wrap uagb-column__background-undefined uagb-block-db3457ca\"><div class=\"uagb-column__overlay\"><\/div>\n<p>Der Einsatz von <strong>digitaler Technologie<\/strong> generiert neue Arten von Daten und neue Arbeitsweisen, die mit der Digitalisierung des <strong>\u00f6ffentlichen Gesundheitswesens<\/strong> einhergehen. Daten sind das Herzst\u00fcck des \u00f6ffentlichen Gesundheitswesens und die digitale Technologie bietet neue M\u00f6glichkeiten, diese Daten zu sammeln, durch gemeinsame Schnittstellen (z. B. ELN, CTMS, LIMS), vernetzte Tools, die eine neue Art der Verkn\u00fcpfung verschiedener Datenquellen bieten, um deren Analyse zu optimieren. <\/p>\n\n\n\n<p>So k\u00f6nnen \u00f6ffentliche Gesundheitsorganisationen, staatliche und nichtstaatliche, mit Daten arbeiten, effizienter sein und mit der \u00d6ffentlichkeit kommunizieren. <\/p>\n\n\n\n<p>Die von Ritme angebotene Software und Schulungen decken so unterschiedliche Aspekte wie <strong><a href=\"https:\/\/ritme.com\/de\/software-type\/publicationen-de\/\"><mark style=\"padding:0px;background-color:rgba(0, 0, 0, 0)\" class=\"has-inline-color has-ritme-blue-color\">Publikation<\/mark><\/a> <\/strong>ab:<\/p>\n\n\n\n<ul class=\"wp-block-list\">\n<li>Bibliographische Recherche<\/li>\n\n\n\n<li>Wissenschaftliche Artikel schreiben und ver\u00f6ffentlichen&nbsp;<\/li>\n\n\n\n<li>Wissenschaftliche Kommunikation&nbsp;insgesamt<\/li>\n\n\n\n<li>Reden und Medienarbeit&nbsp;<\/li>\n<\/ul>\n\n\n\n<p>Oder <strong>quantitative Analyse<\/strong>:<\/p>\n\n\n\n<ul class=\"wp-block-list\">\n<li>Der Einsatz statistischer Methoden&nbsp;<\/li>\n\n\n\n<li>Data Sciences&nbsp;<\/li>\n\n\n\n<li>Machine Learning&nbsp;<\/li>\n\n\n\n<li>Der Einsatz von Open Source Technologien&nbsp;<\/li>\n\n\n\n<li>Reporting&nbsp;und Visualisierung&nbsp;<\/li>\n\n\n\n<li>Methoden der Datenanalyse&nbsp; <\/li>\n\n\n\n<li>Methoden der Softwareentwicklung&nbsp;<\/li>\n\n\n\n<li>Naturwissenschaftliche und medizinische Datenanalyse&nbsp;<\/li>\n\n\n\n<li>Biostatistik&nbsp;<\/li>\n\n\n\n<li>\u00dcberlebensanalysen&nbsp;<\/li>\n\n\n\n<li>Analyse von Daten aus Umfragen&nbsp;<\/li>\n<\/ul>\n\n\n\n<p>Oder schlie\u00dflich die <strong>qualitative Analyse<\/strong>:\u00a0<\/p>\n\n\n\n<ul class=\"wp-block-list\">\n<li>Unstrukturierte und qualitative Datenanalyse&nbsp;<\/li>\n\n\n\n<li>Automatisierte Interviewtranskription&nbsp;<\/li>\n<\/ul>\n<\/div>\n\n\n\n<div class=\"wp-block-uagb-column uagb-column__wrap uagb-column__background-undefined uagb-block-d5ac2ecd\"><div class=\"uagb-column__overlay\"><\/div><div class=\"testimonial-wrapper teaser \"><div class=\"testimonial\">\n\t<div class=\"image\"><img loading=\"lazy\" decoding=\"async\" width=\"705\" height=\"350\" src=\"https:\/\/ritme.com\/wp-content\/uploads\/2021\/04\/img_logo-anses.png\" class=\"attachment-post-thumbnail size-post-thumbnail wp-post-image\" alt=\"\" srcset=\"https:\/\/ritme.com\/wp-content\/uploads\/2021\/04\/img_logo-anses.png 705w, https:\/\/ritme.com\/wp-content\/uploads\/2021\/04\/img_logo-anses-500x248.png 500w\" sizes=\"auto, (max-width: 705px) 100vw, 705px\" \/><\/div>\n\t<div class=\"content\">\n\t\t<div class=\"text\">\n\t\t\t<div class=\"text-inner\">\n\t\t\t\t<p>Sehr gutes Training, sehr konkret. Wir haben Zeit, an unseren Projekten zu arbeiten.<\/p>\t\t\t<\/div>\n\t\t<\/div>\n\t\t<div class=\"author-wrapper\">\n\t\t\t<div class=\"name\">Severine Fontaine<\/div>\n\t\t\t\t\t\t\t<div class=\"function\">ANSES<\/div>\n\t\t\t\t\t\t\t\t\t\t\t\t\t<div class=\"training\">Training zum wissenschaftlichen Schreiben<\/div>\n\t\t\t\t\t<\/div>\n\t<\/div>\n<\/div>\n<\/div><\/div>\n<\/div><\/section>\n<\/div><\/section>\n","protected":false},"excerpt":{"rendered":"","protected":false},"author":2,"featured_media":10572,"parent":9457,"menu_order":256,"comment_status":"closed","ping_status":"closed","template":"","meta":{"_acf_changed":false,"inline_featured_image":false,"_uag_custom_page_level_css":"","footnotes":""},"class_list":["post-13747","page","type-page","status-publish","has-post-thumbnail","hentry"],"acf":[],"yoast_head":"<!-- This site is optimized with the Yoast SEO plugin v26.9 - https:\/\/yoast.com\/product\/yoast-seo-wordpress\/ -->\n<title>Gesundheitswesen - RITME<\/title>\n<meta name=\"description\" content=\"Seit mehr als 30 Jahren hilft Ritme den Akteuren des \u00f6ffentlichen Gesundheitswesens bei der Auswahl und dem Einsatz ihrer wissenschaftlichen Software\" \/>\n<meta name=\"robots\" content=\"index, follow, max-snippet:-1, max-image-preview:large, max-video-preview:-1\" \/>\n<link rel=\"canonical\" href=\"https:\/\/ritme.com\/de\/tatigkeitsbereiche\/gesundheitswesen\/\" \/>\n<meta property=\"og:locale\" content=\"de_DE\" \/>\n<meta property=\"og:type\" content=\"article\" \/>\n<meta property=\"og:title\" content=\"Gesundheitswesen - RITME\" \/>\n<meta property=\"og:description\" content=\"Seit mehr als 30 Jahren hilft Ritme den Akteuren des \u00f6ffentlichen Gesundheitswesens bei der Auswahl und dem Einsatz ihrer wissenschaftlichen Software\" \/>\n<meta property=\"og:url\" content=\"https:\/\/ritme.com\/de\/tatigkeitsbereiche\/gesundheitswesen\/\" \/>\n<meta property=\"og:site_name\" content=\"RITME\" \/>\n<meta property=\"article:modified_time\" content=\"2025-08-21T08:40:12+00:00\" \/>\n<meta name=\"twitter:card\" content=\"summary_large_image\" \/>\n<meta name=\"twitter:label1\" content=\"Gesch\u00e4tzte Lesezeit\" \/>\n\t<meta name=\"twitter:data1\" content=\"2\u00a0Minuten\" \/>\n<script type=\"application\/ld+json\" class=\"yoast-schema-graph\">{\"@context\":\"https:\/\/schema.org\",\"@graph\":[{\"@type\":\"WebPage\",\"@id\":\"https:\/\/ritme.com\/de\/tatigkeitsbereiche\/gesundheitswesen\/\",\"url\":\"https:\/\/ritme.com\/de\/tatigkeitsbereiche\/gesundheitswesen\/\",\"name\":\"Gesundheitswesen - RITME\",\"isPartOf\":{\"@id\":\"https:\/\/ritme.com\/de\/#website\"},\"primaryImageOfPage\":{\"@id\":\"https:\/\/ritme.com\/de\/tatigkeitsbereiche\/gesundheitswesen\/#primaryimage\"},\"image\":{\"@id\":\"https:\/\/ritme.com\/de\/tatigkeitsbereiche\/gesundheitswesen\/#primaryimage\"},\"thumbnailUrl\":\"https:\/\/ritme.com\/wp-content\/uploads\/2021\/05\/sante\u0301-publique.svg\",\"datePublished\":\"2021-05-24T12:55:25+00:00\",\"dateModified\":\"2025-08-21T08:40:12+00:00\",\"description\":\"Seit mehr als 30 Jahren hilft Ritme den Akteuren des \u00f6ffentlichen Gesundheitswesens bei der Auswahl und dem Einsatz ihrer wissenschaftlichen Software\",\"breadcrumb\":{\"@id\":\"https:\/\/ritme.com\/de\/tatigkeitsbereiche\/gesundheitswesen\/#breadcrumb\"},\"inLanguage\":\"de\",\"potentialAction\":[{\"@type\":\"ReadAction\",\"target\":[\"https:\/\/ritme.com\/de\/tatigkeitsbereiche\/gesundheitswesen\/\"]}]},{\"@type\":\"ImageObject\",\"inLanguage\":\"de\",\"@id\":\"https:\/\/ritme.com\/de\/tatigkeitsbereiche\/gesundheitswesen\/#primaryimage\",\"url\":\"https:\/\/ritme.com\/wp-content\/uploads\/2021\/05\/sante\u0301-publique.svg\",\"contentUrl\":\"https:\/\/ritme.com\/wp-content\/uploads\/2021\/05\/sante\u0301-publique.svg\"},{\"@type\":\"BreadcrumbList\",\"@id\":\"https:\/\/ritme.com\/de\/tatigkeitsbereiche\/gesundheitswesen\/#breadcrumb\",\"itemListElement\":[{\"@type\":\"ListItem\",\"position\":1,\"name\":\"Startseite\",\"item\":\"https:\/\/ritme.com\/de\/\"},{\"@type\":\"ListItem\",\"position\":2,\"name\":\"Ihre T\u00e4tigkeitsbereiche\",\"item\":\"https:\/\/ritme.com\/de\/tatigkeitsbereiche\/\"},{\"@type\":\"ListItem\",\"position\":3,\"name\":\"Gesundheitswesen\"}]},{\"@type\":\"WebSite\",\"@id\":\"https:\/\/ritme.com\/de\/#website\",\"url\":\"https:\/\/ritme.com\/de\/\",\"name\":\"RITME\",\"description\":\"Der strategische Partner von Forschungsteams\",\"publisher\":{\"@id\":\"https:\/\/ritme.com\/de\/#organization\"},\"potentialAction\":[{\"@type\":\"SearchAction\",\"target\":{\"@type\":\"EntryPoint\",\"urlTemplate\":\"https:\/\/ritme.com\/de\/?s={search_term_string}\"},\"query-input\":{\"@type\":\"PropertyValueSpecification\",\"valueRequired\":true,\"valueName\":\"search_term_string\"}}],\"inLanguage\":\"de\"},{\"@type\":\"Organization\",\"@id\":\"https:\/\/ritme.com\/de\/#organization\",\"name\":\"RITME\",\"url\":\"https:\/\/ritme.com\/de\/\",\"logo\":{\"@type\":\"ImageObject\",\"inLanguage\":\"de\",\"@id\":\"https:\/\/ritme.com\/de\/#\/schema\/logo\/image\/\",\"url\":\"https:\/\/ritme.com\/wp-content\/uploads\/2021\/06\/Ritme_200x86.svg\",\"contentUrl\":\"https:\/\/ritme.com\/wp-content\/uploads\/2021\/06\/Ritme_200x86.svg\",\"caption\":\"RITME\"},\"image\":{\"@id\":\"https:\/\/ritme.com\/de\/#\/schema\/logo\/image\/\"}}]}<\/script>\n<!-- \/ Yoast SEO plugin. -->","yoast_head_json":{"title":"Gesundheitswesen - RITME","description":"Seit mehr als 30 Jahren hilft Ritme den Akteuren des \u00f6ffentlichen Gesundheitswesens bei der Auswahl und dem Einsatz ihrer wissenschaftlichen Software","robots":{"index":"index","follow":"follow","max-snippet":"max-snippet:-1","max-image-preview":"max-image-preview:large","max-video-preview":"max-video-preview:-1"},"canonical":"https:\/\/ritme.com\/de\/tatigkeitsbereiche\/gesundheitswesen\/","og_locale":"de_DE","og_type":"article","og_title":"Gesundheitswesen - RITME","og_description":"Seit mehr als 30 Jahren hilft Ritme den Akteuren des \u00f6ffentlichen Gesundheitswesens bei der Auswahl und dem Einsatz ihrer wissenschaftlichen Software","og_url":"https:\/\/ritme.com\/de\/tatigkeitsbereiche\/gesundheitswesen\/","og_site_name":"RITME","article_modified_time":"2025-08-21T08:40:12+00:00","twitter_card":"summary_large_image","twitter_misc":{"Gesch\u00e4tzte Lesezeit":"2\u00a0Minuten"},"schema":{"@context":"https:\/\/schema.org","@graph":[{"@type":"WebPage","@id":"https:\/\/ritme.com\/de\/tatigkeitsbereiche\/gesundheitswesen\/","url":"https:\/\/ritme.com\/de\/tatigkeitsbereiche\/gesundheitswesen\/","name":"Gesundheitswesen - RITME","isPartOf":{"@id":"https:\/\/ritme.com\/de\/#website"},"primaryImageOfPage":{"@id":"https:\/\/ritme.com\/de\/tatigkeitsbereiche\/gesundheitswesen\/#primaryimage"},"image":{"@id":"https:\/\/ritme.com\/de\/tatigkeitsbereiche\/gesundheitswesen\/#primaryimage"},"thumbnailUrl":"https:\/\/ritme.com\/wp-content\/uploads\/2021\/05\/sante\u0301-publique.svg","datePublished":"2021-05-24T12:55:25+00:00","dateModified":"2025-08-21T08:40:12+00:00","description":"Seit mehr als 30 Jahren hilft Ritme den Akteuren des \u00f6ffentlichen Gesundheitswesens bei der Auswahl und dem Einsatz ihrer wissenschaftlichen Software","breadcrumb":{"@id":"https:\/\/ritme.com\/de\/tatigkeitsbereiche\/gesundheitswesen\/#breadcrumb"},"inLanguage":"de","potentialAction":[{"@type":"ReadAction","target":["https:\/\/ritme.com\/de\/tatigkeitsbereiche\/gesundheitswesen\/"]}]},{"@type":"ImageObject","inLanguage":"de","@id":"https:\/\/ritme.com\/de\/tatigkeitsbereiche\/gesundheitswesen\/#primaryimage","url":"https:\/\/ritme.com\/wp-content\/uploads\/2021\/05\/sante\u0301-publique.svg","contentUrl":"https:\/\/ritme.com\/wp-content\/uploads\/2021\/05\/sante\u0301-publique.svg"},{"@type":"BreadcrumbList","@id":"https:\/\/ritme.com\/de\/tatigkeitsbereiche\/gesundheitswesen\/#breadcrumb","itemListElement":[{"@type":"ListItem","position":1,"name":"Startseite","item":"https:\/\/ritme.com\/de\/"},{"@type":"ListItem","position":2,"name":"Ihre T\u00e4tigkeitsbereiche","item":"https:\/\/ritme.com\/de\/tatigkeitsbereiche\/"},{"@type":"ListItem","position":3,"name":"Gesundheitswesen"}]},{"@type":"WebSite","@id":"https:\/\/ritme.com\/de\/#website","url":"https:\/\/ritme.com\/de\/","name":"RITME","description":"Der strategische Partner von Forschungsteams","publisher":{"@id":"https:\/\/ritme.com\/de\/#organization"},"potentialAction":[{"@type":"SearchAction","target":{"@type":"EntryPoint","urlTemplate":"https:\/\/ritme.com\/de\/?s={search_term_string}"},"query-input":{"@type":"PropertyValueSpecification","valueRequired":true,"valueName":"search_term_string"}}],"inLanguage":"de"},{"@type":"Organization","@id":"https:\/\/ritme.com\/de\/#organization","name":"RITME","url":"https:\/\/ritme.com\/de\/","logo":{"@type":"ImageObject","inLanguage":"de","@id":"https:\/\/ritme.com\/de\/#\/schema\/logo\/image\/","url":"https:\/\/ritme.com\/wp-content\/uploads\/2021\/06\/Ritme_200x86.svg","contentUrl":"https:\/\/ritme.com\/wp-content\/uploads\/2021\/06\/Ritme_200x86.svg","caption":"RITME"},"image":{"@id":"https:\/\/ritme.com\/de\/#\/schema\/logo\/image\/"}}]}},"uagb_featured_image_src":{"full":["https:\/\/ritme.com\/wp-content\/uploads\/2021\/05\/sante\u0301-publique.svg",1,1,false],"thumbnail":["https:\/\/ritme.com\/wp-content\/uploads\/2021\/05\/sante\u0301-publique.svg",1,1,false],"medium":["https:\/\/ritme.com\/wp-content\/uploads\/2021\/05\/sante\u0301-publique.svg",1,1,false],"medium_large":["https:\/\/ritme.com\/wp-content\/uploads\/2021\/05\/sante\u0301-publique.svg",1,1,false],"large":["https:\/\/ritme.com\/wp-content\/uploads\/2021\/05\/sante\u0301-publique.svg",1,1,false],"1536x1536":["https:\/\/ritme.com\/wp-content\/uploads\/2021\/05\/sante\u0301-publique.svg",1,1,false],"2048x2048":["https:\/\/ritme.com\/wp-content\/uploads\/2021\/05\/sante\u0301-publique.svg",1,1,false]},"uagb_author_info":{"display_name":"Lila AIT ISSAD","author_link":"https:\/\/ritme.com\/de\/author\/adminritme\/"},"uagb_comment_info":0,"uagb_excerpt":null,"_links":{"self":[{"href":"https:\/\/ritme.com\/de\/wp-json\/wp\/v2\/pages\/13747","targetHints":{"allow":["GET"]}}],"collection":[{"href":"https:\/\/ritme.com\/de\/wp-json\/wp\/v2\/pages"}],"about":[{"href":"https:\/\/ritme.com\/de\/wp-json\/wp\/v2\/types\/page"}],"author":[{"embeddable":true,"href":"https:\/\/ritme.com\/de\/wp-json\/wp\/v2\/users\/2"}],"replies":[{"embeddable":true,"href":"https:\/\/ritme.com\/de\/wp-json\/wp\/v2\/comments?post=13747"}],"version-history":[{"count":2,"href":"https:\/\/ritme.com\/de\/wp-json\/wp\/v2\/pages\/13747\/revisions"}],"predecessor-version":[{"id":47247,"href":"https:\/\/ritme.com\/de\/wp-json\/wp\/v2\/pages\/13747\/revisions\/47247"}],"up":[{"embeddable":true,"href":"https:\/\/ritme.com\/de\/wp-json\/wp\/v2\/pages\/9457"}],"wp:featuredmedia":[{"embeddable":true,"href":"https:\/\/ritme.com\/de\/wp-json\/wp\/v2\/media\/10572"}],"wp:attachment":[{"href":"https:\/\/ritme.com\/de\/wp-json\/wp\/v2\/media?parent=13747"}],"curies":[{"name":"wp","href":"https:\/\/api.w.org\/{rel}","templated":true}]}}