{"id":13531,"date":"2021-01-21T11:29:59","date_gmt":"2021-01-21T10:29:59","guid":{"rendered":"https:\/\/ritme.com\/data-privacy\/"},"modified":"2025-08-29T09:53:52","modified_gmt":"2025-08-29T07:53:52","slug":"datenschutzrecht","status":"publish","type":"page","link":"https:\/\/ritme.com\/de\/datenschutzrecht\/","title":{"rendered":"DATENSCHUTZPOLITIK"},"content":{"rendered":"\n<p><em><u>Datum <\/u><\/em><em>des Inkrafttretens: <\/em><em><sup>1. <\/sup><\/em><em>Juli 2021<\/em><\/p>\n\n\n\n<p>Wenn Sie die Website <a href=\"https:\/\/ritme.com\/de\/\">https:\/\/ritme.com\/ <\/a>(nachstehend die &#8222;<strong>Website&#8220;<\/strong>) nutzen, k\u00f6nnen wir personenbezogene Daten \u00fcber Sie erfassen.<\/p>\n\n\n\n<p>Der Zweck dieser Richtlinie ist es, Sie dar\u00fcber zu informieren, wie wir diese Daten gem\u00e4\u00df der Verordnung (EU) 2016\/679 vom 27. April 2016 zum Schutz nat\u00fcrlicher Personen bei der Verarbeitung personenbezogener Daten und zum freien Datenverkehr (im Folgenden &#8222;<strong>DSGVO<\/strong>&#8222;) verarbeiten.<\/p>\n\n\n\n<div class=\"wp-block-getwid-advanced-spacer\" style=\"height:10px\" aria-hidden=\"true\"><\/div>\n\n\n\n<h3 class=\"wp-block-heading\">1. <strong>Wer ist f\u00fcr die Datenverarbeitung der Verantwortliche?<\/strong><\/h3>\n\n\n\n<p>Der Inhaber der Datenverarbeitung ist RITME INFORMATIQUE, eine vereinfachte Aktiengesellschaft, die im Pariser Handels- und Gesellschaftsregister unter der Nummer 399 736 610 eingetragen ist und ihren Sitz in 65 rue Ordener &#8211; 75018 PARIS hat (im Folgenden &#8222;<strong>wir&#8220; genannt<\/strong>).<\/p>\n\n\n\n<div class=\"wp-block-getwid-advanced-spacer\" style=\"height:10px\" aria-hidden=\"true\"><\/div>\n\n\n\n<h3 class=\"wp-block-heading\">2. <strong>Welche Daten sammeln wir?<\/strong><\/h3>\n\n\n\n<p>Personenbezogene Daten sind Daten, die es erm\u00f6glichen, eine Person direkt oder durch einen Querverweis mit anderen Daten zu identifizieren.<\/p>\n\n\n\n<p>Wir sammeln Daten in den folgenden Kategorien:<\/p>\n\n\n\n<ul class=\"wp-block-list\">\n<li><strong>Identifizierungsdaten <\/strong>(Titel, Nachname, Vorname, berufliche E-Mail-Adresse, Telefonnummer, berufliche Postanschrift);<\/li>\n\n\n\n<li><strong>Daten zu Ihrem Berufsleben <\/strong>(Position, Unternehmen, Abteilung, Funktion, Interessen, T\u00e4tigkeitsbereich);<\/li>\n\n\n\n<li><strong>Daten im Zusammenhang mit Ihren Bestellungen <\/strong>(Software, L\u00f6sungen, Schulungen);<\/li>\n\n\n\n<li><strong>Verbindungsdaten <\/strong>(z. B. IP-Adresse, Protokolle)<strong>;<\/strong><\/li>\n\n\n\n<li><strong>Wirtschaftliche und finanzielle Daten <\/strong>(z. B. RIB, Rechnungen)<strong>;<\/strong><\/li>\n\n\n\n<li><strong>Daten im Zusammenhang mit Ihrer Kreditkarte.<\/strong><\/li>\n<\/ul>\n\n\n\n<p>Obligatorische Daten werden angegeben, wenn Sie uns Ihre Daten zur Verf\u00fcgung stellen. Sie sind mit einem Sternchen gekennzeichnet und sind notwendig, um Ihnen unsere Dienste zur Verf\u00fcgung zu stellen.<\/p>\n\n\n\n<div class=\"wp-block-getwid-advanced-spacer\" style=\"height:10px\" aria-hidden=\"true\"><\/div>\n\n\n\n<h3 class=\"wp-block-heading\">3. <strong>Aus welchen rechtlichen Gr\u00fcnden, f\u00fcr welche Zwecke und wie lange speichern wir Ihre personenbezogenen Daten?<\/strong><\/h3>\n\n\n\n<div class=\"wp-block-getwid-table\"><table><tbody><tr><td style=\"background-color:#D7E4EF;border-color:#ffffff;padding-top:10px;padding-right:10px;padding-bottom:10px;padding-left:10px;border-width:3px\"><strong><strong>Ziele<\/strong>&nbsp;<\/strong><\/td><td style=\"background-color:#D7E4EF;border-color:#ffffff;padding-top:10px;padding-right:10px;padding-bottom:10px;padding-left:10px;border-width:3px\"><strong><strong>Rechtsgrundlage<\/strong><\/strong><\/td><td style=\"background-color:#D7E4EF;border-color:#ffffff;padding-top:10px;padding-right:10px;padding-bottom:10px;padding-left:10px;border-width:3px\"><strong><strong>Haltbarkeitsdauer<\/strong><\/strong><\/td><\/tr><tr><td style=\"background-color:#fbfcfd;border-color:#ffffff;padding-top:10px;padding-right:10px;padding-bottom:10px;padding-left:10px;border-width:3px\">Bereitstellung unserer Dienstleistungen, die auf unserer Website \u00fcber Ihr Konto verf\u00fcgbar sind (Zugang zu unserer Software, L\u00f6sungen, unternehmensinternen und -\u00fcbergreifenden Schulungen und Webinaren)<\/td><td style=\"background-color:#fbfcfd;border-color:#ffffff;padding-top:10px;padding-right:10px;padding-bottom:10px;padding-left:10px;border-width:3px\">Durchf\u00fchrung vorvertraglicher Ma\u00dfnahmen auf Ihr Ersuchen hin und\/oder Durchf\u00fchrung eines von Ihnen abgeschlossenen Vertrags<\/td><td style=\"background-color:#fbfcfd;border-color:#ffffff;padding-top:10px;padding-right:10px;padding-bottom:10px;padding-left:10px;border-width:3px\">Ihre Daten werden f\u00fcr die Dauer Ihres Kontos aufbewahrt und um einen Zeitraum von 3 Jahren nach der L\u00f6schung Ihres Kontos verl\u00e4ngert. Wenn Ihr Konto 2 Jahre lang inaktiv ist, werden Ihre personenbezogenen Daten gel\u00f6scht.<br>Dar\u00fcber hinaus k\u00f6nnen Ihre Daten zu Beweiszwecken f\u00fcr einen Zeitraum von 5 Jahren archiviert werden.<\/td><\/tr><tr><td style=\"background-color:#fbfcfd;border-color:#ffffff;padding-top:10px;padding-right:10px;padding-bottom:10px;padding-left:10px;border-width:3px\">Erf\u00fcllung Ihrer Bestellung, Durchf\u00fchrung von Kundenverwaltungsvorg\u00e4ngen im Zusammenhang mit Vertr\u00e4gen, Bestellungen, Lieferungen, Rechnungen, Treueprogrammen und Kundenbeziehungsmanagement<\/td><td style=\"background-color:#fbfcfd;border-color:#ffffff;padding-top:10px;padding-right:10px;padding-bottom:10px;padding-left:10px;border-width:3px\">Erf\u00fcllung eines von Ihnen abgeschlossenen Vertrags<\/td><td style=\"background-color:#fbfcfd;border-color:#ffffff;padding-top:10px;padding-right:10px;padding-bottom:10px;padding-left:10px;border-width:3px\">Personenbezogene Daten werden f\u00fcr die Dauer des Vertragsverh\u00e4ltnisses sowie f\u00fcr einen Zeitraum von 3 Jahren nach Beendigung des Vertragsverh\u00e4ltnisses aufbewahrt.<br><br>Dar\u00fcber hinaus werden Ihre Daten (mit Ausnahme Ihrer Bankverbindung) zu Beweiszwecken f\u00fcr einen Zeitraum von 5 Jahren archiviert.<br><br>Ihre Kreditkartendaten werden von unserem Zahlungsdienstleister Stripe nur solange gespeichert, bis Sie vollst\u00e4ndig bezahlt haben. Wir haben keinen Zugriff auf diese Daten.<br><br>Die Daten des visuellen Kryptogramms oder CVV2, die auf Ihrer Bankkarte stehen, werden nicht gespeichert.<\/td><\/tr><tr><td style=\"background-color:#fbfcfd;border-color:#ffffff;padding-top:10px;padding-right:10px;padding-bottom:10px;padding-left:10px;border-width:3px\">Aufbau einer Datei von Kunden und Interessenten<\/td><td style=\"background-color:#fbfcfd;border-color:#ffffff;padding-top:10px;padding-right:10px;padding-bottom:10px;padding-left:10px;border-width:3px\">Unser berechtigtes Interesse an der Entwicklung und F\u00f6rderung unseres Unternehmens<\/td><td style=\"background-color:#fbfcfd;border-color:#ffffff;padding-top:10px;padding-right:10px;padding-bottom:10px;padding-left:10px;border-width:3px\">F\u00fcr Kunden: Die Daten werden f\u00fcr die Dauer der Gesch\u00e4ftsbeziehung aufbewahrt und nach einer Frist von 3 Jahren nach Beendigung der Gesch\u00e4ftsbeziehung gel\u00f6scht.<br><br>F\u00fcr Interessenten: Die Daten werden f\u00fcr einen Zeitraum von 3 Jahren nach Ihrem letzten Kontakt aufbewahrt.<\/td><\/tr><tr><td style=\"border-color:#ffffff;border-width:3px;padding-top:10px;padding-right:10px;padding-bottom:10px;padding-left:10px;background-color:#fbfcfd\">Versenden von Newslettern, Aufforderungen und Werbebotschaften<\/td><td style=\"border-color:#ffffff;border-width:3px;padding-top:10px;padding-right:10px;padding-bottom:10px;padding-left:10px;background-color:#fbfcfd\">Unser berechtigtes Interesse an der Entwicklung und F\u00f6rderung unseres Unternehmens<\/td><td style=\"border-color:#ffffff;border-width:3px;padding-top:10px;padding-right:10px;padding-bottom:10px;padding-left:10px;background-color:#fbfcfd\">Die Daten werden f\u00fcr 3 Jahre nach Ihrem letzten Kontakt aufbewahrt.<\/td><\/tr><tr><td style=\"border-color:#ffffff;border-width:3px;padding-top:10px;padding-right:10px;padding-bottom:10px;padding-left:10px;background-color:#fbfcfd\">Beantwortung Ihrer Informationsanfragen<\/td><td style=\"border-color:#ffffff;border-width:3px;padding-top:10px;padding-right:10px;padding-bottom:10px;padding-left:10px;background-color:#fbfcfd\">Unser berechtigtes Interesse an der Beantwortung Ihrer Anfragen<\/td><td style=\"border-color:#ffffff;border-width:3px;padding-top:10px;padding-right:10px;padding-bottom:10px;padding-left:10px;background-color:#fbfcfd\">Die Daten werden so lange aufbewahrt, wie es f\u00fcr die Bearbeitung Ihres Auskunftsersuchens erforderlich ist, und nach der Bearbeitung des Auskunftsersuchens gel\u00f6scht.<\/td><\/tr><tr><td style=\"border-color:#ffffff;border-width:3px;padding-top:10px;padding-right:10px;padding-bottom:10px;padding-left:10px;background-color:#fbfcfd\">Einhaltung der f\u00fcr unser Gesch\u00e4ft geltenden rechtlichen Verpflichtungen<\/td><td style=\"border-color:#ffffff;border-width:3px;padding-top:10px;padding-right:10px;padding-bottom:10px;padding-left:10px;background-color:#fbfcfd\">Erf\u00fcllung unserer rechtlichen und regulatorischen Verpflichtungen<\/td><td style=\"border-color:#ffffff;border-width:3px;padding-top:10px;padding-right:10px;padding-bottom:10px;padding-left:10px;background-color:#fbfcfd\">F\u00fcr Rechnungen: Rechnungen werden f\u00fcr einen Zeitraum von 10 Jahren archiviert.<br>Die Daten zu Ihren Transaktionen (mit Ausnahme der Bankdaten) werden 5 Jahre lang aufbewahrt.<\/td><\/tr><tr><td style=\"border-color:#ffffff;border-width:3px;padding-top:10px;padding-right:10px;padding-bottom:10px;padding-left:10px;background-color:#fbfcfd\">Verwaltung von Antr\u00e4gen auf Aus\u00fcbung von Rechten<\/td><td style=\"border-color:#ffffff;border-width:3px;padding-top:10px;padding-right:10px;padding-bottom:10px;padding-left:10px;background-color:#fbfcfd\">Erf\u00fcllung unserer rechtlichen und regulatorischen Verpflichtungen<\/td><td style=\"border-color:#ffffff;border-width:3px;padding-top:10px;padding-right:10px;padding-bottom:10px;padding-left:10px;background-color:#fbfcfd\">Wenn wir Sie um einen Identit\u00e4tsnachweis bitten, werden wir diesen nur so lange aufbewahren, wie es f\u00fcr die \u00dcberpr\u00fcfung Ihrer Identit\u00e4t erforderlich ist. Sobald die \u00dcberpr\u00fcfung abgeschlossen ist, wird der Identit\u00e4tsnachweis gel\u00f6scht.<br>Wenn Sie von Ihrem Widerspruchsrecht Gebrauch machen: Wir bewahren diese Informationen 3 Jahre lang auf.<\/td><\/tr><\/tbody><\/table><\/div>\n\n\n\n<div class=\"wp-block-getwid-advanced-spacer\" style=\"height:10px\" aria-hidden=\"true\"><\/div>\n\n\n\n<h3 class=\"wp-block-heading\">4. <strong>Wer sind die Empf\u00e4nger Ihrer Daten?<\/strong><\/h3>\n\n\n\n<p>Zugang zu Ihren pers\u00f6nlichen Daten haben werden:<\/p>\n\n\n\n<ul class=\"wp-block-list\">\n<li>Die Mitarbeiter unseres Unternehmens ;\n<ul class=\"wp-block-list\">\n<li>Unsere Unterauftragnehmer: Hosting-Anbieter, CRM-Tool, Newsletter-Versand-Anbieter;<\/li>\n\n\n\n<li>Unsere Partner: <a href=\"https:\/\/ritme.com\/de\/wer-sind-wir\/partner\/\">Software-Hersteller<\/a>, Liefer- und Logistikpartner;<\/li>\n\n\n\n<li>Gegebenenfalls: \u00f6ffentliche und private Einrichtungen, ausschlie\u00dflich zur Erf\u00fcllung unserer gesetzlichen Verpflichtungen.<\/li>\n<\/ul>\n<\/li>\n<\/ul>\n\n\n\n<div class=\"wp-block-getwid-advanced-spacer\" style=\"height:10px\" aria-hidden=\"true\"><\/div>\n\n\n\n<h3 class=\"wp-block-heading\">5. <strong>Werden Ihre Daten in L\u00e4nder au\u00dferhalb der Europ\u00e4ischen Union \u00fcbermittelt?<\/strong><\/h3>\n\n\n\n<p>Ihre Daten werden f\u00fcr die Dauer der Verarbeitung auf den Servern der Firma Alwaysdata mit Sitz in Frankreich in der Europ\u00e4ischen Union aufbewahrt und gespeichert.<\/p>\n\n\n\n<p>Im Rahmen der von uns verwendeten Instrumente (siehe Artikel \u00fcber die Empf\u00e4nger, die unsere Subunternehmer betreffen) k\u00f6nnen Ihre Daten in L\u00e4nder au\u00dferhalb der Europ\u00e4ischen Union \u00fcbermittelt werden. Die \u00dcbermittlung Ihrer Daten in diesem Zusammenhang ist durch die folgenden Instrumente gesichert:<\/p>\n\n\n\n<ul class=\"wp-block-list\">\n<li>oder die Daten werden in ein Land \u00fcbermittelt, das durch eine Entscheidung der Europ\u00e4ischen Kommission als Land mit angemessenem Schutzniveau eingestuft worden ist;<\/li>\n\n\n\n<li>oder wir haben mit unseren Auftragsverarbeitern einen speziellen Vertrag \u00fcber die \u00dcbermittlung Ihrer Daten au\u00dferhalb der Europ\u00e4ischen Union geschlossen, der auf den von der Europ\u00e4ischen Kommission genehmigten Standardvertragsklauseln zwischen einem f\u00fcr die Verarbeitung Verantwortlichen und einem Auftragsverarbeiter beruht;<\/li>\n\n\n\n<li>oder wir nehmen die in den geltenden Vorschriften vorgesehenen Garantien in Anspruch.<\/li>\n<\/ul>\n\n\n\n<div class=\"wp-block-getwid-advanced-spacer\" style=\"height:10px\" aria-hidden=\"true\"><\/div>\n\n\n\n<h3 class=\"wp-block-heading\">6. <strong>Welche Rechte haben Sie in Bezug auf Ihre Daten?<\/strong><\/h3>\n\n\n\n<p>Sie haben die folgenden Rechte in Bezug auf Ihre personenbezogenen Daten:<\/p>\n\n\n\n<ul class=\"wp-block-list\">\n<li><strong>Recht auf Information<\/strong>: Das ist der Grund, warum wir diese Politik ausgearbeitet haben. Dieses Recht ist in den Artikeln 13 und 14 der RGPD verankert.<\/li>\n<\/ul>\n\n\n\n<ul class=\"wp-block-list\">\n<li><strong>Auskunftsrecht<\/strong>: Sie haben gem\u00e4\u00df Artikel 15 der Datenschutz-Grundverordnung das Recht, jederzeit auf alle Ihre personenbezogenen Daten zuzugreifen.<\/li>\n<\/ul>\n\n\n\n<ul class=\"wp-block-list\">\n<li><strong>Recht auf Berichtigung<\/strong>: Sie haben das Recht, Ihre unrichtigen, unvollst\u00e4ndigen oder veralteten personenbezogenen Daten jederzeit gem\u00e4\u00df Artikel 16 der DSGVO zu berichtigen.<\/li>\n<\/ul>\n\n\n\n<ul class=\"wp-block-list\">\n<li><strong>Recht auf Einschr\u00e4nkung<\/strong>: Sie haben das Recht, in bestimmten, in Artikel 18 der DSGVO festgelegten F\u00e4llen die Einschr\u00e4nkung der Verarbeitung Ihrer personenbezogenen Daten zu verlangen.<\/li>\n<\/ul>\n\n\n\n<ul class=\"wp-block-list\">\n<li><strong>Recht auf L\u00f6schung<\/strong>: Sie haben das Recht, die L\u00f6schung Ihrer personenbezogenen Daten zu verlangen und die k\u00fcnftige Erfassung Ihrer personenbezogenen Daten aus den in Artikel 17 der DSGVO genannten Gr\u00fcnden zu untersagen.<\/li>\n<\/ul>\n\n\n\n<ul class=\"wp-block-list\">\n<li><strong>Recht auf Beschwerde bei einer zust\u00e4ndigen Aufsichtsbeh\u00f6rde <\/strong>(in Frankreich die CNIL), wenn Sie der Meinung sind, dass die Verarbeitung Ihrer personenbezogenen Daten gegen die geltenden Vorschriften verst\u00f6\u00dft. (Artikel 77 des GDPR)<\/li>\n<\/ul>\n\n\n\n<ul class=\"wp-block-list\">\n<li><strong>Das Recht, Richtlinien f\u00fcr die Aufbewahrung, L\u00f6schung und Weitergabe Ihrer pers\u00f6nlichen Daten nach Ihrem Tod festzulegen, gem\u00e4\u00df <\/strong>Artikel 40-1 des franz\u00f6sischen Gesetzes \u00fcber Datenverarbeitung und Freiheiten. <\/li>\n<\/ul>\n\n\n\n<ul class=\"wp-block-list\">\n<li><strong>Recht auf jederzeitigen Widerruf der Einwilligung<\/strong>: F\u00fcr Zwecke, die auf einer Einwilligung beruhen, sieht Artikel 7 der DSGVO vor, dass Sie Ihre Einwilligung jederzeit widerrufen k\u00f6nnen. Ein solcher Widerruf hat keinen Einfluss auf die Rechtm\u00e4\u00dfigkeit der vor dem Widerruf erfolgten Verarbeitung.<\/li>\n<\/ul>\n\n\n\n<ul class=\"wp-block-list\">\n<li><strong>Recht auf \u00dcbertragbarkeit<\/strong>: Unter bestimmten Bedingungen, die in Artikel 20 der Datenschutz-Grundverordnung festgelegt sind, haben Sie das Recht, die personenbezogenen Daten, die Sie uns zur Verf\u00fcgung gestellt haben, in einem g\u00e4ngigen maschinenlesbaren Format zu erhalten und deren \u00dcbermittlung an einen Empf\u00e4nger Ihrer Wahl zu verlangen.<\/li>\n<\/ul>\n\n\n\n<ul class=\"wp-block-list\">\n<li><strong>Widerspruchsrecht<\/strong>: Gem\u00e4ss Artikel 21 der Datenschutz-Grundverordnung haben Sie das Recht, der Verarbeitung Ihrer personenbezogenen Daten zu widersprechen. Bitte beachten Sie jedoch, dass wir sie trotz dieses Widerspruchs aus legitimen Gr\u00fcnden oder zur Verteidigung von Rechtsanspr\u00fcchen weiterverarbeiten k\u00f6nnen.<\/li>\n<\/ul>\n\n\n\n<p>Sie k\u00f6nnen diese Rechte aus\u00fcben, indem Sie sich schriftlich an die unten stehende Adresse wenden. Wir k\u00f6nnen Sie auffordern, zus\u00e4tzliche Informationen oder Dokumente zum Nachweis Ihrer Identit\u00e4t vorzulegen.<\/p>\n\n\n\n<div class=\"wp-block-getwid-advanced-spacer\" style=\"height:10px\" aria-hidden=\"true\"><\/div>\n\n\n\n<h3 class=\"wp-block-heading\">7. <strong>Kontaktstelle f\u00fcr personenbezogene Daten<\/strong><\/h3>\n\n\n\n<p>Kontakt E-Mail: <a href=\"mailto:DataProtection@ritme.com\">DataProtection@ritme.com<\/a><\/p>\n\n\n\n<p>Kontaktadresse: 65 rue Ordener &#8211; 75018 Paris Frankreich<\/p>\n\n\n\n<div class=\"wp-block-getwid-advanced-spacer\" style=\"height:10px\" aria-hidden=\"true\"><\/div>\n\n\n\n<h3 class=\"wp-block-heading\">8. <strong>\u00c4nderungen<\/strong><\/h3>\n\n\n\n<p>Wir k\u00f6nnen diese Richtlinie jederzeit \u00e4ndern, insbesondere um regulatorischen, rechtlichen, redaktionellen oder technischen Entwicklungen Rechnung zu tragen. Diese \u00c4nderungen gelten ab dem Datum des Inkrafttretens der ge\u00e4nderten Fassung. Wir bitten Sie daher, regelm\u00e4\u00dfig die neueste Version dieser Richtlinie zu konsultieren. Wir werden Sie jedoch \u00fcber alle wesentlichen \u00c4nderungen dieser Datenschutzpolitik auf dem Laufenden halten.<\/p>\n","protected":false},"excerpt":{"rendered":"<p>Datum des Inkrafttretens: 1. Juli 2021 Wenn Sie die Website https:\/\/ritme.com\/ (nachstehend die &#8222;Website&#8220;) nutzen, k\u00f6nnen wir personenbezogene Daten \u00fcber Sie erfassen. Der Zweck dieser Richtlinie ist es, Sie dar\u00fcber zu informieren, wie wir diese Daten gem\u00e4\u00df der Verordnung (EU) 2016\/679 vom 27. April 2016 zum Schutz nat\u00fcrlicher Personen bei der Verarbeitung personenbezogener Daten und [&hellip;]<\/p>\n","protected":false},"author":1,"featured_media":0,"parent":0,"menu_order":365,"comment_status":"closed","ping_status":"closed","template":"","meta":{"_acf_changed":false,"inline_featured_image":false,"_uag_custom_page_level_css":"","footnotes":""},"class_list":["post-13531","page","type-page","status-publish","hentry"],"acf":[],"yoast_head":"<!-- This site is optimized with the Yoast SEO plugin v26.9 - https:\/\/yoast.com\/product\/yoast-seo-wordpress\/ -->\n<title>DATENSCHUTZPOLITIK - RITME<\/title>\n<meta name=\"robots\" content=\"index, follow, max-snippet:-1, max-image-preview:large, max-video-preview:-1\" \/>\n<link rel=\"canonical\" href=\"https:\/\/ritme.com\/de\/datenschutzrecht\/\" \/>\n<meta property=\"og:locale\" content=\"de_DE\" \/>\n<meta property=\"og:type\" content=\"article\" \/>\n<meta property=\"og:title\" content=\"DATENSCHUTZPOLITIK - RITME\" \/>\n<meta property=\"og:description\" content=\"Datum des Inkrafttretens: 1. Juli 2021 Wenn Sie die Website https:\/\/ritme.com\/ (nachstehend die &#8222;Website&#8220;) nutzen, k\u00f6nnen wir personenbezogene Daten \u00fcber Sie erfassen. Der Zweck dieser Richtlinie ist es, Sie dar\u00fcber zu informieren, wie wir diese Daten gem\u00e4\u00df der Verordnung (EU) 2016\/679 vom 27. April 2016 zum Schutz nat\u00fcrlicher Personen bei der Verarbeitung personenbezogener Daten und [&hellip;]\" \/>\n<meta property=\"og:url\" content=\"https:\/\/ritme.com\/de\/datenschutzrecht\/\" \/>\n<meta property=\"og:site_name\" content=\"RITME\" \/>\n<meta property=\"article:modified_time\" content=\"2025-08-29T07:53:52+00:00\" \/>\n<meta name=\"twitter:card\" content=\"summary_large_image\" \/>\n<meta name=\"twitter:label1\" content=\"Gesch\u00e4tzte Lesezeit\" \/>\n\t<meta name=\"twitter:data1\" content=\"7\u00a0Minuten\" \/>\n<script type=\"application\/ld+json\" class=\"yoast-schema-graph\">{\"@context\":\"https:\/\/schema.org\",\"@graph\":[{\"@type\":\"WebPage\",\"@id\":\"https:\/\/ritme.com\/de\/datenschutzrecht\/\",\"url\":\"https:\/\/ritme.com\/de\/datenschutzrecht\/\",\"name\":\"DATENSCHUTZPOLITIK - RITME\",\"isPartOf\":{\"@id\":\"https:\/\/ritme.com\/de\/#website\"},\"datePublished\":\"2021-01-21T10:29:59+00:00\",\"dateModified\":\"2025-08-29T07:53:52+00:00\",\"breadcrumb\":{\"@id\":\"https:\/\/ritme.com\/de\/datenschutzrecht\/#breadcrumb\"},\"inLanguage\":\"de\",\"potentialAction\":[{\"@type\":\"ReadAction\",\"target\":[\"https:\/\/ritme.com\/de\/datenschutzrecht\/\"]}]},{\"@type\":\"BreadcrumbList\",\"@id\":\"https:\/\/ritme.com\/de\/datenschutzrecht\/#breadcrumb\",\"itemListElement\":[{\"@type\":\"ListItem\",\"position\":1,\"name\":\"Startseite\",\"item\":\"https:\/\/ritme.com\/de\/\"},{\"@type\":\"ListItem\",\"position\":2,\"name\":\"DATENSCHUTZPOLITIK\"}]},{\"@type\":\"WebSite\",\"@id\":\"https:\/\/ritme.com\/de\/#website\",\"url\":\"https:\/\/ritme.com\/de\/\",\"name\":\"RITME\",\"description\":\"Der strategische Partner von Forschungsteams\",\"publisher\":{\"@id\":\"https:\/\/ritme.com\/de\/#organization\"},\"potentialAction\":[{\"@type\":\"SearchAction\",\"target\":{\"@type\":\"EntryPoint\",\"urlTemplate\":\"https:\/\/ritme.com\/de\/?s={search_term_string}\"},\"query-input\":{\"@type\":\"PropertyValueSpecification\",\"valueRequired\":true,\"valueName\":\"search_term_string\"}}],\"inLanguage\":\"de\"},{\"@type\":\"Organization\",\"@id\":\"https:\/\/ritme.com\/de\/#organization\",\"name\":\"RITME\",\"url\":\"https:\/\/ritme.com\/de\/\",\"logo\":{\"@type\":\"ImageObject\",\"inLanguage\":\"de\",\"@id\":\"https:\/\/ritme.com\/de\/#\/schema\/logo\/image\/\",\"url\":\"https:\/\/ritme.com\/wp-content\/uploads\/2021\/06\/Ritme_200x86.svg\",\"contentUrl\":\"https:\/\/ritme.com\/wp-content\/uploads\/2021\/06\/Ritme_200x86.svg\",\"caption\":\"RITME\"},\"image\":{\"@id\":\"https:\/\/ritme.com\/de\/#\/schema\/logo\/image\/\"}}]}<\/script>\n<!-- \/ Yoast SEO plugin. -->","yoast_head_json":{"title":"DATENSCHUTZPOLITIK - RITME","robots":{"index":"index","follow":"follow","max-snippet":"max-snippet:-1","max-image-preview":"max-image-preview:large","max-video-preview":"max-video-preview:-1"},"canonical":"https:\/\/ritme.com\/de\/datenschutzrecht\/","og_locale":"de_DE","og_type":"article","og_title":"DATENSCHUTZPOLITIK - RITME","og_description":"Datum des Inkrafttretens: 1. Juli 2021 Wenn Sie die Website https:\/\/ritme.com\/ (nachstehend die &#8222;Website&#8220;) nutzen, k\u00f6nnen wir personenbezogene Daten \u00fcber Sie erfassen. Der Zweck dieser Richtlinie ist es, Sie dar\u00fcber zu informieren, wie wir diese Daten gem\u00e4\u00df der Verordnung (EU) 2016\/679 vom 27. April 2016 zum Schutz nat\u00fcrlicher Personen bei der Verarbeitung personenbezogener Daten und [&hellip;]","og_url":"https:\/\/ritme.com\/de\/datenschutzrecht\/","og_site_name":"RITME","article_modified_time":"2025-08-29T07:53:52+00:00","twitter_card":"summary_large_image","twitter_misc":{"Gesch\u00e4tzte Lesezeit":"7\u00a0Minuten"},"schema":{"@context":"https:\/\/schema.org","@graph":[{"@type":"WebPage","@id":"https:\/\/ritme.com\/de\/datenschutzrecht\/","url":"https:\/\/ritme.com\/de\/datenschutzrecht\/","name":"DATENSCHUTZPOLITIK - RITME","isPartOf":{"@id":"https:\/\/ritme.com\/de\/#website"},"datePublished":"2021-01-21T10:29:59+00:00","dateModified":"2025-08-29T07:53:52+00:00","breadcrumb":{"@id":"https:\/\/ritme.com\/de\/datenschutzrecht\/#breadcrumb"},"inLanguage":"de","potentialAction":[{"@type":"ReadAction","target":["https:\/\/ritme.com\/de\/datenschutzrecht\/"]}]},{"@type":"BreadcrumbList","@id":"https:\/\/ritme.com\/de\/datenschutzrecht\/#breadcrumb","itemListElement":[{"@type":"ListItem","position":1,"name":"Startseite","item":"https:\/\/ritme.com\/de\/"},{"@type":"ListItem","position":2,"name":"DATENSCHUTZPOLITIK"}]},{"@type":"WebSite","@id":"https:\/\/ritme.com\/de\/#website","url":"https:\/\/ritme.com\/de\/","name":"RITME","description":"Der strategische Partner von Forschungsteams","publisher":{"@id":"https:\/\/ritme.com\/de\/#organization"},"potentialAction":[{"@type":"SearchAction","target":{"@type":"EntryPoint","urlTemplate":"https:\/\/ritme.com\/de\/?s={search_term_string}"},"query-input":{"@type":"PropertyValueSpecification","valueRequired":true,"valueName":"search_term_string"}}],"inLanguage":"de"},{"@type":"Organization","@id":"https:\/\/ritme.com\/de\/#organization","name":"RITME","url":"https:\/\/ritme.com\/de\/","logo":{"@type":"ImageObject","inLanguage":"de","@id":"https:\/\/ritme.com\/de\/#\/schema\/logo\/image\/","url":"https:\/\/ritme.com\/wp-content\/uploads\/2021\/06\/Ritme_200x86.svg","contentUrl":"https:\/\/ritme.com\/wp-content\/uploads\/2021\/06\/Ritme_200x86.svg","caption":"RITME"},"image":{"@id":"https:\/\/ritme.com\/de\/#\/schema\/logo\/image\/"}}]}},"uagb_featured_image_src":{"full":false,"thumbnail":false,"medium":false,"medium_large":false,"large":false,"1536x1536":false,"2048x2048":false},"uagb_author_info":{"display_name":"admin","author_link":"https:\/\/ritme.com\/de\/author\/admin\/"},"uagb_comment_info":0,"uagb_excerpt":"Datum des Inkrafttretens: 1. Juli 2021 Wenn Sie die Website https:\/\/ritme.com\/ (nachstehend die &#8222;Website&#8220;) nutzen, k\u00f6nnen wir personenbezogene Daten \u00fcber Sie erfassen. Der Zweck dieser Richtlinie ist es, Sie dar\u00fcber zu informieren, wie wir diese Daten gem\u00e4\u00df der Verordnung (EU) 2016\/679 vom 27. April 2016 zum Schutz nat\u00fcrlicher Personen bei der Verarbeitung personenbezogener Daten und&hellip;","_links":{"self":[{"href":"https:\/\/ritme.com\/de\/wp-json\/wp\/v2\/pages\/13531","targetHints":{"allow":["GET"]}}],"collection":[{"href":"https:\/\/ritme.com\/de\/wp-json\/wp\/v2\/pages"}],"about":[{"href":"https:\/\/ritme.com\/de\/wp-json\/wp\/v2\/types\/page"}],"author":[{"embeddable":true,"href":"https:\/\/ritme.com\/de\/wp-json\/wp\/v2\/users\/1"}],"replies":[{"embeddable":true,"href":"https:\/\/ritme.com\/de\/wp-json\/wp\/v2\/comments?post=13531"}],"version-history":[{"count":5,"href":"https:\/\/ritme.com\/de\/wp-json\/wp\/v2\/pages\/13531\/revisions"}],"predecessor-version":[{"id":47456,"href":"https:\/\/ritme.com\/de\/wp-json\/wp\/v2\/pages\/13531\/revisions\/47456"}],"wp:attachment":[{"href":"https:\/\/ritme.com\/de\/wp-json\/wp\/v2\/media?parent=13531"}],"curies":[{"name":"wp","href":"https:\/\/api.w.org\/{rel}","templated":true}]}}